{"id":1203,"date":"2025-05-14T11:42:30","date_gmt":"2025-05-14T09:42:30","guid":{"rendered":"https:\/\/biocampus25.wordpress.com\/?page_id=1203"},"modified":"2025-05-19T12:59:31","modified_gmt":"2025-05-19T10:59:31","slug":"ninfa-de-los-arroyos","status":"publish","type":"page","link":"https:\/\/webs.uab.cat\/bees\/ninfa-de-los-arroyos\/","title":{"rendered":"NINFA DE LOS ARROYOS"},"content":{"rendered":"<div class=\"wp-block-image\">\n<figure class=\"aligncenter size-large\"><img loading=\"lazy\" decoding=\"async\" width=\"640\" height=\"480\" src=\"https:\/\/biocampus25.wordpress.com\/wp-content\/uploads\/2025\/04\/limenitisreducta_2324z-edited.jpg\" alt=\"\" class=\"wp-image-1205\" srcset=\"https:\/\/webs.uab.cat\/bees\/wp-content\/uploads\/sites\/329\/2025\/04\/limenitisreducta_2324z-edited.jpg 640w, https:\/\/webs.uab.cat\/bees\/wp-content\/uploads\/sites\/329\/2025\/04\/limenitisreducta_2324z-edited-300x225.jpg 300w\" sizes=\"auto, (max-width: 640px) 100vw, 640px\" \/><\/figure>\n<\/div>\n\n\n<div style=\"height:10px\" aria-hidden=\"true\" class=\"wp-block-spacer\"><\/div>\n\n\n\n<div class=\"wp-block-columns is-layout-flex wp-container-core-columns-is-layout-9d6595d7 wp-block-columns-is-layout-flex\">\n<div class=\"wp-block-column is-layout-flow wp-block-column-is-layout-flow\">\n<figure class=\"wp-block-table has-alegreya-font-family has-small-font-size\"><table><tbody><tr><td class=\"has-text-align-center\" data-align=\"center\"><strong>Reino<\/strong><\/td><td class=\"has-text-align-center\" data-align=\"center\">Animalia<\/td><\/tr><tr><td class=\"has-text-align-center\" data-align=\"center\"><strong>Filo<\/strong><\/td><td class=\"has-text-align-center\" data-align=\"center\">Arthropoda<\/td><\/tr><tr><td class=\"has-text-align-center\" data-align=\"center\"><strong>Subfilo<\/strong><\/td><td class=\"has-text-align-center\" data-align=\"center\"><a href=\"https:\/\/webs.uab.cat\/bees\/hexapoda\/\" data-type=\"page\" data-id=\"4095\">Hexapoda<\/a><\/td><\/tr><tr><td class=\"has-text-align-center\" data-align=\"center\"><strong>Clase<\/strong><\/td><td class=\"has-text-align-center\" data-align=\"center\">Insecta<\/td><\/tr><tr><td class=\"has-text-align-center\" data-align=\"center\"><strong>Subclase<\/strong><\/td><td class=\"has-text-align-center\" data-align=\"center\">Pterygota<\/td><\/tr><tr><td class=\"has-text-align-center\" data-align=\"center\"><strong>Orden<\/strong><\/td><td class=\"has-text-align-center\" data-align=\"center\"><a href=\"https:\/\/webs.uab.cat\/bees\/lepidoptera\/\" data-type=\"page\" data-id=\"1076\">Lepidoptera<\/a><\/td><\/tr><tr><td class=\"has-text-align-center\" data-align=\"center\"><strong>Superfamilia<\/strong><\/td><td class=\"has-text-align-center\" data-align=\"center\">Papilionoidea<\/td><\/tr><tr><td class=\"has-text-align-center\" data-align=\"center\"><strong>Familia<\/strong><\/td><td class=\"has-text-align-center\" data-align=\"center\"><a href=\"https:\/\/webs.uab.cat\/bees\/nymphalidae\/\" data-type=\"page\" data-id=\"1198\">Nymphalidae<\/a><\/td><\/tr><tr><td class=\"has-text-align-center\" data-align=\"center\"><strong>Subfamilia<\/strong><\/td><td class=\"has-text-align-center\" data-align=\"center\">Limenitidae<\/td><\/tr><tr><td class=\"has-text-align-center\" data-align=\"center\"><strong>Tribu<\/strong><\/td><td class=\"has-text-align-center\" data-align=\"center\">Limenitidinae<\/td><\/tr><tr><td class=\"has-text-align-center\" data-align=\"center\"><strong>G\u00e9nero<\/strong><\/td><td class=\"has-text-align-center\" data-align=\"center\">Limenitis<\/td><\/tr><tr><td class=\"has-text-align-center\" data-align=\"center\"><strong>Especie<\/strong><\/td><td class=\"has-text-align-center\" data-align=\"center\">L. reducta<\/td><\/tr><\/tbody><\/table><\/figure>\n<\/div>\n\n\n\n<div class=\"wp-block-column is-layout-flow wp-block-column-is-layout-flow\">\n<div class=\"wp-block-group is-vertical is-layout-flex wp-container-core-group-is-layout-769d0143 wp-block-group-is-layout-flex\">\n<p><strong>DESCRIPCI\u00d3N:<\/strong><\/p>\n\n\n\n<p class=\"has-text-align-justify has-alegreya-font-family has-small-font-size\">La ninfa de los arroyos es una mariposa de tama\u00f1o mediano, que suele medir unos 46-52mm de envergadura alar. Su coloraci\u00f3n de las alas es negra-azulada con manchas blanquinosas en el caso de los machos, mientras que las hembras cambian el color negruzco por uno marr\u00f3n-rojizo.<\/p>\n\n\n\n<p class=\"has-text-align-justify has-alegreya-font-family has-small-font-size\">En su cabeza presentan un par de ojos compuestos de gran tama\u00f1o, as\u00ed como un par de antenas alargadas y que presentan en el extremo terminal un engrosamiento circular y de tonos claros.&nbsp; Por otro lado, su t\u00f3rax y abdomen son de colores oscuros en la parte dorsal y claros por la regi\u00f3n ventral.<\/p>\n\n\n\n<p class=\"has-text-align-justify has-alegreya-font-family has-small-font-size\">Las larvas son generalmente de tonos verdosos y presentan al costado una l\u00ednea longitudinal blanquinosa. Pueden caracterizarse por la presencia de unas espinas grises prominentes.<\/p>\n<\/div>\n<\/div>\n<\/div>\n\n\n\n<div style=\"height:10px\" aria-hidden=\"true\" class=\"wp-block-spacer\"><\/div>\n\n\n\n<div class=\"wp-block-group is-vertical is-layout-flex wp-container-core-group-is-layout-769d0143 wp-block-group-is-layout-flex\">\n<p><strong>DIETA:<\/strong><\/p>\n\n\n\n<p class=\"has-text-align-justify has-alegreya-font-family has-small-font-size\">La oruga suele alimentarse de las hojas de las plantas del g\u00e9nero Lonicera, es decir las madreselvas. En cambio, los adultos son polinizadores que se alimentan del n\u00e9ctar de las flores.<\/p>\n<\/div>\n\n\n\n<div style=\"height:10px\" aria-hidden=\"true\" class=\"wp-block-spacer\"><\/div>\n\n\n\n<div class=\"wp-block-group is-vertical is-layout-flex wp-container-core-group-is-layout-769d0143 wp-block-group-is-layout-flex\">\n<p><strong>ESTRUCTURA SOCIAL Y COMPORTAMIENTO:<\/strong><\/p>\n\n\n\n<p class=\"has-text-align-justify has-alegreya-font-family has-small-font-size\">Esta especie es especialmente solitaria y cuenta con unos machos muy territoriales, especialmente cuando se encuentran en el periodo reproductivo. Tambi\u00e9n es importante decir que se encuentran activas en periodo diurno.<\/p>\n\n\n\n<p class=\"has-text-align-justify has-alegreya-font-family has-small-font-size\">Solemos encontrar al adulto volando entre los meses de julio y agosto, momento en el que tambi\u00e9n se reproducen. A la hora de poner los huevos, estos se pan depositando de uno en uno en ambas caras de las hojas de la planta que servir\u00e1 como nido.<\/p>\n\n\n\n<p class=\"has-text-align-justify has-alegreya-font-family has-small-font-size\">Estas larvas, poco despu\u00e9s de nacer, podr\u00e1n hibernar a partir de que lleguen las condiciones de frio. Una vez pasado esto, pueden volver a su estilo de vida cl\u00e1sico y acabaran volvi\u00e9ndose pupa en primavera.<\/p>\n<\/div>\n\n\n<div class=\"wp-block-image\">\n<figure class=\"aligncenter size-large\"><img loading=\"lazy\" decoding=\"async\" width=\"1114\" height=\"98\" src=\"https:\/\/biocampus25.wordpress.com\/wp-content\/uploads\/2025\/04\/captura-de-pantalla-2025-04-18-133522.png?w=1024\" alt=\"\" class=\"wp-image-1212\" srcset=\"https:\/\/webs.uab.cat\/bees\/wp-content\/uploads\/sites\/329\/2025\/04\/captura-de-pantalla-2025-04-18-133522.png 1114w, https:\/\/webs.uab.cat\/bees\/wp-content\/uploads\/sites\/329\/2025\/04\/captura-de-pantalla-2025-04-18-133522-300x26.png 300w, https:\/\/webs.uab.cat\/bees\/wp-content\/uploads\/sites\/329\/2025\/04\/captura-de-pantalla-2025-04-18-133522-1024x90.png 1024w, https:\/\/webs.uab.cat\/bees\/wp-content\/uploads\/sites\/329\/2025\/04\/captura-de-pantalla-2025-04-18-133522-768x68.png 768w\" sizes=\"auto, (max-width: 1114px) 100vw, 1114px\" \/><\/figure>\n<\/div>\n\n\n<div style=\"height:10px\" aria-hidden=\"true\" class=\"wp-block-spacer\"><\/div>\n\n\n\n<div class=\"wp-block-group is-vertical is-layout-flex wp-container-core-group-is-layout-769d0143 wp-block-group-is-layout-flex\">\n<p><strong>HABITAT Y ZONA DE DISTRIBUCI\u00d3N:<\/strong><\/p>\n\n\n\n<p class=\"has-text-align-justify\">Esta mariposa se encuentra ampliamente distribuida por Europa y las regiones de oriente medio pr\u00f3ximas al Mediterr\u00e1neo.<\/p>\n\n\n\n<p class=\"has-text-align-justify\">Su h\u00e1bitat t\u00edpico son los bosques de ribera con suelos h\u00famedos. Tambi\u00e9n podr\u00edan ser encontrados en zonas de cultivo o matorrales.<\/p>\n<\/div>\n\n\n\n<div class=\"wp-block-group is-vertical is-layout-flex wp-container-core-group-is-layout-769d0143 wp-block-group-is-layout-flex\">\n<figure class=\"wp-block-image size-large\"><img loading=\"lazy\" decoding=\"async\" width=\"1056\" height=\"532\" src=\"https:\/\/biocampus25.wordpress.com\/wp-content\/uploads\/2025\/04\/captura-de-pantalla-2025-04-18-133716.png?w=1024\" alt=\"\" class=\"wp-image-1215\" srcset=\"https:\/\/webs.uab.cat\/bees\/wp-content\/uploads\/sites\/329\/2025\/04\/captura-de-pantalla-2025-04-18-133716.png 1056w, https:\/\/webs.uab.cat\/bees\/wp-content\/uploads\/sites\/329\/2025\/04\/captura-de-pantalla-2025-04-18-133716-300x151.png 300w, https:\/\/webs.uab.cat\/bees\/wp-content\/uploads\/sites\/329\/2025\/04\/captura-de-pantalla-2025-04-18-133716-1024x516.png 1024w, https:\/\/webs.uab.cat\/bees\/wp-content\/uploads\/sites\/329\/2025\/04\/captura-de-pantalla-2025-04-18-133716-768x387.png 768w\" sizes=\"auto, (max-width: 1056px) 100vw, 1056px\" \/><\/figure>\n\n\n\n<p class=\"has-text-align-justify has-small-font-size\">Mapa de distribuci\u00f3n de Limenitis reducta. Imagen obtenida de Gbif en: <a href=\"https:\/\/www.gbif.org\/es\/species\/8001799\">https:\/\/www.gbif.org\/es\/species\/8001799<\/a><\/p>\n<\/div>\n\n\n\n<div style=\"height:10px\" aria-hidden=\"true\" class=\"wp-block-spacer\"><\/div>\n\n\n\n<div class=\"wp-block-group is-vertical is-layout-flex wp-container-core-group-is-layout-769d0143 wp-block-group-is-layout-flex\">\n<p><strong>ESTADO DE CONSERVACI\u00d3N:<\/strong><\/p>\n\n\n\n<p class=\"has-text-align-justify has-alegreya-font-family has-small-font-size\">Los datos de la IUCN muestran que se encuentra en situaci\u00f3n de preocupaci\u00f3n menor en Europa.<\/p>\n<\/div>\n\n\n<div class=\"wp-block-image\">\n<figure class=\"aligncenter size-large\"><img loading=\"lazy\" decoding=\"async\" width=\"797\" height=\"222\" src=\"https:\/\/biocampus25.wordpress.com\/wp-content\/uploads\/2025\/04\/captura_de_pantalla_2025-03-27_213157-removebg-preview-26.png?w=797\" alt=\"\" class=\"wp-image-1217\" srcset=\"https:\/\/webs.uab.cat\/bees\/wp-content\/uploads\/sites\/329\/2025\/04\/captura_de_pantalla_2025-03-27_213157-removebg-preview-26.png 797w, https:\/\/webs.uab.cat\/bees\/wp-content\/uploads\/sites\/329\/2025\/04\/captura_de_pantalla_2025-03-27_213157-removebg-preview-26-300x84.png 300w, https:\/\/webs.uab.cat\/bees\/wp-content\/uploads\/sites\/329\/2025\/04\/captura_de_pantalla_2025-03-27_213157-removebg-preview-26-768x214.png 768w\" sizes=\"auto, (max-width: 797px) 100vw, 797px\" \/><\/figure>\n<\/div>\n\n\n<div style=\"height:30px\" aria-hidden=\"true\" class=\"wp-block-spacer\"><\/div>\n\n\n\n<div class=\"wp-block-group is-vertical is-layout-flex wp-container-core-group-is-layout-8cf370e7 wp-block-group-is-layout-flex\">\n<p><strong>REFERENCIAS:<\/strong><\/p>\n\n\n\n<p class=\"has-text-align-justify has-small-font-size\"><em>Ninfa de los Arroyos (Limenitis reducta)<\/em>. (n.d.). Natusfera. Retrieved February 19, 2025, from <a href=\"https:\/\/spain.inaturalist.org\/taxa\/155030-Limenitis-reducta\">https:\/\/spain.inaturalist.org\/taxa\/155030-Limenitis-reducta<\/a><\/p>\n\n\n\n<p class=\"has-text-align-justify has-small-font-size\">Valderrey, J. L. M. (2003, August 11).&nbsp;<em>Limenitis reducta (Staudinger, 1901)<\/em>. Naturaleza y turismo. <a href=\"https:\/\/www.asturnatura.com\/especie\/limenitis-reducta\">https:\/\/www.asturnatura.com\/especie\/limenitis-reducta<\/a><\/p>\n\n\n\n<p class=\"has-text-align-justify has-small-font-size\">Swaay, V., C, Wynhoff, I, Verovnik, R, Wiemers, M, Munguira, L., M, Maes, D, Sasic, M, Verstrael, T, Warren, M, Settele, &amp; J. (2009). IUCN Red List of Threatened Species: Limenitis reducta.&nbsp;<em>IUCN Red List of Threatened Species<\/em>. <a href=\"https:\/\/www.iucnredlist.org\/species\/174217\/7030438\">https:\/\/www.iucnredlist.org\/species\/174217\/7030438<\/a><\/p>\n<\/div>\n\n\n\n<p><\/p>\n","protected":false},"excerpt":{"rendered":"<p>Reino Animalia Filo Arthropoda Subfilo Hexapoda Clase Insecta Subclase Pterygota Orden Lepidoptera Superfamilia Papilionoidea Familia Nymphalidae Subfamilia Limenitidae Tribu Limenitidinae G\u00e9nero Limenitis Especie L. reducta DESCRIPCI\u00d3N: La ninfa de los arroyos es una mariposa de tama\u00f1o mediano, que suele medir unos 46-52mm de envergadura alar. Su coloraci\u00f3n de las alas es negra-azulada con manchas blanquinosas [&hellip;]<\/p>\n","protected":false},"author":2556,"featured_media":0,"parent":0,"menu_order":0,"comment_status":"closed","ping_status":"closed","template":"","meta":{"footnotes":""},"class_list":["post-1203","page","type-page","status-publish","hentry"],"_links":{"self":[{"href":"https:\/\/webs.uab.cat\/bees\/wp-json\/wp\/v2\/pages\/1203","targetHints":{"allow":["GET"]}}],"collection":[{"href":"https:\/\/webs.uab.cat\/bees\/wp-json\/wp\/v2\/pages"}],"about":[{"href":"https:\/\/webs.uab.cat\/bees\/wp-json\/wp\/v2\/types\/page"}],"author":[{"embeddable":true,"href":"https:\/\/webs.uab.cat\/bees\/wp-json\/wp\/v2\/users\/2556"}],"replies":[{"embeddable":true,"href":"https:\/\/webs.uab.cat\/bees\/wp-json\/wp\/v2\/comments?post=1203"}],"version-history":[{"count":1,"href":"https:\/\/webs.uab.cat\/bees\/wp-json\/wp\/v2\/pages\/1203\/revisions"}],"predecessor-version":[{"id":4260,"href":"https:\/\/webs.uab.cat\/bees\/wp-json\/wp\/v2\/pages\/1203\/revisions\/4260"}],"wp:attachment":[{"href":"https:\/\/webs.uab.cat\/bees\/wp-json\/wp\/v2\/media?parent=1203"}],"curies":[{"name":"wp","href":"https:\/\/api.w.org\/{rel}","templated":true}]}}