{"id":1245,"date":"2025-05-14T11:43:35","date_gmt":"2025-05-14T09:43:35","guid":{"rendered":"https:\/\/biocampus25.wordpress.com\/?page_id=1245"},"modified":"2025-05-19T13:19:11","modified_gmt":"2025-05-19T11:19:11","slug":"pieridae","status":"publish","type":"page","link":"https:\/\/webs.uab.cat\/bees\/pieridae\/","title":{"rendered":"Pieridae"},"content":{"rendered":"\n<div class=\"wp-block-group is-vertical is-layout-flex wp-container-core-group-is-layout-3e0ae1ae wp-block-group-is-layout-flex\">\n<p><strong>DESCRIPCI\u00d3N:<\/strong><\/p>\n\n\n\n<p class=\"has-text-align-justify\">Esta familia de lepid\u00f3pteros ropal\u00f3ceros est\u00e1 formada por unas 1.100 especies, generalmente distribuidas por Am\u00e9rica del Sur y el sudeste asi\u00e1tico (aunque tambi\u00e9n hay algunas europeas). Entre los caracteres definitorios tenemos:<\/p>\n\n\n\n<div class=\"wp-block-group has-alegreya-font-family has-small-font-size is-vertical is-layout-flex wp-container-core-group-is-layout-8cf370e7 wp-block-group-is-layout-flex\">\n<div class=\"wp-block-group is-vertical is-layout-flex wp-container-core-group-is-layout-3e0ae1ae wp-block-group-is-layout-flex\">\n<ul class=\"wp-block-list\">\n<li>Generalmente tienen las alas de colores amarillos o blancos, con manchas marrones. Con sus alas realizan un vuelo lento y generalmente pausado.<\/li>\n\n\n\n<li>Tienen las seis patas bien desarrolladas y con unas u\u00f1as claramente bifurcadas.<\/li>\n\n\n\n<li>Existe un dimorfismo sexual bien marcado, donde los machos han perdido la androconia (escamas donde los machos poseen c\u00e9lulas glandulares para la producci\u00f3n de feromonas).<\/li>\n\n\n\n<li>Las orugas son alargadas, con una c\u00e1psula cef\u00e1lica redonda y est\u00e1n cubiertas por una alta pilosidad. En algunos casos, se desplazan en grupos, normalmente para buscar alimento (principalmente leguminosas y cruc\u00edferas), de manera que pueden llegar a formar plagas.<\/li>\n<\/ul>\n\n\n\n<p class=\"has-text-align-justify\">La especie m\u00e1s abundante en el campus es &#8220;<em><a href=\"https:\/\/webs.uab.cat\/bees\/blanca-del-majuelo\/\" data-type=\"page\" data-id=\"1250\">Aporia crataegi<\/a><\/em>&#8220;.<\/p>\n<\/div>\n<\/div>\n<\/div>\n\n\n\n<div style=\"height:10px\" aria-hidden=\"true\" class=\"wp-block-spacer\"><\/div>\n\n\n\n<p><strong>BIBLIOGRAFIA:<\/strong><\/p>\n\n\n\n<p class=\"has-text-align-justify has-small-font-size\">Valderrey, J. L. M. (n.d.-b).&nbsp;<em>Pieridae<\/em>. Naturaleza y turismo. Retrieved January 9, 2025, from <a href=\"https:\/\/www.asturnatura.com\/familia\/lycaenidae\">https:\/\/www.asturnatura.com\/familia\/lycaenidae<\/a><\/p>\n\n\n\n<p class=\"has-text-align-justify has-small-font-size\"><em>PIERIDAE<\/em>. (n.d.). Ecosdelbosque.com. Retrieved January 9, 2025, from <a href=\"https:\/\/ecosdelbosque.com\/familias\/pieridae\">https:\/\/ecosdelbosque.com\/familias\/pieridae<\/a><\/p>\n\n\n\n<p class=\"has-text-align-justify has-small-font-size\">Wikipedia contributors. (n.d.-b).&nbsp;<em>Androconio<\/em>. Wikipedia, The Free Encyclopedia <a href=\"https:\/\/es.wikipedia.org\/w\/index.php?title=Androconio&amp;oldid=159952017\">https:\/\/es.wikipedia.org\/w\/index.php?title=Androconio&amp;oldid=159952017<\/a><\/p>\n","protected":false},"excerpt":{"rendered":"<p>DESCRIPCI\u00d3N: Esta familia de lepid\u00f3pteros ropal\u00f3ceros est\u00e1 formada por unas 1.100 especies, generalmente distribuidas por Am\u00e9rica del Sur y el sudeste asi\u00e1tico (aunque tambi\u00e9n hay algunas europeas). Entre los caracteres definitorios tenemos: La especie m\u00e1s abundante en el campus es &#8220;Aporia crataegi&#8220;. BIBLIOGRAFIA: Valderrey, J. L. M. (n.d.-b).&nbsp;Pieridae. Naturaleza y turismo. Retrieved January 9, 2025, [&hellip;]<\/p>\n","protected":false},"author":2556,"featured_media":0,"parent":0,"menu_order":0,"comment_status":"closed","ping_status":"closed","template":"","meta":{"footnotes":""},"class_list":["post-1245","page","type-page","status-publish","hentry"],"_links":{"self":[{"href":"https:\/\/webs.uab.cat\/bees\/wp-json\/wp\/v2\/pages\/1245","targetHints":{"allow":["GET"]}}],"collection":[{"href":"https:\/\/webs.uab.cat\/bees\/wp-json\/wp\/v2\/pages"}],"about":[{"href":"https:\/\/webs.uab.cat\/bees\/wp-json\/wp\/v2\/types\/page"}],"author":[{"embeddable":true,"href":"https:\/\/webs.uab.cat\/bees\/wp-json\/wp\/v2\/users\/2556"}],"replies":[{"embeddable":true,"href":"https:\/\/webs.uab.cat\/bees\/wp-json\/wp\/v2\/comments?post=1245"}],"version-history":[{"count":2,"href":"https:\/\/webs.uab.cat\/bees\/wp-json\/wp\/v2\/pages\/1245\/revisions"}],"predecessor-version":[{"id":4275,"href":"https:\/\/webs.uab.cat\/bees\/wp-json\/wp\/v2\/pages\/1245\/revisions\/4275"}],"wp:attachment":[{"href":"https:\/\/webs.uab.cat\/bees\/wp-json\/wp\/v2\/media?parent=1245"}],"curies":[{"name":"wp","href":"https:\/\/api.w.org\/{rel}","templated":true}]}}