{"id":1250,"date":"2025-05-14T11:38:45","date_gmt":"2025-05-14T09:38:45","guid":{"rendered":"https:\/\/biocampus25.wordpress.com\/?page_id=1250"},"modified":"2025-05-19T10:34:51","modified_gmt":"2025-05-19T08:34:51","slug":"blanca-del-majuelo","status":"publish","type":"page","link":"https:\/\/webs.uab.cat\/bees\/blanca-del-majuelo\/","title":{"rendered":"BLANCA DEL MAJUELO"},"content":{"rendered":"<div class=\"wp-block-image\">\n<figure class=\"aligncenter size-large\"><img loading=\"lazy\" decoding=\"async\" width=\"640\" height=\"360\" src=\"https:\/\/biocampus25.wordpress.com\/wp-content\/uploads\/2025\/04\/aporia_crataegi_-_blanca_del_majuelo_34891588966-edited.jpg\" alt=\"\" class=\"wp-image-1252\" srcset=\"https:\/\/webs.uab.cat\/bees\/wp-content\/uploads\/sites\/329\/2025\/04\/aporia_crataegi_-_blanca_del_majuelo_34891588966-edited.jpg 640w, https:\/\/webs.uab.cat\/bees\/wp-content\/uploads\/sites\/329\/2025\/04\/aporia_crataegi_-_blanca_del_majuelo_34891588966-edited-300x169.jpg 300w\" sizes=\"auto, (max-width: 640px) 100vw, 640px\" \/><\/figure>\n<\/div>\n\n\n<div style=\"height:10px\" aria-hidden=\"true\" class=\"wp-block-spacer\"><\/div>\n\n\n\n<div class=\"wp-block-columns is-layout-flex wp-container-core-columns-is-layout-9d6595d7 wp-block-columns-is-layout-flex\">\n<div class=\"wp-block-column is-layout-flow wp-block-column-is-layout-flow\">\n<figure class=\"wp-block-table has-alegreya-font-family has-small-font-size\"><table><tbody><tr><td class=\"has-text-align-center\" data-align=\"center\"><strong>Reino<\/strong><\/td><td class=\"has-text-align-center\" data-align=\"center\">Animalia<\/td><\/tr><tr><td class=\"has-text-align-center\" data-align=\"center\"><strong>Filo<\/strong><\/td><td class=\"has-text-align-center\" data-align=\"center\">Arthropoda<\/td><\/tr><tr><td class=\"has-text-align-center\" data-align=\"center\"><strong>Subfilo<\/strong><\/td><td class=\"has-text-align-center\" data-align=\"center\"><a href=\"https:\/\/webs.uab.cat\/bees\/hexapoda\/\" data-type=\"page\" data-id=\"4095\">Hexapoda<\/a><\/td><\/tr><tr><td class=\"has-text-align-center\" data-align=\"center\"><strong>Clase<\/strong><\/td><td class=\"has-text-align-center\" data-align=\"center\">Insecta<\/td><\/tr><tr><td class=\"has-text-align-center\" data-align=\"center\"><strong>Subclase<\/strong><\/td><td class=\"has-text-align-center\" data-align=\"center\">Pterygota<\/td><\/tr><tr><td class=\"has-text-align-center\" data-align=\"center\"><strong>Orden<\/strong><\/td><td class=\"has-text-align-center\" data-align=\"center\"><a href=\"https:\/\/webs.uab.cat\/bees\/lepidoptera\/\" data-type=\"page\" data-id=\"1076\">Lepidoptera<\/a><\/td><\/tr><tr><td class=\"has-text-align-center\" data-align=\"center\"><strong>Superfamilia<\/strong><\/td><td class=\"has-text-align-center\" data-align=\"center\">Papilionoidea<\/td><\/tr><tr><td class=\"has-text-align-center\" data-align=\"center\"><strong>Familia<\/strong><\/td><td class=\"has-text-align-center\" data-align=\"center\"><a href=\"https:\/\/webs.uab.cat\/bees\/pieridae\/\" data-type=\"page\" data-id=\"1245\">Pieridae<\/a><\/td><\/tr><tr><td class=\"has-text-align-center\" data-align=\"center\"><strong>Subfamilia<\/strong><\/td><td class=\"has-text-align-center\" data-align=\"center\">Pierinae<\/td><\/tr><tr><td class=\"has-text-align-center\" data-align=\"center\"><strong>Tribu<\/strong><\/td><td class=\"has-text-align-center\" data-align=\"center\">Pierini<\/td><\/tr><tr><td class=\"has-text-align-center\" data-align=\"center\"><strong>Subtribu<\/strong><\/td><td class=\"has-text-align-center\" data-align=\"center\">Aporiina<\/td><\/tr><tr><td class=\"has-text-align-center\" data-align=\"center\"><strong>G\u00e9nero<\/strong><\/td><td class=\"has-text-align-center\" data-align=\"center\">Aporia<\/td><\/tr><tr><td class=\"has-text-align-center\" data-align=\"center\"><strong>Especie<\/strong><\/td><td class=\"has-text-align-center\" data-align=\"center\">A. crataegi<\/td><\/tr><\/tbody><\/table><\/figure>\n<\/div>\n\n\n\n<div class=\"wp-block-column is-layout-flow wp-block-column-is-layout-flow\">\n<div class=\"wp-block-group is-vertical is-layout-flex wp-container-core-group-is-layout-769d0143 wp-block-group-is-layout-flex\">\n<p><strong>DESCRIPCI\u00d3N:<\/strong><\/p>\n\n\n\n<p class=\"has-text-align-justify has-alegreya-font-family has-small-font-size\">La blanca del mojuelo es una mariposa de gran tama\u00f1o, que suele medir unos 50-77mm de envergadura. Como bien indica su nombre, sus alas son totalmente blancas, aunque sus venas son de colores m\u00e1s oscuros y tienen una peque\u00f1a mancha discoidal.<\/p>\n\n\n\n<p class=\"has-text-align-justify has-alegreya-font-family has-small-font-size\">El dimorfismo sexual se basa en el hecho de que las hembras son de tama\u00f1o ligeramente superior y sus venas son de color pardo, mientras que los machos son m\u00e1s reducidos y tienen venas negras. Adem\u00e1s, las hembras poseen menos escamas en las alas por lo que podr\u00edan tener algunas zonas completamente transparentes.<\/p>\n\n\n\n<p class=\"has-text-align-justify has-alegreya-font-family has-small-font-size\">Su cuerpo es gris\u00e1ceo y destaca la presencia de un par de antenas alargadas, de forma de bastoncillo.<\/p>\n\n\n\n<p class=\"has-text-align-justify has-alegreya-font-family has-small-font-size\">La oruga es de color pardo, aunque tiene varias l\u00edneas gruesas de tonos m\u00e1s oscuros. Adem\u00e1s, tienen una alta abundancia de pelos suaves, con cierta capacidad urticante.<\/p>\n<\/div>\n<\/div>\n<\/div>\n\n\n\n<div style=\"height:10px\" aria-hidden=\"true\" class=\"wp-block-spacer\"><\/div>\n\n\n\n<div class=\"wp-block-group is-vertical is-layout-flex wp-container-core-group-is-layout-769d0143 wp-block-group-is-layout-flex\">\n<p><strong>DIETA:<\/strong><\/p>\n\n\n\n<p class=\"has-text-align-justify has-alegreya-font-family has-small-font-size\">Su dieta depende de la fase en la que se encuentren, teniendo a los adultos que son polinizadores y unas orugas que se alimentan de hojas. Aun as\u00ed, ambas fases suelen alimentarse de la misma especie de planta, el majuelo.<\/p>\n<\/div>\n\n\n\n<div style=\"height:10px\" aria-hidden=\"true\" class=\"wp-block-spacer\"><\/div>\n\n\n\n<div class=\"wp-block-group is-vertical is-layout-flex wp-container-core-group-is-layout-769d0143 wp-block-group-is-layout-flex\">\n<p><strong>ESTRUCTURA SOCIAL Y COMPORTAMIENTO:<\/strong><\/p>\n\n\n\n<p class=\"has-text-align-justify has-alegreya-font-family has-small-font-size\">Estos organismos destacan por ser bastante sociales en ambas fases de su vida. Por un lado, las orugas suelen agruparse para construir nidos comunales, alimentarse y hibernar. Por otro lado, los adultos suelen vivir pr\u00f3ximos en zonas en las que las flores sean abundantes.<\/p>\n\n\n\n<p class=\"has-text-align-justify has-alegreya-font-family has-small-font-size\">Solemos encontrar a los adultos volando entre los meses de abril y julio, momento en el que los machos se aproximan a las hembras para sorprenderlas con el cortejo (vuela a su alrededor). Despu\u00e9s de esto se generan paquetes de 50-200 huevos que se depositan en el reverso env\u00e9s de las hojas.<\/p>\n\n\n\n<p class=\"has-text-align-justify has-alegreya-font-family has-small-font-size\">Pasado unas 3 semanas, estos huevos eclosionan y salen unas orugas de tama\u00f1o reducido, que deber\u00e1n realizar la hibernaci\u00f3n a partir del mes de septiembre. A la primavera siguiente empezaran a dividirse en grupos cada vez m\u00e1s peque\u00f1os, a medida que van pasando por los diferentes estadios de desarrollo.<\/p>\n\n\n\n<p class=\"has-text-align-justify has-alegreya-font-family has-small-font-size\">Finalmente, en mayo se vuelven m\u00e1s solitarios y territoriales, para as\u00ed volverse una pupa y acabar dando de nuevo a un adulto. Cada generaci\u00f3n suele durar un a\u00f1o.<\/p>\n<\/div>\n\n\n<div class=\"wp-block-image\">\n<figure class=\"aligncenter size-large\"><img loading=\"lazy\" decoding=\"async\" width=\"1076\" height=\"96\" src=\"https:\/\/biocampus25.wordpress.com\/wp-content\/uploads\/2025\/04\/captura-de-pantalla-2025-04-18-144356.png?w=1024\" alt=\"\" class=\"wp-image-1260\" srcset=\"https:\/\/webs.uab.cat\/bees\/wp-content\/uploads\/sites\/329\/2025\/04\/captura-de-pantalla-2025-04-18-144356.png 1076w, https:\/\/webs.uab.cat\/bees\/wp-content\/uploads\/sites\/329\/2025\/04\/captura-de-pantalla-2025-04-18-144356-300x27.png 300w, https:\/\/webs.uab.cat\/bees\/wp-content\/uploads\/sites\/329\/2025\/04\/captura-de-pantalla-2025-04-18-144356-1024x91.png 1024w, https:\/\/webs.uab.cat\/bees\/wp-content\/uploads\/sites\/329\/2025\/04\/captura-de-pantalla-2025-04-18-144356-768x69.png 768w\" sizes=\"auto, (max-width: 1076px) 100vw, 1076px\" \/><\/figure>\n<\/div>\n\n\n<div style=\"height:10px\" aria-hidden=\"true\" class=\"wp-block-spacer\"><\/div>\n\n\n\n<div class=\"wp-block-group is-vertical is-layout-flex wp-container-core-group-is-layout-769d0143 wp-block-group-is-layout-flex\">\n<p><strong>HABITAT Y ZONA DE DISTRIBUCI\u00d3N:<\/strong><\/p>\n\n\n\n<p class=\"has-text-align-justify has-alegreya-font-family has-small-font-size\">Esta especie se encuentra ampliamente distribuida por Europa, el norte de \u00c1frica, Oriente Medio y \u00c1sia (sin llegar a las zonas m\u00e1s hacia el norte o sud).<\/p>\n\n\n\n<p class=\"has-text-align-justify has-alegreya-font-family has-small-font-size\">Su h\u00e1bitat t\u00edpico son las zonas forestales con alta abundancia de matorrales, siempre que haya majuelo.<\/p>\n<\/div>\n\n\n\n<div class=\"wp-block-group is-vertical is-layout-flex wp-container-core-group-is-layout-769d0143 wp-block-group-is-layout-flex\">\n<figure class=\"wp-block-image size-large\"><img loading=\"lazy\" decoding=\"async\" width=\"1064\" height=\"530\" src=\"https:\/\/biocampus25.wordpress.com\/wp-content\/uploads\/2025\/04\/captura-de-pantalla-2025-04-18-144534.png?w=1024\" alt=\"\" class=\"wp-image-1263\" srcset=\"https:\/\/webs.uab.cat\/bees\/wp-content\/uploads\/sites\/329\/2025\/04\/captura-de-pantalla-2025-04-18-144534.png 1064w, https:\/\/webs.uab.cat\/bees\/wp-content\/uploads\/sites\/329\/2025\/04\/captura-de-pantalla-2025-04-18-144534-300x149.png 300w, https:\/\/webs.uab.cat\/bees\/wp-content\/uploads\/sites\/329\/2025\/04\/captura-de-pantalla-2025-04-18-144534-1024x510.png 1024w, https:\/\/webs.uab.cat\/bees\/wp-content\/uploads\/sites\/329\/2025\/04\/captura-de-pantalla-2025-04-18-144534-768x383.png 768w\" sizes=\"auto, (max-width: 1064px) 100vw, 1064px\" \/><\/figure>\n\n\n\n<p class=\"has-text-align-justify has-small-font-size\">Mapa de distribuci\u00f3n de Aporia crataegi. Imagen obtenida de Gbif en: <a href=\"https:\/\/www.gbif.org\/es\/species\/1920218\">https:\/\/www.gbif.org\/es\/species\/1920218<\/a><\/p>\n<\/div>\n\n\n\n<div style=\"height:10px\" aria-hidden=\"true\" class=\"wp-block-spacer\"><\/div>\n\n\n\n<div class=\"wp-block-group is-vertical is-layout-flex wp-container-core-group-is-layout-769d0143 wp-block-group-is-layout-flex\">\n<p><strong>ESTADO DE CONSERVACI\u00d3N:<\/strong><\/p>\n\n\n\n<p class=\"has-text-align-justify has-alegreya-font-family has-small-font-size\">Los datos de la IUCN afirman que esta especie est\u00e1 en situaci\u00f3n de preocupaci\u00f3n menor en Europa.<\/p>\n<\/div>\n\n\n<div class=\"wp-block-image\">\n<figure class=\"aligncenter size-large\"><img loading=\"lazy\" decoding=\"async\" width=\"797\" height=\"222\" src=\"https:\/\/biocampus25.wordpress.com\/wp-content\/uploads\/2025\/04\/captura_de_pantalla_2025-03-27_213157-removebg-preview-28.png?w=797\" alt=\"\" class=\"wp-image-1265\" srcset=\"https:\/\/webs.uab.cat\/bees\/wp-content\/uploads\/sites\/329\/2025\/04\/captura_de_pantalla_2025-03-27_213157-removebg-preview-28.png 797w, https:\/\/webs.uab.cat\/bees\/wp-content\/uploads\/sites\/329\/2025\/04\/captura_de_pantalla_2025-03-27_213157-removebg-preview-28-300x84.png 300w, https:\/\/webs.uab.cat\/bees\/wp-content\/uploads\/sites\/329\/2025\/04\/captura_de_pantalla_2025-03-27_213157-removebg-preview-28-768x214.png 768w\" sizes=\"auto, (max-width: 797px) 100vw, 797px\" \/><\/figure>\n<\/div>\n\n\n<div style=\"height:30px\" aria-hidden=\"true\" class=\"wp-block-spacer\"><\/div>\n\n\n\n<p><strong>REFERENCIAS:<\/strong><\/p>\n\n\n\n<p class=\"has-text-align-justify has-small-font-size\"><em>Blanca del Majuelo (Aporia crataegi)<\/em>. (n.d.). Natusfera. Retrieved February 19, 2025, from <a href=\"https:\/\/spain.inaturalist.org\/taxa\/61295-Aporia-crataegi\">https:\/\/spain.inaturalist.org\/taxa\/61295-Aporia-crataegi<\/a><\/p>\n\n\n\n<p class=\"has-text-align-justify has-small-font-size\">de Paredes, R. G. (2016, June 8).&nbsp;<em>Blanca del majuelo (Amporia crataegi)<\/em>. Sierradebaza.org; Revista digital Sierra de Baza. Proyecto Sierra de Baza. <a href=\"https:\/\/sierradebaza.org\/fichas-tecnicas\/fichas-de-fauna\/fichas-mariposas\/pieridos\/blanca-del-majuelo-amporia-crataegi\">https:\/\/sierradebaza.org\/fichas-tecnicas\/fichas-de-fauna\/fichas-mariposas\/pieridos\/blanca-del-majuelo-amporia-crataegi<\/a><\/p>\n\n\n\n<p class=\"has-text-align-justify has-small-font-size\">Swaay, V., C, Wynhoff, I, Verovnik, R, Wiemers, M, Munguira, L., M, Maes, D, Sasic, M, Verstrael, T, Warren, M, Settele, &amp; J. (2009a). IUCN Red List of Threatened Species: Aporia crataegi.&nbsp;<em>IUCN Red List of Threatened Species<\/em>. <a href=\"https:\/\/www.iucnredlist.org\/species\/159814\/5339278\">https:\/\/www.iucnredlist.org\/species\/159814\/5339278<\/a><\/p>\n","protected":false},"excerpt":{"rendered":"<p>Reino Animalia Filo Arthropoda Subfilo Hexapoda Clase Insecta Subclase Pterygota Orden Lepidoptera Superfamilia Papilionoidea Familia Pieridae Subfamilia Pierinae Tribu Pierini Subtribu Aporiina G\u00e9nero Aporia Especie A. crataegi DESCRIPCI\u00d3N: La blanca del mojuelo es una mariposa de gran tama\u00f1o, que suele medir unos 50-77mm de envergadura. Como bien indica su nombre, sus alas son totalmente blancas, [&hellip;]<\/p>\n","protected":false},"author":2556,"featured_media":0,"parent":0,"menu_order":0,"comment_status":"closed","ping_status":"closed","template":"","meta":{"footnotes":""},"class_list":["post-1250","page","type-page","status-publish","hentry"],"_links":{"self":[{"href":"https:\/\/webs.uab.cat\/bees\/wp-json\/wp\/v2\/pages\/1250","targetHints":{"allow":["GET"]}}],"collection":[{"href":"https:\/\/webs.uab.cat\/bees\/wp-json\/wp\/v2\/pages"}],"about":[{"href":"https:\/\/webs.uab.cat\/bees\/wp-json\/wp\/v2\/types\/page"}],"author":[{"embeddable":true,"href":"https:\/\/webs.uab.cat\/bees\/wp-json\/wp\/v2\/users\/2556"}],"replies":[{"embeddable":true,"href":"https:\/\/webs.uab.cat\/bees\/wp-json\/wp\/v2\/comments?post=1250"}],"version-history":[{"count":1,"href":"https:\/\/webs.uab.cat\/bees\/wp-json\/wp\/v2\/pages\/1250\/revisions"}],"predecessor-version":[{"id":4142,"href":"https:\/\/webs.uab.cat\/bees\/wp-json\/wp\/v2\/pages\/1250\/revisions\/4142"}],"wp:attachment":[{"href":"https:\/\/webs.uab.cat\/bees\/wp-json\/wp\/v2\/media?parent=1250"}],"curies":[{"name":"wp","href":"https:\/\/api.w.org\/{rel}","templated":true}]}}