{"id":1269,"date":"2025-05-14T11:41:10","date_gmt":"2025-05-14T09:41:10","guid":{"rendered":"https:\/\/biocampus25.wordpress.com\/?page_id=1269"},"modified":"2025-05-19T11:59:54","modified_gmt":"2025-05-19T09:59:54","slug":"hymenoptera","status":"publish","type":"page","link":"https:\/\/webs.uab.cat\/bees\/hymenoptera\/","title":{"rendered":"Hymenoptera"},"content":{"rendered":"\n<div class=\"wp-block-group is-vertical is-layout-flex wp-container-core-group-is-layout-3e0ae1ae wp-block-group-is-layout-flex\">\n<p><strong>Descripci\u00f3n:<\/strong><\/p>\n\n\n\n<p class=\"has-text-align-justify has-alegreya-font-family has-small-font-size\">En este orden, formado por casi 280.000 especies, podemos encontrar organismos tan conocidos como las hormigas, las avispas y las abejas.<\/p>\n\n\n\n<p class=\"has-text-align-justify has-alegreya-font-family has-small-font-size\">La estructura de la cabeza est\u00e1 muy bien conservada entre las diferentes familias de himen\u00f3pteros. Esta presenta unos ojos compuestos y de gran tama\u00f1o, adem\u00e1s de tener los ocelos agrupados en grupos de 3, unas antenas normalmente formadas por 7-13 segmentos y un aparato masticador, que seg\u00fan el grupo puede estar m\u00e1s desarrollado o no servir para comer.<\/p>\n\n\n\n<p class=\"has-text-align-justify has-alegreya-font-family has-small-font-size\">El t\u00f3rax es la estructura m\u00e1s modificada y especializada del grupo. Est\u00e1 formado por 5 segmentos separados por surcos: el prescudo, el escudo, la escutela (estos dos \u00faltimos forman el mesonoto, que ocupa casi el 80% del t\u00f3rax), la postescutela y el postnoto (estos dos \u00faltimos forman el metat\u00f3rax).<\/p>\n\n\n\n<p class=\"has-text-align-justify has-alegreya-font-family has-small-font-size\">En esta zona se encuentran los tres pares de patas, que presentan cinco artejos o segmentos donde el primero es el m\u00e1s largo y el \u00faltimo est\u00e1 formado por dos u\u00f1as y un aparato adhesivo. Tambi\u00e9n encontramos un par de alas, donde el primer par es m\u00e1s grande y desarrollado, mientras que el segundo es m\u00e1s reducido y presenta unas estructuras en forma de ganchos para engancharse al primer par durante el vuelo.<\/p>\n\n\n\n<p class=\"has-text-align-justify has-alegreya-font-family has-small-font-size\">Seg\u00fan c\u00f3mo sea la regi\u00f3n abdominal, podemos clasificar los himen\u00f3pteros en dos subgrupos: los <em>Symphyta<\/em>, que presentan el abdomen en continuidad con el t\u00f3rax, y los <em>Apocrita<\/em>, que tienen el primer segmento abdominal fusionado con el \u00faltimo tor\u00e1cico y separado del segundo abdominal mediante una zona de constricci\u00f3n.<\/p>\n\n\n\n<p class=\"has-text-align-justify has-alegreya-font-family has-small-font-size\">En cuanto a la reproducci\u00f3n, esta suele ser interna y ov\u00edpara (aunque en algunas especies la hembra puede retener los huevos fecundados hasta que eclosionan). Los huevos son depositados sobre o dentro de materia org\u00e1nica o vegetal, que servir\u00e1 de alimento para una larva que recuerda a la de una mariposa. Para pasar de la fase larvaria a adulta, necesitan realizar una serie de mudas (generalmente cinco), alcanzando as\u00ed el estadio de pupa y, finalmente, el adulto.<\/p>\n\n\n\n<p class=\"has-text-align-justify has-alegreya-font-family has-small-font-size\">Otro hecho importante es la alta frecuencia de partenog\u00e9nesis. Esto significa que se pueden generar huevos no fecundados que den lugar a la formaci\u00f3n de un nuevo individuo, que generalmente ser\u00e1 macho.<\/p>\n<\/div>\n\n\n\n<div style=\"height:20px\" aria-hidden=\"true\" class=\"wp-block-spacer\"><\/div>\n\n\n\n<p><strong>Clave dicot\u00f3mica:<\/strong><\/p>\n\n\n\n<div class=\"wp-block-columns is-layout-flex wp-container-core-columns-is-layout-9d6595d7 wp-block-columns-is-layout-flex\">\n<div class=\"wp-block-column is-layout-flow wp-block-column-is-layout-flow\" style=\"flex-basis:66.66%\">\n<div class=\"wp-block-group is-vertical is-layout-flex wp-container-core-group-is-layout-769d0143 wp-block-group-is-layout-flex\">\n<p class=\"has-text-align-justify has-small-font-size\"><strong>1a.<\/strong> Solo tienen alas la reina o algunos adultos reproductores &#8212;&#8212;&#8212;&#8212;&#8212;&#8212;&#8212;&gt; <strong><a href=\"https:\/\/webs.uab.cat\/bees\/formicidae\/\" data-type=\"page\" data-id=\"1303\">Formicidae<\/a><\/strong><\/p>\n\n\n\n<p class=\"has-text-align-justify has-small-font-size\"><strong>1b.<\/strong> Presenten alas siempre que est\u00e9n en fase adulta &#8212;&#8212;&#8212;&#8212;&#8212;&#8212;&#8212;&#8212;&#8212;&#8212;&#8212;&#8212;&#8212;-&gt; 2<\/p>\n<\/div>\n\n\n\n<div style=\"height:10px\" aria-hidden=\"true\" class=\"wp-block-spacer\"><\/div>\n\n\n\n<div class=\"wp-block-group is-vertical is-layout-flex wp-container-core-group-is-layout-769d0143 wp-block-group-is-layout-flex\">\n<p class=\"has-text-align-justify has-small-font-size\"><strong>2a.<\/strong> Presentan patrones de bandas amarillo-negro (donde el negro domina). Tienen poca pilosidad y no tienen estructuras especializadas en las patas de detr\u00e1s para captar polen &#8212;&#8212;&#8212;&#8212;&#8212;&#8212;&#8211;&gt; <strong><a href=\"https:\/\/webs.uab.cat\/bees\/vespidae\/\" data-type=\"page\" data-id=\"1350\">Vespidae<\/a><\/strong><\/p>\n\n\n\n<p class=\"has-text-align-justify has-small-font-size\"><strong>2b.<\/strong> Son m\u00e1s peludas y con estructuras para captar n\u00e9ctar &#8212;&#8212;&#8212;&#8212;&#8212;&#8212;&#8212;&#8212;&#8212;&#8212;&#8211;&gt; 3<\/p>\n<\/div>\n\n\n\n<div style=\"height:79px\" aria-hidden=\"true\" class=\"wp-block-spacer\"><\/div>\n\n\n\n<div class=\"wp-block-group is-vertical is-layout-flex wp-container-core-group-is-layout-769d0143 wp-block-group-is-layout-flex\">\n<p class=\"has-text-align-justify has-small-font-size\"><strong>3a.<\/strong> Tienen las escopas en el abdomen, que le hacen ser muy peludo. Las mand\u00edbulas est\u00e1n fuertes y adaptadas a cortar hojas\u00a0&#8212;&#8212;&#8212;&#8212;&#8211;&gt; <strong><a href=\"https:\/\/webs.uab.cat\/bees\/megachilidae\/\" data-type=\"page\" data-id=\"1357\">Megachilidae<\/a><\/strong><\/p>\n\n\n\n<p class=\"has-text-align-justify has-small-font-size\"><strong>3b.<\/strong> Presentan las escopas en las patas de atr\u00e1s &#8212;&gt; 4<\/p>\n<\/div>\n\n\n\n<div style=\"height:169px\" aria-hidden=\"true\" class=\"wp-block-spacer\"><\/div>\n\n\n\n<div class=\"wp-block-group is-vertical is-layout-flex wp-container-core-group-is-layout-769d0143 wp-block-group-is-layout-flex\">\n<p class=\"has-text-align-justify has-small-font-size\"><strong>4a.<\/strong> Cuerpo m\u00e1s robusto y densamente cubierto de pelo, generalmente en la cabeza y el t\u00f3rax &#8212;&#8212;&#8212;&#8212;&#8212;&#8212;&#8212;&#8212;&#8212;&#8212;&#8212;&#8212;&#8212;&#8212;&#8211;&gt; <strong><a href=\"https:\/\/webs.uab.cat\/bees\/apidae\/\" data-type=\"page\" data-id=\"1398\">Apidae<\/a><\/strong><\/p>\n\n\n\n<p class=\"has-text-align-justify has-small-font-size\"><strong>4b.<\/strong> Cuerpo m\u00e1s esvelto y con apariencia met\u00e1lica, con menos pelos &#8212;&#8212;&#8212;&gt; <strong><a href=\"https:\/\/webs.uab.cat\/bees\/colletidae\/\" data-type=\"page\" data-id=\"1421\">Colletidae<\/a><\/strong><\/p>\n<\/div>\n<\/div>\n\n\n\n<div class=\"wp-block-column is-layout-flow wp-block-column-is-layout-flow\" style=\"flex-basis:33.33%\">\n<div style=\"height:159px\" aria-hidden=\"true\" class=\"wp-block-spacer\"><\/div>\n\n\n\n<div class=\"wp-block-group is-vertical is-layout-flex wp-container-core-group-is-layout-769d0143 wp-block-group-is-layout-flex\">\n<figure class=\"wp-block-image size-large\"><img loading=\"lazy\" decoding=\"async\" width=\"640\" height=\"479\" src=\"https:\/\/biocampus25.wordpress.com\/wp-content\/uploads\/2025\/04\/polistes_dominula_vespidae_sp._female_arnhem_the_netherlands.jpg?w=640\" alt=\"\" class=\"wp-image-1279\" srcset=\"https:\/\/webs.uab.cat\/bees\/wp-content\/uploads\/sites\/329\/2025\/04\/polistes_dominula_vespidae_sp._female_arnhem_the_netherlands.jpg 640w, https:\/\/webs.uab.cat\/bees\/wp-content\/uploads\/sites\/329\/2025\/04\/polistes_dominula_vespidae_sp._female_arnhem_the_netherlands-300x225.jpg 300w\" sizes=\"auto, (max-width: 640px) 100vw, 640px\" \/><figcaption class=\"wp-element-caption\"><a href=\"https:\/\/webs.uab.cat\/bees\/vespidae\/\" data-type=\"page\" data-id=\"1350\">Vespidae<\/a><\/figcaption><\/figure>\n<\/div>\n\n\n\n<div class=\"wp-block-group is-vertical is-layout-flex wp-container-core-group-is-layout-769d0143 wp-block-group-is-layout-flex\">\n<figure class=\"wp-block-image size-large\"><img loading=\"lazy\" decoding=\"async\" width=\"640\" height=\"479\" src=\"https:\/\/biocampus25.wordpress.com\/wp-content\/uploads\/2025\/04\/640px-osmia_cornuta_megachilidae_sp._female_arnhem_the_netherlands.jpg?w=640\" alt=\"\" class=\"wp-image-1282\" srcset=\"https:\/\/webs.uab.cat\/bees\/wp-content\/uploads\/sites\/329\/2025\/04\/640px-osmia_cornuta_megachilidae_sp._female_arnhem_the_netherlands.jpg 640w, https:\/\/webs.uab.cat\/bees\/wp-content\/uploads\/sites\/329\/2025\/04\/640px-osmia_cornuta_megachilidae_sp._female_arnhem_the_netherlands-300x225.jpg 300w\" sizes=\"auto, (max-width: 640px) 100vw, 640px\" \/><figcaption class=\"wp-element-caption\"><a href=\"https:\/\/webs.uab.cat\/bees\/megachilidae\/\" data-type=\"page\" data-id=\"1357\">Megachilidae<\/a><\/figcaption><\/figure>\n<\/div>\n\n\n\n<div style=\"height:4px\" aria-hidden=\"true\" class=\"wp-block-spacer\"><\/div>\n\n\n\n<div class=\"wp-block-group is-vertical is-layout-flex wp-container-core-group-is-layout-769d0143 wp-block-group-is-layout-flex\">\n<figure class=\"wp-block-image size-large\"><img loading=\"lazy\" decoding=\"async\" width=\"640\" height=\"427\" src=\"https:\/\/biocampus25.wordpress.com\/wp-content\/uploads\/2025\/04\/western_carpenter_bee_apidae_xylocopa_californica_28384081021-edited.jpg\" alt=\"\" class=\"wp-image-1285\" srcset=\"https:\/\/webs.uab.cat\/bees\/wp-content\/uploads\/sites\/329\/2025\/04\/western_carpenter_bee_apidae_xylocopa_californica_28384081021-edited.jpg 640w, https:\/\/webs.uab.cat\/bees\/wp-content\/uploads\/sites\/329\/2025\/04\/western_carpenter_bee_apidae_xylocopa_californica_28384081021-edited-300x200.jpg 300w\" sizes=\"auto, (max-width: 640px) 100vw, 640px\" \/><figcaption class=\"wp-element-caption\"><a href=\"https:\/\/webs.uab.cat\/bees\/apidae\/\" data-type=\"page\" data-id=\"1398\">Apidae<\/a><\/figcaption><\/figure>\n<\/div>\n<\/div>\n<\/div>\n\n\n\n<div style=\"height:30px\" aria-hidden=\"true\" class=\"wp-block-spacer\"><\/div>\n\n\n\n<p><strong>Bibliografia:<\/strong><\/p>\n\n\n\n<p class=\"has-text-align-justify has-small-font-size\"><em>Els himen\u00f2pters: vespes, abelles, formigues i afins<\/em>. (n.d.). Enciclopedia.cat. Retrieved January 10, 2025, from <a href=\"https:\/\/www.enciclopedia.cat\/historia-natural-dels-paisos-catalans\/els-himenopters-vespes-abelles-formigues-i-afins\">https:\/\/www.enciclopedia.cat\/historia-natural-dels-paisos-catalans\/els-himenopters-vespes-abelles-formigues-i-afins<\/a><\/p>\n\n\n\n<p class=\"has-text-align-justify has-small-font-size\"><em>Ordre Hymenoptera &#8211; Insectarium Virtual del Parc Natural del Penyal d\u2019Ifac &#8211; Generalitat Valenciana<\/em>. (n.d.). Insectarium Virtual del Parc Natural del Penyal d\u2019Ifac. Retrieved January 10, 2025, from <a href=\"https:\/\/parquesnaturales.gva.es\/va\/web\/insectarium-virtual-del-parc-natural-del-penyal-d-ifac\/orden-hymenoptera\">https:\/\/parquesnaturales.gva.es\/va\/web\/insectarium-virtual-del-parc-natural-del-penyal-d-ifac\/orden-hymenoptera<\/a><\/p>\n\n\n\n<p class=\"has-text-align-justify has-small-font-size\"><em>Himen\u00f2pters<\/em>. (n.d.). Retrieved January 10, 2025, from <a href=\"https:\/\/blocs.xtec.cat\/hymenoptera\/hymenoptera\/\">https:\/\/blocs.xtec.cat\/hymenoptera\/hymenoptera\/<\/a><\/p>\n\n\n\n<p><\/p>\n","protected":false},"excerpt":{"rendered":"<p>Descripci\u00f3n: En este orden, formado por casi 280.000 especies, podemos encontrar organismos tan conocidos como las hormigas, las avispas y las abejas. La estructura de la cabeza est\u00e1 muy bien conservada entre las diferentes familias de himen\u00f3pteros. Esta presenta unos ojos compuestos y de gran tama\u00f1o, adem\u00e1s de tener los ocelos agrupados en grupos de [&hellip;]<\/p>\n","protected":false},"author":2556,"featured_media":0,"parent":0,"menu_order":0,"comment_status":"closed","ping_status":"closed","template":"","meta":{"footnotes":""},"class_list":["post-1269","page","type-page","status-publish","hentry"],"_links":{"self":[{"href":"https:\/\/webs.uab.cat\/bees\/wp-json\/wp\/v2\/pages\/1269","targetHints":{"allow":["GET"]}}],"collection":[{"href":"https:\/\/webs.uab.cat\/bees\/wp-json\/wp\/v2\/pages"}],"about":[{"href":"https:\/\/webs.uab.cat\/bees\/wp-json\/wp\/v2\/types\/page"}],"author":[{"embeddable":true,"href":"https:\/\/webs.uab.cat\/bees\/wp-json\/wp\/v2\/users\/2556"}],"replies":[{"embeddable":true,"href":"https:\/\/webs.uab.cat\/bees\/wp-json\/wp\/v2\/comments?post=1269"}],"version-history":[{"count":2,"href":"https:\/\/webs.uab.cat\/bees\/wp-json\/wp\/v2\/pages\/1269\/revisions"}],"predecessor-version":[{"id":4212,"href":"https:\/\/webs.uab.cat\/bees\/wp-json\/wp\/v2\/pages\/1269\/revisions\/4212"}],"wp:attachment":[{"href":"https:\/\/webs.uab.cat\/bees\/wp-json\/wp\/v2\/media?parent=1269"}],"curies":[{"name":"wp","href":"https:\/\/api.w.org\/{rel}","templated":true}]}}