{"id":1303,"date":"2025-05-14T11:41:05","date_gmt":"2025-05-14T09:41:05","guid":{"rendered":"https:\/\/biocampus25.wordpress.com\/?page_id=1303"},"modified":"2025-05-19T11:23:17","modified_gmt":"2025-05-19T09:23:17","slug":"formicidae","status":"publish","type":"page","link":"https:\/\/webs.uab.cat\/bees\/formicidae\/","title":{"rendered":"Formicidae"},"content":{"rendered":"\n<div class=\"wp-block-group is-vertical is-layout-flex wp-container-core-group-is-layout-3e0ae1ae wp-block-group-is-layout-flex\">\n<p><strong>Descripci\u00f3n:<\/strong><\/p>\n\n\n\n<p class=\"has-text-align-justify has-alegreya-font-family has-small-font-size\">En esta familia podemos encontrar aproximadamente 14.000 especies de organismos ap\u00f3critos, los cuales se caracterizan, entre otras cosas, por ser eusociales. Esto significa que forman colonias en las que hay un alto n\u00famero de hembras inf\u00e9rtiles, que forman parte de alg\u00fan subgrupo especializado en una funci\u00f3n espec\u00edfica (como ser\u00edan las obreras). Tambi\u00e9n hay una reina, que es la \u00fanica hembra f\u00e9rtil del grupo y que suele ser de gran tama\u00f1o.<\/p>\n\n\n\n<p class=\"has-text-align-justify has-alegreya-font-family has-small-font-size\">Es importante mencionar que se pueden encontrar pr\u00e1cticamente en todo el mundo, excepto en la Ant\u00e1rtida y algunas islas. Esta capacidad de sobrevivir en casi cualquier lugar proviene tanto de su estructura eusocial como de su capacidad para defenderse y alterar el terreno.<\/p>\n\n\n\n<p class=\"has-text-align-justify has-alegreya-font-family has-small-font-size\">Las hormigas tienen una estructura muy importante en la cabeza: sus antenas. Estas estructuras no solo les permiten captar est\u00edmulos mec\u00e1nicos como el contacto con un elemento, sino que tambi\u00e9n podr\u00edan servir para detectar corrientes de aire o la presencia de mol\u00e9culas qu\u00edmicas. Esta quimiodetecci\u00f3n es fundamental, ya que los diferentes organismos de la colonia pueden comunicarse mediante la secreci\u00f3n de hormonas.<\/p>\n\n\n\n<p class=\"has-text-align-justify has-alegreya-font-family has-small-font-size\">Otro car\u00e1cter importante son sus mand\u00edbulas. Estas estructuras tienden a estar bien desarrolladas y son visibles en la parte anterior del animal. Adem\u00e1s, no solo las utilizan para comer, sino que es habitual que transporten objetos pesados con ellas.<\/p>\n\n\n\n<p class=\"has-text-align-justify has-alegreya-font-family has-small-font-size\">En cuanto a la reproducci\u00f3n, si el huevo es fecundado, se genera una hembra diploide (dos copias de los cromosomas); de lo contrario, nace un macho haploide. Una vez nace la larva, esta no tiene capacidad de movilidad, por lo que ser\u00e1n los adultos quienes le transfieran alimento directamente a la boca (de manera similar a como lo hacen las aves con sus cr\u00edas).<\/p>\n\n\n\n<p class=\"has-text-align-justify has-alegreya-font-family has-small-font-size\">La larva deber\u00e1 pasar por varias mudas para convertirse en pupa, y despu\u00e9s de eso emerge el individuo adulto. Este comienza cuidando de las cr\u00edas y de la reina, pero poco despu\u00e9s se encarga de cavar t\u00faneles y, finalmente, de proteger la colonia o recolectar recursos.<\/p>\n\n\n\n<p class=\"has-text-align-justify has-alegreya-font-family has-small-font-size\">Normalmente, cada a\u00f1o aparece una nueva generaci\u00f3n, en la que los primeros individuos tienden a ser m\u00e1s d\u00e9biles y de menor tama\u00f1o. Si hay varias reinas en la colonia, podr\u00eda ocurrir que una de ellas abandone el nido llev\u00e1ndose consigo a algunas obreras para fundar un nuevo hormiguero.<\/p>\n\n\n\n<p class=\"has-text-align-justify has-alegreya-font-family has-small-font-size\">Entre las diferentes clases de individuos no solo hay polimorfismo, sino que tambi\u00e9n puede haber diferencias en la esperanza de vida. Normalmente, las reinas viven alrededor de treinta a\u00f1os, mientras que las obreras viven entre 1 y 3 a\u00f1os y los machos apenas unas semanas.<\/p>\n<\/div>\n\n\n\n<div style=\"height:30px\" aria-hidden=\"true\" class=\"wp-block-spacer\"><\/div>\n\n\n\n<p><strong>Clave dicot\u00f3mica:<\/strong><\/p>\n\n\n\n<div class=\"wp-block-columns is-layout-flex wp-container-core-columns-is-layout-9d6595d7 wp-block-columns-is-layout-flex\">\n<div class=\"wp-block-column is-layout-flow wp-block-column-is-layout-flow\" style=\"flex-basis:66.66%\">\n<p class=\"has-text-align-justify has-small-font-size\"><strong>a. <\/strong>Presenta un engrosamiento en forma de bast\u00f3n en el \u00faltimo segmento de la antena (clava apical). Adem\u00e1s, el abdomen tiene forma ovalada y coloraci\u00f3n clara &#8212;&#8212;&#8212;&#8212;&#8212;&#8212;&#8212;&#8212;&#8212;&#8211;&gt; <strong><a href=\"https:\/\/webs.uab.cat\/bees\/hormiga-argentina\/\" data-type=\"page\" data-id=\"1315\">Linepithema humile<\/a><\/strong><\/p>\n\n\n\n<div style=\"height:274px\" aria-hidden=\"true\" class=\"wp-block-spacer\"><\/div>\n\n\n\n<p class=\"has-text-align-justify has-small-font-size\"><strong>b.<\/strong> No presenta este engrosamiento de la antena, pero s\u00ed una mand\u00edbula muy desarrollada y un cuerpo rugoso de coloraci\u00f3n oscura &#8212;&#8212;&gt; <strong><a href=\"https:\/\/webs.uab.cat\/bees\/hormiga-recolectora\/\" data-type=\"page\" data-id=\"1330\">Messor barbarus<\/a><\/strong><\/p>\n<\/div>\n\n\n\n<div class=\"wp-block-column is-layout-flow wp-block-column-is-layout-flow\" style=\"flex-basis:33.33%\">\n<div class=\"wp-block-group is-vertical is-layout-flex wp-container-core-group-is-layout-769d0143 wp-block-group-is-layout-flex\">\n<figure class=\"wp-block-image size-large\"><img loading=\"lazy\" decoding=\"async\" width=\"640\" height=\"431\" src=\"https:\/\/biocampus25.wordpress.com\/wp-content\/uploads\/2025\/04\/640px-linepithema_humile_casent0106983_profile_1.jpg?w=640\" alt=\"\" class=\"wp-image-1309\" srcset=\"https:\/\/webs.uab.cat\/bees\/wp-content\/uploads\/sites\/329\/2025\/04\/640px-linepithema_humile_casent0106983_profile_1.jpg 640w, https:\/\/webs.uab.cat\/bees\/wp-content\/uploads\/sites\/329\/2025\/04\/640px-linepithema_humile_casent0106983_profile_1-300x202.jpg 300w\" sizes=\"auto, (max-width: 640px) 100vw, 640px\" \/><figcaption class=\"wp-element-caption\"><a href=\"https:\/\/webs.uab.cat\/bees\/hormiga-argentina\/\" data-type=\"page\" data-id=\"1315\">Linepithema humile<\/a>. Imagen con copyright CC BY 4.0, creada por Alex Wild y obtenida de Wikimedia commons en: <a href=\"https:\/\/commons.wikimedia.org\/wiki\/File:Linepithema_humile_casent0106983_profile_1.jpg\">https:\/\/commons.wikimedia.org\/wiki\/File:Linepithema_humile_casent0106983_profile_1.jpg<\/a><\/figcaption><\/figure>\n<\/div>\n\n\n\n<div class=\"wp-block-group is-vertical is-layout-flex wp-container-core-group-is-layout-769d0143 wp-block-group-is-layout-flex\">\n<figure class=\"wp-block-image size-large\"><img loading=\"lazy\" decoding=\"async\" width=\"640\" height=\"562\" src=\"https:\/\/biocampus25.wordpress.com\/wp-content\/uploads\/2025\/04\/messor_barbarus_probably_39839064352.jpg?w=640\" alt=\"\" class=\"wp-image-1311\" srcset=\"https:\/\/webs.uab.cat\/bees\/wp-content\/uploads\/sites\/329\/2025\/04\/messor_barbarus_probably_39839064352.jpg 640w, https:\/\/webs.uab.cat\/bees\/wp-content\/uploads\/sites\/329\/2025\/04\/messor_barbarus_probably_39839064352-300x263.jpg 300w\" sizes=\"auto, (max-width: 640px) 100vw, 640px\" \/><figcaption class=\"wp-element-caption\"><a href=\"https:\/\/webs.uab.cat\/bees\/hormiga-recolectora\/\" data-type=\"page\" data-id=\"1330\">Messor barbarus<\/a>. Imagen con copyright CC BY 2.0, creada por gailhampshire y obtenida de Wikimedia commons en: <a href=\"https:\/\/commons.wikimedia.org\/wiki\/File:Messor_barbarus_probably_(39839064352).jpg\">https:\/\/commons.wikimedia.org\/wiki\/File:Messor_barbarus_probably_(39839064352).jpg<\/a><\/figcaption><\/figure>\n<\/div>\n<\/div>\n<\/div>\n\n\n\n<div style=\"height:30px\" aria-hidden=\"true\" class=\"wp-block-spacer\"><\/div>\n\n\n\n<p><strong>Bibliografia:<\/strong><\/p>\n\n\n\n<p class=\"has-text-align-justify has-small-font-size\">Wikipedia contributors. (n.d.-g).&nbsp;<em>Formicidae<\/em>. Wikipedia, The Free Encyclopedia. <a href=\"https:\/\/es.wikipedia.org\/w\/index.php?title=Formicidae&amp;oldid=165253219\">https:\/\/es.wikipedia.org\/w\/index.php?title=Formicidae&amp;oldid=165253219<\/a><\/p>\n","protected":false},"excerpt":{"rendered":"<p>Descripci\u00f3n: En esta familia podemos encontrar aproximadamente 14.000 especies de organismos ap\u00f3critos, los cuales se caracterizan, entre otras cosas, por ser eusociales. Esto significa que forman colonias en las que hay un alto n\u00famero de hembras inf\u00e9rtiles, que forman parte de alg\u00fan subgrupo especializado en una funci\u00f3n espec\u00edfica (como ser\u00edan las obreras). Tambi\u00e9n hay una [&hellip;]<\/p>\n","protected":false},"author":2556,"featured_media":0,"parent":0,"menu_order":0,"comment_status":"closed","ping_status":"closed","template":"","meta":{"footnotes":""},"class_list":["post-1303","page","type-page","status-publish","hentry"],"_links":{"self":[{"href":"https:\/\/webs.uab.cat\/bees\/wp-json\/wp\/v2\/pages\/1303","targetHints":{"allow":["GET"]}}],"collection":[{"href":"https:\/\/webs.uab.cat\/bees\/wp-json\/wp\/v2\/pages"}],"about":[{"href":"https:\/\/webs.uab.cat\/bees\/wp-json\/wp\/v2\/types\/page"}],"author":[{"embeddable":true,"href":"https:\/\/webs.uab.cat\/bees\/wp-json\/wp\/v2\/users\/2556"}],"replies":[{"embeddable":true,"href":"https:\/\/webs.uab.cat\/bees\/wp-json\/wp\/v2\/comments?post=1303"}],"version-history":[{"count":2,"href":"https:\/\/webs.uab.cat\/bees\/wp-json\/wp\/v2\/pages\/1303\/revisions"}],"predecessor-version":[{"id":4197,"href":"https:\/\/webs.uab.cat\/bees\/wp-json\/wp\/v2\/pages\/1303\/revisions\/4197"}],"wp:attachment":[{"href":"https:\/\/webs.uab.cat\/bees\/wp-json\/wp\/v2\/media?parent=1303"}],"curies":[{"name":"wp","href":"https:\/\/api.w.org\/{rel}","templated":true}]}}