{"id":1330,"date":"2025-05-14T11:41:10","date_gmt":"2025-05-14T09:41:10","guid":{"rendered":"https:\/\/biocampus25.wordpress.com\/?page_id=1330"},"modified":"2025-05-19T11:57:05","modified_gmt":"2025-05-19T09:57:05","slug":"hormiga-recolectora","status":"publish","type":"page","link":"https:\/\/webs.uab.cat\/bees\/hormiga-recolectora\/","title":{"rendered":"HORMIGA RECOLECTORA"},"content":{"rendered":"<div class=\"wp-block-image\">\n<figure class=\"aligncenter size-large\"><img loading=\"lazy\" decoding=\"async\" width=\"640\" height=\"562\" src=\"https:\/\/biocampus25.wordpress.com\/wp-content\/uploads\/2025\/04\/messor_barbarus_probably_39839064352-1.jpg?w=640\" alt=\"\" class=\"wp-image-1331\" srcset=\"https:\/\/webs.uab.cat\/bees\/wp-content\/uploads\/sites\/329\/2025\/04\/messor_barbarus_probably_39839064352-1.jpg 640w, https:\/\/webs.uab.cat\/bees\/wp-content\/uploads\/sites\/329\/2025\/04\/messor_barbarus_probably_39839064352-1-300x263.jpg 300w\" sizes=\"auto, (max-width: 640px) 100vw, 640px\" \/><\/figure>\n<\/div>\n\n\n<p class=\"has-text-align-justify has-small-font-size\">Messor barbarus. Imagen con copyright CC BY 2.0, creada por gailhampshire y obtenida de Wikimedia commons en: <a href=\"https:\/\/commons.wikimedia.org\/wiki\/File:Messor_barbarus_probably_(39839064352).jpg\">https:\/\/commons.wikimedia.org\/wiki\/File:Messor_barbarus_probably_(39839064352).jpg<\/a><\/p>\n\n\n\n<div style=\"height:10px\" aria-hidden=\"true\" class=\"wp-block-spacer\"><\/div>\n\n\n\n<div class=\"wp-block-columns is-layout-flex wp-container-core-columns-is-layout-9d6595d7 wp-block-columns-is-layout-flex\">\n<div class=\"wp-block-column is-layout-flow wp-block-column-is-layout-flow\">\n<figure class=\"wp-block-table has-alegreya-font-family has-small-font-size\"><table><tbody><tr><td class=\"has-text-align-center\" data-align=\"center\"><strong>Reino<\/strong><\/td><td class=\"has-text-align-center\" data-align=\"center\">Animalia<\/td><\/tr><tr><td class=\"has-text-align-center\" data-align=\"center\"><strong>Filo<\/strong><\/td><td class=\"has-text-align-center\" data-align=\"center\">Arthropoda<\/td><\/tr><tr><td class=\"has-text-align-center\" data-align=\"center\"><strong>Subfilo<\/strong><\/td><td class=\"has-text-align-center\" data-align=\"center\"><a href=\"https:\/\/webs.uab.cat\/bees\/hexapoda\/\" data-type=\"page\" data-id=\"4095\">Hexapoda<\/a><\/td><\/tr><tr><td class=\"has-text-align-center\" data-align=\"center\"><strong>Clase<\/strong><\/td><td class=\"has-text-align-center\" data-align=\"center\">Insecta<\/td><\/tr><tr><td class=\"has-text-align-center\" data-align=\"center\"><strong>Subclase<\/strong><\/td><td class=\"has-text-align-center\" data-align=\"center\">Pterygota<\/td><\/tr><tr><td class=\"has-text-align-center\" data-align=\"center\"><strong>Orden<\/strong><\/td><td class=\"has-text-align-center\" data-align=\"center\"><a href=\"https:\/\/webs.uab.cat\/bees\/hymenoptera\/\" data-type=\"page\" data-id=\"1269\">Hymenoptera<\/a><\/td><\/tr><tr><td class=\"has-text-align-center\" data-align=\"center\"><strong>Suborden<\/strong><\/td><td class=\"has-text-align-center\" data-align=\"center\">Apocrita<\/td><\/tr><tr><td class=\"has-text-align-center\" data-align=\"center\"><strong>Infraorden<\/strong><\/td><td class=\"has-text-align-center\" data-align=\"center\">Aculeata<\/td><\/tr><tr><td class=\"has-text-align-center\" data-align=\"center\"><strong>Superfamilia<\/strong><\/td><td class=\"has-text-align-center\" data-align=\"center\">Formicoidea<\/td><\/tr><tr><td class=\"has-text-align-center\" data-align=\"center\"><strong>Familia<\/strong><\/td><td class=\"has-text-align-center\" data-align=\"center\"><a href=\"https:\/\/webs.uab.cat\/bees\/formicidae\/\" data-type=\"page\" data-id=\"1303\">Formicidae<\/a><\/td><\/tr><tr><td class=\"has-text-align-center\" data-align=\"center\"><strong>Subfamilia<\/strong><\/td><td class=\"has-text-align-center\" data-align=\"center\">Myrmicinae<\/td><\/tr><tr><td class=\"has-text-align-center\" data-align=\"center\"><strong>Tribu<\/strong><\/td><td class=\"has-text-align-center\" data-align=\"center\">Stenammini<\/td><\/tr><tr><td class=\"has-text-align-center\" data-align=\"center\"><strong>G\u00e9nero<\/strong><\/td><td class=\"has-text-align-center\" data-align=\"center\">Messor<\/td><\/tr><tr><td class=\"has-text-align-center\" data-align=\"center\"><strong>Especie<\/strong><\/td><td class=\"has-text-align-center\" data-align=\"center\">M. barbarus<\/td><\/tr><\/tbody><\/table><\/figure>\n<\/div>\n\n\n\n<div class=\"wp-block-column is-layout-flow wp-block-column-is-layout-flow\">\n<p><strong>DESCRIPCI\u00d3N:<\/strong><\/p>\n\n\n\n<p class=\"has-text-align-justify has-alegreya-font-family has-small-font-size\">La hormiga recolectora es un himen\u00f3ptero bastante polim\u00f3rfico, que puede medir des de 3,4mm a 12,1 y su reina suele rondar los 14-16mm. Su coloraci\u00f3n es negra, con ciertos tonos rojizos sobre todo en la cabeza.<\/p>\n\n\n\n<p class=\"has-text-align-justify has-alegreya-font-family has-small-font-size\">Su cabeza es de gran tama\u00f1o y con morfolog\u00eda cubica debido a su gran aparato bucal, que les sirve para poder transportar semillas de gran tama\u00f1o. Sus antenas son delgadas y de igual longitud que su cabeza.<\/p>\n\n\n\n<p class=\"has-text-align-justify has-alegreya-font-family has-small-font-size\">Su cuerpo tiene una morfolog\u00eda bastante destacable, con un abdomen y un t\u00f3rax de forma globular. Entre ambas regiones se puede observar una secci\u00f3n m\u00e1s estrecha y de forma tubular.<\/p>\n<\/div>\n<\/div>\n\n\n\n<div style=\"height:10px\" aria-hidden=\"true\" class=\"wp-block-spacer\"><\/div>\n\n\n\n<div class=\"wp-block-group is-vertical is-layout-flex wp-container-core-group-is-layout-769d0143 wp-block-group-is-layout-flex\">\n<p><strong>DIETA:<\/strong><\/p>\n\n\n\n<p class=\"has-text-align-justify has-alegreya-font-family has-small-font-size\">Su dieta suele estar basada en la recolecci\u00f3n de semillas, as\u00ed como hojas y otras materias vegetales. Las semillas suelen pasar por un cierto procesaje, en el cual son masticadas y unidos a saliva, para as\u00ed crear una pasta conocida como pan de hormiga.<\/p>\n<\/div>\n\n\n\n<div style=\"height:10px\" aria-hidden=\"true\" class=\"wp-block-spacer\"><\/div>\n\n\n\n<div class=\"wp-block-group is-vertical is-layout-flex wp-container-core-group-is-layout-769d0143 wp-block-group-is-layout-flex\">\n<p><strong>ESTRUCTURA SOCIAL Y COMPORTAMIENTO:<\/strong><\/p>\n\n\n\n<p class=\"has-text-align-justify has-alegreya-font-family has-small-font-size\">Esta especie es muy social y se encuentran organizados seg\u00fan su tama\u00f1o. Los de menor tama\u00f1o se encargan de recolectar y transportar las semillas, mientras que las de mayor tama\u00f1o se encargan de la protecci\u00f3n o construcci\u00f3n del nido.<\/p>\n\n\n\n<p class=\"has-text-align-justify has-alegreya-font-family has-small-font-size\">Su ciclo siempre se origina con unos adultos que realizan un vuelo nupcial, haciendo que la reina genere un alto n\u00famero de huevos. Cabe destacar que todos los machos que realizan este vuelo mueren, incluso aunque no vayan a tener hijos.<\/p>\n\n\n\n<p class=\"has-text-align-justify has-alegreya-font-family has-small-font-size\">Al cabo de 10-14 d\u00edas de incubaci\u00f3n, nacen las larvas. Estas tardaran entre 10 y 20 d\u00edas a llegar a la fase de pupa, pero esta se caracteriza por no formar capullos. Durante los pr\u00f3ximos 10-25 d\u00edas, la pupa va adoptando la morfolog\u00eda de un adulto y puede llegar a mover las antenas mientras a\u00fan se desarrolla.<\/p>\n\n\n\n<p class=\"has-text-align-justify has-alegreya-font-family has-small-font-size\">El organismo adulto comienza teniendo una cut\u00edcula transparente y blanda, que con el paso de los d\u00edas ir\u00e1 consiguiendo tener la forma cl\u00e1sica. Esta fase no suele durar m\u00e1s de 10 d\u00edas, puesto que poco despu\u00e9s de llegar a ella ya realizaran el vuelo nupcial.<\/p>\n<\/div>\n\n\n<div class=\"wp-block-image\">\n<figure class=\"aligncenter size-large\"><img loading=\"lazy\" decoding=\"async\" width=\"1445\" height=\"122\" src=\"https:\/\/biocampus25.wordpress.com\/wp-content\/uploads\/2025\/04\/captura-de-pantalla-2025-03-27-220716-13.png?w=1024\" alt=\"\" class=\"wp-image-1338\" srcset=\"https:\/\/webs.uab.cat\/bees\/wp-content\/uploads\/sites\/329\/2025\/04\/captura-de-pantalla-2025-03-27-220716-13.png 1445w, https:\/\/webs.uab.cat\/bees\/wp-content\/uploads\/sites\/329\/2025\/04\/captura-de-pantalla-2025-03-27-220716-13-300x25.png 300w, https:\/\/webs.uab.cat\/bees\/wp-content\/uploads\/sites\/329\/2025\/04\/captura-de-pantalla-2025-03-27-220716-13-1024x86.png 1024w, https:\/\/webs.uab.cat\/bees\/wp-content\/uploads\/sites\/329\/2025\/04\/captura-de-pantalla-2025-03-27-220716-13-768x65.png 768w, https:\/\/webs.uab.cat\/bees\/wp-content\/uploads\/sites\/329\/2025\/04\/captura-de-pantalla-2025-03-27-220716-13-1200x101.png 1200w\" sizes=\"auto, (max-width: 1445px) 100vw, 1445px\" \/><\/figure>\n<\/div>\n\n\n<div style=\"height:10px\" aria-hidden=\"true\" class=\"wp-block-spacer\"><\/div>\n\n\n\n<div class=\"wp-block-group is-vertical is-layout-flex wp-container-core-group-is-layout-769d0143 wp-block-group-is-layout-flex\">\n<p><strong>HABITAT Y ZONA DE DISTRIBUCI\u00d3N:<\/strong><\/p>\n\n\n\n<p class=\"has-text-align-justify has-alegreya-font-family has-small-font-size\">Su \u00e1rea de distribuci\u00f3n se encuentra limitada a la Pen\u00ednsula Ib\u00e9rica y parte de Francia e Italia. Adem\u00e1s, se encuentran en el norte de \u00c1frica.<\/p>\n\n\n\n<p class=\"has-text-align-justify has-alegreya-font-family has-small-font-size\">Su h\u00e1bitat suelen ser zonas arenosas situadas a no m\u00e1s de 900 metros de altura. Adem\u00e1s, requieren de una buena disponibilidad de agua y de un entorno con cierta humedad.<\/p>\n<\/div>\n\n\n\n<div class=\"wp-block-group is-vertical is-layout-flex wp-container-core-group-is-layout-769d0143 wp-block-group-is-layout-flex\">\n<figure class=\"wp-block-image size-large\"><img loading=\"lazy\" decoding=\"async\" width=\"786\" height=\"397\" src=\"https:\/\/biocampus25.wordpress.com\/wp-content\/uploads\/2025\/04\/captura-de-pantalla-2025-04-18-174225.png?w=786\" alt=\"\" class=\"wp-image-1340\" srcset=\"https:\/\/webs.uab.cat\/bees\/wp-content\/uploads\/sites\/329\/2025\/04\/captura-de-pantalla-2025-04-18-174225.png 786w, https:\/\/webs.uab.cat\/bees\/wp-content\/uploads\/sites\/329\/2025\/04\/captura-de-pantalla-2025-04-18-174225-300x152.png 300w, https:\/\/webs.uab.cat\/bees\/wp-content\/uploads\/sites\/329\/2025\/04\/captura-de-pantalla-2025-04-18-174225-768x388.png 768w\" sizes=\"auto, (max-width: 786px) 100vw, 786px\" \/><\/figure>\n\n\n\n<p class=\"has-text-align-justify has-small-font-size\">Mapa de distribuci\u00f3n de Messor barbarus. Imagen obtenida de Gbif en: <a href=\"https:\/\/www.gbif.org\/es\/species\/1316376\">https:\/\/www.gbif.org\/es\/species\/1316376<\/a><\/p>\n<\/div>\n\n\n\n<div style=\"height:10px\" aria-hidden=\"true\" class=\"wp-block-spacer\"><\/div>\n\n\n\n<div class=\"wp-block-group is-vertical is-layout-flex wp-container-core-group-is-layout-769d0143 wp-block-group-is-layout-flex\">\n<p><strong>ESTADO DE CONSERVACI\u00d3N:<\/strong><\/p>\n\n\n\n<p class=\"has-text-align-justify has-alegreya-font-family has-small-font-size\">Actualmente no se tienen datos espec\u00edficos de su estado de conservaci\u00f3n, pero no hay ning\u00fan mecanismo de protecci\u00f3n que nos hagan pensar que se encuentran en peligro.<\/p>\n<\/div>\n\n\n<div class=\"wp-block-image\">\n<figure class=\"aligncenter size-large is-resized\"><img loading=\"lazy\" decoding=\"async\" width=\"582\" height=\"167\" src=\"https:\/\/biocampus25.wordpress.com\/wp-content\/uploads\/2025\/04\/captura_de_pantalla_2025-04-16_221652-removebg-preview-8.png?w=582\" alt=\"\" class=\"wp-image-1343\" style=\"width:620px;height:auto\" srcset=\"https:\/\/webs.uab.cat\/bees\/wp-content\/uploads\/sites\/329\/2025\/04\/captura_de_pantalla_2025-04-16_221652-removebg-preview-8.png 582w, https:\/\/webs.uab.cat\/bees\/wp-content\/uploads\/sites\/329\/2025\/04\/captura_de_pantalla_2025-04-16_221652-removebg-preview-8-300x86.png 300w\" sizes=\"auto, (max-width: 582px) 100vw, 582px\" \/><\/figure>\n<\/div>\n\n\n<div style=\"height:30px\" aria-hidden=\"true\" class=\"wp-block-spacer\"><\/div>\n\n\n\n<p><strong>REFERENCIAS:<\/strong><\/p>\n\n\n\n<p class=\"has-text-align-justify has-small-font-size\"><em>Hormiga Granera (Messor barbarus)<\/em>. (n.d.). Natusfera. Retrieved February 21, 2025, from <a href=\"https:\/\/spain.inaturalist.org\/taxa\/118487-Messor-barbarus\">https:\/\/spain.inaturalist.org\/taxa\/118487-Messor-barbarus<\/a><\/p>\n\n\n\n<p class=\"has-text-align-justify has-small-font-size\">Krompholtz, B. (2024, September 27). \u00bfConoce las prodigiosas hormigas cosechadoras Messor barbarus? ANTCUBO.&nbsp;<em>ANTCUBE-Mantenimiento profesional de hormigas<\/em>. <a href=\"https:\/\/antcube.shop\/es\/2024\/09\/27\/conoce-las-prodigiosas-hormigas-cosechadoras-messor-barbarus\/?srsltid=AfmBOorXNoOhblXenMezBsBlF_xx-erIRfdyMEDCfpbdEU8QLc5ke_sd\">https:\/\/antcube.shop\/es\/2024\/09\/27\/conoce-las-prodigiosas-hormigas-cosechadoras-messor-barbarus\/?srsltid=AfmBOorXNoOhblXenMezBsBlF_xx-erIRfdyMEDCfpbdEU8QLc5ke_sd<\/a><\/p>\n\n\n\n<p class=\"has-text-align-justify has-small-font-size\"><em>MESSOR BARBARUS<\/em>. (2020, January 1). ANTDERGROUND; antadmin.&nbsp;&nbsp;&nbsp;&nbsp;&nbsp;&nbsp; <a href=\"https:\/\/www.antderground.com\/messor-barbarus\/\">https:\/\/www.antderground.com\/messor-barbarus\/<\/a><\/p>\n\n\n\n<p><\/p>\n","protected":false},"excerpt":{"rendered":"<p>Messor barbarus. Imagen con copyright CC BY 2.0, creada por gailhampshire y obtenida de Wikimedia commons en: https:\/\/commons.wikimedia.org\/wiki\/File:Messor_barbarus_probably_(39839064352).jpg Reino Animalia Filo Arthropoda Subfilo Hexapoda Clase Insecta Subclase Pterygota Orden Hymenoptera Suborden Apocrita Infraorden Aculeata Superfamilia Formicoidea Familia Formicidae Subfamilia Myrmicinae Tribu Stenammini G\u00e9nero Messor Especie M. barbarus DESCRIPCI\u00d3N: La hormiga recolectora es un himen\u00f3ptero bastante [&hellip;]<\/p>\n","protected":false},"author":2556,"featured_media":0,"parent":0,"menu_order":0,"comment_status":"closed","ping_status":"closed","template":"","meta":{"footnotes":""},"class_list":["post-1330","page","type-page","status-publish","hentry"],"_links":{"self":[{"href":"https:\/\/webs.uab.cat\/bees\/wp-json\/wp\/v2\/pages\/1330","targetHints":{"allow":["GET"]}}],"collection":[{"href":"https:\/\/webs.uab.cat\/bees\/wp-json\/wp\/v2\/pages"}],"about":[{"href":"https:\/\/webs.uab.cat\/bees\/wp-json\/wp\/v2\/types\/page"}],"author":[{"embeddable":true,"href":"https:\/\/webs.uab.cat\/bees\/wp-json\/wp\/v2\/users\/2556"}],"replies":[{"embeddable":true,"href":"https:\/\/webs.uab.cat\/bees\/wp-json\/wp\/v2\/comments?post=1330"}],"version-history":[{"count":1,"href":"https:\/\/webs.uab.cat\/bees\/wp-json\/wp\/v2\/pages\/1330\/revisions"}],"predecessor-version":[{"id":4210,"href":"https:\/\/webs.uab.cat\/bees\/wp-json\/wp\/v2\/pages\/1330\/revisions\/4210"}],"wp:attachment":[{"href":"https:\/\/webs.uab.cat\/bees\/wp-json\/wp\/v2\/media?parent=1330"}],"curies":[{"name":"wp","href":"https:\/\/api.w.org\/{rel}","templated":true}]}}