{"id":1350,"date":"2025-05-14T11:46:46","date_gmt":"2025-05-14T09:46:46","guid":{"rendered":"https:\/\/biocampus25.wordpress.com\/?page_id=1350"},"modified":"2025-05-19T13:46:48","modified_gmt":"2025-05-19T11:46:48","slug":"vespidae","status":"publish","type":"page","link":"https:\/\/webs.uab.cat\/bees\/vespidae\/","title":{"rendered":"Vespidae"},"content":{"rendered":"\n<div class=\"wp-block-group is-vertical is-layout-flex wp-container-core-group-is-layout-3e0ae1ae wp-block-group-is-layout-flex\">\n<p><strong>Descripci\u00f3n:<\/strong><\/p>\n\n\n\n<p class=\"has-text-align-justify has-alegreya-font-family has-small-font-size\">En esta familia, con m\u00e1s de 5.000 especies, podemos encontrar a las tan conocidas y temidas avispas. Esta percepci\u00f3n de las avispas proviene de la presencia del gran aguij\u00f3n que tienen las hembras, el cual utilizan para proteger la colonia, inyectando veneno al atacante. Esto se usa muchas veces para paralizar insectos y llevarlos troceados para que se los coman las larvas.<\/p>\n\n\n\n<p class=\"has-text-align-justify has-alegreya-font-family has-small-font-size\">Su estructura social es muy similar a la de las hormigas; es decir, son animales eusociales que cuentan con una reina f\u00e9rtil y adultos que se encargan de las tareas m\u00e1s manuales. Las reinas son capaces de sobrevivir durante m\u00e1s de un a\u00f1o, mientras que el resto de los individuos mueren en oto\u00f1o cuando llega el fr\u00edo.<\/p>\n\n\n\n<p class=\"has-text-align-justify has-alegreya-font-family has-small-font-size\">Cabe destacar que, para que un huevo d\u00e9 lugar a un macho, no debe ser fecundado, lo que significa que son organismos haploides (con una sola copia del ADN). En cambio, las hembras s\u00ed provienen de huevos fecundados.<\/p>\n\n\n\n<p class=\"has-text-align-justify has-alegreya-font-family has-small-font-size\">Aunque las especies m\u00e1s conocidas son sociales, tambi\u00e9n hay especies solitarias. Una de las principales diferencias entre ambos grupos es c\u00f3mo construyen los nidos. Las especies eusociales los construyen a partir de restos vegetales, mientras que las solitarias los hacen con barro.<\/p>\n\n\n\n<p class=\"has-text-align-justify has-alegreya-font-family has-small-font-size\">El vespidae m\u00e1s com\u00fan en la zona de estudio es &#8220;<em><a href=\"https:\/\/webs.uab.cat\/bees\/avispa-asiatica\/\" data-type=\"page\" data-id=\"1362\">Vespa velutina<\/a><\/em>&#8220;, nuestra representante del grupo.<\/p>\n<\/div>\n\n\n\n<div style=\"height:30px\" aria-hidden=\"true\" class=\"wp-block-spacer\"><\/div>\n\n\n\n<p><strong>Bibliografia:<\/strong><\/p>\n\n\n\n<p class=\"has-text-align-justify has-small-font-size\">Rodr\u00edguez, A. B. (n.d.).&nbsp;<em>FAUNA AUXILIAR<\/em>. Blogspot.com. Retrieved January 11, 2025, from <a href=\"https:\/\/faunaauxiliar.blogspot.com\/2014\/10\/familia-vespidae.html\">https:\/\/faunaauxiliar.blogspot.com\/2014\/10\/familia-vespidae.html<\/a><\/p>\n\n\n\n<p class=\"has-text-align-justify has-small-font-size\">Wikipedia contributors. (n.d.-r).&nbsp;<em>Vespidae<\/em>. Wikipedia, The Free Encyclopedia. <a href=\"https:\/\/es.wikipedia.org\/w\/index.php?title=Vespidae&amp;oldid=166906984\">https:\/\/es.wikipedia.org\/w\/index.php?title=Vespidae&amp;oldid=166906984<\/a><\/p>\n","protected":false},"excerpt":{"rendered":"<p>Descripci\u00f3n: En esta familia, con m\u00e1s de 5.000 especies, podemos encontrar a las tan conocidas y temidas avispas. Esta percepci\u00f3n de las avispas proviene de la presencia del gran aguij\u00f3n que tienen las hembras, el cual utilizan para proteger la colonia, inyectando veneno al atacante. Esto se usa muchas veces para paralizar insectos y llevarlos [&hellip;]<\/p>\n","protected":false},"author":2556,"featured_media":0,"parent":0,"menu_order":0,"comment_status":"closed","ping_status":"closed","template":"","meta":{"footnotes":""},"class_list":["post-1350","page","type-page","status-publish","hentry"],"_links":{"self":[{"href":"https:\/\/webs.uab.cat\/bees\/wp-json\/wp\/v2\/pages\/1350","targetHints":{"allow":["GET"]}}],"collection":[{"href":"https:\/\/webs.uab.cat\/bees\/wp-json\/wp\/v2\/pages"}],"about":[{"href":"https:\/\/webs.uab.cat\/bees\/wp-json\/wp\/v2\/types\/page"}],"author":[{"embeddable":true,"href":"https:\/\/webs.uab.cat\/bees\/wp-json\/wp\/v2\/users\/2556"}],"replies":[{"embeddable":true,"href":"https:\/\/webs.uab.cat\/bees\/wp-json\/wp\/v2\/comments?post=1350"}],"version-history":[{"count":1,"href":"https:\/\/webs.uab.cat\/bees\/wp-json\/wp\/v2\/pages\/1350\/revisions"}],"predecessor-version":[{"id":4300,"href":"https:\/\/webs.uab.cat\/bees\/wp-json\/wp\/v2\/pages\/1350\/revisions\/4300"}],"wp:attachment":[{"href":"https:\/\/webs.uab.cat\/bees\/wp-json\/wp\/v2\/media?parent=1350"}],"curies":[{"name":"wp","href":"https:\/\/api.w.org\/{rel}","templated":true}]}}