{"id":1357,"date":"2025-05-14T11:42:01","date_gmt":"2025-05-14T09:42:01","guid":{"rendered":"https:\/\/biocampus25.wordpress.com\/?page_id=1357"},"modified":"2025-05-19T12:50:34","modified_gmt":"2025-05-19T10:50:34","slug":"megachilidae","status":"publish","type":"page","link":"https:\/\/webs.uab.cat\/bees\/megachilidae\/","title":{"rendered":"Megachilidae"},"content":{"rendered":"\n<div class=\"wp-block-group is-vertical is-layout-flex wp-container-core-group-is-layout-3e0ae1ae wp-block-group-is-layout-flex\">\n<p><strong>Descripci\u00f3n:<\/strong><\/p>\n\n\n\n<p class=\"has-text-align-justify has-alegreya-font-family has-small-font-size\">En esta familia de abejas podemos encontrar generalmente especies solitarias, que utilizan unas estructuras peludas del abdomen (escopas) para captar el polen. A diferencia de especies m\u00e1s evolucionadas que tienen otras estructuras en las patas, esta familia es muy poco eficiente en la recolecci\u00f3n de polen.<\/p>\n\n\n\n<p class=\"has-text-align-justify has-alegreya-font-family has-small-font-size\">Esta caracter\u00edstica es muy importante, ya que provoca que los megach\u00edlidos tengan que visitar varias veces las flores para polinizarlas. Hay incluso algunas especies que no tienen escopa y se han convertido en par\u00e1sitas. Estos organismos par\u00e1sitos depositan los huevos en los nidos de otras especies de abejas, y la larva se alimenta de las larvas del hospedador.<\/p>\n\n\n\n<p class=\"has-text-align-justify has-alegreya-font-family has-small-font-size\">Pueden construir su nido a partir de muchos elementos diferentes, como piezas redondas de hojas o conchas de caracoles. Adem\u00e1s, suelen construir nidos con un doble fondo para evitar que depreden a las larvas.<\/p>\n\n\n\n<p class=\"has-text-align-justify has-alegreya-font-family has-small-font-size\">La \u00fanica especie encontrada en la zona de muestreo es &#8220;<em><a href=\"https:\/\/webs.uab.cat\/bees\/abeja-europea-de-huerto\/\" data-type=\"page\" data-id=\"1380\">Osmia cornuta<\/a><\/em>&#8220;, que nos sirve como peque\u00f1a representaci\u00f3n del grupo.<\/p>\n<\/div>\n\n\n\n<div style=\"height:30px\" aria-hidden=\"true\" class=\"wp-block-spacer\"><\/div>\n\n\n\n<p><strong>Bibliografia:<\/strong><\/p>\n\n\n\n<p class=\"has-text-align-justify has-small-font-size\">Rodr\u00edguez, A. B. (n.d.).&nbsp;<em>FAUNA AUXILIAR<\/em>. Blogspot.com. Retrieved January 11, 2025, from <a href=\"https:\/\/faunaauxiliar.blogspot.com\/2015\/09\/familia-megachilidae.html\">https:\/\/faunaauxiliar.blogspot.com\/2015\/09\/familia-megachilidae.html<\/a><\/p>\n\n\n\n<p class=\"has-text-align-justify has-small-font-size\">Wikipedia contributors. (n.d.-j).&nbsp;<em>Megachilidae<\/em>. Wikipedia, The Free Encyclopedia. <a href=\"https:\/\/es.wikipedia.org\/w\/index.php?title=Megachilidae&amp;oldid=159098789\">https:\/\/es.wikipedia.org\/w\/index.php?title=Megachilidae&amp;oldid=159098789<\/a><\/p>\n","protected":false},"excerpt":{"rendered":"<p>Descripci\u00f3n: En esta familia de abejas podemos encontrar generalmente especies solitarias, que utilizan unas estructuras peludas del abdomen (escopas) para captar el polen. A diferencia de especies m\u00e1s evolucionadas que tienen otras estructuras en las patas, esta familia es muy poco eficiente en la recolecci\u00f3n de polen. Esta caracter\u00edstica es muy importante, ya que provoca [&hellip;]<\/p>\n","protected":false},"author":2556,"featured_media":0,"parent":0,"menu_order":0,"comment_status":"closed","ping_status":"closed","template":"","meta":{"footnotes":""},"class_list":["post-1357","page","type-page","status-publish","hentry"],"_links":{"self":[{"href":"https:\/\/webs.uab.cat\/bees\/wp-json\/wp\/v2\/pages\/1357","targetHints":{"allow":["GET"]}}],"collection":[{"href":"https:\/\/webs.uab.cat\/bees\/wp-json\/wp\/v2\/pages"}],"about":[{"href":"https:\/\/webs.uab.cat\/bees\/wp-json\/wp\/v2\/types\/page"}],"author":[{"embeddable":true,"href":"https:\/\/webs.uab.cat\/bees\/wp-json\/wp\/v2\/users\/2556"}],"replies":[{"embeddable":true,"href":"https:\/\/webs.uab.cat\/bees\/wp-json\/wp\/v2\/comments?post=1357"}],"version-history":[{"count":1,"href":"https:\/\/webs.uab.cat\/bees\/wp-json\/wp\/v2\/pages\/1357\/revisions"}],"predecessor-version":[{"id":4247,"href":"https:\/\/webs.uab.cat\/bees\/wp-json\/wp\/v2\/pages\/1357\/revisions\/4247"}],"wp:attachment":[{"href":"https:\/\/webs.uab.cat\/bees\/wp-json\/wp\/v2\/media?parent=1357"}],"curies":[{"name":"wp","href":"https:\/\/api.w.org\/{rel}","templated":true}]}}