{"id":1362,"date":"2025-05-14T11:38:44","date_gmt":"2025-05-14T09:38:44","guid":{"rendered":"https:\/\/biocampus25.wordpress.com\/?page_id=1362"},"modified":"2025-05-19T10:33:16","modified_gmt":"2025-05-19T08:33:16","slug":"avispa-asiatica","status":"publish","type":"page","link":"https:\/\/webs.uab.cat\/bees\/avispa-asiatica\/","title":{"rendered":"AVISPA ASI\u00c1TICA"},"content":{"rendered":"<div class=\"wp-block-image\">\n<figure class=\"aligncenter size-large\"><img loading=\"lazy\" decoding=\"async\" width=\"640\" height=\"360\" src=\"https:\/\/biocampus25.wordpress.com\/wp-content\/uploads\/2025\/04\/vespa_velutina_313374378-edited.jpg\" alt=\"\" class=\"wp-image-1364\" srcset=\"https:\/\/webs.uab.cat\/bees\/wp-content\/uploads\/sites\/329\/2025\/04\/vespa_velutina_313374378-edited.jpg 640w, https:\/\/webs.uab.cat\/bees\/wp-content\/uploads\/sites\/329\/2025\/04\/vespa_velutina_313374378-edited-300x169.jpg 300w\" sizes=\"auto, (max-width: 640px) 100vw, 640px\" \/><\/figure>\n<\/div>\n\n\n<div style=\"height:10px\" aria-hidden=\"true\" class=\"wp-block-spacer\"><\/div>\n\n\n\n<div class=\"wp-block-columns is-layout-flex wp-container-core-columns-is-layout-9d6595d7 wp-block-columns-is-layout-flex\">\n<div class=\"wp-block-column is-layout-flow wp-block-column-is-layout-flow\">\n<figure class=\"wp-block-table has-alegreya-font-family has-small-font-size\"><table><tbody><tr><td class=\"has-text-align-center\" data-align=\"center\"><strong>Reino<\/strong><\/td><td class=\"has-text-align-center\" data-align=\"center\">Animalia<\/td><\/tr><tr><td class=\"has-text-align-center\" data-align=\"center\"><strong>Filo<\/strong><\/td><td class=\"has-text-align-center\" data-align=\"center\">Arthropoda<\/td><\/tr><tr><td class=\"has-text-align-center\" data-align=\"center\"><strong>Subfilo<\/strong><\/td><td class=\"has-text-align-center\" data-align=\"center\"><a href=\"https:\/\/webs.uab.cat\/bees\/hexapoda\/\" data-type=\"page\" data-id=\"4095\">Hexapoda<\/a><\/td><\/tr><tr><td class=\"has-text-align-center\" data-align=\"center\"><strong>Clase<\/strong><\/td><td class=\"has-text-align-center\" data-align=\"center\">Insecta<\/td><\/tr><tr><td class=\"has-text-align-center\" data-align=\"center\"><strong>Subclase<\/strong><\/td><td class=\"has-text-align-center\" data-align=\"center\">Pterygota<\/td><\/tr><tr><td class=\"has-text-align-center\" data-align=\"center\"><strong>Orden<\/strong><\/td><td class=\"has-text-align-center\" data-align=\"center\"><a href=\"https:\/\/webs.uab.cat\/bees\/hymenoptera\/\" data-type=\"page\" data-id=\"1269\">Hymenoptera<\/a><\/td><\/tr><tr><td class=\"has-text-align-center\" data-align=\"center\"><strong>Suborden<\/strong><\/td><td class=\"has-text-align-center\" data-align=\"center\">Apocrita<\/td><\/tr><tr><td class=\"has-text-align-center\" data-align=\"center\"><strong>Infraorden<\/strong><\/td><td class=\"has-text-align-center\" data-align=\"center\">Aculeata<\/td><\/tr><tr><td class=\"has-text-align-center\" data-align=\"center\"><strong>Superfamilia<\/strong><\/td><td class=\"has-text-align-center\" data-align=\"center\">Vespoidea<\/td><\/tr><tr><td class=\"has-text-align-center\" data-align=\"center\"><strong>Familia<\/strong><\/td><td class=\"has-text-align-center\" data-align=\"center\"><a href=\"https:\/\/webs.uab.cat\/bees\/vespidae\/\" data-type=\"page\" data-id=\"1350\">Vespidae<\/a><\/td><\/tr><tr><td class=\"has-text-align-center\" data-align=\"center\"><strong>Subfamilia<\/strong><\/td><td class=\"has-text-align-center\" data-align=\"center\">Vespinae<\/td><\/tr><tr><td class=\"has-text-align-center\" data-align=\"center\"><strong>G\u00e9nero<\/strong><\/td><td class=\"has-text-align-center\" data-align=\"center\">Vespa<\/td><\/tr><tr><td class=\"has-text-align-center\" data-align=\"center\"><strong>Especie<\/strong><\/td><td class=\"has-text-align-center\" data-align=\"center\">V. velutina<\/td><\/tr><\/tbody><\/table><\/figure>\n<\/div>\n\n\n\n<div class=\"wp-block-column is-layout-flow wp-block-column-is-layout-flow\">\n<p><strong>DESCRIPCI\u00d3N:<\/strong><\/p>\n\n\n\n<p class=\"has-text-align-justify has-alegreya-font-family has-small-font-size\">La avispa asi\u00e1tica es un himen\u00f3ptero de tama\u00f1o mediano, que suelen medir unos 1,7-3cm y cuentan con una reina de 3,2cm. Su coloraci\u00f3n t\u00edpica es negra, con diversas regiones m\u00e1s amarillentas (sobre todo el cuarto segmento abdominal y la zona mandibular).<\/p>\n\n\n\n<p class=\"has-text-align-justify has-alegreya-font-family has-small-font-size\">En su cabeza cuentan con un par de ojos compuestos grandes y de color marr\u00f3n, una mand\u00edbula prominente con la que capturan a sus presas y un par de antenas cortas y gruesas.<\/p>\n\n\n\n<p class=\"has-text-align-justify has-alegreya-font-family has-small-font-size\">Su t\u00f3rax es de tonos oscuros y cuentan con dos pares de alas de coloraci\u00f3n parda y tres pares de patas marrones. Su abdomen es grueso y en la zona terminal tienen un aguij\u00f3n que utilizan para defenderse de sus presas.<\/p>\n<\/div>\n<\/div>\n\n\n\n<div style=\"height:10px\" aria-hidden=\"true\" class=\"wp-block-spacer\"><\/div>\n\n\n\n<div class=\"wp-block-group is-vertical is-layout-flex wp-container-core-group-is-layout-769d0143 wp-block-group-is-layout-flex\">\n<p><strong>DIETA:<\/strong><\/p>\n\n\n\n<p class=\"has-text-align-justify has-alegreya-font-family has-small-font-size\">Su dieta suele estar basada en la caza de diversos insectos, aunque tambi\u00e9n pueden ingerir frutas maduras y el n\u00e9ctar de las flores.<\/p>\n<\/div>\n\n\n\n<div style=\"height:10px\" aria-hidden=\"true\" class=\"wp-block-spacer\"><\/div>\n\n\n\n<div class=\"wp-block-group is-vertical is-layout-flex wp-container-core-group-is-layout-769d0143 wp-block-group-is-layout-flex\">\n<p><strong>ESTRUCTURA SOCIAL Y COMPORTAMIENTO:<\/strong><\/p>\n\n\n\n<p class=\"has-text-align-justify has-alegreya-font-family has-small-font-size\">Como muchas otras avispas, tiene una estructura social bien marcada. Es por ello por lo que construyen nidos en los que conviven los distintos tipos de avispa. En estos nidos podemos encontrar a una reina (con funciones reproductoras), las obreras (encargadas de la recolecci\u00f3n de recursos y la defensa) y los machos (con funci\u00f3n de procrear).<\/p>\n\n\n\n<p class=\"has-text-align-justify has-alegreya-font-family has-small-font-size\">El ciclo se inicia con la salida de la reina en la primavera, que hab\u00eda sido embarazada en oto\u00f1o y hab\u00eda invernado en la \u00e9poca fr\u00eda. Una vez surge ir\u00e1 a construir el nuevo nido, el cual comienza con unas 3-4 celdillas en las que deposita sus huevos. Es en este momento en el que el nido es m\u00e1s d\u00e9bil, ja que no se cuenta con obreras defensoras y se deber\u00e1n ir a\u00f1adiendo nuevas capas de protecci\u00f3n.<\/p>\n\n\n\n<p class=\"has-text-align-justify has-alegreya-font-family has-small-font-size\">Pasados unos pocos d\u00edas, los huevos se abren y surgen unas larvas que son alimentadas por la reina. Estas tardaran unos 30 d\u00edas a llegar a ser obreras (abril-inicios de mayo), pero esta primera generaci\u00f3n tiende a ser de menor tama\u00f1o debido al poco alimento que recibieron durante el desarrollo.<\/p>\n\n\n\n<p class=\"has-text-align-justify has-alegreya-font-family has-small-font-size\">Con el paso de las semanas la poblaci\u00f3n y el nido ir\u00e1n creciendo en gran medida y hacia el mes de septiembre aparecer\u00e1n los machos. Estos tendr\u00e1n la \u00fanica funci\u00f3n de realizar el vuelo nupcial y dejar embarazada a la reina, posteriormente mueren y se reinicia el ciclo.<\/p>\n<\/div>\n\n\n<div class=\"wp-block-image\">\n<figure class=\"aligncenter size-large\"><img loading=\"lazy\" decoding=\"async\" width=\"783\" height=\"71\" src=\"https:\/\/biocampus25.wordpress.com\/wp-content\/uploads\/2025\/04\/captura-de-pantalla-2025-04-18-224344.png?w=783\" alt=\"\" class=\"wp-image-1371\" srcset=\"https:\/\/webs.uab.cat\/bees\/wp-content\/uploads\/sites\/329\/2025\/04\/captura-de-pantalla-2025-04-18-224344.png 783w, https:\/\/webs.uab.cat\/bees\/wp-content\/uploads\/sites\/329\/2025\/04\/captura-de-pantalla-2025-04-18-224344-300x27.png 300w, https:\/\/webs.uab.cat\/bees\/wp-content\/uploads\/sites\/329\/2025\/04\/captura-de-pantalla-2025-04-18-224344-768x70.png 768w\" sizes=\"auto, (max-width: 783px) 100vw, 783px\" \/><\/figure>\n<\/div>\n\n\n<div style=\"height:10px\" aria-hidden=\"true\" class=\"wp-block-spacer\"><\/div>\n\n\n\n<div class=\"wp-block-group is-vertical is-layout-flex wp-container-core-group-is-layout-769d0143 wp-block-group-is-layout-flex\">\n<p><strong>HABITAT Y ZONA DE DISTRIBUCI\u00d3N:<\/strong><\/p>\n\n\n\n<p class=\"has-text-align-justify has-alegreya-font-family has-small-font-size\">Esta especie era originaria del sudeste asi\u00e1tico, pero ha llegado hasta la zona m\u00e1s occidental de Europa (Pen\u00ednsula Ib\u00e9rica, Francia, Reino Unido, Italia etc.).<\/p>\n\n\n\n<p class=\"has-text-align-justify has-alegreya-font-family has-small-font-size\">Su h\u00e1bitat t\u00edpico son los bosques con alta abundancia de plantas florales. Aun as\u00ed, es posible encontrarlos en zonas agrarias y en regiones urbanas o periurbanas.<\/p>\n<\/div>\n\n\n\n<div class=\"wp-block-group is-vertical is-layout-flex wp-container-core-group-is-layout-769d0143 wp-block-group-is-layout-flex\">\n<figure class=\"wp-block-image size-large\"><img loading=\"lazy\" decoding=\"async\" width=\"1059\" height=\"531\" src=\"https:\/\/biocampus25.wordpress.com\/wp-content\/uploads\/2025\/04\/captura-de-pantalla-2025-04-18-224614.png?w=1024\" alt=\"\" class=\"wp-image-1373\" srcset=\"https:\/\/webs.uab.cat\/bees\/wp-content\/uploads\/sites\/329\/2025\/04\/captura-de-pantalla-2025-04-18-224614.png 1059w, https:\/\/webs.uab.cat\/bees\/wp-content\/uploads\/sites\/329\/2025\/04\/captura-de-pantalla-2025-04-18-224614-300x150.png 300w, https:\/\/webs.uab.cat\/bees\/wp-content\/uploads\/sites\/329\/2025\/04\/captura-de-pantalla-2025-04-18-224614-1024x513.png 1024w, https:\/\/webs.uab.cat\/bees\/wp-content\/uploads\/sites\/329\/2025\/04\/captura-de-pantalla-2025-04-18-224614-768x385.png 768w\" sizes=\"auto, (max-width: 1059px) 100vw, 1059px\" \/><\/figure>\n\n\n\n<p class=\"has-text-align-justify has-small-font-size\">Mapa de distribuci\u00f3n de Vespa velutina. Imagen obtenida de Gbif en: <a href=\"https:\/\/www.gbif.org\/es\/species\/1311477\">https:\/\/www.gbif.org\/es\/species\/1311477<\/a><\/p>\n<\/div>\n\n\n\n<div style=\"height:10px\" aria-hidden=\"true\" class=\"wp-block-spacer\"><\/div>\n\n\n\n<div class=\"wp-block-group is-vertical is-layout-flex wp-container-core-group-is-layout-769d0143 wp-block-group-is-layout-flex\">\n<p><strong>ESTADO DE CONSERVACI\u00d3N:<\/strong><\/p>\n\n\n\n<p class=\"has-text-align-justify has-alegreya-font-family has-small-font-size\">No se considera que esta especie se encuentra en peligro de extinci\u00f3n debido a que se ha vuelto muy invasiva en el territorio europeo.<\/p>\n<\/div>\n\n\n<div class=\"wp-block-image\">\n<figure class=\"aligncenter size-large is-resized\"><img loading=\"lazy\" decoding=\"async\" width=\"582\" height=\"167\" src=\"https:\/\/biocampus25.wordpress.com\/wp-content\/uploads\/2025\/04\/captura_de_pantalla_2025-04-16_221652-removebg-preview-9.png?w=582\" alt=\"\" class=\"wp-image-1376\" style=\"width:620px;height:auto\" srcset=\"https:\/\/webs.uab.cat\/bees\/wp-content\/uploads\/sites\/329\/2025\/04\/captura_de_pantalla_2025-04-16_221652-removebg-preview-9.png 582w, https:\/\/webs.uab.cat\/bees\/wp-content\/uploads\/sites\/329\/2025\/04\/captura_de_pantalla_2025-04-16_221652-removebg-preview-9-300x86.png 300w\" sizes=\"auto, (max-width: 582px) 100vw, 582px\" \/><\/figure>\n<\/div>\n\n\n<div style=\"height:30px\" aria-hidden=\"true\" class=\"wp-block-spacer\"><\/div>\n\n\n\n<p><strong>REFERENCIAS:<\/strong><\/p>\n\n\n\n<p class=\"has-text-align-justify has-small-font-size\"><em>Avisp\u00f3n asi\u00e1tico (Vespa velutina)<\/em>. (n.d.). ArgentiNat. Retrieved February 21, 2025, from <a href=\"https:\/\/www.argentinat.org\/taxa\/119019-Vespa-velutina\">https:\/\/www.argentinat.org\/taxa\/119019-Vespa-velutina<\/a><\/p>\n\n\n\n<p class=\"has-text-align-justify has-small-font-size\"><em>la avispa asi\u00e1tica descripci\u00f3n, caracter\u00edsticas y m\u00e9todos de control<\/em>. (2018, January 19). Ambiente Cero-Control de Plagas Zaragoza. <a href=\"https:\/\/ambientecero.es\/avispa-asiatica\/\">https:\/\/ambientecero.es\/avispa-asiatica\/<\/a><\/p>\n","protected":false},"excerpt":{"rendered":"<p>Reino Animalia Filo Arthropoda Subfilo Hexapoda Clase Insecta Subclase Pterygota Orden Hymenoptera Suborden Apocrita Infraorden Aculeata Superfamilia Vespoidea Familia Vespidae Subfamilia Vespinae G\u00e9nero Vespa Especie V. velutina DESCRIPCI\u00d3N: La avispa asi\u00e1tica es un himen\u00f3ptero de tama\u00f1o mediano, que suelen medir unos 1,7-3cm y cuentan con una reina de 3,2cm. Su coloraci\u00f3n t\u00edpica es negra, con [&hellip;]<\/p>\n","protected":false},"author":2556,"featured_media":0,"parent":0,"menu_order":0,"comment_status":"closed","ping_status":"closed","template":"","meta":{"footnotes":""},"class_list":["post-1362","page","type-page","status-publish","hentry"],"_links":{"self":[{"href":"https:\/\/webs.uab.cat\/bees\/wp-json\/wp\/v2\/pages\/1362","targetHints":{"allow":["GET"]}}],"collection":[{"href":"https:\/\/webs.uab.cat\/bees\/wp-json\/wp\/v2\/pages"}],"about":[{"href":"https:\/\/webs.uab.cat\/bees\/wp-json\/wp\/v2\/types\/page"}],"author":[{"embeddable":true,"href":"https:\/\/webs.uab.cat\/bees\/wp-json\/wp\/v2\/users\/2556"}],"replies":[{"embeddable":true,"href":"https:\/\/webs.uab.cat\/bees\/wp-json\/wp\/v2\/comments?post=1362"}],"version-history":[{"count":1,"href":"https:\/\/webs.uab.cat\/bees\/wp-json\/wp\/v2\/pages\/1362\/revisions"}],"predecessor-version":[{"id":4140,"href":"https:\/\/webs.uab.cat\/bees\/wp-json\/wp\/v2\/pages\/1362\/revisions\/4140"}],"wp:attachment":[{"href":"https:\/\/webs.uab.cat\/bees\/wp-json\/wp\/v2\/media?parent=1362"}],"curies":[{"name":"wp","href":"https:\/\/api.w.org\/{rel}","templated":true}]}}