{"id":1404,"date":"2025-05-14T11:38:38","date_gmt":"2025-05-14T09:38:38","guid":{"rendered":"https:\/\/biocampus25.wordpress.com\/?page_id=1404"},"modified":"2025-05-19T10:13:57","modified_gmt":"2025-05-19T08:13:57","slug":"abeja-europea","status":"publish","type":"page","link":"https:\/\/webs.uab.cat\/bees\/abeja-europea\/","title":{"rendered":"ABEJA EUROPEA"},"content":{"rendered":"<div class=\"wp-block-image\">\n<figure class=\"aligncenter size-large\"><img loading=\"lazy\" decoding=\"async\" width=\"640\" height=\"427\" src=\"https:\/\/biocampus25.wordpress.com\/wp-content\/uploads\/2025\/04\/apis_mellifera_f_53389589270.jpg?w=640\" alt=\"\" class=\"wp-image-1405\" srcset=\"https:\/\/webs.uab.cat\/bees\/wp-content\/uploads\/sites\/329\/2025\/04\/apis_mellifera_f_53389589270.jpg 640w, https:\/\/webs.uab.cat\/bees\/wp-content\/uploads\/sites\/329\/2025\/04\/apis_mellifera_f_53389589270-300x200.jpg 300w\" sizes=\"auto, (max-width: 640px) 100vw, 640px\" \/><\/figure>\n<\/div>\n\n\n<div style=\"height:10px\" aria-hidden=\"true\" class=\"wp-block-spacer\"><\/div>\n\n\n\n<div class=\"wp-block-columns is-layout-flex wp-container-core-columns-is-layout-9d6595d7 wp-block-columns-is-layout-flex\">\n<div class=\"wp-block-column is-layout-flow wp-block-column-is-layout-flow\">\n<figure class=\"wp-block-table has-alegreya-font-family has-small-font-size\"><table><tbody><tr><td class=\"has-text-align-center\" data-align=\"center\"><strong>Reino<\/strong><\/td><td class=\"has-text-align-center\" data-align=\"center\">Animalia<\/td><\/tr><tr><td class=\"has-text-align-center\" data-align=\"center\"><strong>Filo<\/strong><\/td><td class=\"has-text-align-center\" data-align=\"center\">Arthropoda<\/td><\/tr><tr><td class=\"has-text-align-center\" data-align=\"center\"><strong>Subfilo<\/strong><\/td><td class=\"has-text-align-center\" data-align=\"center\"><a href=\"https:\/\/webs.uab.cat\/bees\/hexapoda\/\" data-type=\"page\" data-id=\"4095\">Hexapoda<\/a><\/td><\/tr><tr><td class=\"has-text-align-center\" data-align=\"center\"><strong>Clase<\/strong><\/td><td class=\"has-text-align-center\" data-align=\"center\">Insecta<\/td><\/tr><tr><td class=\"has-text-align-center\" data-align=\"center\"><strong>Subclase<\/strong><\/td><td class=\"has-text-align-center\" data-align=\"center\">Pterygota<\/td><\/tr><tr><td class=\"has-text-align-center\" data-align=\"center\"><strong>Orden<\/strong><\/td><td class=\"has-text-align-center\" data-align=\"center\"><a href=\"https:\/\/webs.uab.cat\/bees\/hymenoptera\/\" data-type=\"page\" data-id=\"1269\">Hymenoptera<\/a><\/td><\/tr><tr><td class=\"has-text-align-center\" data-align=\"center\"><strong>Suborden<\/strong><\/td><td class=\"has-text-align-center\" data-align=\"center\">Apocrita<\/td><\/tr><tr><td class=\"has-text-align-center\" data-align=\"center\"><strong>Infraorden<\/strong><\/td><td class=\"has-text-align-center\" data-align=\"center\">Aculeata<\/td><\/tr><tr><td class=\"has-text-align-center\" data-align=\"center\"><strong>Superfamilia<\/strong><\/td><td class=\"has-text-align-center\" data-align=\"center\">Apoidea<\/td><\/tr><tr><td class=\"has-text-align-center\" data-align=\"center\"><strong>Epifamilia<\/strong><\/td><td class=\"has-text-align-center\" data-align=\"center\">Anthophila<\/td><\/tr><tr><td class=\"has-text-align-center\" data-align=\"center\"><strong>Familia<\/strong><\/td><td class=\"has-text-align-center\" data-align=\"center\"><a href=\"https:\/\/webs.uab.cat\/bees\/apidae\/\" data-type=\"page\" data-id=\"1398\">Apidae<\/a><\/td><\/tr><tr><td class=\"has-text-align-center\" data-align=\"center\"><strong>Subfamilia<\/strong><\/td><td class=\"has-text-align-center\" data-align=\"center\">Apinae<\/td><\/tr><tr><td class=\"has-text-align-center\" data-align=\"center\"><strong>Tribu<\/strong><\/td><td class=\"has-text-align-center\" data-align=\"center\">Apini<\/td><\/tr><tr><td class=\"has-text-align-center\" data-align=\"center\"><strong>G\u00e9nero<\/strong><\/td><td class=\"has-text-align-center\" data-align=\"center\">Apis<\/td><\/tr><tr><td class=\"has-text-align-center\" data-align=\"center\"><strong>Especie<\/strong><\/td><td class=\"has-text-align-center\" data-align=\"center\">A. mellifera<\/td><\/tr><\/tbody><\/table><\/figure>\n<\/div>\n\n\n\n<div class=\"wp-block-column is-layout-flow wp-block-column-is-layout-flow\">\n<div class=\"wp-block-group is-vertical is-layout-flex wp-container-core-group-is-layout-769d0143 wp-block-group-is-layout-flex\">\n<p><strong>DESCRIPCI\u00d3N:<\/strong><\/p>\n\n\n\n<p class=\"has-text-align-justify has-alegreya-font-family has-small-font-size\">La abeja europea es un himen\u00f3ptero de tama\u00f1o reducido, que suele medir unos 10-15mm (en el caso de las obreras. Su cuerpo se encuentra lleno de pelos amarillentos, que son los que les confiere su coloraci\u00f3n t\u00edpicamente amarillenta.<\/p>\n\n\n\n<p class=\"has-text-align-justify has-alegreya-font-family has-small-font-size\">En la cabeza presentan un par de ojos compuestos negros, que se caracterizan por poseer pelos. Tambi\u00e9n cuentan con un par de antenas delgadas y ligeramente reducidas. Adem\u00e1s, poseen un aparato bucal no tan grande como otras especies presentes en el campus, pero que le permiten tallar hojas.<\/p>\n\n\n\n<p class=\"has-text-align-justify has-alegreya-font-family has-small-font-size\">En la regi\u00f3n tor\u00e1cica destaca la presencia de dos pares de alas membranosas y tres pares de patas. En las patas posteriores presentan las corb\u00edculas, estructuras anchas, aplanadas y brillantes que le facilitan la captura del polen.<\/p>\n\n\n\n<p class=\"has-text-align-justify has-alegreya-font-family has-small-font-size\">Su abdomen es ancho y alargado. Posee una coloraci\u00f3n mayoritariamente negra, aunque presenta peque\u00f1as bandas blanquecinas al principio de cada segmento. En el caso del aguij\u00f3n, no se encuentra tan desarrollado como en otras especies y solo se utiliza en caso extremo de peligro.<\/p>\n<\/div>\n<\/div>\n<\/div>\n\n\n\n<div style=\"height:10px\" aria-hidden=\"true\" class=\"wp-block-spacer\"><\/div>\n\n\n\n<div class=\"wp-block-group is-vertical is-layout-flex wp-container-core-group-is-layout-769d0143 wp-block-group-is-layout-flex\">\n<p><strong>DIETA:<\/strong><\/p>\n\n\n\n<p class=\"has-text-align-justify has-alegreya-font-family has-small-font-size\">Su dieta suele estar basada en la ingesta del n\u00e9ctar de las flores. Es importante comentar que esta es una de las especies polinizadoras m\u00e1s importantes del mundo.<\/p>\n<\/div>\n\n\n\n<div style=\"height:10px\" aria-hidden=\"true\" class=\"wp-block-spacer\"><\/div>\n\n\n\n<div class=\"wp-block-group is-vertical is-layout-flex wp-container-core-group-is-layout-769d0143 wp-block-group-is-layout-flex\">\n<p><strong>ESTRUCTURA SOCIAL Y COMPORTAMIENTO:<\/strong><\/p>\n\n\n\n<p class=\"has-text-align-justify has-alegreya-font-family has-small-font-size\">Estos organismos suelen ser bastante sociales, por lo que han llegado a desarrollar un sistema de comunicaci\u00f3n muy efectivo. Este est\u00e1 basado en la ejecuci\u00f3n de movimientos con su abdomen, com\u00fanmente se le puede conocer como \u201cdanza de las abejas\u201d. Adem\u00e1s, viven en colonias estructuradas donde cada individuo tiene una misi\u00f3n espec\u00edfica.<\/p>\n\n\n\n<p class=\"has-text-align-justify has-alegreya-font-family has-small-font-size\">Su ciclo de vida comienza en primavera, entre marzo y mayo, momento en el que la reina alcanza su m\u00e1xima actividad reproductiva y realiza el vuelo nupcial, tras el cual pone huevos. Estos deber\u00e1n ser incubados durante d\u00edas antes de que puedan eclosionar.<\/p>\n\n\n\n<p class=\"has-text-align-justify has-alegreya-font-family has-small-font-size\">Tras la eclosi\u00f3n, emergen las larvas, las cuales son alimentadas por las obreras a partir de la jalea real. Esta dieta dura 3 d\u00edas, pero despu\u00e9s de esto pasan a ingerir miel y polen hasta completar su desarrollo larval, que dura unos seis d\u00edas.<\/p>\n\n\n\n<p class=\"has-text-align-justify has-alegreya-font-family has-small-font-size\">Una vez han alcanzado este punto, las celdillas se sellan y se inicia la fase pupal, que dura aproximadamente siete d\u00edas. Durante este proceso, las larvas realizan la metamorfosis, hasta que se vuelven adultos, posteriormente podr\u00e1n ser capaces de volar y de desempe\u00f1ar sus funciones dentro de la colmena.<\/p>\n\n\n\n<p class=\"has-text-align-justify has-alegreya-font-family has-small-font-size\">En los meses de invierno, las abejas no hibernan, pero pueden reducir su actividad. Para evitar la p\u00e9rdida de temperatura, suelen agruparse alrededor de la reina y la mantienen caliente a partir de la vibraci\u00f3n de sus m\u00fasculos tor\u00e1cicos. Con esto se aseguran de que la colonia sobreviva hasta la primavera.<\/p>\n<\/div>\n\n\n<div class=\"wp-block-image\">\n<figure class=\"aligncenter size-large\"><img loading=\"lazy\" decoding=\"async\" width=\"1002\" height=\"92\" src=\"https:\/\/biocampus25.wordpress.com\/wp-content\/uploads\/2025\/04\/captura-de-pantalla-2025-04-18-232945.png?w=1002\" alt=\"\" class=\"wp-image-1411\" srcset=\"https:\/\/webs.uab.cat\/bees\/wp-content\/uploads\/sites\/329\/2025\/04\/captura-de-pantalla-2025-04-18-232945.png 1002w, https:\/\/webs.uab.cat\/bees\/wp-content\/uploads\/sites\/329\/2025\/04\/captura-de-pantalla-2025-04-18-232945-300x28.png 300w, https:\/\/webs.uab.cat\/bees\/wp-content\/uploads\/sites\/329\/2025\/04\/captura-de-pantalla-2025-04-18-232945-768x71.png 768w\" sizes=\"auto, (max-width: 1002px) 100vw, 1002px\" \/><\/figure>\n<\/div>\n\n\n<div style=\"height:10px\" aria-hidden=\"true\" class=\"wp-block-spacer\"><\/div>\n\n\n\n<div class=\"wp-block-group is-vertical is-layout-flex wp-container-core-group-is-layout-769d0143 wp-block-group-is-layout-flex\">\n<p><strong>HABITAT Y ZONA DE DISTRIBUCI\u00d3N:<\/strong><\/p>\n\n\n\n<p class=\"has-text-align-justify has-alegreya-font-family has-small-font-size\">Aun con el nombre que tienen, podemos encontrarlos no solo en Europa, sino que es de distribuci\u00f3n cosmopolita (se encuentra por todo el mundo). Es por ello por lo que se encuentran En todo el continente americano (excepto la zona m\u00e1s hacia el norte), Europa, Asia, Ocean\u00eda y \u00c1frica (menos la zona de desierto).<\/p>\n\n\n\n<p class=\"has-text-align-justify has-alegreya-font-family has-small-font-size\">Su h\u00e1bitat t\u00edpico son los prados, bordes de caminos y los jardines. Pueden encontrarse en estos h\u00e1bitats siempre y cuando haya un buen n\u00famero de plantas florales.<\/p>\n<\/div>\n\n\n\n<div class=\"wp-block-group is-vertical is-layout-flex wp-container-core-group-is-layout-769d0143 wp-block-group-is-layout-flex\">\n<figure class=\"wp-block-image size-large\"><img loading=\"lazy\" decoding=\"async\" width=\"1068\" height=\"529\" src=\"https:\/\/biocampus25.wordpress.com\/wp-content\/uploads\/2025\/04\/captura-de-pantalla-2025-04-18-233142.png?w=1024\" alt=\"\" class=\"wp-image-1413\" srcset=\"https:\/\/webs.uab.cat\/bees\/wp-content\/uploads\/sites\/329\/2025\/04\/captura-de-pantalla-2025-04-18-233142.png 1068w, https:\/\/webs.uab.cat\/bees\/wp-content\/uploads\/sites\/329\/2025\/04\/captura-de-pantalla-2025-04-18-233142-300x149.png 300w, https:\/\/webs.uab.cat\/bees\/wp-content\/uploads\/sites\/329\/2025\/04\/captura-de-pantalla-2025-04-18-233142-1024x507.png 1024w, https:\/\/webs.uab.cat\/bees\/wp-content\/uploads\/sites\/329\/2025\/04\/captura-de-pantalla-2025-04-18-233142-768x380.png 768w\" sizes=\"auto, (max-width: 1068px) 100vw, 1068px\" \/><\/figure>\n\n\n\n<p class=\"has-text-align-justify has-small-font-size\">Mapa de distribuci\u00f3n de Apis mellifera. Imagen obtenida de Gbif en: <a href=\"https:\/\/www.gbif.org\/es\/species\/1341976\">https:\/\/www.gbif.org\/es\/species\/1341976<\/a><\/p>\n<\/div>\n\n\n\n<div style=\"height:10px\" aria-hidden=\"true\" class=\"wp-block-spacer\"><\/div>\n\n\n\n<div class=\"wp-block-group is-vertical is-layout-flex wp-container-core-group-is-layout-769d0143 wp-block-group-is-layout-flex\">\n<p><strong>ESTADO DE CONSERVACI\u00d3N:<\/strong><\/p>\n\n\n\n<p class=\"has-text-align-justify has-alegreya-font-family has-small-font-size\">Aunque los datos de la IUCN son limitados, la amplia distribuci\u00f3n de esta especie sugiere que no est\u00e1 en peligro. Sin embargo, la proliferaci\u00f3n de especies invasoras y el uso excesivo de pesticidas est\u00e1n provocando una disminuci\u00f3n poblacional en ciertas regiones<\/p>\n<\/div>\n\n\n<div class=\"wp-block-image\">\n<figure class=\"aligncenter size-large is-resized\"><img loading=\"lazy\" decoding=\"async\" width=\"582\" height=\"167\" src=\"https:\/\/biocampus25.wordpress.com\/wp-content\/uploads\/2025\/04\/captura_de_pantalla_2025-04-16_221652-removebg-preview-10.png?w=582\" alt=\"\" class=\"wp-image-1417\" style=\"width:620px;height:auto\" srcset=\"https:\/\/webs.uab.cat\/bees\/wp-content\/uploads\/sites\/329\/2025\/04\/captura_de_pantalla_2025-04-16_221652-removebg-preview-10.png 582w, https:\/\/webs.uab.cat\/bees\/wp-content\/uploads\/sites\/329\/2025\/04\/captura_de_pantalla_2025-04-16_221652-removebg-preview-10-300x86.png 300w\" sizes=\"auto, (max-width: 582px) 100vw, 582px\" \/><\/figure>\n<\/div>\n\n\n<div style=\"height:30px\" aria-hidden=\"true\" class=\"wp-block-spacer\"><\/div>\n\n\n\n<p><strong>REFERENCIAS:<\/strong><\/p>\n\n\n\n<p class=\"has-text-align-justify has-small-font-size\"><em>Abeja mel\u00edfera europea (Apis mellifera)<\/em>. (n.d.). iNaturalist Mexico. Retrieved February 23, 2025, from <a href=\"https:\/\/mexico.inaturalist.org\/taxa\/47219-Apis-mellifera\">https:\/\/mexico.inaturalist.org\/taxa\/47219-Apis-mellifera<\/a><\/p>\n\n\n\n<p class=\"has-text-align-justify has-small-font-size\"><em>Apis mellifera \u2013<\/em>. (n.d.). Polinizadores. Retrieved February 23, 2025, from <a href=\"https:\/\/polinizadoresdecanarias.org\/portfolio\/apis-mellifera\/\">https:\/\/polinizadoresdecanarias.org\/portfolio\/apis-mellifera\/<\/a><\/p>\n\n\n\n<p class=\"has-text-align-justify has-small-font-size\">El ciclo de vida de las abejas mel\u00edferas (February 22). Reina kilama. Retrieved February 23, 2025, from <a href=\"https:\/\/www.reinakilama.com\/el-ciclo-de-vida-de-las-abejas-meliferas\/?srsltid=AfmBOorwAketRbfXCnHbL1IhxHM9Fht3VVDUtjsazv5kHbsZ7t4E8Kot\">https:\/\/www.reinakilama.com\/el-ciclo-de-vida-de-las-abejas-meliferas\/?srsltid=AfmBOorwAketRbfXCnHbL1IhxHM9Fht3VVDUtjsazv5kHbsZ7t4E8Kot<\/a><\/p>\n","protected":false},"excerpt":{"rendered":"<p>Reino Animalia Filo Arthropoda Subfilo Hexapoda Clase Insecta Subclase Pterygota Orden Hymenoptera Suborden Apocrita Infraorden Aculeata Superfamilia Apoidea Epifamilia Anthophila Familia Apidae Subfamilia Apinae Tribu Apini G\u00e9nero Apis Especie A. mellifera DESCRIPCI\u00d3N: La abeja europea es un himen\u00f3ptero de tama\u00f1o reducido, que suele medir unos 10-15mm (en el caso de las obreras. Su cuerpo se [&hellip;]<\/p>\n","protected":false},"author":2556,"featured_media":0,"parent":0,"menu_order":0,"comment_status":"closed","ping_status":"closed","template":"","meta":{"footnotes":""},"class_list":["post-1404","page","type-page","status-publish","hentry"],"_links":{"self":[{"href":"https:\/\/webs.uab.cat\/bees\/wp-json\/wp\/v2\/pages\/1404","targetHints":{"allow":["GET"]}}],"collection":[{"href":"https:\/\/webs.uab.cat\/bees\/wp-json\/wp\/v2\/pages"}],"about":[{"href":"https:\/\/webs.uab.cat\/bees\/wp-json\/wp\/v2\/types\/page"}],"author":[{"embeddable":true,"href":"https:\/\/webs.uab.cat\/bees\/wp-json\/wp\/v2\/users\/2556"}],"replies":[{"embeddable":true,"href":"https:\/\/webs.uab.cat\/bees\/wp-json\/wp\/v2\/comments?post=1404"}],"version-history":[{"count":1,"href":"https:\/\/webs.uab.cat\/bees\/wp-json\/wp\/v2\/pages\/1404\/revisions"}],"predecessor-version":[{"id":4122,"href":"https:\/\/webs.uab.cat\/bees\/wp-json\/wp\/v2\/pages\/1404\/revisions\/4122"}],"wp:attachment":[{"href":"https:\/\/webs.uab.cat\/bees\/wp-json\/wp\/v2\/media?parent=1404"}],"curies":[{"name":"wp","href":"https:\/\/api.w.org\/{rel}","templated":true}]}}