{"id":141,"date":"2025-05-14T11:41:06","date_gmt":"2025-05-14T09:41:06","guid":{"rendered":"https:\/\/biocampus25.wordpress.com\/?page_id=141"},"modified":"2025-05-19T11:24:46","modified_gmt":"2025-05-19T09:24:46","slug":"genero-pipistrellus","status":"publish","type":"page","link":"https:\/\/webs.uab.cat\/bees\/genero-pipistrellus\/","title":{"rendered":"G\u00c9NERO PIPISTRELLUS"},"content":{"rendered":"<div class=\"wp-block-image\">\n<figure class=\"aligncenter size-large\"><img decoding=\"async\" src=\"https:\/\/biocampus25.wordpress.com\/wp-content\/uploads\/2025\/04\/640px-western_pipistrelle-edited.jpg\" alt=\"\" class=\"wp-image-143\" \/><\/figure>\n<\/div>\n\n\n<div style=\"height:10px\" aria-hidden=\"true\" class=\"wp-block-spacer\"><\/div>\n\n\n\n<div class=\"wp-block-columns is-layout-flex wp-container-core-columns-is-layout-9d6595d7 wp-block-columns-is-layout-flex\">\n<div class=\"wp-block-column is-layout-flow wp-block-column-is-layout-flow\">\n<figure class=\"wp-block-table has-alegreya-font-family has-small-font-size\"><table><tbody><tr><td class=\"has-text-align-center\" data-align=\"center\"><strong>Reino<\/strong><\/td><td class=\"has-text-align-center\" data-align=\"center\">Animalia<\/td><\/tr><tr><td class=\"has-text-align-center\" data-align=\"center\"><strong>Filo<\/strong><\/td><td class=\"has-text-align-center\" data-align=\"center\">Chordata<\/td><\/tr><tr><td class=\"has-text-align-center\" data-align=\"center\"><strong>Subfilo<\/strong><\/td><td class=\"has-text-align-center\" data-align=\"center\"><a href=\"https:\/\/webs.uab.cat\/bees\/vertebrados\/\" data-type=\"page\" data-id=\"43\">Vertebrata<\/a><\/td><\/tr><tr><td class=\"has-text-align-center\" data-align=\"center\"><strong>Clase<\/strong><\/td><td class=\"has-text-align-center\" data-align=\"center\"><a href=\"https:\/\/webs.uab.cat\/bees\/mamiferos\/\" data-type=\"page\" data-id=\"54\">Mammalia<\/a><\/td><\/tr><tr><td class=\"has-text-align-center\" data-align=\"center\"><strong>Subclase<\/strong><\/td><td class=\"has-text-align-center\" data-align=\"center\">Theria<\/td><\/tr><tr><td class=\"has-text-align-center\" data-align=\"center\"><strong>Infraclase<\/strong><\/td><td class=\"has-text-align-center\" data-align=\"center\">Placentalia<\/td><\/tr><tr><td class=\"has-text-align-center\" data-align=\"center\"><strong>Superorden<\/strong><\/td><td class=\"has-text-align-center\" data-align=\"center\">Laurasiatheria<\/td><\/tr><tr><td class=\"has-text-align-center\" data-align=\"center\"><strong>Orden<\/strong><\/td><td class=\"has-text-align-center\" data-align=\"center\"><a href=\"https:\/\/webs.uab.cat\/bees\/chiroptera\/\" data-type=\"page\" data-id=\"321\">Chiroptera<\/a><\/td><\/tr><tr><td class=\"has-text-align-center\" data-align=\"center\"><strong>Suborden<\/strong><\/td><td class=\"has-text-align-center\" data-align=\"center\">Yangochiroptera<\/td><\/tr><tr><td class=\"has-text-align-center\" data-align=\"center\"><strong>Superfamilia<\/strong><\/td><td class=\"has-text-align-center\" data-align=\"center\">Vespertilionoidea<\/td><\/tr><tr><td class=\"has-text-align-center\" data-align=\"center\"><strong>Familia<\/strong><\/td><td class=\"has-text-align-center\" data-align=\"center\">Vespertilionidae<\/td><\/tr><tr><td class=\"has-text-align-center\" data-align=\"center\"><strong>Subfamilia<\/strong><\/td><td class=\"has-text-align-center\" data-align=\"center\">Vespertilioninae<\/td><\/tr><tr><td class=\"has-text-align-center\" data-align=\"center\"><strong>Tribu<\/strong><\/td><td class=\"has-text-align-center\" data-align=\"center\">Pipistrellini<\/td><\/tr><tr><td class=\"has-text-align-center\" data-align=\"center\"><strong>G\u00e9nero<\/strong><\/td><td class=\"has-text-align-center\" data-align=\"center\">Pipistrellus<\/td><\/tr><\/tbody><\/table><\/figure>\n<\/div>\n\n\n\n<div class=\"wp-block-column is-layout-flow wp-block-column-is-layout-flow\">\n<div class=\"wp-block-group is-vertical is-layout-flex wp-container-core-group-is-layout-8cf370e7 wp-block-group-is-layout-flex\">\n<div class=\"wp-block-group is-vertical is-layout-flex wp-container-core-group-is-layout-769d0143 wp-block-group-is-layout-flex\">\n<div class=\"wp-block-group is-vertical is-layout-flex wp-container-core-group-is-layout-769d0143 wp-block-group-is-layout-flex\">\n<p style=\"margin-top:0;margin-right:0;margin-bottom:0;margin-left:0\"><strong>DESCRIPCI\u00d3N:<\/strong><\/p>\n\n\n\n<p class=\"has-text-align-justify has-alegreya-font-family has-small-font-size\" style=\"margin-top:0;margin-right:0;margin-bottom:0;margin-left:0\">En la zona de estudio podemos encontrar tres especies distintas que provienen de este g\u00e9nero: Pipistrellus pygmaeus, Pipistrellus pipistrellus y Pipistrellus kuhlii. Estas tres especies son muy parecidas entre s\u00ed, presentando m\u00ednimas diferencias en cuanto a tama\u00f1o y de f\u00e1cil distinci\u00f3n si se cuenta con el instrumental necesario para medir sus ultrasonidos (las frecuencias son diferentes).<\/p>\n<\/div>\n\n\n\n<div class=\"wp-block-group is-vertical is-layout-flex wp-container-core-group-is-layout-769d0143 wp-block-group-is-layout-flex\">\n<p class=\"has-text-align-justify has-alegreya-font-family has-small-font-size\">Todos ellos presentan una cabeza peque\u00f1a, con orejas cortas y triangulares que poseen la punta redondeada y con mayor anchura que longitud. Sus ojos tambi\u00e9n son de reducido tama\u00f1o y sus hocicos son cortos.<\/p>\n\n\n\n<p class=\"has-text-align-justify has-alegreya-font-family has-small-font-size\">El color del pelaje varia entre distintos tonos de marr\u00f3n y gris, mostrando una ligera diferencia en la zona ventral, que recibe tonos m\u00e1s claros.&nbsp; Las regiones con ausencia de pelaje (hocico, orejas y la membrana alar) son de color negro.<\/p>\n<\/div>\n\n\n\n<p class=\"has-text-align-justify has-alegreya-font-family has-small-font-size\">La membrana de sus alas se inserta en la base de las patas posteriores, lo que favorece la correcta extensi\u00f3n de estas para facilitar el vuelo. En la zona anterior de las alas podemos observar un espol\u00f3n, con lo que pueden agarrar-se al substrato.<\/p>\n<\/div>\n<\/div>\n<\/div>\n<\/div>\n\n\n\n<div style=\"height:10px\" aria-hidden=\"true\" class=\"wp-block-spacer\"><\/div>\n\n\n\n<div class=\"wp-block-group is-vertical is-layout-flex wp-container-core-group-is-layout-769d0143 wp-block-group-is-layout-flex\">\n<p><strong>DIETA:<\/strong><\/p>\n\n\n\n<p class=\"has-text-align-justify has-alegreya-font-family has-small-font-size\">Sus dietas acostumbran a estar basadas en la caza de insectos. Es por ello por lo que, una vez ha pasado el verano, suelen hibernar (en \u00e9poca fr\u00eda suele descender el n\u00famero de alimento disponible).<\/p>\n<\/div>\n\n\n\n<div style=\"height:10px\" aria-hidden=\"true\" class=\"wp-block-spacer\"><\/div>\n\n\n\n<div class=\"wp-block-group is-vertical is-layout-flex wp-container-core-group-is-layout-769d0143 wp-block-group-is-layout-flex\">\n<p><strong>ESTRUCTURA SOCIAL Y COMPORTAMIENTO:<\/strong><\/p>\n\n\n\n<p class=\"has-text-align-justify has-alegreya-font-family has-small-font-size\">Normalmente el adulto es solitario, mientras que las hembras forman colonias con sus cr\u00edas y otras hembras. A veces pueden unirse los machos, si se produce la se\u00f1al de que hay insectos a la vista o si llega el oto\u00f1o (momento en el que se agrupan para hibernar).<\/p>\n<\/div>\n\n\n\n<div style=\"height:10px\" aria-hidden=\"true\" class=\"wp-block-spacer\"><\/div>\n\n\n\n<div class=\"wp-block-group is-vertical is-layout-flex wp-container-core-group-is-layout-769d0143 wp-block-group-is-layout-flex\">\n<p><strong>HABITAT Y ZONA DE DISTRIBUCI\u00d3N:<\/strong><\/p>\n\n\n\n<p class=\"has-text-align-justify has-alegreya-font-family has-small-font-size\">Estos organismos se encuentran ampliamente distribuidos por Europa, sobre todo en la regi\u00f3n circundante al mar Mediterr\u00e1neo, aunque se han podido encontrar hasta en las islas brit\u00e1nicas, oriente pr\u00f3ximo y algunas zonas de \u00c1frica.<\/p>\n\n\n\n<p class=\"has-text-align-justify has-alegreya-font-family has-small-font-size\">Las zonas m\u00e1s habituales en las que les podemos encontrar son en grietas de \u00e1rboles, cuevas, rocas o incluso en zonas cubiertas construidas por el hombre (cajas nido o \u00e1ticos).<\/p>\n<\/div>\n\n\n\n<div style=\"height:10px\" aria-hidden=\"true\" class=\"wp-block-spacer\"><\/div>\n\n\n\n<div class=\"wp-block-group is-vertical is-layout-flex wp-container-core-group-is-layout-769d0143 wp-block-group-is-layout-flex\">\n<p><strong>ESTADO DE CONSERVACI\u00d3N:<\/strong><\/p>\n\n\n\n<p class=\"has-text-align-justify has-alegreya-font-family has-small-font-size\">Todas estas especies han estado marcadas como Least concern (LC) en la IUCN, por lo que no debe preocuparnos si se encuentran en peligro.<\/p>\n<\/div>\n\n\n<div class=\"wp-block-image\">\n<figure class=\"aligncenter size-large\"><img loading=\"lazy\" decoding=\"async\" width=\"797\" height=\"222\" src=\"https:\/\/biocampus25.wordpress.com\/wp-content\/uploads\/2025\/04\/captura_de_pantalla_2025-03-27_213157-removebg-preview.png?w=797\" alt=\"\" class=\"wp-image-156\" srcset=\"https:\/\/webs.uab.cat\/bees\/wp-content\/uploads\/sites\/329\/2025\/04\/captura_de_pantalla_2025-03-27_213157-removebg-preview.png 797w, https:\/\/webs.uab.cat\/bees\/wp-content\/uploads\/sites\/329\/2025\/04\/captura_de_pantalla_2025-03-27_213157-removebg-preview-300x84.png 300w, https:\/\/webs.uab.cat\/bees\/wp-content\/uploads\/sites\/329\/2025\/04\/captura_de_pantalla_2025-03-27_213157-removebg-preview-768x214.png 768w\" sizes=\"auto, (max-width: 797px) 100vw, 797px\" \/><\/figure>\n<\/div>\n\n\n<div style=\"height:30px\" aria-hidden=\"true\" class=\"wp-block-spacer\"><\/div>\n\n\n\n<p><strong>REFERENCIAS:<\/strong><\/p>\n\n\n\n<p class=\"has-text-align-justify has-small-font-size\"><em>Murci\u00e9lago enano o com\u00fan (Pipistrellus pipistrellus)<\/em>. (n.d.). ArgentiNat. Retrieved February 3, 2025, from <a href=\"https:\/\/www.argentinat.org\/taxa\/40364-Pipistrellus-pipistrellus\">https:\/\/www.argentinat.org\/taxa\/40364-Pipistrellus-pipistrellus<\/a><\/p>\n\n\n\n<p class=\"has-text-align-justify has-small-font-size\">Guardiola, \u00c1ngel y Fern\u00e1ndez, M\u00aa Pilar (n.d.). Pipistrellus pipistrellus. Gob.Es. Retrieved February 3, 2025, from <a href=\"https:\/\/www.miteco.gob.es\/content\/dam\/miteco\/es\/biodiversidad\/temas\/inventarios-nacionales\/ieet_mami_pipistrellus_pipistrellus_tcm30-99863.pdf\">https:\/\/www.miteco.gob.es\/content\/dam\/miteco\/es\/biodiversidad\/temas\/inventarios-nacionales\/ieet_mami_pipistrellus_pipistrellus_tcm30-99863.pdf<\/a><\/p>\n\n\n\n<p class=\"has-text-align-justify has-small-font-size\">Goiti, Urtzi y Garin, Inazio (n.d.). Pipistrellus kuhlii. Gob.Es. Retrieved February 3, 2025, from <a href=\"https:\/\/www.miteco.gob.es\/content\/dam\/miteco\/es\/biodiversidad\/temas\/inventarios-nacionales\/ieet_mami_pipistrellus_kuhlii_tcm30-99860.pdf\">https:\/\/www.miteco.gob.es\/content\/dam\/miteco\/es\/biodiversidad\/temas\/inventarios-nacionales\/ieet_mami_pipistrellus_kuhlii_tcm30-99860.pdf<\/a><\/p>\n\n\n\n<p class=\"has-text-align-justify has-small-font-size\">Guardiola, Angel y Fern\u00e1ndez, M\u00aa Pilar (n.d.). Pipistrellus pygmaeus. Gob.Es. Retrieved February 3, 2025, from <a href=\"https:\/\/www.miteco.gob.es\/content\/dam\/miteco\/es\/biodiversidad\/temas\/inventarios-nacionales\/ieet_mami_pipistrellus_pygmaeus_tcm30-99864.pdf\">https:\/\/www.miteco.gob.es\/content\/dam\/miteco\/es\/biodiversidad\/temas\/inventarios-nacionales\/ieet_mami_pipistrellus_pygmaeus_tcm30-99864.pdf<\/a><\/p>\n\n\n\n<p class=\"has-text-align-justify has-small-font-size\">Pipistrellus pipistrellus: Godlevska, L., B\u00fccs, S., Kruskop, S.V., Gazaryan, S., Benda, P. &amp; Paunovi\u0107, M. (2019).&nbsp;<em>The IUCN Red List of Threatened Species<\/em>. <a href=\"https:\/\/doi.org\/10.2305\/iucn.uk.2020-2.rlts.t85333513a22132116.en\">https:\/\/doi.org\/10.2305\/iucn.uk.2020-2.rlts.t85333513a22132116.en<\/a><\/p>\n\n\n\n<div class=\"wp-block-group is-vertical is-layout-flex wp-container-core-group-is-layout-8cf370e7 wp-block-group-is-layout-flex\">\n<p class=\"has-text-align-justify has-small-font-size\">Benda, P., Coroiu, I., &amp; Paunovi\u0107, M. (2016). IUCN Red List of Threatened Species: Pipistrellus pygmaeus.&nbsp;<em>IUCN Red List of Threatened Species<\/em>. <a href=\"https:\/\/www.iucnredlist.org\/species\/136649\/21990234\">https:\/\/www.iucnredlist.org\/species\/136649\/21990234<\/a><\/p>\n\n\n\n<p class=\"has-text-align-justify has-small-font-size\">Juste, J., &amp; Paunovi\u0107, M. (2016). IUCN Red List of Threatened Species: Pipistrellus kuhlii.&nbsp;<em>IUCN Red List of Threatened Species<\/em>. <a href=\"https:\/\/www.iucnredlist.org\/species\/17314\/22132946\">https:\/\/www.iucnredlist.org\/species\/17314\/22132946<\/a><\/p>\n<\/div>\n\n\n\n<p><\/p>\n","protected":false},"excerpt":{"rendered":"<p>Reino Animalia Filo Chordata Subfilo Vertebrata Clase Mammalia Subclase Theria Infraclase Placentalia Superorden Laurasiatheria Orden Chiroptera Suborden Yangochiroptera Superfamilia Vespertilionoidea Familia Vespertilionidae Subfamilia Vespertilioninae Tribu Pipistrellini G\u00e9nero Pipistrellus DESCRIPCI\u00d3N: En la zona de estudio podemos encontrar tres especies distintas que provienen de este g\u00e9nero: Pipistrellus pygmaeus, Pipistrellus pipistrellus y Pipistrellus kuhlii. Estas tres especies son [&hellip;]<\/p>\n","protected":false},"author":2556,"featured_media":0,"parent":0,"menu_order":0,"comment_status":"closed","ping_status":"closed","template":"","meta":{"footnotes":""},"class_list":["post-141","page","type-page","status-publish","hentry"],"_links":{"self":[{"href":"https:\/\/webs.uab.cat\/bees\/wp-json\/wp\/v2\/pages\/141","targetHints":{"allow":["GET"]}}],"collection":[{"href":"https:\/\/webs.uab.cat\/bees\/wp-json\/wp\/v2\/pages"}],"about":[{"href":"https:\/\/webs.uab.cat\/bees\/wp-json\/wp\/v2\/types\/page"}],"author":[{"embeddable":true,"href":"https:\/\/webs.uab.cat\/bees\/wp-json\/wp\/v2\/users\/2556"}],"replies":[{"embeddable":true,"href":"https:\/\/webs.uab.cat\/bees\/wp-json\/wp\/v2\/comments?post=141"}],"version-history":[{"count":1,"href":"https:\/\/webs.uab.cat\/bees\/wp-json\/wp\/v2\/pages\/141\/revisions"}],"predecessor-version":[{"id":4199,"href":"https:\/\/webs.uab.cat\/bees\/wp-json\/wp\/v2\/pages\/141\/revisions\/4199"}],"wp:attachment":[{"href":"https:\/\/webs.uab.cat\/bees\/wp-json\/wp\/v2\/media?parent=141"}],"curies":[{"name":"wp","href":"https:\/\/api.w.org\/{rel}","templated":true}]}}