{"id":1421,"date":"2025-05-14T11:40:09","date_gmt":"2025-05-14T09:40:09","guid":{"rendered":"https:\/\/biocampus25.wordpress.com\/?page_id=1421"},"modified":"2025-05-19T10:59:12","modified_gmt":"2025-05-19T08:59:12","slug":"colletidae","status":"publish","type":"page","link":"https:\/\/webs.uab.cat\/bees\/colletidae\/","title":{"rendered":"Colletidae"},"content":{"rendered":"\n<div class=\"wp-block-group is-vertical is-layout-flex wp-container-core-group-is-layout-3e0ae1ae wp-block-group-is-layout-flex\">\n<p><strong>Descripci\u00f3n:<\/strong><\/p>\n\n\n\n<p class=\"has-text-align-justify\">Esta familia de himen\u00f3pteros incluye unas 2.000 especies, entre las que se encuentran las abejas del poli\u00e9ster.<\/p>\n\n\n\n<p class=\"has-text-align-justify\">Este grupo se caracteriza por tener una gl\u00e1ndula en el abdomen (gl\u00e1ndula de Dufour), que secreta una sustancia que se endurece en la zona del aguij\u00f3n y que el insecto recoge con la boca para usarla. Este material se utiliza para recubrir la parte interna del nido, espec\u00edficamente en la zona donde deposita su huevo. Esto confiere al nido una mayor resistencia mec\u00e1nica y adem\u00e1s tiene funciones bactericidas y fungicidas.<\/p>\n\n\n\n<p class=\"has-text-align-justify\">Tambi\u00e9n es caracter\u00edstica la estructura del nido, que est\u00e1 formado por un canal central que se ramifica para dar lugar a las diferentes celdas donde se depositan los huevos. Generalmente hay unas 5-6 celdas, cada una con un solo huevo, aunque existen especies que pueden llegar a tener hasta 10 celdas en total.<\/p>\n\n\n\n<p class=\"has-text-align-justify\">La familia <em>Colletidae<\/em> es uno de los pocos grupos de himen\u00f3pteros que tienen h\u00e1bitos nocturnos. A pesar de esto, son polinizadores, al igual que la mayor\u00eda, un aspecto especialmente importante para la dieta de las larvas, que se alimentan de una mezcla de polen, n\u00e9ctar y saliva de sus progenitores.<\/p>\n\n\n\n<p class=\"has-text-align-justify\">La \u00fanica especie que ha sido observada en el campus es &#8220;<em><a href=\"https:\/\/webs.uab.cat\/bees\/abeja-de-la-hiedra\/\" data-type=\"page\" data-id=\"1426\">Colletes hederae<\/a><\/em>&#8220;, nuestra representante.<\/p>\n<\/div>\n\n\n\n<div style=\"height:30px\" aria-hidden=\"true\" class=\"wp-block-spacer\"><\/div>\n\n\n\n<p><strong>Bibliografia:<\/strong><\/p>\n\n\n\n<p class=\"has-text-align-justify has-small-font-size\"><em>Abejas del poliester (Familia Colletidae)<\/em>. (n.d.). iNaturalist Mexico. Retrieved January 13, 2025, from <a href=\"https:\/\/mexico.inaturalist.org\/taxa\/127740-Colletidae\">https:\/\/mexico.inaturalist.org\/taxa\/127740-Colletidae<\/a><\/p>\n","protected":false},"excerpt":{"rendered":"<p>Descripci\u00f3n: Esta familia de himen\u00f3pteros incluye unas 2.000 especies, entre las que se encuentran las abejas del poli\u00e9ster. Este grupo se caracteriza por tener una gl\u00e1ndula en el abdomen (gl\u00e1ndula de Dufour), que secreta una sustancia que se endurece en la zona del aguij\u00f3n y que el insecto recoge con la boca para usarla. Este [&hellip;]<\/p>\n","protected":false},"author":2556,"featured_media":0,"parent":0,"menu_order":0,"comment_status":"closed","ping_status":"closed","template":"","meta":{"footnotes":""},"class_list":["post-1421","page","type-page","status-publish","hentry"],"_links":{"self":[{"href":"https:\/\/webs.uab.cat\/bees\/wp-json\/wp\/v2\/pages\/1421","targetHints":{"allow":["GET"]}}],"collection":[{"href":"https:\/\/webs.uab.cat\/bees\/wp-json\/wp\/v2\/pages"}],"about":[{"href":"https:\/\/webs.uab.cat\/bees\/wp-json\/wp\/v2\/types\/page"}],"author":[{"embeddable":true,"href":"https:\/\/webs.uab.cat\/bees\/wp-json\/wp\/v2\/users\/2556"}],"replies":[{"embeddable":true,"href":"https:\/\/webs.uab.cat\/bees\/wp-json\/wp\/v2\/comments?post=1421"}],"version-history":[{"count":1,"href":"https:\/\/webs.uab.cat\/bees\/wp-json\/wp\/v2\/pages\/1421\/revisions"}],"predecessor-version":[{"id":4170,"href":"https:\/\/webs.uab.cat\/bees\/wp-json\/wp\/v2\/pages\/1421\/revisions\/4170"}],"wp:attachment":[{"href":"https:\/\/webs.uab.cat\/bees\/wp-json\/wp\/v2\/media?parent=1421"}],"curies":[{"name":"wp","href":"https:\/\/api.w.org\/{rel}","templated":true}]}}