{"id":1473,"date":"2025-05-14T11:42:32","date_gmt":"2025-05-14T09:42:32","guid":{"rendered":"https:\/\/biocampus25.wordpress.com\/?page_id=1473"},"modified":"2025-05-19T13:02:36","modified_gmt":"2025-05-19T11:02:36","slug":"orthoptera","status":"publish","type":"page","link":"https:\/\/webs.uab.cat\/bees\/orthoptera\/","title":{"rendered":"Orthoptera"},"content":{"rendered":"\n<div class=\"wp-block-group is-vertical is-layout-flex wp-container-core-group-is-layout-3e0ae1ae wp-block-group-is-layout-flex\">\n<p><strong>Descripci\u00f3n:<\/strong><\/p>\n\n\n\n<p class=\"has-text-align-justify has-alegreya-font-family has-small-font-size\">Este orden, conformado por m\u00e1s de 24.000 especies, incluye a los tan conocidos grillos y saltamontes. Generalmente, son insectos que se encuentran en zonas tropicales, c\u00e1lidas o templadas, pero hay especies con distribuci\u00f3n cosmopolita.<\/p>\n\n\n\n<p class=\"has-text-align-justify has-alegreya-font-family has-small-font-size\">Su cabeza es grande, con la boca dirigida hacia abajo (ort\u00f3gnata) y con una forma m\u00e1s o menos esf\u00e9rica. En esta regi\u00f3n podemos distinguir varios componentes importantes, tales como ocelos, antenas largas y filiformes y unos ojos grandes de forma ovalada. Tambi\u00e9n podemos encontrar el aparato bucal de tipo masticador, formado por unas mand\u00edbulas bien desarrolladas, maxilas formadas por 5 segmentos y un labio de 3.<\/p>\n\n\n\n<p class=\"has-text-align-justify has-alegreya-font-family has-small-font-size\">Su t\u00f3rax est\u00e1 formado por 3 segmentos, donde el prot\u00f3rax es de mayor tama\u00f1o que el resto. Adem\u00e1s, tiene el pronoto (placa dorsal) extremadamente alargado, de manera que llega hasta la zona del abdomen y se pliega ligeramente hacia los lados. Cabe decir que el mesot\u00f3rax, el metat\u00f3rax y el primer segmento abdominal se encuentran soldados entre s\u00ed.<\/p>\n\n\n\n<p class=\"has-text-align-justify has-alegreya-font-family has-small-font-size\">Para desplazarse tienen tres pares de patas, donde los dos primeros son de tama\u00f1o y forma semejante, mientras que el tercer par es mucho m\u00e1s largo y con un f\u00e9mur engrosado (\u00fatil para regular la fuerza de la rodilla y poder dar grandes saltos). Adem\u00e1s, tienen un par de alas, donde las primeras se encuentran esclerotizadas y las segundas son membranosas y est\u00e1n plegadas bajo las anteriores.<\/p>\n\n\n\n<p class=\"has-text-align-justify has-alegreya-font-family has-small-font-size\">La zona abdominal es de forma cil\u00edndrica y alargada, formada por once segmentos. Adem\u00e1s, la zona dorsal est\u00e1 m\u00e1s desarrollada que la regi\u00f3n ventral.<\/p>\n\n\n\n<p class=\"has-text-align-justify has-alegreya-font-family has-small-font-size\">En cuanto a la reproducci\u00f3n, el macho tiende a atraer a la hembra mediante feromonas o con la emisi\u00f3n de sonidos (estridulaci\u00f3n). Luego elabora un espermat\u00f3foro (bolsa llena de espermatozoides) de forma globular o tubular, que la hembra capta y utiliza para fecundar sus huevos. Despu\u00e9s, la hembra deposita los huevos (entre 150 y 600) en una zona protegida, como por ejemplo bajo un \u00e1rbol. Este proceso suele producirse en una \u00e9poca favorable como el verano o la primavera (aunque hay especies que lo hacen en cualquier momento del a\u00f1o).<\/p>\n\n\n\n<p class=\"has-text-align-justify has-alegreya-font-family has-small-font-size\">De los huevos saldr\u00e1n unas ninfas con una dieta semejante a la del adulto (pueden ser herb\u00edvoras u omn\u00edvoras), que al realizar unas 4-10 mudas alcanzan la fase adulta. Los \u00fanicos cambios que sufre la ninfa son el aumento del n\u00famero de segmentos de las antenas, la aparici\u00f3n de los \u00f3rganos del vuelo y la maduraci\u00f3n de las estructuras genitales externas.<\/p>\n<\/div>\n\n\n\n<div style=\"height:20px\" aria-hidden=\"true\" class=\"wp-block-spacer\"><\/div>\n\n\n\n<p><strong>Clave dicot\u00f3mica:<\/strong><\/p>\n\n\n\n<div class=\"wp-block-columns is-layout-flex wp-container-core-columns-is-layout-9d6595d7 wp-block-columns-is-layout-flex\">\n<div class=\"wp-block-column is-layout-flow wp-block-column-is-layout-flow\" style=\"flex-basis:66.66%\">\n<p class=\"has-text-align-justify has-small-font-size\"><strong>a.<\/strong> Insecto verde con cuerpo alargado, antenas extremadamente largas y patas traseras muy adaptadas al salto &#8212;&#8212;-&gt; <strong><a href=\"https:\/\/webs.uab.cat\/bees\/saltamontes-verde\/\" data-type=\"page\" data-id=\"1486\">Tettigonia viridissima<\/a><\/strong><\/p>\n\n\n\n<div style=\"height:101px\" aria-hidden=\"true\" class=\"wp-block-spacer\"><\/div>\n\n\n\n<p class=\"has-text-align-justify has-small-font-size\"><strong>b.<\/strong> Presentan cut\u00edcula de color marr\u00f3n, con una cabeza cil\u00edndrica, antenas cortas y patas delanteras adaptadas a cavar &#8212;&#8212;&#8212;&#8212;&gt; <strong><a href=\"https:\/\/webs.uab.cat\/bees\/grillo-topo\/\" data-type=\"page\" data-id=\"1502\">Gryllotalpa gryllotalpa<\/a><\/strong><\/p>\n<\/div>\n\n\n\n<div class=\"wp-block-column is-layout-flow wp-block-column-is-layout-flow\" style=\"flex-basis:33.33%\">\n<div class=\"wp-block-group is-vertical is-layout-flex wp-container-core-group-is-layout-769d0143 wp-block-group-is-layout-flex\">\n<figure class=\"wp-block-image size-large\"><img loading=\"lazy\" decoding=\"async\" width=\"640\" height=\"290\" src=\"https:\/\/biocampus25.wordpress.com\/wp-content\/uploads\/2025\/04\/tettigoniidae_front-side_view.jpg?w=640\" alt=\"\" class=\"wp-image-1481\" srcset=\"https:\/\/webs.uab.cat\/bees\/wp-content\/uploads\/sites\/329\/2025\/04\/tettigoniidae_front-side_view.jpg 640w, https:\/\/webs.uab.cat\/bees\/wp-content\/uploads\/sites\/329\/2025\/04\/tettigoniidae_front-side_view-300x136.jpg 300w\" sizes=\"auto, (max-width: 640px) 100vw, 640px\" \/><figcaption class=\"wp-element-caption\"><a href=\"https:\/\/webs.uab.cat\/bees\/saltamontes-verde\/\" data-type=\"page\" data-id=\"1486\">Tettigonia viridissima<\/a><\/figcaption><\/figure>\n<\/div>\n\n\n\n<div class=\"wp-block-group is-vertical is-layout-flex wp-container-core-group-is-layout-769d0143 wp-block-group-is-layout-flex\">\n<figure class=\"wp-block-image size-large\"><img loading=\"lazy\" decoding=\"async\" width=\"640\" height=\"275\" src=\"https:\/\/biocampus25.wordpress.com\/wp-content\/uploads\/2025\/04\/gryllotalpa_2009_g6.jpg?w=640\" alt=\"\" class=\"wp-image-1478\" srcset=\"https:\/\/webs.uab.cat\/bees\/wp-content\/uploads\/sites\/329\/2025\/04\/gryllotalpa_2009_g6.jpg 640w, https:\/\/webs.uab.cat\/bees\/wp-content\/uploads\/sites\/329\/2025\/04\/gryllotalpa_2009_g6-300x129.jpg 300w\" sizes=\"auto, (max-width: 640px) 100vw, 640px\" \/><figcaption class=\"wp-element-caption\"><a href=\"https:\/\/webs.uab.cat\/bees\/grillo-topo\/\" data-type=\"page\" data-id=\"1502\">Gryllotalpa gryllotalpa<\/a><\/figcaption><\/figure>\n<\/div>\n<\/div>\n<\/div>\n\n\n\n<div style=\"height:30px\" aria-hidden=\"true\" class=\"wp-block-spacer\"><\/div>\n\n\n\n<p><strong>Bibliografia:<\/strong><\/p>\n\n\n\n<p class=\"has-text-align-justify has-small-font-size\"><em>Orden Orthoptera &#8211; Insectarium Virtual del Parc Natural del Penyal d\u2019Ifac &#8211; Generalitat Valenciana<\/em>. (n.d.). Insectarium Virtual del Parc Natural del Penyal d\u2019Ifac. Retrieved January 14, 2025, from <a href=\"https:\/\/parquesnaturales.gva.es\/es\/web\/insectarium-virtual-del-parc-natural-del-penyal-d-ifac\/orden-orthoptera\">https:\/\/parquesnaturales.gva.es\/es\/web\/insectarium-virtual-del-parc-natural-del-penyal-d-ifac\/orden-orthoptera<\/a><\/p>\n\n\n\n<p class=\"has-text-align-justify has-small-font-size\">Wikipedia contributors. (n.d.-o).&nbsp;<em>Orthoptera<\/em>. Wikipedia, The Free Encyclopedia. <a href=\"https:\/\/es.wikipedia.org\/w\/index.php?title=Orthoptera&amp;oldid=166890808\">https:\/\/es.wikipedia.org\/w\/index.php?title=Orthoptera&amp;oldid=166890808<\/a><\/p>\n\n\n\n<p><\/p>\n","protected":false},"excerpt":{"rendered":"<p>Descripci\u00f3n: Este orden, conformado por m\u00e1s de 24.000 especies, incluye a los tan conocidos grillos y saltamontes. Generalmente, son insectos que se encuentran en zonas tropicales, c\u00e1lidas o templadas, pero hay especies con distribuci\u00f3n cosmopolita. Su cabeza es grande, con la boca dirigida hacia abajo (ort\u00f3gnata) y con una forma m\u00e1s o menos esf\u00e9rica. En [&hellip;]<\/p>\n","protected":false},"author":2556,"featured_media":0,"parent":0,"menu_order":0,"comment_status":"closed","ping_status":"closed","template":"","meta":{"footnotes":""},"class_list":["post-1473","page","type-page","status-publish","hentry"],"_links":{"self":[{"href":"https:\/\/webs.uab.cat\/bees\/wp-json\/wp\/v2\/pages\/1473","targetHints":{"allow":["GET"]}}],"collection":[{"href":"https:\/\/webs.uab.cat\/bees\/wp-json\/wp\/v2\/pages"}],"about":[{"href":"https:\/\/webs.uab.cat\/bees\/wp-json\/wp\/v2\/types\/page"}],"author":[{"embeddable":true,"href":"https:\/\/webs.uab.cat\/bees\/wp-json\/wp\/v2\/users\/2556"}],"replies":[{"embeddable":true,"href":"https:\/\/webs.uab.cat\/bees\/wp-json\/wp\/v2\/comments?post=1473"}],"version-history":[{"count":2,"href":"https:\/\/webs.uab.cat\/bees\/wp-json\/wp\/v2\/pages\/1473\/revisions"}],"predecessor-version":[{"id":4265,"href":"https:\/\/webs.uab.cat\/bees\/wp-json\/wp\/v2\/pages\/1473\/revisions\/4265"}],"wp:attachment":[{"href":"https:\/\/webs.uab.cat\/bees\/wp-json\/wp\/v2\/media?parent=1473"}],"curies":[{"name":"wp","href":"https:\/\/api.w.org\/{rel}","templated":true}]}}