{"id":1486,"date":"2025-05-14T11:43:38","date_gmt":"2025-05-14T09:43:38","guid":{"rendered":"https:\/\/biocampus25.wordpress.com\/?page_id=1486"},"modified":"2025-05-19T13:38:32","modified_gmt":"2025-05-19T11:38:32","slug":"saltamontes-verde","status":"publish","type":"page","link":"https:\/\/webs.uab.cat\/bees\/saltamontes-verde\/","title":{"rendered":"SALTAMONTES VERDE"},"content":{"rendered":"<div class=\"wp-block-image\">\n<figure class=\"aligncenter size-large\"><img loading=\"lazy\" decoding=\"async\" width=\"640\" height=\"290\" src=\"https:\/\/biocampus25.wordpress.com\/wp-content\/uploads\/2025\/04\/tettigoniidae_front-side_view-1.jpg?w=640\" alt=\"\" class=\"wp-image-1487\" srcset=\"https:\/\/webs.uab.cat\/bees\/wp-content\/uploads\/sites\/329\/2025\/04\/tettigoniidae_front-side_view-1.jpg 640w, https:\/\/webs.uab.cat\/bees\/wp-content\/uploads\/sites\/329\/2025\/04\/tettigoniidae_front-side_view-1-300x136.jpg 300w\" sizes=\"auto, (max-width: 640px) 100vw, 640px\" \/><\/figure>\n<\/div>\n\n\n<div style=\"height:10px\" aria-hidden=\"true\" class=\"wp-block-spacer\"><\/div>\n\n\n\n<div class=\"wp-block-columns is-layout-flex wp-container-core-columns-is-layout-9d6595d7 wp-block-columns-is-layout-flex\">\n<div class=\"wp-block-column is-layout-flow wp-block-column-is-layout-flow\">\n<figure class=\"wp-block-table has-alegreya-font-family has-small-font-size\"><table><tbody><tr><td class=\"has-text-align-center\" data-align=\"center\"><strong>Reino<\/strong><\/td><td class=\"has-text-align-center\" data-align=\"center\">Animalia<\/td><\/tr><tr><td class=\"has-text-align-center\" data-align=\"center\"><strong>Filo<\/strong><\/td><td class=\"has-text-align-center\" data-align=\"center\">Arthropoda<\/td><\/tr><tr><td class=\"has-text-align-center\" data-align=\"center\"><strong>Subfilo<\/strong><\/td><td class=\"has-text-align-center\" data-align=\"center\"><a href=\"https:\/\/webs.uab.cat\/bees\/hexapoda\/\" data-type=\"page\" data-id=\"4095\">Hexapoda<\/a><\/td><\/tr><tr><td class=\"has-text-align-center\" data-align=\"center\"><strong>Clase<\/strong><\/td><td class=\"has-text-align-center\" data-align=\"center\">Insecta<\/td><\/tr><tr><td class=\"has-text-align-center\" data-align=\"center\"><strong>Subclase<\/strong><\/td><td class=\"has-text-align-center\" data-align=\"center\">Pterygota<\/td><\/tr><tr><td class=\"has-text-align-center\" data-align=\"center\"><strong>Orden<\/strong><\/td><td class=\"has-text-align-center\" data-align=\"center\"><a href=\"https:\/\/webs.uab.cat\/bees\/orthoptera\/\" data-type=\"page\" data-id=\"1473\">Orthoptera<\/a><\/td><\/tr><tr><td class=\"has-text-align-center\" data-align=\"center\"><strong>Suborden<\/strong><\/td><td class=\"has-text-align-center\" data-align=\"center\">Ensifera<\/td><\/tr><tr><td class=\"has-text-align-center\" data-align=\"center\"><strong>Infraorden<\/strong><\/td><td class=\"has-text-align-center\" data-align=\"center\">Tettigoniidea<\/td><\/tr><tr><td class=\"has-text-align-center\" data-align=\"center\"><strong>Superfamilia<\/strong><\/td><td class=\"has-text-align-center\" data-align=\"center\">Tettigonioidea<\/td><\/tr><tr><td class=\"has-text-align-center\" data-align=\"center\"><strong>Familia<\/strong><\/td><td class=\"has-text-align-center\" data-align=\"center\">Tettigoniidae<\/td><\/tr><tr><td class=\"has-text-align-center\" data-align=\"center\"><strong>Subfamilia<\/strong><\/td><td class=\"has-text-align-center\" data-align=\"center\">Tettigoniinae<\/td><\/tr><tr><td class=\"has-text-align-center\" data-align=\"center\"><strong>Tribu<\/strong><\/td><td class=\"has-text-align-center\" data-align=\"center\">Tettigoniini<\/td><\/tr><tr><td class=\"has-text-align-center\" data-align=\"center\"><strong>G\u00e9nero<\/strong><\/td><td class=\"has-text-align-center\" data-align=\"center\">Tettigonia<\/td><\/tr><tr><td class=\"has-text-align-center\" data-align=\"center\"><strong>Especie<\/strong><\/td><td class=\"has-text-align-center\" data-align=\"center\">T. viridissima<\/td><\/tr><\/tbody><\/table><\/figure>\n<\/div>\n\n\n\n<div class=\"wp-block-column is-layout-flow wp-block-column-is-layout-flow\">\n<div class=\"wp-block-group is-vertical is-layout-flex wp-container-core-group-is-layout-769d0143 wp-block-group-is-layout-flex\">\n<p><strong>DESCRIPCI\u00d3N:<\/strong><\/p>\n\n\n\n<p class=\"has-text-align-justify has-alegreya-font-family has-small-font-size\">El saltamontes verde es un ort\u00f3ptero de tama\u00f1o elevado, que mide 28-42mm. Como bien indica su nombre, su cuerpo es de color verde, aunque hay algunos individuos que pueden presentar tonalidades m\u00e1s marronosas. Una caracter\u00edstica distintiva de esta especie es la presencia de una banda longitudinal de color pardo, que suele utilizarse como car\u00e1cter identificativo.<\/p>\n\n\n\n<p class=\"has-text-align-justify has-alegreya-font-family has-small-font-size\">Su cabeza es de forma rectangular y algo deprimida, con un aparato bucal masticador que se sit\u00faa en la parte ventral. Posee un par de ojos compuestos, que se encuentran en los lados de la cabeza, y unas antenas largas y marrones que le proporcionan una gran capacidad sensorial.<\/p>\n\n\n\n<p class=\"has-text-align-justify has-alegreya-font-family has-small-font-size\">La regi\u00f3n tor\u00e1cica es alargada y cuenta con un par de alas bien desarrolladas, lo que le permite volar, aunque esta no es su forma de locomoci\u00f3n m\u00e1s frecuente. Adem\u00e1s, dispone de tres pares de patas, siendo el \u00faltimo par mucho m\u00e1s robusto y adaptado para el salto, permiti\u00e9ndole desplazarse con agilidad.<\/p>\n\n\n\n<p class=\"has-text-align-justify has-alegreya-font-family has-small-font-size\">Por \u00faltimo, su abdomen alargado permite diferenciar a los sexos: los machos presentan en la parte terminal un par de cercos con un diente interno cerca de la base, lo que los distingue de las hembras.<\/p>\n<\/div>\n<\/div>\n<\/div>\n\n\n\n<div style=\"height:10px\" aria-hidden=\"true\" class=\"wp-block-spacer\"><\/div>\n\n\n\n<div class=\"wp-block-group is-vertical is-layout-flex wp-container-core-group-is-layout-769d0143 wp-block-group-is-layout-flex\">\n<p><strong>DIETA:<\/strong><\/p>\n\n\n\n<p class=\"has-text-align-justify has-alegreya-font-family has-small-font-size\">Esta especie suele tener una dieta carn\u00edvora, basada en la caza de peque\u00f1os insectos. Aun as\u00ed, pueden utilizar la materia vegetal como alimento de apoyo en el caso de que no encuentren mejor comida.<\/p>\n<\/div>\n\n\n\n<div style=\"height:10px\" aria-hidden=\"true\" class=\"wp-block-spacer\"><\/div>\n\n\n\n<div class=\"wp-block-group is-vertical is-layout-flex wp-container-core-group-is-layout-769d0143 wp-block-group-is-layout-flex\">\n<p><strong>ESTRUCTURA SOCIAL Y COMPORTAMIENTO:<\/strong><\/p>\n\n\n\n<p class=\"has-text-align-justify has-alegreya-font-family has-small-font-size\">Estos saltamontes presentan un comportamiento mayormente solitario, por lo que no forman grandes grupos permanentes. Sin embargo, los machos estridulan (producen sonidos al frotar sus alas) para atraer a las hembras y advertir a otros machos.<\/p>\n\n\n\n<p class=\"has-text-align-justify has-alegreya-font-family has-small-font-size\">Suelen estar activos al atardecer y durante la noche, momentos en los que la producci\u00f3n de sonidos se convierte en un m\u00e9todo eficiente para la orientaci\u00f3n y la comunicaci\u00f3n a largas distancias.<\/p>\n\n\n\n<p class=\"has-text-align-justify has-alegreya-font-family has-small-font-size\">Su ciclo de vida comienza entre junio y septiembre, momento en el que los adultos emergen y buscan pareja para reproducirse. Despu\u00e9s de copular, la hembra deposita unos huevos marrones en el suelo, que pueden tardar hasta un a\u00f1o y medio en eclosionar.<\/p>\n\n\n\n<p class=\"has-text-align-justify has-alegreya-font-family has-small-font-size\">Cuando eclosionan, las ninfas presentan una morfolog\u00eda similar a la de los adultos, aunque carecen de alas completamente desarrolladas. A medida que van creciendo, pasan por unas 6-7 mudas lo que les permite desarrollar sus \u00f3rganos maduros. Finalmente alcanzan la fase adulta sin que sea necesario pasar por una etapa pupal.<\/p>\n<\/div>\n\n\n<div class=\"wp-block-image\">\n<figure class=\"aligncenter size-large\"><img loading=\"lazy\" decoding=\"async\" width=\"1245\" height=\"104\" src=\"https:\/\/biocampus25.wordpress.com\/wp-content\/uploads\/2025\/04\/captura-de-pantalla-2025-04-19-112128.png?w=1024\" alt=\"\" class=\"wp-image-1494\" srcset=\"https:\/\/webs.uab.cat\/bees\/wp-content\/uploads\/sites\/329\/2025\/04\/captura-de-pantalla-2025-04-19-112128.png 1245w, https:\/\/webs.uab.cat\/bees\/wp-content\/uploads\/sites\/329\/2025\/04\/captura-de-pantalla-2025-04-19-112128-300x25.png 300w, https:\/\/webs.uab.cat\/bees\/wp-content\/uploads\/sites\/329\/2025\/04\/captura-de-pantalla-2025-04-19-112128-1024x86.png 1024w, https:\/\/webs.uab.cat\/bees\/wp-content\/uploads\/sites\/329\/2025\/04\/captura-de-pantalla-2025-04-19-112128-768x64.png 768w, https:\/\/webs.uab.cat\/bees\/wp-content\/uploads\/sites\/329\/2025\/04\/captura-de-pantalla-2025-04-19-112128-1200x100.png 1200w\" sizes=\"auto, (max-width: 1245px) 100vw, 1245px\" \/><\/figure>\n<\/div>\n\n\n<div style=\"height:10px\" aria-hidden=\"true\" class=\"wp-block-spacer\"><\/div>\n\n\n\n<div class=\"wp-block-group is-vertical is-layout-flex wp-container-core-group-is-layout-769d0143 wp-block-group-is-layout-flex\">\n<p><strong>HABITAT Y ZONA DE DISTRIBUCI\u00d3N:<\/strong><\/p>\n\n\n\n<p class=\"has-text-align-justify has-alegreya-font-family has-small-font-size\">Podemos encontrarlos ampliamente distribuidos por toda Europa, la regi\u00f3n m\u00e1s oeste de \u00c1sia y el norte de \u00c1frica.<\/p>\n\n\n\n<p class=\"has-text-align-justify has-alegreya-font-family has-small-font-size\">Su h\u00e1bitat t\u00edpico son los bosques de ribera y bosques h\u00famedos, aunque tambi\u00e9n pueden aparecer en prados, pastizales, ca\u00f1averales y zonas de cultivo.<\/p>\n<\/div>\n\n\n\n<div class=\"wp-block-group is-vertical is-layout-flex wp-container-core-group-is-layout-769d0143 wp-block-group-is-layout-flex\">\n<figure class=\"wp-block-image size-large\"><img loading=\"lazy\" decoding=\"async\" width=\"1053\" height=\"532\" src=\"https:\/\/biocampus25.wordpress.com\/wp-content\/uploads\/2025\/04\/captura-de-pantalla-2025-04-19-112329.png?w=1024\" alt=\"\" class=\"wp-image-1496\" srcset=\"https:\/\/webs.uab.cat\/bees\/wp-content\/uploads\/sites\/329\/2025\/04\/captura-de-pantalla-2025-04-19-112329.png 1053w, https:\/\/webs.uab.cat\/bees\/wp-content\/uploads\/sites\/329\/2025\/04\/captura-de-pantalla-2025-04-19-112329-300x152.png 300w, https:\/\/webs.uab.cat\/bees\/wp-content\/uploads\/sites\/329\/2025\/04\/captura-de-pantalla-2025-04-19-112329-1024x517.png 1024w, https:\/\/webs.uab.cat\/bees\/wp-content\/uploads\/sites\/329\/2025\/04\/captura-de-pantalla-2025-04-19-112329-768x388.png 768w\" sizes=\"auto, (max-width: 1053px) 100vw, 1053px\" \/><\/figure>\n\n\n\n<p class=\"has-text-align-justify has-small-font-size\">Mapa de distribuci\u00f3n de Tettigonia viridissima. Imagen obtenida de Gbif en: <a href=\"https:\/\/www.gbif.org\/es\/species\/1692898\">https:\/\/www.gbif.org\/es\/species\/1692898<\/a><\/p>\n<\/div>\n\n\n\n<div style=\"height:10px\" aria-hidden=\"true\" class=\"wp-block-spacer\"><\/div>\n\n\n\n<div class=\"wp-block-group is-vertical is-layout-flex wp-container-core-group-is-layout-769d0143 wp-block-group-is-layout-flex\">\n<p><strong>ESTADO DE CONSERVACI\u00d3N:<\/strong><\/p>\n\n\n\n<p class=\"has-text-align-justify has-alegreya-font-family has-small-font-size\">Esta especie se encuentra en estado de preocupaci\u00f3n menor en Europa, seg\u00fan los datos de la IUCN.<\/p>\n<\/div>\n\n\n<div class=\"wp-block-image\">\n<figure class=\"aligncenter size-large\"><img loading=\"lazy\" decoding=\"async\" width=\"797\" height=\"222\" src=\"https:\/\/biocampus25.wordpress.com\/wp-content\/uploads\/2025\/04\/captura_de_pantalla_2025-03-27_213157-removebg-preview-32.png?w=797\" alt=\"\" class=\"wp-image-1498\" srcset=\"https:\/\/webs.uab.cat\/bees\/wp-content\/uploads\/sites\/329\/2025\/04\/captura_de_pantalla_2025-03-27_213157-removebg-preview-32.png 797w, https:\/\/webs.uab.cat\/bees\/wp-content\/uploads\/sites\/329\/2025\/04\/captura_de_pantalla_2025-03-27_213157-removebg-preview-32-300x84.png 300w, https:\/\/webs.uab.cat\/bees\/wp-content\/uploads\/sites\/329\/2025\/04\/captura_de_pantalla_2025-03-27_213157-removebg-preview-32-768x214.png 768w\" sizes=\"auto, (max-width: 797px) 100vw, 797px\" \/><\/figure>\n<\/div>\n\n\n<div style=\"height:30px\" aria-hidden=\"true\" class=\"wp-block-spacer\"><\/div>\n\n\n\n<p><strong>REFERENCIAS:<\/strong><\/p>\n\n\n\n<p class=\"has-text-align-justify has-small-font-size\"><em>Saltamontes Verde Com\u00fan europeo (Tettigonia viridissima)<\/em>. (n.d.). iNaturalist Mexico. Retrieved February 24, 2025, from <a href=\"https:\/\/mexico.inaturalist.org\/taxa\/133250-Tettigonia-viridissima\">https:\/\/mexico.inaturalist.org\/taxa\/133250-Tettigonia-viridissima<\/a><\/p>\n\n\n\n<p class=\"has-text-align-justify has-small-font-size\">Valderrey, J. L. M. (2008, August 22).&nbsp;<em>Tettigonia viridissima (Linnaeus, 1758)<\/em>. Naturaleza y turismo. <a href=\"https:\/\/www.asturnatura.com\/especie\/tettigonia-viridissima\">https:\/\/www.asturnatura.com\/especie\/tettigonia-viridissima<\/a><\/p>\n\n\n\n<p class=\"has-text-align-justify has-small-font-size\">Blasco-Zumeta, Javier (n.d.). 175 Tettigonia viridissima (Orthoptera, Tettigoniidae). Fauna de Pina de Ebro y su comarca. Retrieved February 25, 2025, from <a href=\"https:\/\/monteriza.aranzadi.eus\/wp-content\/uploads\/insecta\/175.tettigonia-viridissima.pdf\">https:\/\/monteriza.aranzadi.eus\/wp-content\/uploads\/insecta\/175.tettigonia-viridissima.pdf<\/a><\/p>\n\n\n\n<p class=\"has-text-align-justify has-small-font-size\">Axel Hochkirch, Roy Kleukers, Luc Willemse, Dragan Chobanov, Kristin, A., Gergely Szovenyi, Juan Jos\u00e9 Presa, &amp; Rutschmann, F. (2016). IUCN Red List of Threatened Species: Tettigonia viridissima.&nbsp;<em>IUCN Red List of Threatened Species<\/em>. <a href=\"https:\/\/www.iucnredlist.org\/species\/68485046\/74624843\">https:\/\/www.iucnredlist.org\/species\/68485046\/74624843<\/a><\/p>\n","protected":false},"excerpt":{"rendered":"<p>Reino Animalia Filo Arthropoda Subfilo Hexapoda Clase Insecta Subclase Pterygota Orden Orthoptera Suborden Ensifera Infraorden Tettigoniidea Superfamilia Tettigonioidea Familia Tettigoniidae Subfamilia Tettigoniinae Tribu Tettigoniini G\u00e9nero Tettigonia Especie T. viridissima DESCRIPCI\u00d3N: El saltamontes verde es un ort\u00f3ptero de tama\u00f1o elevado, que mide 28-42mm. Como bien indica su nombre, su cuerpo es de color verde, aunque hay [&hellip;]<\/p>\n","protected":false},"author":2556,"featured_media":0,"parent":0,"menu_order":0,"comment_status":"closed","ping_status":"closed","template":"","meta":{"footnotes":""},"class_list":["post-1486","page","type-page","status-publish","hentry"],"_links":{"self":[{"href":"https:\/\/webs.uab.cat\/bees\/wp-json\/wp\/v2\/pages\/1486","targetHints":{"allow":["GET"]}}],"collection":[{"href":"https:\/\/webs.uab.cat\/bees\/wp-json\/wp\/v2\/pages"}],"about":[{"href":"https:\/\/webs.uab.cat\/bees\/wp-json\/wp\/v2\/types\/page"}],"author":[{"embeddable":true,"href":"https:\/\/webs.uab.cat\/bees\/wp-json\/wp\/v2\/users\/2556"}],"replies":[{"embeddable":true,"href":"https:\/\/webs.uab.cat\/bees\/wp-json\/wp\/v2\/comments?post=1486"}],"version-history":[{"count":1,"href":"https:\/\/webs.uab.cat\/bees\/wp-json\/wp\/v2\/pages\/1486\/revisions"}],"predecessor-version":[{"id":4287,"href":"https:\/\/webs.uab.cat\/bees\/wp-json\/wp\/v2\/pages\/1486\/revisions\/4287"}],"wp:attachment":[{"href":"https:\/\/webs.uab.cat\/bees\/wp-json\/wp\/v2\/media?parent=1486"}],"curies":[{"name":"wp","href":"https:\/\/api.w.org\/{rel}","templated":true}]}}