{"id":1502,"date":"2025-05-14T11:41:07","date_gmt":"2025-05-14T09:41:07","guid":{"rendered":"https:\/\/biocampus25.wordpress.com\/?page_id=1502"},"modified":"2025-05-19T11:25:56","modified_gmt":"2025-05-19T09:25:56","slug":"grillo-topo","status":"publish","type":"page","link":"https:\/\/webs.uab.cat\/bees\/grillo-topo\/","title":{"rendered":"GRILLO-TOPO"},"content":{"rendered":"<div class=\"wp-block-image\">\n<figure class=\"aligncenter size-large\"><img loading=\"lazy\" decoding=\"async\" width=\"640\" height=\"275\" src=\"https:\/\/biocampus25.wordpress.com\/wp-content\/uploads\/2025\/04\/gryllotalpa_2009_g6-1.jpg?w=640\" alt=\"\" class=\"wp-image-1503\" srcset=\"https:\/\/webs.uab.cat\/bees\/wp-content\/uploads\/sites\/329\/2025\/04\/gryllotalpa_2009_g6-1.jpg 640w, https:\/\/webs.uab.cat\/bees\/wp-content\/uploads\/sites\/329\/2025\/04\/gryllotalpa_2009_g6-1-300x129.jpg 300w\" sizes=\"auto, (max-width: 640px) 100vw, 640px\" \/><\/figure>\n<\/div>\n\n\n<div style=\"height:10px\" aria-hidden=\"true\" class=\"wp-block-spacer\"><\/div>\n\n\n\n<div class=\"wp-block-columns is-layout-flex wp-container-core-columns-is-layout-9d6595d7 wp-block-columns-is-layout-flex\">\n<div class=\"wp-block-column is-layout-flow wp-block-column-is-layout-flow\">\n<figure class=\"wp-block-table has-alegreya-font-family has-small-font-size\"><table><tbody><tr><td class=\"has-text-align-center\" data-align=\"center\"><strong>Reino<\/strong><\/td><td class=\"has-text-align-center\" data-align=\"center\">Animalia<\/td><\/tr><tr><td class=\"has-text-align-center\" data-align=\"center\"><strong>Filo<\/strong><\/td><td class=\"has-text-align-center\" data-align=\"center\">Arthropoda<\/td><\/tr><tr><td class=\"has-text-align-center\" data-align=\"center\"><strong>Subfilo<\/strong><\/td><td class=\"has-text-align-center\" data-align=\"center\"><a href=\"https:\/\/webs.uab.cat\/bees\/hexapoda\/\" data-type=\"page\" data-id=\"4095\">Hexapoda<\/a><\/td><\/tr><tr><td class=\"has-text-align-center\" data-align=\"center\"><strong>Clase<\/strong><\/td><td class=\"has-text-align-center\" data-align=\"center\">Insecta<\/td><\/tr><tr><td class=\"has-text-align-center\" data-align=\"center\"><strong>Subclase<\/strong><\/td><td class=\"has-text-align-center\" data-align=\"center\">Pterygota<\/td><\/tr><tr><td class=\"has-text-align-center\" data-align=\"center\"><strong>Orden<\/strong><\/td><td class=\"has-text-align-center\" data-align=\"center\"><a href=\"https:\/\/webs.uab.cat\/bees\/orthoptera\/\" data-type=\"page\" data-id=\"1473\">Orthoptera<\/a><\/td><\/tr><tr><td class=\"has-text-align-center\" data-align=\"center\"><strong>Suborden<\/strong><\/td><td class=\"has-text-align-center\" data-align=\"center\">Ensifera<\/td><\/tr><tr><td class=\"has-text-align-center\" data-align=\"center\"><strong>Infraorden<\/strong><\/td><td class=\"has-text-align-center\" data-align=\"center\">Gryllidea<\/td><\/tr><tr><td class=\"has-text-align-center\" data-align=\"center\"><strong>Superfamilia<\/strong><\/td><td class=\"has-text-align-center\" data-align=\"center\">Gryllotalpoidea<\/td><\/tr><tr><td class=\"has-text-align-center\" data-align=\"center\"><strong>Familia<\/strong><\/td><td class=\"has-text-align-center\" data-align=\"center\">Gryllotalpidae<\/td><\/tr><tr><td class=\"has-text-align-center\" data-align=\"center\"><strong>Subfamilia<\/strong><\/td><td class=\"has-text-align-center\" data-align=\"center\">Gryllotalpinae<\/td><\/tr><tr><td class=\"has-text-align-center\" data-align=\"center\"><strong>Tribu<\/strong><\/td><td class=\"has-text-align-center\" data-align=\"center\">Gryllotalpini<\/td><\/tr><tr><td class=\"has-text-align-center\" data-align=\"center\"><strong>G\u00e9nero<\/strong><\/td><td class=\"has-text-align-center\" data-align=\"center\">Gryllotalpa<\/td><\/tr><tr><td class=\"has-text-align-center\" data-align=\"center\"><strong>Especie<\/strong><\/td><td class=\"has-text-align-center\" data-align=\"center\">G. gryllotalpa<\/td><\/tr><\/tbody><\/table><\/figure>\n<\/div>\n\n\n\n<div class=\"wp-block-column is-layout-flow wp-block-column-is-layout-flow\">\n<div class=\"wp-block-group is-vertical is-layout-flex wp-container-core-group-is-layout-769d0143 wp-block-group-is-layout-flex\">\n<p><strong>DESCRIPCI\u00d3N:<\/strong><\/p>\n\n\n\n<p class=\"has-text-align-justify has-alegreya-font-family has-small-font-size\">El grillo-topo es un ort\u00f3ptero de gran tama\u00f1o, que incluye hembras de 70mm y unos machos de 50mm. Su coloraci\u00f3n es bastante homog\u00e9nea, con unos tonos marrones acompa\u00f1ados de unos pelos de tonalidades m\u00e1s claras.<\/p>\n\n\n\n<p class=\"has-text-align-justify has-alegreya-font-family has-small-font-size\">Su cabeza es de reducido tama\u00f1o y se encuentra proyectada hacia delante. En ella contienen un par de antenas estrechas y alargadas, as\u00ed como un par de ojos reducidos.<\/p>\n\n\n\n<p class=\"has-text-align-justify has-alegreya-font-family has-small-font-size\">En la zona tor\u00e1cica tienen un pronoto de gran tama\u00f1o y fuertemente esclerotizado, que puede cubrir parcialmente la zona de la cabeza. Entre los caracteres presentes en esta regi\u00f3n hay dos pares de alas, donde el segundo para es enorme y se encuentra enrollado longitudinalmente, as\u00ed como tres pares de patas. Su primer par de patas tienen una morfolog\u00eda muy diferente al resto, siendo de tama\u00f1o muy superior y con unas proyecciones en forma de dedos que facilitan la excavaci\u00f3n del suelo.<\/p>\n\n\n\n<p class=\"has-text-align-justify has-alegreya-font-family has-small-font-size\">En cuanto a su abdomen, es alargado y ciertamente ancho. En su d\u00e9cimo segmento se pueden observar los cercos, unas estructuras monosegmentadas que recuerdan a unas antenas. La funci\u00f3n de estas es sensorial, de manera que le permiten detectar entre otras cosas las vibraciones del suelo.<\/p>\n<\/div>\n<\/div>\n<\/div>\n\n\n\n<div style=\"height:10px\" aria-hidden=\"true\" class=\"wp-block-spacer\"><\/div>\n\n\n\n<div class=\"wp-block-group is-vertical is-layout-flex wp-container-core-group-is-layout-769d0143 wp-block-group-is-layout-flex\">\n<p><strong>DIETA:<\/strong><\/p>\n\n\n\n<p class=\"has-alegreya-font-family has-small-font-size\">La dieta suele estar basada en la ingesta de ra\u00edces y larvas de insectos que se encuentran al excavar el suelo.<\/p>\n<\/div>\n\n\n\n<div style=\"height:10px\" aria-hidden=\"true\" class=\"wp-block-spacer\"><\/div>\n\n\n\n<div class=\"wp-block-group is-vertical is-layout-flex wp-container-core-group-is-layout-769d0143 wp-block-group-is-layout-flex\">\n<p><strong>ESTRUCTURA SOCIAL Y COMPORTAMIENTO:<\/strong><\/p>\n\n\n\n<p class=\"has-text-align-justify has-alegreya-font-family has-small-font-size\">Estos organismos presentan un comportamiento principalmente solitario, ya que pasan la mayor parte de su vida enterrados en t\u00faneles subterr\u00e1neos. Aun as\u00ed, en la \u00e9poca reproductiva construyen unas c\u00e1maras ac\u00fasticas que les permite amplificar sus sonidos y as\u00ed atraer a las hembras.<\/p>\n\n\n\n<p class=\"has-text-align-justify has-alegreya-font-family has-small-font-size\">Su ciclo de vida comienza en las noches m\u00e1s calurosas del verano, momento en el que emergen con mayor frecuencia para ir en busca de pareja. Los machos son capaces de facilitar el encuentro a trav\u00e9s de la estridulaci\u00f3n, es decir emitiendo sonidos que gu\u00edan a las hembras hacia su ubicaci\u00f3n, para as\u00ed reproducirse.<\/p>\n\n\n\n<p class=\"has-text-align-justify has-alegreya-font-family has-small-font-size\">Tras la c\u00f3pula, la hembra excava una c\u00e1mara subterr\u00e1nea en la que deposita unos 100-300 huevos. Estos deben ser incubados por lo menos 2 o 3 semanas, periodo durante el cual la madre se encarga de su cuidado.<\/p>\n\n\n\n<p class=\"has-text-align-justify has-alegreya-font-family has-small-font-size\">Cuando eclosionan, la hembra ejerce un cuidado maternal que dura hasta que las ninfas alcanzan su segundo estadio de desarrollo. A partir de aqu\u00ed, las ninfas abandonan el nido y contin\u00faan su crecimiento solas. Alcanzan la fase adulta unos 12-18 meses despu\u00e9s de nacer.<\/p>\n<\/div>\n\n\n\n<div style=\"height:10px\" aria-hidden=\"true\" class=\"wp-block-spacer\"><\/div>\n\n\n\n<div class=\"wp-block-group is-vertical is-layout-flex wp-container-core-group-is-layout-769d0143 wp-block-group-is-layout-flex\">\n<p><strong>HABITAT Y ZONA DE DISTRIBUCI\u00d3N:<\/strong><\/p>\n\n\n\n<p class=\"has-text-align-justify has-alegreya-font-family has-small-font-size\">Su \u00e1rea de distribuci\u00f3n se encuentra en todo lo ancho de Europa, aunque se ha visto introducido en los \u00faltimos a\u00f1os en los Estados Unidos.<\/p>\n\n\n\n<p class=\"has-text-align-justify has-alegreya-font-family has-small-font-size\">Su h\u00e1bitat t\u00edpico es el c\u00e9sped corto de zonas arenosas o turbosas, aunque tambi\u00e9n puede ser encontrados en campos de cultivo, orillas de riachuelos etc.<\/p>\n<\/div>\n\n\n\n<div class=\"wp-block-group is-vertical is-layout-flex wp-container-core-group-is-layout-769d0143 wp-block-group-is-layout-flex\">\n<figure class=\"wp-block-image size-large\"><img loading=\"lazy\" decoding=\"async\" width=\"1056\" height=\"530\" src=\"https:\/\/biocampus25.wordpress.com\/wp-content\/uploads\/2025\/04\/captura-de-pantalla-2025-04-19-114814.png?w=1024\" alt=\"\" class=\"wp-image-1514\" srcset=\"https:\/\/webs.uab.cat\/bees\/wp-content\/uploads\/sites\/329\/2025\/04\/captura-de-pantalla-2025-04-19-114814.png 1056w, https:\/\/webs.uab.cat\/bees\/wp-content\/uploads\/sites\/329\/2025\/04\/captura-de-pantalla-2025-04-19-114814-300x151.png 300w, https:\/\/webs.uab.cat\/bees\/wp-content\/uploads\/sites\/329\/2025\/04\/captura-de-pantalla-2025-04-19-114814-1024x514.png 1024w, https:\/\/webs.uab.cat\/bees\/wp-content\/uploads\/sites\/329\/2025\/04\/captura-de-pantalla-2025-04-19-114814-768x385.png 768w\" sizes=\"auto, (max-width: 1056px) 100vw, 1056px\" \/><\/figure>\n\n\n\n<p class=\"has-text-align-justify has-small-font-size\">Mapa de distribuci\u00f3n de Gryllotapa grillotalpa. Imagen obtenida de Gbif en: <a href=\"https:\/\/www.gbif.org\/es\/species\/1716128\">https:\/\/www.gbif.org\/es\/species\/1716128<\/a><\/p>\n<\/div>\n\n\n\n<div style=\"height:10px\" aria-hidden=\"true\" class=\"wp-block-spacer\"><\/div>\n\n\n\n<div class=\"wp-block-group is-vertical is-layout-flex wp-container-core-group-is-layout-769d0143 wp-block-group-is-layout-flex\">\n<p><strong>ESTADO DE CONSERVACI\u00d3N:<\/strong><\/p>\n\n\n\n<p class=\"has-text-align-justify has-alegreya-font-family has-small-font-size\">Esta especie est\u00e1 considerada de preocupaci\u00f3n menor a nivel europeo, seg\u00fan los datos obtenidos de la IUCN. Aun as\u00ed, el tama\u00f1o poblacional est\u00e1 descendiendo por lo que podr\u00eda ser que llegara a estar en peligro en el futuro.<\/p>\n<\/div>\n\n\n<div class=\"wp-block-image\">\n<figure class=\"aligncenter size-large\"><img loading=\"lazy\" decoding=\"async\" width=\"797\" height=\"222\" src=\"https:\/\/biocampus25.wordpress.com\/wp-content\/uploads\/2025\/04\/captura_de_pantalla_2025-03-27_213157-removebg-preview-33.png?w=797\" alt=\"\" class=\"wp-image-1516\" srcset=\"https:\/\/webs.uab.cat\/bees\/wp-content\/uploads\/sites\/329\/2025\/04\/captura_de_pantalla_2025-03-27_213157-removebg-preview-33.png 797w, https:\/\/webs.uab.cat\/bees\/wp-content\/uploads\/sites\/329\/2025\/04\/captura_de_pantalla_2025-03-27_213157-removebg-preview-33-300x84.png 300w, https:\/\/webs.uab.cat\/bees\/wp-content\/uploads\/sites\/329\/2025\/04\/captura_de_pantalla_2025-03-27_213157-removebg-preview-33-768x214.png 768w\" sizes=\"auto, (max-width: 797px) 100vw, 797px\" \/><\/figure>\n<\/div>\n\n\n<div style=\"height:30px\" aria-hidden=\"true\" class=\"wp-block-spacer\"><\/div>\n\n\n\n<p><strong>REFERENCIAS:<\/strong><\/p>\n\n\n\n<p class=\"has-text-align-justify has-small-font-size\"><em>Gryllotalpa gryllotalpa<\/em>. (n.d.). ArgentiNat. Retrieved February 25, 2025, from&nbsp;&nbsp;&nbsp;&nbsp;&nbsp; <a href=\"https:\/\/www.argentinat.org\/taxa\/71219-Gryllotalpa-gryllotalpa\">https:\/\/www.argentinat.org\/taxa\/71219-Gryllotalpa-gryllotalpa<\/a><\/p>\n\n\n\n<p class=\"has-text-align-justify has-small-font-size\">Grillotalpa (n.d.). Animalia.Bio. Retrieved February 25, 2025, from <a href=\"https:\/\/animalia.bio\/es\/gryllotalpa-gryllotalpa\">https:\/\/animalia.bio\/es\/gryllotalpa-gryllotalpa<\/a><\/p>\n\n\n\n<p class=\"has-text-align-justify has-small-font-size\">Blasco-Zumeta, Javier (n.d.). 175 Gryllotalpa grillotalpa (Orthoptera, Gryllotalpidae). Fauna de Pina de Ebroo y su comarca. Retrieved February 25, 2025, from <a href=\"https:\/\/monteriza.aranzadi.eus\/wp-content\/uploads\/insecta\/175.gryllotalpa-gryllotalpa.pdf\">https:\/\/monteriza.aranzadi.eus\/wp-content\/uploads\/insecta\/175.gryllotalpa-gryllotalpa.pdf<\/a><\/p>\n\n\n\n<p class=\"has-text-align-justify has-small-font-size\"><em>Biocontrol, da\u00f1os y ciclo de vida del grillo topo europeo<\/em>. (n.d.). Koppert.es. Retrieved February 25, 2025, from <a href=\"https:\/\/www.koppert.es\/plagas-en-plantas\/grillos\/grillotopo\/\">https:\/\/www.koppert.es\/plagas-en-plantas\/grillos\/grillotopo\/<\/a><\/p>\n\n\n\n<p class=\"has-text-align-justify has-small-font-size\">Axel Hochkirch, Roy Kleukers, Luc Willemse, Dragan Chobanov, Kristin, A., Gergely Szovenyi, Juan Jos\u00e9 Presa, &amp; Rutschmann, F. (2016a). IUCN Red List of Threatened Species: Gryllotalpa gryllotalpa.&nbsp;<em>IUCN Red List of Threatened Species<\/em>. <a href=\"https:\/\/www.iucnredlist.org\/species\/68380889\/74521302\">https:\/\/www.iucnredlist.org\/species\/68380889\/74521302<\/a><\/p>\n","protected":false},"excerpt":{"rendered":"<p>Reino Animalia Filo Arthropoda Subfilo Hexapoda Clase Insecta Subclase Pterygota Orden Orthoptera Suborden Ensifera Infraorden Gryllidea Superfamilia Gryllotalpoidea Familia Gryllotalpidae Subfamilia Gryllotalpinae Tribu Gryllotalpini G\u00e9nero Gryllotalpa Especie G. gryllotalpa DESCRIPCI\u00d3N: El grillo-topo es un ort\u00f3ptero de gran tama\u00f1o, que incluye hembras de 70mm y unos machos de 50mm. Su coloraci\u00f3n es bastante homog\u00e9nea, con unos [&hellip;]<\/p>\n","protected":false},"author":2556,"featured_media":0,"parent":0,"menu_order":0,"comment_status":"closed","ping_status":"closed","template":"","meta":{"footnotes":""},"class_list":["post-1502","page","type-page","status-publish","hentry"],"_links":{"self":[{"href":"https:\/\/webs.uab.cat\/bees\/wp-json\/wp\/v2\/pages\/1502","targetHints":{"allow":["GET"]}}],"collection":[{"href":"https:\/\/webs.uab.cat\/bees\/wp-json\/wp\/v2\/pages"}],"about":[{"href":"https:\/\/webs.uab.cat\/bees\/wp-json\/wp\/v2\/types\/page"}],"author":[{"embeddable":true,"href":"https:\/\/webs.uab.cat\/bees\/wp-json\/wp\/v2\/users\/2556"}],"replies":[{"embeddable":true,"href":"https:\/\/webs.uab.cat\/bees\/wp-json\/wp\/v2\/comments?post=1502"}],"version-history":[{"count":1,"href":"https:\/\/webs.uab.cat\/bees\/wp-json\/wp\/v2\/pages\/1502\/revisions"}],"predecessor-version":[{"id":4201,"href":"https:\/\/webs.uab.cat\/bees\/wp-json\/wp\/v2\/pages\/1502\/revisions\/4201"}],"wp:attachment":[{"href":"https:\/\/webs.uab.cat\/bees\/wp-json\/wp\/v2\/media?parent=1502"}],"curies":[{"name":"wp","href":"https:\/\/api.w.org\/{rel}","templated":true}]}}