{"id":1521,"date":"2025-05-14T11:42:00","date_gmt":"2025-05-14T09:42:00","guid":{"rendered":"https:\/\/biocampus25.wordpress.com\/?page_id=1521"},"modified":"2025-05-19T12:48:31","modified_gmt":"2025-05-19T10:48:31","slug":"mantodea","status":"publish","type":"page","link":"https:\/\/webs.uab.cat\/bees\/mantodea\/","title":{"rendered":"Mantodea"},"content":{"rendered":"\n<div class=\"wp-block-group is-vertical is-layout-flex wp-container-core-group-is-layout-3e0ae1ae wp-block-group-is-layout-flex\">\n<p><strong>Descripci\u00f3n:<\/strong><\/p>\n\n\n\n<p class=\"has-text-align-justify has-alegreya-font-family has-small-font-size\">Este orden est\u00e1 conformado aproximadamente por 2.400 especies, entre las que destacan las mantis. El rasgo m\u00e1s notable es la modificaci\u00f3n de las patas anteriores, que son de tipo raptoras (son m\u00e1s gruesas y alargadas, adem\u00e1s presentan dos filas con espinas en la regi\u00f3n de la tibia). Esta extremidad les es especialmente \u00fatil para la captura de sus presas.<\/p>\n\n\n\n<p class=\"has-text-align-justify has-alegreya-font-family has-small-font-size\">Generalmente, son animales diurnos, que viven en bosques tropicales o en desiertos. Su dieta suele estar basada en invertebrados, pero los organismos m\u00e1s grandes pueden alimentarse de ranas, serpientes, ratones, colibr\u00edes, etc.<\/p>\n\n\n\n<p class=\"has-text-align-justify has-alegreya-font-family has-small-font-size\">Su cabeza tiene una morfolog\u00eda triangular, con la boca dirigida hacia abajo que contiene un aparato masticador. En esta regi\u00f3n podemos encontrar unas antenas m\u00e1s o menos alargadas, un grupo de tres ocelos dispuestos en tri\u00e1ngulo y dos ojos compuestos de forma semicircular.<\/p>\n\n\n\n<p class=\"has-text-align-justify has-alegreya-font-family has-small-font-size\">En el t\u00f3rax se puede observar un primer segmento (prot\u00f3rax) m\u00e1s estrecho y alargado que los otros dos, pero nunca dirigido hacia la zona de la cabeza. Tambi\u00e9n presentan un par de alas: las primeras son cori\u00e1ceas y cubren a las segundas, que son membranosas y sirven para clasificar los grupos (los macr\u00f3pteros las tienen alargadas, los braqu\u00edpteros las tienen cortas, los micr\u00f3pteros tienen alas vestigiales y los \u00e1pteros directamente no tienen).<\/p>\n\n\n\n<p class=\"has-text-align-justify has-alegreya-font-family has-small-font-size\">El abdomen es alargado y delgado, aunque en las hembras es ligeramente m\u00e1s ancho. Esta regi\u00f3n est\u00e1 formada por diez segmentos dorsales y solo nueve ventrales en machos y siete en hembras. Este s\u00e9ptimo segmento de las hembras forma una placa subgenital que envuelve los tres pares de valvas que forman el ovopositor (\u00f3rgano femenino para generar un agujero en el medio donde colocar los huevos).<\/p>\n\n\n\n<p class=\"has-text-align-justify has-alegreya-font-family has-small-font-size\">En cuanto a su reproducci\u00f3n, en zonas templadas se produce en oto\u00f1o, mientras que en las zonas tropicales puede realizarse durante todo el a\u00f1o. Antes de la c\u00f3pula, el macho rodea a la hembra y salta sobre su t\u00f3rax, el cual envuelve con su primer par de patas. Una vez ha transferido los espermatozoides, la hembra se come al macho y deposita entre 10 y 400 huevos en una espuma generada por unas gl\u00e1ndulas del abdomen.<\/p>\n\n\n\n<p class=\"has-text-align-justify has-alegreya-font-family has-small-font-size\">De estos huevos saldr\u00e1n unas ninfas, que al poco tiempo de nacer ya realizan la primera muda. Seg\u00fan las condiciones ambientales, una misma especie puede necesitar un n\u00famero variable de mudas antes de llegar a la fase adulta.<\/p>\n<\/div>\n\n\n\n<div style=\"height:20px\" aria-hidden=\"true\" class=\"wp-block-spacer\"><\/div>\n\n\n\n<p><strong>Clave dicot\u00f3mica:<\/strong><\/p>\n\n\n\n<div class=\"wp-block-columns is-layout-flex wp-container-core-columns-is-layout-9d6595d7 wp-block-columns-is-layout-flex\">\n<div class=\"wp-block-column is-layout-flow wp-block-column-is-layout-flow\" style=\"flex-basis:66.66%\">\n<p class=\"has-text-align-justify has-small-font-size\"><strong>a. <\/strong>Insecto verde o marr\u00f3n, con t\u00f3rax corto, cabeza triangular y primer par de patas bien robustas &#8212;&#8212;&#8212;&#8212;&#8212;&#8212;&#8212;-&gt; <strong><a href=\"https:\/\/webs.uab.cat\/bees\/mantis-europea\/\" data-type=\"page\" data-id=\"1532\">Mantis religiosa<\/a><\/strong><\/p>\n\n\n\n<div style=\"height:152px\" aria-hidden=\"true\" class=\"wp-block-spacer\"><\/div>\n\n\n\n<p class=\"has-text-align-justify has-small-font-size\">b. Animal de color marr\u00f3n o beige, con t\u00f3rax y cabeza m\u00e1s largos &#8212;&#8212;&#8212;&#8211;&gt; <strong><a href=\"https:\/\/webs.uab.cat\/bees\/mantis-palo\/\" data-type=\"page\" data-id=\"1550\">Empusa pennata<\/a><\/strong><\/p>\n<\/div>\n\n\n\n<div class=\"wp-block-column is-layout-flow wp-block-column-is-layout-flow\" style=\"flex-basis:33.33%\">\n<div class=\"wp-block-group is-vertical is-layout-flex wp-container-core-group-is-layout-769d0143 wp-block-group-is-layout-flex\">\n<figure class=\"wp-block-image size-large\"><img loading=\"lazy\" decoding=\"async\" width=\"640\" height=\"430\" src=\"https:\/\/biocampus25.wordpress.com\/wp-content\/uploads\/2025\/04\/praying_mantis_california.jpg?w=640\" alt=\"\" class=\"wp-image-1526\" srcset=\"https:\/\/webs.uab.cat\/bees\/wp-content\/uploads\/sites\/329\/2025\/04\/praying_mantis_california.jpg 640w, https:\/\/webs.uab.cat\/bees\/wp-content\/uploads\/sites\/329\/2025\/04\/praying_mantis_california-300x202.jpg 300w\" sizes=\"auto, (max-width: 640px) 100vw, 640px\" \/><figcaption class=\"wp-element-caption\"><a href=\"https:\/\/webs.uab.cat\/bees\/mantis-europea\/\" data-type=\"page\" data-id=\"1532\">Mantis religiosa<\/a><\/figcaption><\/figure>\n<\/div>\n\n\n\n<div class=\"wp-block-group is-vertical is-layout-flex wp-container-core-group-is-layout-769d0143 wp-block-group-is-layout-flex\">\n<figure class=\"wp-block-image size-large\"><img loading=\"lazy\" decoding=\"async\" width=\"1200\" height=\"900\" src=\"https:\/\/biocampus25.wordpress.com\/wp-content\/uploads\/2025\/04\/conehead_mantis_empusa_pennata_serra_de_sao_mamede_portugal_50812867258.jpg?w=1024\" alt=\"\" class=\"wp-image-1528\" srcset=\"https:\/\/webs.uab.cat\/bees\/wp-content\/uploads\/sites\/329\/2025\/04\/conehead_mantis_empusa_pennata_serra_de_sao_mamede_portugal_50812867258.jpg 1200w, https:\/\/webs.uab.cat\/bees\/wp-content\/uploads\/sites\/329\/2025\/04\/conehead_mantis_empusa_pennata_serra_de_sao_mamede_portugal_50812867258-300x225.jpg 300w, https:\/\/webs.uab.cat\/bees\/wp-content\/uploads\/sites\/329\/2025\/04\/conehead_mantis_empusa_pennata_serra_de_sao_mamede_portugal_50812867258-1024x768.jpg 1024w, https:\/\/webs.uab.cat\/bees\/wp-content\/uploads\/sites\/329\/2025\/04\/conehead_mantis_empusa_pennata_serra_de_sao_mamede_portugal_50812867258-768x576.jpg 768w\" sizes=\"auto, (max-width: 1200px) 100vw, 1200px\" \/><figcaption class=\"wp-element-caption\"><a href=\"https:\/\/webs.uab.cat\/bees\/mantis-palo\/\" data-type=\"page\" data-id=\"1550\">Empusa pennata<\/a>. Imagen con copyright CC BY 2.0, creada por Frank Vassen y obtenida de Wikimedia commons en: <a href=\"https:\/\/commons.wikimedia.org\/wiki\/File:Conehead_Mantis_(Empusa_pennata),_Serra_de_S%C3%A3o_Mamede,_Portugal_(50812867258).jpg\">https:\/\/commons.wikimedia.org\/wiki\/File:Conehead_Mantis_(Empusa_pennata),_Serra_de_S%C3%A3o_Mamede,_Portugal_(50812867258).jpg<\/a><\/figcaption><\/figure>\n<\/div>\n<\/div>\n<\/div>\n\n\n\n<p><strong>Bibliografia:<\/strong><\/p>\n\n\n\n<p class=\"has-text-align-justify has-small-font-size\">Wikipedia contributors. (n.d.-k).&nbsp;<em>Mantodea<\/em>. Wikipedia, The Free Encyclopedia.<a href=\"https:\/\/es.wikipedia.org\/w\/index.php?title=Mantodea&amp;oldid=165861405\"> https:\/\/es.wikipedia.org\/w\/index.php?title=Mantodea&amp;oldid=165861405<\/a><\/p>\n\n\n\n<p class=\"has-text-align-justify has-small-font-size\"><em>Orden Mantodea &#8211; Insectarium Virtual del Parc Natural del Penyal d\u2019Ifac &#8211; Generalitat Valenciana<\/em>. (n.d.). Insectarium Virtual del Parc Natural del Penyal d\u2019Ifac. Retrieved January 15, 2025, from <a href=\"https:\/\/parquesnaturales.gva.es\/es\/web\/insectarium-virtual-del-parc-natural-del-penyal-d-ifac\/orden-mantodea\">https:\/\/parquesnaturales.gva.es\/es\/web\/insectarium-virtual-del-parc-natural-del-penyal-d-ifac\/orden-mantodea<\/a><\/p>\n","protected":false},"excerpt":{"rendered":"<p>Descripci\u00f3n: Este orden est\u00e1 conformado aproximadamente por 2.400 especies, entre las que destacan las mantis. El rasgo m\u00e1s notable es la modificaci\u00f3n de las patas anteriores, que son de tipo raptoras (son m\u00e1s gruesas y alargadas, adem\u00e1s presentan dos filas con espinas en la regi\u00f3n de la tibia). Esta extremidad les es especialmente \u00fatil para [&hellip;]<\/p>\n","protected":false},"author":2556,"featured_media":0,"parent":0,"menu_order":0,"comment_status":"closed","ping_status":"closed","template":"","meta":{"footnotes":""},"class_list":["post-1521","page","type-page","status-publish","hentry"],"_links":{"self":[{"href":"https:\/\/webs.uab.cat\/bees\/wp-json\/wp\/v2\/pages\/1521","targetHints":{"allow":["GET"]}}],"collection":[{"href":"https:\/\/webs.uab.cat\/bees\/wp-json\/wp\/v2\/pages"}],"about":[{"href":"https:\/\/webs.uab.cat\/bees\/wp-json\/wp\/v2\/types\/page"}],"author":[{"embeddable":true,"href":"https:\/\/webs.uab.cat\/bees\/wp-json\/wp\/v2\/users\/2556"}],"replies":[{"embeddable":true,"href":"https:\/\/webs.uab.cat\/bees\/wp-json\/wp\/v2\/comments?post=1521"}],"version-history":[{"count":2,"href":"https:\/\/webs.uab.cat\/bees\/wp-json\/wp\/v2\/pages\/1521\/revisions"}],"predecessor-version":[{"id":4244,"href":"https:\/\/webs.uab.cat\/bees\/wp-json\/wp\/v2\/pages\/1521\/revisions\/4244"}],"wp:attachment":[{"href":"https:\/\/webs.uab.cat\/bees\/wp-json\/wp\/v2\/media?parent=1521"}],"curies":[{"name":"wp","href":"https:\/\/api.w.org\/{rel}","templated":true}]}}