{"id":1532,"date":"2025-05-14T11:41:59","date_gmt":"2025-05-14T09:41:59","guid":{"rendered":"https:\/\/biocampus25.wordpress.com\/?page_id=1532"},"modified":"2025-05-19T12:46:53","modified_gmt":"2025-05-19T10:46:53","slug":"mantis-europea","status":"publish","type":"page","link":"https:\/\/webs.uab.cat\/bees\/mantis-europea\/","title":{"rendered":"MANTIS EUROPEA"},"content":{"rendered":"<div class=\"wp-block-image\">\n<figure class=\"aligncenter size-large\"><img loading=\"lazy\" decoding=\"async\" width=\"640\" height=\"430\" src=\"https:\/\/biocampus25.wordpress.com\/wp-content\/uploads\/2025\/04\/praying_mantis_california-1.jpg?w=640\" alt=\"\" class=\"wp-image-1534\" srcset=\"https:\/\/webs.uab.cat\/bees\/wp-content\/uploads\/sites\/329\/2025\/04\/praying_mantis_california-1.jpg 640w, https:\/\/webs.uab.cat\/bees\/wp-content\/uploads\/sites\/329\/2025\/04\/praying_mantis_california-1-300x202.jpg 300w\" sizes=\"auto, (max-width: 640px) 100vw, 640px\" \/><\/figure>\n<\/div>\n\n\n<div style=\"height:10px\" aria-hidden=\"true\" class=\"wp-block-spacer\"><\/div>\n\n\n\n<div class=\"wp-block-columns is-layout-flex wp-container-core-columns-is-layout-9d6595d7 wp-block-columns-is-layout-flex\">\n<div class=\"wp-block-column is-layout-flow wp-block-column-is-layout-flow\">\n<figure class=\"wp-block-table has-alegreya-font-family has-small-font-size\"><table><tbody><tr><td class=\"has-text-align-center\" data-align=\"center\"><strong>Reino<\/strong><\/td><td class=\"has-text-align-center\" data-align=\"center\">Animalia<\/td><\/tr><tr><td class=\"has-text-align-center\" data-align=\"center\"><strong>Filo<\/strong><\/td><td class=\"has-text-align-center\" data-align=\"center\">Arthropoda<\/td><\/tr><tr><td class=\"has-text-align-center\" data-align=\"center\"><strong>Subfilo<\/strong><\/td><td class=\"has-text-align-center\" data-align=\"center\"><a href=\"https:\/\/webs.uab.cat\/bees\/hexapoda\/\" data-type=\"page\" data-id=\"4095\">Hexapoda<\/a><\/td><\/tr><tr><td class=\"has-text-align-center\" data-align=\"center\"><strong>Clase<\/strong><\/td><td class=\"has-text-align-center\" data-align=\"center\">Insecta<\/td><\/tr><tr><td class=\"has-text-align-center\" data-align=\"center\"><strong>Subclase<\/strong><\/td><td class=\"has-text-align-center\" data-align=\"center\">Pterygota<\/td><\/tr><tr><td class=\"has-text-align-center\" data-align=\"center\"><strong>Orden<\/strong><\/td><td class=\"has-text-align-center\" data-align=\"center\"><a href=\"https:\/\/webs.uab.cat\/bees\/mantodea\/\" data-type=\"page\" data-id=\"1521\">Mantodea<\/a><\/td><\/tr><tr><td class=\"has-text-align-center\" data-align=\"center\"><strong>Suborden<\/strong><\/td><td class=\"has-text-align-center\" data-align=\"center\">Eumantodea<\/td><\/tr><tr><td class=\"has-text-align-center\" data-align=\"center\"><strong>Infraorden<\/strong><\/td><td class=\"has-text-align-center\" data-align=\"center\">Schizomantodea<\/td><\/tr><tr><td class=\"has-text-align-center\" data-align=\"center\"><strong>Superfamilia<\/strong><\/td><td class=\"has-text-align-center\" data-align=\"center\">Mantoidea<\/td><\/tr><tr><td class=\"has-text-align-center\" data-align=\"center\"><strong>Familia<\/strong><\/td><td class=\"has-text-align-center\" data-align=\"center\">Mantidae<\/td><\/tr><tr><td class=\"has-text-align-center\" data-align=\"center\"><strong>Subfamilia<\/strong><\/td><td class=\"has-text-align-center\" data-align=\"center\">Mantinae<\/td><\/tr><tr><td class=\"has-text-align-center\" data-align=\"center\"><strong>G\u00e9nero<\/strong><\/td><td class=\"has-text-align-center\" data-align=\"center\">Mantis<\/td><\/tr><tr><td class=\"has-text-align-center\" data-align=\"center\"><strong>Especie<\/strong><\/td><td class=\"has-text-align-center\" data-align=\"center\">M. religiosa<\/td><\/tr><\/tbody><\/table><\/figure>\n<\/div>\n\n\n\n<div class=\"wp-block-column is-layout-flow wp-block-column-is-layout-flow\">\n<div class=\"wp-block-group is-vertical is-layout-flex wp-container-core-group-is-layout-769d0143 wp-block-group-is-layout-flex\">\n<p><strong>DESCRIPCI\u00d3N:<\/strong><\/p>\n\n\n\n<p class=\"has-text-align-justify has-alegreya-font-family has-small-font-size\">La mantis europea es una mantis de gran tama\u00f1o, que suele medir entre 6 y 7cm aunque algunos ejemplares alcanzan los 15cm. Su coloraci\u00f3n puede ser verdosa o parda, seg\u00fan como sea el entorno en el que se encuentre (su coloraci\u00f3n se adapta para poderse camuflar mejor).<\/p>\n\n\n\n<p class=\"has-text-align-justify has-alegreya-font-family has-small-font-size\">Su cabeza es de forma triangular y cuenta con un par de ojos compuestos de gran tama\u00f1o, intercalados por tres ocelos diminutos, y un par de antenas alargadas y gruesas. Cabe destacar que esta cabeza es de gran movilidad, lo que les permite poderla girar unos 180\u00ba.<\/p>\n\n\n\n<p class=\"has-text-align-justify has-alegreya-font-family has-small-font-size\">Su t\u00f3rax es estrecho y alargado, lugar en el que guardan sus dos pares de alas, que \u00fanicamente permiten el vuelo al macho, y sus tres pares de patas. Destacan su primer par de patas, de tipo raptoras, que son de gran tama\u00f1o y bien dentadas. Estas extremidades le favorecen la captura de sus presas, as\u00ed como defenderse de depredadores o competidores.<\/p>\n\n\n\n<p class=\"has-text-align-justify has-alegreya-font-family has-small-font-size\">Finalmente, su abdomen es ancho y formado por 6 segmentos en machos y 8 en hembras (requieren de m\u00e1s segmentos para poder almacenar los huevos).<\/p>\n<\/div>\n<\/div>\n<\/div>\n\n\n\n<div style=\"height:10px\" aria-hidden=\"true\" class=\"wp-block-spacer\"><\/div>\n\n\n\n<div class=\"wp-block-group is-vertical is-layout-flex wp-container-core-group-is-layout-769d0143 wp-block-group-is-layout-flex\">\n<p><strong>DIETA:<\/strong><\/p>\n\n\n\n<p class=\"has-text-align-justify has-alegreya-font-family has-small-font-size\">La dieta de estos animales est\u00e1 basada en la caza de diversos grupos de insectos y ar\u00e1cnidos, a los que captura gracias a sus patas raptoras.<\/p>\n<\/div>\n\n\n\n<div style=\"height:10px\" aria-hidden=\"true\" class=\"wp-block-spacer\"><\/div>\n\n\n\n<div class=\"wp-block-group is-vertical is-layout-flex wp-container-core-group-is-layout-769d0143 wp-block-group-is-layout-flex\">\n<p><strong>ESTRUCTURA SOCIAL Y COMPORTAMIENTO:<\/strong><\/p>\n\n\n\n<p class=\"has-text-align-justify has-alegreya-font-family has-small-font-size\">Estos insectos son de h\u00e1bitos solitarios y diurnos. Aun as\u00ed, no exhiben un comportamiento tan territorial ni agresivo como sus familiares las mantis religiosas, sino que se mantienen aislados sin atacar a otros organismos que no sean alimento.<\/p>\n\n\n\n<p class=\"has-text-align-justify has-alegreya-font-family has-small-font-size\">Su ciclo comienza con la emergencia de los adultos en los meses de primavera. En este periodo es en el que se produce la copula, pero rara vez las hembras se comen al macho al acabar. Despu\u00e9s de esto, colocaran los huevos en ootecas, estructuras espumosas de protecci\u00f3n que sit\u00faan en ramas o piedras.<\/p>\n\n\n\n<p class=\"has-text-align-justify has-alegreya-font-family has-small-font-size\">Un mes despu\u00e9s de la puesta de los huevos, normalmente a principios de oto\u00f1o, las ninfas nacen. Estas tienen una morfolog\u00eda muy parecida a la del adulto, pero sin tener alas ni \u00f3rganos sexuales maduros. Podr\u00e1n empezar a comer uno o dos d\u00edas despu\u00e9s de nacer, pero su actividad se reducir\u00e1 enormemente en invierno, ya que son capaces de entrar en una diapausa.<\/p>\n\n\n\n<p class=\"has-text-align-justify has-alegreya-font-family has-small-font-size\">Al volver las buenas condiciones, en primavera, su actividad se volver\u00e1 a disparar y acabar\u00e1 de darse su desarrollo. Llegar\u00e1n a fase de adulto una vez hayan pasado por 6 mudas.<\/p>\n<\/div>\n\n\n<div class=\"wp-block-image\">\n<figure class=\"aligncenter size-large\"><img loading=\"lazy\" decoding=\"async\" width=\"1242\" height=\"112\" src=\"https:\/\/biocampus25.wordpress.com\/wp-content\/uploads\/2025\/04\/captura-de-pantalla-2025-04-19-121953.png?w=1024\" alt=\"\" class=\"wp-image-1540\" srcset=\"https:\/\/webs.uab.cat\/bees\/wp-content\/uploads\/sites\/329\/2025\/04\/captura-de-pantalla-2025-04-19-121953.png 1242w, https:\/\/webs.uab.cat\/bees\/wp-content\/uploads\/sites\/329\/2025\/04\/captura-de-pantalla-2025-04-19-121953-300x27.png 300w, https:\/\/webs.uab.cat\/bees\/wp-content\/uploads\/sites\/329\/2025\/04\/captura-de-pantalla-2025-04-19-121953-1024x92.png 1024w, https:\/\/webs.uab.cat\/bees\/wp-content\/uploads\/sites\/329\/2025\/04\/captura-de-pantalla-2025-04-19-121953-768x69.png 768w, https:\/\/webs.uab.cat\/bees\/wp-content\/uploads\/sites\/329\/2025\/04\/captura-de-pantalla-2025-04-19-121953-1200x108.png 1200w\" sizes=\"auto, (max-width: 1242px) 100vw, 1242px\" \/><\/figure>\n<\/div>\n\n\n<div style=\"height:10px\" aria-hidden=\"true\" class=\"wp-block-spacer\"><\/div>\n\n\n\n<div class=\"wp-block-group is-vertical is-layout-flex wp-container-core-group-is-layout-769d0143 wp-block-group-is-layout-flex\">\n<p><strong>HABITAT Y ZONA DE DISTRIBUCI\u00d3N:<\/strong><\/p>\n\n\n\n<p class=\"has-text-align-justify has-alegreya-font-family has-small-font-size\">Su \u00e1rea de distribuci\u00f3n es bastante amplia, incluyendo entre otras zonas, Norte Am\u00e9rica, Europa, el norte y sur de \u00c1frica y diversas regiones de Asia (India, China, Jap\u00f3n etc.).<\/p>\n\n\n\n<p class=\"has-text-align-justify has-alegreya-font-family has-small-font-size\">Suelen habitar c\u00e9spedes pobres de zonas c\u00e1lidas y secas, en los que haya una cierta vegetaci\u00f3n para permitir su camuflaje.<\/p>\n<\/div>\n\n\n\n<div class=\"wp-block-group has-small-font-size is-vertical is-layout-flex wp-container-core-group-is-layout-8cf370e7 wp-block-group-is-layout-flex\">\n<div class=\"wp-block-group is-vertical is-layout-flex wp-container-core-group-is-layout-769d0143 wp-block-group-is-layout-flex\">\n<figure class=\"wp-block-image size-large\"><img loading=\"lazy\" decoding=\"async\" width=\"1059\" height=\"531\" src=\"https:\/\/biocampus25.wordpress.com\/wp-content\/uploads\/2025\/04\/captura-de-pantalla-2025-04-19-122222.png?w=1024\" alt=\"\" class=\"wp-image-1543\" srcset=\"https:\/\/webs.uab.cat\/bees\/wp-content\/uploads\/sites\/329\/2025\/04\/captura-de-pantalla-2025-04-19-122222.png 1059w, https:\/\/webs.uab.cat\/bees\/wp-content\/uploads\/sites\/329\/2025\/04\/captura-de-pantalla-2025-04-19-122222-300x150.png 300w, https:\/\/webs.uab.cat\/bees\/wp-content\/uploads\/sites\/329\/2025\/04\/captura-de-pantalla-2025-04-19-122222-1024x513.png 1024w, https:\/\/webs.uab.cat\/bees\/wp-content\/uploads\/sites\/329\/2025\/04\/captura-de-pantalla-2025-04-19-122222-768x385.png 768w\" sizes=\"auto, (max-width: 1059px) 100vw, 1059px\" \/><\/figure>\n\n\n\n<p class=\"has-text-align-justify has-small-font-size\">Mapa de distribuci\u00f3n de Mantis religiosa. Imagen obtenida de Gbif en: <a href=\"https:\/\/www.gbif.org\/es\/species\/6258028\">https:\/\/www.gbif.org\/es\/species\/6258028<\/a><\/p>\n<\/div>\n<\/div>\n\n\n\n<div style=\"height:10px\" aria-hidden=\"true\" class=\"wp-block-spacer\"><\/div>\n\n\n\n<div class=\"wp-block-group is-vertical is-layout-flex wp-container-core-group-is-layout-769d0143 wp-block-group-is-layout-flex\">\n<p><strong>ESTADO DE CONSERVACI\u00d3N:<\/strong><\/p>\n\n\n\n<p class=\"has-text-align-justify has-alegreya-font-family has-small-font-size\">Esta especie est\u00e1 considerada de preocupaci\u00f3n menor en la IUCN.<\/p>\n<\/div>\n\n\n<div class=\"wp-block-image\">\n<figure class=\"aligncenter size-large\"><img loading=\"lazy\" decoding=\"async\" width=\"797\" height=\"222\" src=\"https:\/\/biocampus25.wordpress.com\/wp-content\/uploads\/2025\/04\/captura_de_pantalla_2025-03-27_213157-removebg-preview-34.png?w=797\" alt=\"\" class=\"wp-image-1546\" srcset=\"https:\/\/webs.uab.cat\/bees\/wp-content\/uploads\/sites\/329\/2025\/04\/captura_de_pantalla_2025-03-27_213157-removebg-preview-34.png 797w, https:\/\/webs.uab.cat\/bees\/wp-content\/uploads\/sites\/329\/2025\/04\/captura_de_pantalla_2025-03-27_213157-removebg-preview-34-300x84.png 300w, https:\/\/webs.uab.cat\/bees\/wp-content\/uploads\/sites\/329\/2025\/04\/captura_de_pantalla_2025-03-27_213157-removebg-preview-34-768x214.png 768w\" sizes=\"auto, (max-width: 797px) 100vw, 797px\" \/><\/figure>\n<\/div>\n\n\n<div style=\"height:30px\" aria-hidden=\"true\" class=\"wp-block-spacer\"><\/div>\n\n\n\n<p><strong>REFERENCIAS:<\/strong><\/p>\n\n\n\n<p class=\"has-text-align-justify has-small-font-size\"><em>Mantis Europea (Mantis religiosa)<\/em>. (n.d.). iNaturalist Mexico. Retrieved February 25, 2025, from <a href=\"https:\/\/mexico.inaturalist.org\/taxa\/53905-Mantis-religiosa\">https:\/\/mexico.inaturalist.org\/taxa\/53905-Mantis-religiosa<\/a><\/p>\n\n\n\n<p class=\"has-text-align-justify has-small-font-size\">Valderrey, J. L. M. (2006, August 15).&nbsp;<em>Mantis religiosa (Linnaeus, 1758)<\/em>. Naturaleza y turismo. <a href=\"https:\/\/www.asturnatura.com\/especie\/mantis-religiosa\">https:\/\/www.asturnatura.com\/especie\/mantis-religiosa<\/a><\/p>\n\n\n\n<p class=\"has-text-align-justify has-small-font-size\"><em>Mantis Religiosa<\/em>. (2020, May 1). VETCON; Vetcon &#8211; Veterinario de animales ex\u00f3ticos. <a href=\"https:\/\/www.vetcon.es\/invertebrados-exoticos\/mantis-religiosa\/\">https:\/\/www.vetcon.es\/invertebrados-exoticos\/mantis-religiosa\/<\/a><\/p>\n\n\n\n<p class=\"has-text-align-justify has-small-font-size\"><em>Descripci\u00f3n general de una mantis<\/em>. (2011, February 19). Cuidandobichos.com.&nbsp;&nbsp;&nbsp;&nbsp;&nbsp;&nbsp;&nbsp;&nbsp;&nbsp;&nbsp; <a href=\"https:\/\/www.cuidandobichos.com\/mantis\/general\/\">https:\/\/www.cuidandobichos.com\/mantis\/general\/<\/a><\/p>\n\n\n\n<p class=\"has-text-align-justify has-small-font-size\">Roberto Battiston (2015). Mantis religiosa.&nbsp;<em>IUCN Red List of Threatened Species<\/em>. <a href=\"https:\/\/www.iucnredlist.org\/species\/44793247\/44798476\">https:\/\/www.iucnredlist.org\/species\/44793247\/44798476<\/a><\/p>\n","protected":false},"excerpt":{"rendered":"<p>Reino Animalia Filo Arthropoda Subfilo Hexapoda Clase Insecta Subclase Pterygota Orden Mantodea Suborden Eumantodea Infraorden Schizomantodea Superfamilia Mantoidea Familia Mantidae Subfamilia Mantinae G\u00e9nero Mantis Especie M. religiosa DESCRIPCI\u00d3N: La mantis europea es una mantis de gran tama\u00f1o, que suele medir entre 6 y 7cm aunque algunos ejemplares alcanzan los 15cm. Su coloraci\u00f3n puede ser verdosa [&hellip;]<\/p>\n","protected":false},"author":2556,"featured_media":0,"parent":0,"menu_order":0,"comment_status":"closed","ping_status":"closed","template":"","meta":{"footnotes":""},"class_list":["post-1532","page","type-page","status-publish","hentry"],"_links":{"self":[{"href":"https:\/\/webs.uab.cat\/bees\/wp-json\/wp\/v2\/pages\/1532","targetHints":{"allow":["GET"]}}],"collection":[{"href":"https:\/\/webs.uab.cat\/bees\/wp-json\/wp\/v2\/pages"}],"about":[{"href":"https:\/\/webs.uab.cat\/bees\/wp-json\/wp\/v2\/types\/page"}],"author":[{"embeddable":true,"href":"https:\/\/webs.uab.cat\/bees\/wp-json\/wp\/v2\/users\/2556"}],"replies":[{"embeddable":true,"href":"https:\/\/webs.uab.cat\/bees\/wp-json\/wp\/v2\/comments?post=1532"}],"version-history":[{"count":1,"href":"https:\/\/webs.uab.cat\/bees\/wp-json\/wp\/v2\/pages\/1532\/revisions"}],"predecessor-version":[{"id":4241,"href":"https:\/\/webs.uab.cat\/bees\/wp-json\/wp\/v2\/pages\/1532\/revisions\/4241"}],"wp:attachment":[{"href":"https:\/\/webs.uab.cat\/bees\/wp-json\/wp\/v2\/media?parent=1532"}],"curies":[{"name":"wp","href":"https:\/\/api.w.org\/{rel}","templated":true}]}}