{"id":1550,"date":"2025-05-14T11:41:59","date_gmt":"2025-05-14T09:41:59","guid":{"rendered":"https:\/\/biocampus25.wordpress.com\/?page_id=1550"},"modified":"2025-05-19T12:47:19","modified_gmt":"2025-05-19T10:47:19","slug":"mantis-palo","status":"publish","type":"page","link":"https:\/\/webs.uab.cat\/bees\/mantis-palo\/","title":{"rendered":"MANTIS PALO"},"content":{"rendered":"<div class=\"wp-block-image\">\n<figure class=\"aligncenter size-large\"><img loading=\"lazy\" decoding=\"async\" width=\"1200\" height=\"900\" src=\"https:\/\/biocampus25.wordpress.com\/wp-content\/uploads\/2025\/04\/conehead_mantis_empusa_pennata_serra_de_sao_mamede_portugal_50812867258-1.jpg?w=1024\" alt=\"\" class=\"wp-image-1551\" srcset=\"https:\/\/webs.uab.cat\/bees\/wp-content\/uploads\/sites\/329\/2025\/04\/conehead_mantis_empusa_pennata_serra_de_sao_mamede_portugal_50812867258-1.jpg 1200w, https:\/\/webs.uab.cat\/bees\/wp-content\/uploads\/sites\/329\/2025\/04\/conehead_mantis_empusa_pennata_serra_de_sao_mamede_portugal_50812867258-1-300x225.jpg 300w, https:\/\/webs.uab.cat\/bees\/wp-content\/uploads\/sites\/329\/2025\/04\/conehead_mantis_empusa_pennata_serra_de_sao_mamede_portugal_50812867258-1-1024x768.jpg 1024w, https:\/\/webs.uab.cat\/bees\/wp-content\/uploads\/sites\/329\/2025\/04\/conehead_mantis_empusa_pennata_serra_de_sao_mamede_portugal_50812867258-1-768x576.jpg 768w\" sizes=\"auto, (max-width: 1200px) 100vw, 1200px\" \/><\/figure>\n<\/div>\n\n\n<p class=\"has-text-align-justify has-small-font-size\">Empusa pennata. Imagen con copyright CC BY 2.0, creada por Frank Vassen y obtenida de Wikimedia commons en: <a href=\"https:\/\/commons.wikimedia.org\/wiki\/File:Conehead_Mantis_(Empusa_pennata),_Serra_de_S%C3%A3o_Mamede,_Portugal_(50812867258).jpg\">https:\/\/commons.wikimedia.org\/wiki\/File:Conehead_Mantis_(Empusa_pennata),_Serra_de_S%C3%A3o_Mamede,_Portugal_(50812867258).jpg<\/a><\/p>\n\n\n\n<div style=\"height:10px\" aria-hidden=\"true\" class=\"wp-block-spacer\"><\/div>\n\n\n\n<div class=\"wp-block-columns is-layout-flex wp-container-core-columns-is-layout-9d6595d7 wp-block-columns-is-layout-flex\">\n<div class=\"wp-block-column is-layout-flow wp-block-column-is-layout-flow\">\n<figure class=\"wp-block-table has-alegreya-font-family has-small-font-size\"><table><tbody><tr><td class=\"has-text-align-center\" data-align=\"center\"><strong>Reino<\/strong><\/td><td class=\"has-text-align-center\" data-align=\"center\">Animalia<\/td><\/tr><tr><td class=\"has-text-align-center\" data-align=\"center\"><strong>Filo<\/strong><\/td><td class=\"has-text-align-center\" data-align=\"center\">Arthropoda<\/td><\/tr><tr><td class=\"has-text-align-center\" data-align=\"center\"><strong>Subfilo<\/strong><\/td><td class=\"has-text-align-center\" data-align=\"center\"><a href=\"https:\/\/webs.uab.cat\/bees\/hexapoda\/\" data-type=\"page\" data-id=\"4095\">Hexapoda<\/a><\/td><\/tr><tr><td class=\"has-text-align-center\" data-align=\"center\"><strong>Clase<\/strong><\/td><td class=\"has-text-align-center\" data-align=\"center\">Insecta<\/td><\/tr><tr><td class=\"has-text-align-center\" data-align=\"center\"><strong>Subclase<\/strong><\/td><td class=\"has-text-align-center\" data-align=\"center\">Pterygota<\/td><\/tr><tr><td class=\"has-text-align-center\" data-align=\"center\"><strong>Orden<\/strong><\/td><td class=\"has-text-align-center\" data-align=\"center\"><a href=\"https:\/\/webs.uab.cat\/bees\/mantodea\/\" data-type=\"page\" data-id=\"1521\">Mantodea<\/a><\/td><\/tr><tr><td class=\"has-text-align-center\" data-align=\"center\"><strong>Suborden<\/strong><\/td><td class=\"has-text-align-center\" data-align=\"center\">Eumantodea<\/td><\/tr><tr><td class=\"has-text-align-center\" data-align=\"center\"><strong>Infraorden<\/strong><\/td><td class=\"has-text-align-center\" data-align=\"center\">Schizomantodea<\/td><\/tr><tr><td class=\"has-text-align-center\" data-align=\"center\"><strong>Superfamilia<\/strong><\/td><td class=\"has-text-align-center\" data-align=\"center\">Hymenopoidea<\/td><\/tr><tr><td class=\"has-text-align-center\" data-align=\"center\"><strong>Familia<\/strong><\/td><td class=\"has-text-align-center\" data-align=\"center\">Empusidae<\/td><\/tr><tr><td class=\"has-text-align-center\" data-align=\"center\"><strong>Subfamilia<\/strong><\/td><td class=\"has-text-align-center\" data-align=\"center\">Empusinae<\/td><\/tr><tr><td class=\"has-text-align-center\" data-align=\"center\"><strong>Tribu<\/strong><\/td><td class=\"has-text-align-center\" data-align=\"center\">Empusini<\/td><\/tr><tr><td class=\"has-text-align-center\" data-align=\"center\"><strong>G\u00e9nero<\/strong><\/td><td class=\"has-text-align-center\" data-align=\"center\">Empusa<\/td><\/tr><tr><td class=\"has-text-align-center\" data-align=\"center\"><strong>Especie<\/strong><\/td><td class=\"has-text-align-center\" data-align=\"center\">E. pennata<\/td><\/tr><\/tbody><\/table><\/figure>\n<\/div>\n\n\n\n<div class=\"wp-block-column is-layout-flow wp-block-column-is-layout-flow\">\n<div class=\"wp-block-group is-vertical is-layout-flex wp-container-core-group-is-layout-769d0143 wp-block-group-is-layout-flex\">\n<p><strong>DESCRIPCI\u00d3N:<\/strong><\/p>\n\n\n\n<p class=\"has-text-align-justify has-alegreya-font-family has-small-font-size\">La mantis palo es un insecto de gran tama\u00f1o, que suele medir entre 47-67mm y las hembras alcanzan los 80mm. Generalmente su coloraci\u00f3n es parda, aunque hay individuos que adoptan tonos m\u00e1s verdosos.<\/p>\n\n\n\n<p class=\"has-text-align-justify has-alegreya-font-family has-small-font-size\">Su cabeza es reducida y presenta una cresta muy caracter\u00edstica de la especie. Sus ojos son ovalados y cuentan con unas l\u00edneas longitudinales. Por otro lado, sus antenas son reducidas y tienen forma plumosa en machos y filiforme en hembras.<\/p>\n\n\n\n<p class=\"has-text-align-justify has-alegreya-font-family has-small-font-size\">Su t\u00f3rax es delgado y alargado. En \u00e9l podemos encontrar sus dos pares de alas, que el primero es de tipo elitroide y protege su segundo par, adem\u00e1s de tener los 3 pares de patas. Su primer par de patas es de tipo raptor, que se diferencian de las de otras especies por la alternancia de una espina grande y tres peque\u00f1as en la regi\u00f3n internade sus f\u00e9mures.<\/p>\n\n\n\n<p class=\"has-text-align-justify has-alegreya-font-family has-small-font-size\">El abdomen de estos seres es peque\u00f1o y curvado. Los machos presentan 6 segmentos en esta regi\u00f3n, mientras que las hembras 8 y son de forma m\u00e1s robusta.<\/p>\n<\/div>\n<\/div>\n<\/div>\n\n\n\n<div style=\"height:10px\" aria-hidden=\"true\" class=\"wp-block-spacer\"><\/div>\n\n\n\n<div class=\"wp-block-group is-vertical is-layout-flex wp-container-core-group-is-layout-769d0143 wp-block-group-is-layout-flex\">\n<p><strong>DIETA:<\/strong><\/p>\n\n\n\n<p class=\"has-text-align-justify has-alegreya-font-family has-small-font-size\">La dieta de estos organismos se basa en la captura e ingesta de insectos y ar\u00e1cnidos. Para obtener su alimento primero se camuflan con el entorno y luego se abalanzan sobre sus presas.<\/p>\n<\/div>\n\n\n\n<div style=\"height:10px\" aria-hidden=\"true\" class=\"wp-block-spacer\"><\/div>\n\n\n\n<div class=\"wp-block-group is-vertical is-layout-flex wp-container-core-group-is-layout-769d0143 wp-block-group-is-layout-flex\">\n<p><strong>ESTRUCTURA SOCIAL Y COMPORTAMIENTO:<\/strong><\/p>\n\n\n\n<p class=\"has-text-align-justify has-alegreya-font-family has-small-font-size\">Estos organismos tienen un comportamiento solitario, de manera que no forman grupos ni colonias. Adem\u00e1s, se encuentran activos durante la noche, mientras que durante el d\u00eda permanecen inm\u00f3viles entre las ramas para camuflarse.<\/p>\n\n\n\n<p class=\"has-text-align-justify has-alegreya-font-family has-small-font-size\">En lo que respecta a la reproducci\u00f3n, las hembras son capaces de hacerlo de forma asexual por partenog\u00e9nesis, dando lugar a otras hembras id\u00e9nticas a ellas. Es por este motivo por el que los machos son menos abundantes que las hembras.<\/p>\n\n\n\n<p class=\"has-text-align-justify has-alegreya-font-family has-small-font-size\">Por otro lado, la reproducci\u00f3n sexual se produce en dos momentos distintos del a\u00f1o, uno en primavera y el segundo en verano. Habitualmente se liberan unos 4-16 huevos por noche, los cuales se dejan caer sin ponerlos en un substrato en concreto. Pueden llegar a depositar unos 500-600 huevos.<\/p>\n\n\n\n<p class=\"has-text-align-justify has-alegreya-font-family has-small-font-size\">Al abrirse estos huevos, dan lugar unas ninfas de morfolog\u00eda parecida al adulto, que deber\u00e1n pasar por unas 5 mudas antes de llegar a la fase adulta. La esperanza de vida de estos organismos es de un a\u00f1o, siendo la segunda puesta la que pasar\u00e1 el invierno desarroll\u00e1ndose.<\/p>\n<\/div>\n\n\n\n<div style=\"height:10px\" aria-hidden=\"true\" class=\"wp-block-spacer\"><\/div>\n\n\n\n<div class=\"wp-block-group is-vertical is-layout-flex wp-container-core-group-is-layout-769d0143 wp-block-group-is-layout-flex\">\n<p><strong>HABITAT Y ZONA DE DISTRIBUCI\u00d3N:<\/strong><\/p>\n\n\n\n<p class=\"has-text-align-justify has-alegreya-font-family has-small-font-size\">Su \u00e1rea de distribuci\u00f3n se encuentra limitada a la Pen\u00ednsula Ib\u00e9rica, Francia, Italia y el norte de \u00c1frica.<\/p>\n\n\n\n<p class=\"has-text-align-justify has-alegreya-font-family has-small-font-size\">Podemos encontrarlos habitualmente viviendo en matorrales, praderas y bosques abiertos con vegetaci\u00f3n baja. Siempre tiene cierta preferencia por las zonas c\u00e1lidas y secas.<\/p>\n<\/div>\n\n\n\n<div class=\"wp-block-group is-vertical is-layout-flex wp-container-core-group-is-layout-769d0143 wp-block-group-is-layout-flex\">\n<figure class=\"wp-block-image size-large\"><img loading=\"lazy\" decoding=\"async\" width=\"649\" height=\"327\" src=\"https:\/\/biocampus25.wordpress.com\/wp-content\/uploads\/2025\/04\/captura-de-pantalla-2025-04-19-123917.png?w=649\" alt=\"\" class=\"wp-image-1558\" srcset=\"https:\/\/webs.uab.cat\/bees\/wp-content\/uploads\/sites\/329\/2025\/04\/captura-de-pantalla-2025-04-19-123917.png 649w, https:\/\/webs.uab.cat\/bees\/wp-content\/uploads\/sites\/329\/2025\/04\/captura-de-pantalla-2025-04-19-123917-300x151.png 300w\" sizes=\"auto, (max-width: 649px) 100vw, 649px\" \/><\/figure>\n\n\n\n<p class=\"has-text-align-justify has-small-font-size\">Mapa de distribuci\u00f3n de Empusa pennata. Imagen obtenida de Gbif en: <a href=\"https:\/\/www.gbif.org\/es\/species\/5048815\">https:\/\/www.gbif.org\/es\/species\/5048815<\/a><\/p>\n<\/div>\n\n\n\n<div style=\"height:10px\" aria-hidden=\"true\" class=\"wp-block-spacer\"><\/div>\n\n\n\n<div class=\"wp-block-group is-vertical is-layout-flex wp-container-core-group-is-layout-769d0143 wp-block-group-is-layout-flex\">\n<p><strong>ESTADO DE CONSERVACI\u00d3N:<\/strong><\/p>\n\n\n\n<p class=\"has-text-align-justify has-alegreya-font-family has-small-font-size\">Los datos de la IUCN muestran que esta especie se encuentra en estado de preocupaci\u00f3n menor.<\/p>\n<\/div>\n\n\n<div class=\"wp-block-image\">\n<figure class=\"aligncenter size-large\"><img loading=\"lazy\" decoding=\"async\" width=\"797\" height=\"222\" src=\"https:\/\/biocampus25.wordpress.com\/wp-content\/uploads\/2025\/04\/captura_de_pantalla_2025-03-27_213157-removebg-preview-35.png?w=797\" alt=\"\" class=\"wp-image-1561\" srcset=\"https:\/\/webs.uab.cat\/bees\/wp-content\/uploads\/sites\/329\/2025\/04\/captura_de_pantalla_2025-03-27_213157-removebg-preview-35.png 797w, https:\/\/webs.uab.cat\/bees\/wp-content\/uploads\/sites\/329\/2025\/04\/captura_de_pantalla_2025-03-27_213157-removebg-preview-35-300x84.png 300w, https:\/\/webs.uab.cat\/bees\/wp-content\/uploads\/sites\/329\/2025\/04\/captura_de_pantalla_2025-03-27_213157-removebg-preview-35-768x214.png 768w\" sizes=\"auto, (max-width: 797px) 100vw, 797px\" \/><\/figure>\n<\/div>\n\n\n<div style=\"height:30px\" aria-hidden=\"true\" class=\"wp-block-spacer\"><\/div>\n\n\n\n<p><strong>REFERENCIAS:<\/strong><\/p>\n\n\n\n<p class=\"has-text-align-justify has-small-font-size\"><em>Mantis palo (Empusa pennata)<\/em>. (n.d.). Natusfera. Retrieved February 25, 2025, from <a href=\"https:\/\/spain.inaturalist.org\/taxa\/55122-Empusa-pennata\">https:\/\/spain.inaturalist.org\/taxa\/55122-Empusa-pennata<\/a><\/p>\n\n\n\n<p class=\"has-text-align-justify has-small-font-size\">Valderrey, J. L. M. (2012, August 2).&nbsp;<em>Empusa pennata (Thunberg, 1815)<\/em>. Naturaleza y turismo. <a href=\"https:\/\/www.asturnatura.com\/especie\/empusa-pennata\">https:\/\/www.asturnatura.com\/especie\/empusa-pennata<\/a><\/p>\n\n\n\n<p class=\"has-text-align-justify has-small-font-size\"><em>GRANADA NATURAL Empusa pennata<\/em>. (n.d.). Granadanatural.com. Retrieved February 25, 2025, from <a href=\"https:\/\/bootstrap.granadanatural.com\/ficha_fauna.php?cod=26\">https:\/\/bootstrap.granadanatural.com\/ficha_fauna.php?cod=26<\/a><\/p>\n\n\n\n<p class=\"has-text-align-justify has-small-font-size\">Battiston, R. (2019).&nbsp; Empusa pennata. <em>The IUCN Red List of Threatened Species<\/em>. <a href=\"https:\/\/doi.org\/10.2305\/iucn.uk.2020-2.rlts.t44791037a44798456.en\">https:\/\/doi.org\/10.2305\/iucn.uk.2020-2.rlts.t44791037a44798456.en<\/a><\/p>\n","protected":false},"excerpt":{"rendered":"<p>Empusa pennata. Imagen con copyright CC BY 2.0, creada por Frank Vassen y obtenida de Wikimedia commons en: https:\/\/commons.wikimedia.org\/wiki\/File:Conehead_Mantis_(Empusa_pennata),_Serra_de_S%C3%A3o_Mamede,_Portugal_(50812867258).jpg Reino Animalia Filo Arthropoda Subfilo Hexapoda Clase Insecta Subclase Pterygota Orden Mantodea Suborden Eumantodea Infraorden Schizomantodea Superfamilia Hymenopoidea Familia Empusidae Subfamilia Empusinae Tribu Empusini G\u00e9nero Empusa Especie E. pennata DESCRIPCI\u00d3N: La mantis palo es un insecto [&hellip;]<\/p>\n","protected":false},"author":2556,"featured_media":0,"parent":0,"menu_order":0,"comment_status":"closed","ping_status":"closed","template":"","meta":{"footnotes":""},"class_list":["post-1550","page","type-page","status-publish","hentry"],"_links":{"self":[{"href":"https:\/\/webs.uab.cat\/bees\/wp-json\/wp\/v2\/pages\/1550","targetHints":{"allow":["GET"]}}],"collection":[{"href":"https:\/\/webs.uab.cat\/bees\/wp-json\/wp\/v2\/pages"}],"about":[{"href":"https:\/\/webs.uab.cat\/bees\/wp-json\/wp\/v2\/types\/page"}],"author":[{"embeddable":true,"href":"https:\/\/webs.uab.cat\/bees\/wp-json\/wp\/v2\/users\/2556"}],"replies":[{"embeddable":true,"href":"https:\/\/webs.uab.cat\/bees\/wp-json\/wp\/v2\/comments?post=1550"}],"version-history":[{"count":1,"href":"https:\/\/webs.uab.cat\/bees\/wp-json\/wp\/v2\/pages\/1550\/revisions"}],"predecessor-version":[{"id":4242,"href":"https:\/\/webs.uab.cat\/bees\/wp-json\/wp\/v2\/pages\/1550\/revisions\/4242"}],"wp:attachment":[{"href":"https:\/\/webs.uab.cat\/bees\/wp-json\/wp\/v2\/media?parent=1550"}],"curies":[{"name":"wp","href":"https:\/\/api.w.org\/{rel}","templated":true}]}}