{"id":1566,"date":"2025-05-14T11:42:34","date_gmt":"2025-05-14T09:42:34","guid":{"rendered":"https:\/\/biocampus25.wordpress.com\/?page_id=1566"},"modified":"2025-05-19T13:17:06","modified_gmt":"2025-05-19T11:17:06","slug":"phasmatodea","status":"publish","type":"page","link":"https:\/\/webs.uab.cat\/bees\/phasmatodea\/","title":{"rendered":"Phasmatodea"},"content":{"rendered":"\n<div class=\"wp-block-group is-vertical is-layout-flex wp-container-core-group-is-layout-3e0ae1ae wp-block-group-is-layout-flex\">\n<p><strong>Descripci\u00f3n:<\/strong><\/p>\n\n\n\n<p class=\"has-text-align-justify has-alegreya-font-family has-small-font-size\">Este orden, com\u00fanmente conocido como insectos palo o insectos hoja, est\u00e1 formado por m\u00e1s de 3.000 especies, generalmente de zonas tropicales. La caracter\u00edstica m\u00e1s notable de este grupo es la capacidad de camuflarse con el entorno, gracias a su coloraci\u00f3n, forma y comportamiento que recuerdan a una estructura vegetal.<\/p>\n\n\n\n<p class=\"has-text-align-justify has-alegreya-font-family has-small-font-size\">Los individuos que conforman este grupo suelen ser de gran tama\u00f1o, pudiendo medir entre 2 y 64 cent\u00edmetros, con las hembras siendo m\u00e1s grandes que los machos. Esto hace que puedan llegar a pesar hasta 65 gramos en las especies m\u00e1s grandes.<\/p>\n\n\n\n<p class=\"has-text-align-justify has-alegreya-font-family has-small-font-size\">En la zona de la cabeza tienen unos ojos compuestos muy desarrollados, que les permiten distinguir diferentes tonalidades incluso en la oscuridad (son animales nocturnos), aunque solo cinco familias tienen ocelos. Con cada muda que realizan, sus ojos se van desarrollando m\u00e1s, de tal forma que al final pueden tener una sensibilidad diez veces mayor que la que ten\u00edan cuando eran ninfas.<\/p>\n\n\n\n<p class=\"has-text-align-justify has-alegreya-font-family has-small-font-size\">En el t\u00f3rax tienen seis patas finas y alargadas, especializadas para la sujeci\u00f3n y la escalada. Estas mantienen el patr\u00f3n de coloraci\u00f3n, lo que les permite conservar su camuflaje. Adem\u00e1s, hay especies que han desarrollado la capacidad de desprenderse de alguna pata si se sienten atacadas.<\/p>\n\n\n\n<p class=\"has-text-align-justify has-alegreya-font-family has-small-font-size\">Otros mecanismos de defensa pueden ser la capacidad de emitir sonidos, la secreci\u00f3n de sustancias qu\u00edmicas o el despliegue de sus alas. Hay especies que incluso pueden enrollar el abdomen hacia la zona superior para asemejarse a escorpiones.<\/p>\n\n\n\n<p class=\"has-text-align-justify has-alegreya-font-family has-small-font-size\">En cuanto a la reproducci\u00f3n, los f\u00e1smidos pueden reproducirse tanto por reproducci\u00f3n sexual como por partenog\u00e9nesis (en caso de que no haya machos cerca). A partir de esto se genera un n\u00famero variable de huevos, los cuales tienen una tapa que facilita su apertura al eclosionar. De ellos sale una ninfa, que tras pasar por unas 5-7 mudas alcanza la fase adulta.<\/p>\n\n\n\n<p class=\"has-text-align-justify has-alegreya-font-family has-small-font-size\">La \u00fanica especie presente en el campus es &#8220;<em><a href=\"https:\/\/webs.uab.cat\/bees\/insecto-palo-europeo\/\" data-type=\"page\" data-id=\"1572\">Bacillus rossius<\/a><\/em>&#8220;.<\/p>\n<\/div>\n\n\n\n<div style=\"height:30px\" aria-hidden=\"true\" class=\"wp-block-spacer\"><\/div>\n\n\n\n<p><strong>Bibliografia:<\/strong><\/p>\n\n\n\n<p class=\"has-text-align-justify has-small-font-size\">Pet, A. (2024, September 21).&nbsp;<em>Phasmatodea (Insectos Palo y Hoja)<\/em>. ANIMALES .PET. <a href=\"https:\/\/animales.pet\/insectos\/phasmatodea\">https:\/\/animales.pet\/insectos\/phasmatodea<\/a><\/p>\n\n\n\n<p class=\"has-text-align-justify has-small-font-size\"><em>Insectos palo y parientes (orden Phasmida)<\/em>. (n.d.). iNaturalist Ecuador. Retrieved January 16, 2025, from <a href=\"https:\/\/ecuador.inaturalist.org\/taxa\/47198-Phasmida\">https:\/\/ecuador.inaturalist.org\/taxa\/47198-Phasmida<\/a><\/p>\n\n\n\n<p><\/p>\n","protected":false},"excerpt":{"rendered":"<p>Descripci\u00f3n: Este orden, com\u00fanmente conocido como insectos palo o insectos hoja, est\u00e1 formado por m\u00e1s de 3.000 especies, generalmente de zonas tropicales. La caracter\u00edstica m\u00e1s notable de este grupo es la capacidad de camuflarse con el entorno, gracias a su coloraci\u00f3n, forma y comportamiento que recuerdan a una estructura vegetal. Los individuos que conforman este [&hellip;]<\/p>\n","protected":false},"author":2556,"featured_media":0,"parent":0,"menu_order":0,"comment_status":"closed","ping_status":"closed","template":"","meta":{"footnotes":""},"class_list":["post-1566","page","type-page","status-publish","hentry"],"_links":{"self":[{"href":"https:\/\/webs.uab.cat\/bees\/wp-json\/wp\/v2\/pages\/1566","targetHints":{"allow":["GET"]}}],"collection":[{"href":"https:\/\/webs.uab.cat\/bees\/wp-json\/wp\/v2\/pages"}],"about":[{"href":"https:\/\/webs.uab.cat\/bees\/wp-json\/wp\/v2\/types\/page"}],"author":[{"embeddable":true,"href":"https:\/\/webs.uab.cat\/bees\/wp-json\/wp\/v2\/users\/2556"}],"replies":[{"embeddable":true,"href":"https:\/\/webs.uab.cat\/bees\/wp-json\/wp\/v2\/comments?post=1566"}],"version-history":[{"count":1,"href":"https:\/\/webs.uab.cat\/bees\/wp-json\/wp\/v2\/pages\/1566\/revisions"}],"predecessor-version":[{"id":4271,"href":"https:\/\/webs.uab.cat\/bees\/wp-json\/wp\/v2\/pages\/1566\/revisions\/4271"}],"wp:attachment":[{"href":"https:\/\/webs.uab.cat\/bees\/wp-json\/wp\/v2\/media?parent=1566"}],"curies":[{"name":"wp","href":"https:\/\/api.w.org\/{rel}","templated":true}]}}