{"id":1616,"date":"2025-05-14T11:39:42","date_gmt":"2025-05-14T09:39:42","guid":{"rendered":"https:\/\/biocampus25.wordpress.com\/?page_id=1616"},"modified":"2025-05-19T10:40:30","modified_gmt":"2025-05-19T08:40:30","slug":"carabidae","status":"publish","type":"page","link":"https:\/\/webs.uab.cat\/bees\/carabidae\/","title":{"rendered":"Carabidae"},"content":{"rendered":"\n<div class=\"wp-block-group is-vertical is-layout-flex wp-container-core-group-is-layout-3e0ae1ae wp-block-group-is-layout-flex\">\n<p><strong>Descripci\u00f3n:<\/strong><\/p>\n\n\n\n<p class=\"has-text-align-justify has-alegreya-font-family has-small-font-size\">Este grupo de cole\u00f3pteros est\u00e1 formado por m\u00e1s de 30.000 especies, con m\u00e1s de 2.500 en Europa. Entre sus caracter\u00edsticas m\u00e1s importantes destaca el hecho de que son malos voladores, por lo que se desplazan principalmente por el suelo.<\/p>\n\n\n\n<p class=\"has-text-align-justify has-alegreya-font-family has-small-font-size\">Generalmente, son animales nocturnos que, para camuflarse, presentan colores marrones o negros, lo que dificulta su detecci\u00f3n. Adem\u00e1s, suelen esconderse bajo rocas, troncos, en arbustos o en cuevas.<\/p>\n\n\n\n<p class=\"has-text-align-justify has-alegreya-font-family has-small-font-size\">Su cabeza suele ser m\u00e1s estrecha que el pronoto. En esta regi\u00f3n podemos encontrar un par de ojos compuestos prominentes, entre los cuales se sit\u00faan las antenas (alargadas y formadas por once artejos). Adem\u00e1s, presentan mand\u00edbulas grandes y fuertes, especializadas en la depredaci\u00f3n.<\/p>\n\n\n\n<p class=\"has-text-align-justify has-alegreya-font-family has-small-font-size\">En la regi\u00f3n tor\u00e1cica encontramos los tres pares de patas, que son alargadas y con el \u00faltimo segmento (tarso) dividido en cinco partes o tars\u00f3meros. Tambi\u00e9n se encuentran las alas, donde el primer par forma los \u00e9litros, que cubren toda la zona abdominal, mientras que el segundo par es membranoso y est\u00e1 bastante reducido.<\/p>\n\n\n\n<p class=\"has-text-align-justify has-alegreya-font-family has-small-font-size\">La regi\u00f3n ventral presenta el primer segmento (coxa) dividido por la zona de inserci\u00f3n del \u00faltimo par de patas. Adem\u00e1s, tienen el segundo segmento (troc\u00e1nter) mucho m\u00e1s desarrollado que en otros grupos de cole\u00f3pteros.<\/p>\n\n\n\n<p class=\"has-text-align-justify has-alegreya-font-family has-small-font-size\">Una caracter\u00edstica interesante de este grupo es la presencia de gl\u00e1ndulas productoras de sustancias t\u00f3xicas en la parte final del abdomen. Esta caracter\u00edstica es utilizada principalmente para ahuyentar a los depredadores, que incluso pueden sufrir grandes heridas si estas sustancias se combinan con otros compuestos vol\u00e1tiles.<\/p>\n\n\n\n<p class=\"has-text-align-justify has-alegreya-font-family has-small-font-size\">La \u00fanica especie presente en el campus es &#8220;<em><a href=\"https:\/\/webs.uab.cat\/bees\/carabo-irisado\/\" data-type=\"page\" data-id=\"1620\">Calosoma sycophanta<\/a><\/em>&#8220;.<\/p>\n<\/div>\n\n\n\n<div style=\"height:30px\" aria-hidden=\"true\" class=\"wp-block-spacer\"><\/div>\n\n\n\n<p><strong>Bibliografia:<\/strong><\/p>\n\n\n\n<p class=\"has-text-align-justify has-small-font-size\"><em>Los car\u00e1bidos: un vistazo a los escarabajos de suelo<\/em>. (2023, June 18). RDU UNAM. <a href=\"https:\/\/www.revista.unam.mx\/2023v24n4\/los_carabidos_un_vistazo_a_los_escarabajos_de_suelo\/\">https:\/\/www.revista.unam.mx\/2023v24n4\/los_carabidos_un_vistazo_a_los_escarabajos_de_suelo\/<\/a><\/p>\n\n\n\n<p class=\"has-text-align-justify has-small-font-size\">Wikipedia contributors. (n.d.-f).&nbsp;<em>Carabidae<\/em>. Wikipedia, The Free Encyclopedia. <a href=\"https:\/\/es.wikipedia.org\/w\/index.php?title=Carabidae&amp;oldid=164957733\">https:\/\/es.wikipedia.org\/w\/index.php?title=Carabidae&amp;oldid=164957733<\/a><\/p>\n\n\n\n<p><\/p>\n","protected":false},"excerpt":{"rendered":"<p>Descripci\u00f3n: Este grupo de cole\u00f3pteros est\u00e1 formado por m\u00e1s de 30.000 especies, con m\u00e1s de 2.500 en Europa. Entre sus caracter\u00edsticas m\u00e1s importantes destaca el hecho de que son malos voladores, por lo que se desplazan principalmente por el suelo. Generalmente, son animales nocturnos que, para camuflarse, presentan colores marrones o negros, lo que dificulta [&hellip;]<\/p>\n","protected":false},"author":2556,"featured_media":0,"parent":0,"menu_order":0,"comment_status":"closed","ping_status":"closed","template":"","meta":{"footnotes":""},"class_list":["post-1616","page","type-page","status-publish","hentry"],"_links":{"self":[{"href":"https:\/\/webs.uab.cat\/bees\/wp-json\/wp\/v2\/pages\/1616","targetHints":{"allow":["GET"]}}],"collection":[{"href":"https:\/\/webs.uab.cat\/bees\/wp-json\/wp\/v2\/pages"}],"about":[{"href":"https:\/\/webs.uab.cat\/bees\/wp-json\/wp\/v2\/types\/page"}],"author":[{"embeddable":true,"href":"https:\/\/webs.uab.cat\/bees\/wp-json\/wp\/v2\/users\/2556"}],"replies":[{"embeddable":true,"href":"https:\/\/webs.uab.cat\/bees\/wp-json\/wp\/v2\/comments?post=1616"}],"version-history":[{"count":1,"href":"https:\/\/webs.uab.cat\/bees\/wp-json\/wp\/v2\/pages\/1616\/revisions"}],"predecessor-version":[{"id":4147,"href":"https:\/\/webs.uab.cat\/bees\/wp-json\/wp\/v2\/pages\/1616\/revisions\/4147"}],"wp:attachment":[{"href":"https:\/\/webs.uab.cat\/bees\/wp-json\/wp\/v2\/media?parent=1616"}],"curies":[{"name":"wp","href":"https:\/\/api.w.org\/{rel}","templated":true}]}}