{"id":1620,"date":"2025-05-14T11:39:43","date_gmt":"2025-05-14T09:39:43","guid":{"rendered":"https:\/\/biocampus25.wordpress.com\/?page_id=1620"},"modified":"2025-05-19T10:42:00","modified_gmt":"2025-05-19T08:42:00","slug":"carabo-irisado","status":"publish","type":"page","link":"https:\/\/webs.uab.cat\/bees\/carabo-irisado\/","title":{"rendered":"C\u00c1RABO IRISADO"},"content":{"rendered":"<div class=\"wp-block-image\">\n<figure class=\"aligncenter size-large\"><img loading=\"lazy\" decoding=\"async\" width=\"767\" height=\"485\" src=\"https:\/\/biocampus25.wordpress.com\/wp-content\/uploads\/2025\/04\/calosoma_sycophanta.jpg?w=767\" alt=\"\" class=\"wp-image-1621\" srcset=\"https:\/\/webs.uab.cat\/bees\/wp-content\/uploads\/sites\/329\/2025\/04\/calosoma_sycophanta.jpg 767w, https:\/\/webs.uab.cat\/bees\/wp-content\/uploads\/sites\/329\/2025\/04\/calosoma_sycophanta-300x190.jpg 300w\" sizes=\"auto, (max-width: 767px) 100vw, 767px\" \/><\/figure>\n<\/div>\n\n\n<p class=\"has-text-align-justify has-small-font-size\">Calosoma sycophanta. Imagen con copyright CC BY 3.0 US, creada por Gyorgy Csoka y obtenida de Wikimedia commons en: <a href=\"https:\/\/commons.wikimedia.org\/wiki\/File:Calosoma_sycophanta.jpg\">https:\/\/commons.wikimedia.org\/wiki\/File:Calosoma_sycophanta.jpg<\/a><\/p>\n\n\n\n<div style=\"height:10px\" aria-hidden=\"true\" class=\"wp-block-spacer\"><\/div>\n\n\n\n<div class=\"wp-block-columns is-layout-flex wp-container-core-columns-is-layout-9d6595d7 wp-block-columns-is-layout-flex\">\n<div class=\"wp-block-column is-layout-flow wp-block-column-is-layout-flow\">\n<figure class=\"wp-block-table has-alegreya-font-family has-small-font-size\"><table><tbody><tr><td class=\"has-text-align-center\" data-align=\"center\"><strong>Reino<\/strong><\/td><td class=\"has-text-align-center\" data-align=\"center\">Animalia<\/td><\/tr><tr><td class=\"has-text-align-center\" data-align=\"center\"><strong>Filo<\/strong><\/td><td class=\"has-text-align-center\" data-align=\"center\">Arthropoda<\/td><\/tr><tr><td class=\"has-text-align-center\" data-align=\"center\"><strong>Subfilo<\/strong><\/td><td class=\"has-text-align-center\" data-align=\"center\"><a href=\"https:\/\/webs.uab.cat\/bees\/hexapoda\/\" data-type=\"page\" data-id=\"4095\">Hexapoda<\/a><\/td><\/tr><tr><td class=\"has-text-align-center\" data-align=\"center\"><strong>Clase<\/strong><\/td><td class=\"has-text-align-center\" data-align=\"center\">Insecta<\/td><\/tr><tr><td class=\"has-text-align-center\" data-align=\"center\"><strong>Subclase<\/strong><\/td><td class=\"has-text-align-center\" data-align=\"center\">Pterygota<\/td><\/tr><tr><td class=\"has-text-align-center\" data-align=\"center\"><strong>Orden<\/strong><\/td><td class=\"has-text-align-center\" data-align=\"center\"><a href=\"https:\/\/webs.uab.cat\/bees\/coleoptera\/\" data-type=\"page\" data-id=\"1591\">Coleoptera<\/a><\/td><\/tr><tr><td class=\"has-text-align-center\" data-align=\"center\"><strong>Suborden<\/strong><\/td><td class=\"has-text-align-center\" data-align=\"center\">Adephaga<\/td><\/tr><tr><td class=\"has-text-align-center\" data-align=\"center\"><strong>Superfamilia<\/strong><\/td><td class=\"has-text-align-center\" data-align=\"center\">Caraboidea<\/td><\/tr><tr><td class=\"has-text-align-center\" data-align=\"center\"><strong>Familia<\/strong><\/td><td class=\"has-text-align-center\" data-align=\"center\"><a href=\"https:\/\/webs.uab.cat\/bees\/carabidae\/\" data-type=\"page\" data-id=\"1616\">Carabidae<\/a><\/td><\/tr><tr><td class=\"has-text-align-center\" data-align=\"center\"><strong>Subfamilia<\/strong><\/td><td class=\"has-text-align-center\" data-align=\"center\">Carabinae<\/td><\/tr><tr><td class=\"has-text-align-center\" data-align=\"center\"><strong>Tribu<\/strong><\/td><td class=\"has-text-align-center\" data-align=\"center\">Carabini<\/td><\/tr><tr><td class=\"has-text-align-center\" data-align=\"center\"><strong>G\u00e9nero<\/strong><\/td><td class=\"has-text-align-center\" data-align=\"center\">Calosoma<\/td><\/tr><tr><td class=\"has-text-align-center\" data-align=\"center\"><strong>Especie<\/strong><\/td><td class=\"has-text-align-center\" data-align=\"center\">C. sycophanta<\/td><\/tr><\/tbody><\/table><\/figure>\n<\/div>\n\n\n\n<div class=\"wp-block-column is-layout-flow wp-block-column-is-layout-flow\">\n<div class=\"wp-block-group is-vertical is-layout-flex wp-container-core-group-is-layout-769d0143 wp-block-group-is-layout-flex\">\n<p><strong>DESCRIPCI\u00d3N:<\/strong><\/p>\n\n\n\n<p class=\"has-text-align-justify has-alegreya-font-family has-small-font-size\">El c\u00e1rabo irisado es un cole\u00f3ptero de tama\u00f1o mediano, que suele medir entre 20-35mm. Como su nombre indica, tiene una cierta coloraci\u00f3n irisada en la regi\u00f3n alar (en concreto en la zona de los \u00e9litros. Por otro lado, su cuerpo es de tonos m\u00e1s oscuros, generalmente negro o marr\u00f3n.<\/p>\n\n\n\n<p class=\"has-text-align-justify has-alegreya-font-family has-small-font-size\">En la regi\u00f3n de la cabeza podemos observar un par de ojos compuestos muy desarrollados, adem\u00e1s de un par de antenas negras y alargadas. En lo que respecta al aparato bucal, este presenta unas mand\u00edbulas fuertes y bien desarrolladas para la depredaci\u00f3n.<\/p>\n\n\n\n<p class=\"has-text-align-justify has-alegreya-font-family has-small-font-size\">Por otra parte, el t\u00f3rax cuenta con un pronoto reducido, transverso y con cierta forma circular. Entre los caracteres m\u00e1s destacados est\u00e1n sus tres pares de patas, que son negras y de gran tama\u00f1o, y sus alas, que debido a su patr\u00f3n de coloraci\u00f3n facilita la identificaci\u00f3n de la especie.<\/p>\n\n\n\n<p class=\"has-text-align-justify has-alegreya-font-family has-small-font-size\">Su abdomen se caracteriza por estar formado por 6 segmentos, que quedan completamente tapados por sus alas de gran longitud. Cabe destacar que esta especie, igual que el resto de las de su g\u00e9nero, tienen gl\u00e1ndulas defensivas en esta zona, para as\u00ed defenderse de los depredadores.<\/p>\n<\/div>\n<\/div>\n<\/div>\n\n\n\n<div style=\"height:10px\" aria-hidden=\"true\" class=\"wp-block-spacer\"><\/div>\n\n\n\n<div class=\"wp-block-group is-vertical is-layout-flex wp-container-core-group-is-layout-769d0143 wp-block-group-is-layout-flex\">\n<p><strong>DIETA:<\/strong><\/p>\n\n\n\n<p class=\"has-text-align-justify has-alegreya-font-family has-small-font-size\">Estos organismos tienen una dieta carn\u00edvora basada en la caza de orugas de diferentes especies, siendo las m\u00e1s importantes las del g\u00e9nero Thaumetopoea (orugas procesionarias).<\/p>\n<\/div>\n\n\n\n<div style=\"height:10px\" aria-hidden=\"true\" class=\"wp-block-spacer\"><\/div>\n\n\n\n<div class=\"wp-block-group is-vertical is-layout-flex wp-container-core-group-is-layout-769d0143 wp-block-group-is-layout-flex\">\n<p><strong>ESTRUCTURA SOCIAL Y COMPORTAMIENTO:<\/strong><\/p>\n\n\n\n<p class=\"has-text-align-justify has-alegreya-font-family has-small-font-size\">Los individuos de esta especie presentan un comportamiento solitario y nocturno. Los machos expresan un comportamiento m\u00e1s activo, ya que pasan gran parte del tiempo buscando pareja y por el d\u00eda se esconden.<\/p>\n\n\n\n<p class=\"has-text-align-justify has-alegreya-font-family has-small-font-size\">Su ciclo de vida comienza con la emergencia de los adultos en verano u oto\u00f1o, momento en el que inician la b\u00fasqueda de pareja para el apareamiento. Despu\u00e9s de esto, la hembra puede depositar hasta 650 huevos bajo el pie de los \u00e1rboles.<\/p>\n\n\n\n<p class=\"has-text-align-justify has-alegreya-font-family has-small-font-size\">Estos huevos eclosionan pasados unos 4-7 d\u00edas, dando lugar a larvas que miden aproximadamente 3,5 cm de longitud. Su desarrollo larval dura entre 15 y 20 d\u00edas, proceso que implica el cambio de muda diversas veces antes de alcanzar la fase pupal. Finalmente, completan su metamorfosis y emergen como adultos, que acostumbran a vivir entre 2 y 4 a\u00f1os.<\/p>\n<\/div>\n\n\n<div class=\"wp-block-image\">\n<figure class=\"aligncenter size-large\"><img loading=\"lazy\" decoding=\"async\" width=\"1243\" height=\"109\" src=\"https:\/\/biocampus25.wordpress.com\/wp-content\/uploads\/2025\/04\/captura-de-pantalla-2025-04-19-175035.png?w=1024\" alt=\"\" class=\"wp-image-1627\" srcset=\"https:\/\/webs.uab.cat\/bees\/wp-content\/uploads\/sites\/329\/2025\/04\/captura-de-pantalla-2025-04-19-175035.png 1243w, https:\/\/webs.uab.cat\/bees\/wp-content\/uploads\/sites\/329\/2025\/04\/captura-de-pantalla-2025-04-19-175035-300x26.png 300w, https:\/\/webs.uab.cat\/bees\/wp-content\/uploads\/sites\/329\/2025\/04\/captura-de-pantalla-2025-04-19-175035-1024x90.png 1024w, https:\/\/webs.uab.cat\/bees\/wp-content\/uploads\/sites\/329\/2025\/04\/captura-de-pantalla-2025-04-19-175035-768x67.png 768w, https:\/\/webs.uab.cat\/bees\/wp-content\/uploads\/sites\/329\/2025\/04\/captura-de-pantalla-2025-04-19-175035-1200x105.png 1200w\" sizes=\"auto, (max-width: 1243px) 100vw, 1243px\" \/><\/figure>\n<\/div>\n\n\n<div style=\"height:10px\" aria-hidden=\"true\" class=\"wp-block-spacer\"><\/div>\n\n\n\n<div class=\"wp-block-group is-vertical is-layout-flex wp-container-core-group-is-layout-769d0143 wp-block-group-is-layout-flex\">\n<p><strong>HABITAT Y ZONA DE DISTRIBUCI\u00d3N:<\/strong><\/p>\n\n\n\n<p class=\"has-text-align-justify has-alegreya-font-family has-small-font-size\">Esta especie era originaria de Europa y la zona oeste de Asia, pero fue importada a Norteam\u00e9rica para controlar las plagas de algunas polillas.<\/p>\n\n\n\n<p class=\"has-text-align-justify has-alegreya-font-family has-small-font-size\">Su h\u00e1bitat t\u00edpico son las zonas forestales, en las cuales suele encontrarse en el tronco de los arboles o escondidos bajo hojas muertas, musgo o madera.<\/p>\n<\/div>\n\n\n\n<div class=\"wp-block-group is-vertical is-layout-flex wp-container-core-group-is-layout-769d0143 wp-block-group-is-layout-flex\">\n<figure class=\"wp-block-image size-large\"><img loading=\"lazy\" decoding=\"async\" width=\"1058\" height=\"534\" src=\"https:\/\/biocampus25.wordpress.com\/wp-content\/uploads\/2025\/04\/captura-de-pantalla-2025-04-19-175227.png?w=1024\" alt=\"\" class=\"wp-image-1629\" srcset=\"https:\/\/webs.uab.cat\/bees\/wp-content\/uploads\/sites\/329\/2025\/04\/captura-de-pantalla-2025-04-19-175227.png 1058w, https:\/\/webs.uab.cat\/bees\/wp-content\/uploads\/sites\/329\/2025\/04\/captura-de-pantalla-2025-04-19-175227-300x151.png 300w, https:\/\/webs.uab.cat\/bees\/wp-content\/uploads\/sites\/329\/2025\/04\/captura-de-pantalla-2025-04-19-175227-1024x517.png 1024w, https:\/\/webs.uab.cat\/bees\/wp-content\/uploads\/sites\/329\/2025\/04\/captura-de-pantalla-2025-04-19-175227-768x388.png 768w\" sizes=\"auto, (max-width: 1058px) 100vw, 1058px\" \/><\/figure>\n\n\n\n<p class=\"has-text-align-justify has-small-font-size\">Mapa de distribuci\u00f3n de Calosoma sycophanta. Imagen obtenida de Gbif en: <a href=\"https:\/\/www.gbif.org\/es\/species\/4989308\">https:\/\/www.gbif.org\/es\/species\/4989308<\/a><\/p>\n<\/div>\n\n\n\n<div style=\"height:10px\" aria-hidden=\"true\" class=\"wp-block-spacer\"><\/div>\n\n\n\n<div class=\"wp-block-group is-vertical is-layout-flex wp-container-core-group-is-layout-769d0143 wp-block-group-is-layout-flex\">\n<p><strong>ESTADO DE CONSERVACI\u00d3N:<\/strong><\/p>\n\n\n\n<p class=\"has-text-align-justify has-alegreya-font-family has-small-font-size\">No se tienen datos espec\u00edficos de su estado a nivel mundial, pero en determinadas regiones se ha podido ver que se encuentran en declive las diferentes poblaciones.<\/p>\n<\/div>\n\n\n<div class=\"wp-block-image\">\n<figure class=\"aligncenter size-large is-resized\"><img loading=\"lazy\" decoding=\"async\" width=\"582\" height=\"167\" src=\"https:\/\/biocampus25.wordpress.com\/wp-content\/uploads\/2025\/04\/captura_de_pantalla_2025-04-16_221652-removebg-preview-13.png?w=582\" alt=\"\" class=\"wp-image-1632\" style=\"width:620px;height:auto\" srcset=\"https:\/\/webs.uab.cat\/bees\/wp-content\/uploads\/sites\/329\/2025\/04\/captura_de_pantalla_2025-04-16_221652-removebg-preview-13.png 582w, https:\/\/webs.uab.cat\/bees\/wp-content\/uploads\/sites\/329\/2025\/04\/captura_de_pantalla_2025-04-16_221652-removebg-preview-13-300x86.png 300w\" sizes=\"auto, (max-width: 582px) 100vw, 582px\" \/><\/figure>\n<\/div>\n\n\n<div style=\"height:30px\" aria-hidden=\"true\" class=\"wp-block-spacer\"><\/div>\n\n\n\n<p><strong>REFERENCIAS:<\/strong><\/p>\n\n\n\n<p class=\"has-text-align-justify has-small-font-size\"><em>Calosoma sycophanta<\/em>. (n.d.). ArgentiNat. Retrieved February 26, 2025, from&nbsp;&nbsp;&nbsp;&nbsp;&nbsp; <a href=\"https:\/\/www.argentinat.org\/taxa\/82764-Calosoma-sycophanta\">https:\/\/www.argentinat.org\/taxa\/82764-Calosoma-sycophanta<\/a><\/p>\n\n\n\n<p class=\"has-text-align-justify has-small-font-size\">Wikipedia contributors. (n.d.-a).&nbsp;<em>Calosoma sycophanta<\/em>. Wikipedia, The Free Encyclopedia. <a href=\"https:\/\/fr.wikipedia.org\/w\/index.php?title=Calosoma_sycophanta&amp;oldid=216842878\">https:\/\/fr.wikipedia.org\/w\/index.php?title=Calosoma_sycophanta&amp;oldid=216842878<\/a><\/p>\n\n\n\n<p class=\"has-text-align-justify has-small-font-size\"><em>\u00bfQue es Calosoma sycophanta?<\/em>&nbsp;(n.d.). Aprendeanimal.com. Retrieved February 27, 2025, from <a href=\"https:\/\/aprendeanimal.com\/artropodos\/calosoma-sycophanta\/\">https:\/\/aprendeanimal.com\/artropodos\/calosoma-sycophanta\/<\/a><\/p>\n\n\n\n<p class=\"has-text-align-justify has-small-font-size\">Calosoma sycophanta (n.d.). ANIMALIA.bio. Retrieved February 27, 2025, from <a href=\"https:\/\/animalia.bio\/calosoma-sycophanta?taxonomy=11122\">https:\/\/animalia.bio\/calosoma-sycophanta?taxonomy=11122<\/a><\/p>\n\n\n\n<p class=\"has-text-align-justify has-small-font-size\">Liu, Harvey (n.d.). Calosoma sycophanta. Animaldiversity.org. Retrieved February 27, 2025, from <a href=\"https:\/\/animaldiversity.org\/accounts\/Calosoma_sycophanta\/\">https:\/\/animaldiversity.org\/accounts\/Calosoma_sycophanta\/<\/a><\/p>\n","protected":false},"excerpt":{"rendered":"<p>Calosoma sycophanta. Imagen con copyright CC BY 3.0 US, creada por Gyorgy Csoka y obtenida de Wikimedia commons en: https:\/\/commons.wikimedia.org\/wiki\/File:Calosoma_sycophanta.jpg Reino Animalia Filo Arthropoda Subfilo Hexapoda Clase Insecta Subclase Pterygota Orden Coleoptera Suborden Adephaga Superfamilia Caraboidea Familia Carabidae Subfamilia Carabinae Tribu Carabini G\u00e9nero Calosoma Especie C. sycophanta DESCRIPCI\u00d3N: El c\u00e1rabo irisado es un cole\u00f3ptero de [&hellip;]<\/p>\n","protected":false},"author":2556,"featured_media":0,"parent":0,"menu_order":0,"comment_status":"closed","ping_status":"closed","template":"","meta":{"footnotes":""},"class_list":["post-1620","page","type-page","status-publish","hentry"],"_links":{"self":[{"href":"https:\/\/webs.uab.cat\/bees\/wp-json\/wp\/v2\/pages\/1620","targetHints":{"allow":["GET"]}}],"collection":[{"href":"https:\/\/webs.uab.cat\/bees\/wp-json\/wp\/v2\/pages"}],"about":[{"href":"https:\/\/webs.uab.cat\/bees\/wp-json\/wp\/v2\/types\/page"}],"author":[{"embeddable":true,"href":"https:\/\/webs.uab.cat\/bees\/wp-json\/wp\/v2\/users\/2556"}],"replies":[{"embeddable":true,"href":"https:\/\/webs.uab.cat\/bees\/wp-json\/wp\/v2\/comments?post=1620"}],"version-history":[{"count":1,"href":"https:\/\/webs.uab.cat\/bees\/wp-json\/wp\/v2\/pages\/1620\/revisions"}],"predecessor-version":[{"id":4149,"href":"https:\/\/webs.uab.cat\/bees\/wp-json\/wp\/v2\/pages\/1620\/revisions\/4149"}],"wp:attachment":[{"href":"https:\/\/webs.uab.cat\/bees\/wp-json\/wp\/v2\/media?parent=1620"}],"curies":[{"name":"wp","href":"https:\/\/api.w.org\/{rel}","templated":true}]}}