{"id":1636,"date":"2025-05-14T11:41:55","date_gmt":"2025-05-14T09:41:55","guid":{"rendered":"https:\/\/biocampus25.wordpress.com\/?page_id=1636"},"modified":"2025-05-19T12:10:10","modified_gmt":"2025-05-19T10:10:10","slug":"lampyridae","status":"publish","type":"page","link":"https:\/\/webs.uab.cat\/bees\/lampyridae\/","title":{"rendered":"Lampyridae"},"content":{"rendered":"\n<div class=\"wp-block-group is-vertical is-layout-flex wp-container-core-group-is-layout-3e0ae1ae wp-block-group-is-layout-flex\">\n<p><strong>Descripci\u00f3n:<\/strong><\/p>\n\n\n\n<p class=\"has-text-align-justify has-alegreya-font-family has-small-font-size\">Esta familia de cole\u00f3pteros est\u00e1 formada por aproximadamente 2.000 especies, entre las que podemos encontrar a las luci\u00e9rnagas. Principalmente, se encuentran en zonas c\u00e1lidas y templadas, en regiones cercanas a \u00e1reas h\u00famedas o pantanosas.<\/p>\n\n\n\n<p class=\"has-text-align-justify has-alegreya-font-family has-small-font-size\">Son insectos m\u00e1s blandos que la mayor\u00eda, con unos \u00e9litros flexibles y un prot\u00f3rax grande que casi cubre la cabeza. La caracter\u00edstica m\u00e1s notable de este grupo es la presencia de un \u00f3rgano bioluminiscente en el abdomen, que les permite unir el ox\u00edgeno que capturan con una mol\u00e9cula llamada luciferina. Con ello generan una luz que les permite comunicarse entre s\u00ed, ya sea para encontrar pareja o para defenderse.<\/p>\n\n\n\n<p class=\"has-text-align-justify has-alegreya-font-family has-small-font-size\">Generalmente, presentan un alto dimorfismo sexual, ya que las hembras mantienen un aspecto bastante similar al de las larvas, con unos \u00e9litros reducidos a simples escamas. En algunos casos, no pueden volar ni alimentarse cuando est\u00e1n en fase adulta.<\/p>\n\n\n\n<p class=\"has-text-align-justify has-alegreya-font-family has-small-font-size\">La especie m\u00e1s com\u00fan en la zona de estudio es &#8220;<em><a href=\"https:\/\/webs.uab.cat\/bees\/luciernaga-mediterranea\/\" data-type=\"page\" data-id=\"1641\">Nyctophila reichii<\/a><\/em>&#8220;.<\/p>\n<\/div>\n\n\n\n<div style=\"height:30px\" aria-hidden=\"true\" class=\"wp-block-spacer\"><\/div>\n\n\n\n<p><strong>Bibliografia:<\/strong><\/p>\n\n\n\n<p class=\"has-text-align-justify has-small-font-size\"><em>Luci\u00e9rnaga, el bicho de luz<\/em>. (2017, November 9). National Geographic. <a href=\"https:\/\/www.nationalgeographic.es\/animales\/luciernaga-bicho-de-luz\">https:\/\/www.nationalgeographic.es\/animales\/luciernaga-bicho-de-luz<\/a><\/p>\n\n\n\n<p class=\"has-text-align-justify has-small-font-size\">Wikipedia contributors. (n.d.-l).&nbsp;<em>Lampyridae<\/em>. Wikipedia, The Free Encyclopedia. <a href=\"https:\/\/es.wikipedia.org\/w\/index.php?title=Lampyridae&amp;oldid=165249103\">https:\/\/es.wikipedia.org\/w\/index.php?title=Lampyridae&amp;oldid=165249103<\/a><\/p>\n","protected":false},"excerpt":{"rendered":"<p>Descripci\u00f3n: Esta familia de cole\u00f3pteros est\u00e1 formada por aproximadamente 2.000 especies, entre las que podemos encontrar a las luci\u00e9rnagas. Principalmente, se encuentran en zonas c\u00e1lidas y templadas, en regiones cercanas a \u00e1reas h\u00famedas o pantanosas. Son insectos m\u00e1s blandos que la mayor\u00eda, con unos \u00e9litros flexibles y un prot\u00f3rax grande que casi cubre la cabeza. [&hellip;]<\/p>\n","protected":false},"author":2556,"featured_media":0,"parent":0,"menu_order":0,"comment_status":"closed","ping_status":"closed","template":"","meta":{"footnotes":""},"class_list":["post-1636","page","type-page","status-publish","hentry"],"_links":{"self":[{"href":"https:\/\/webs.uab.cat\/bees\/wp-json\/wp\/v2\/pages\/1636","targetHints":{"allow":["GET"]}}],"collection":[{"href":"https:\/\/webs.uab.cat\/bees\/wp-json\/wp\/v2\/pages"}],"about":[{"href":"https:\/\/webs.uab.cat\/bees\/wp-json\/wp\/v2\/types\/page"}],"author":[{"embeddable":true,"href":"https:\/\/webs.uab.cat\/bees\/wp-json\/wp\/v2\/users\/2556"}],"replies":[{"embeddable":true,"href":"https:\/\/webs.uab.cat\/bees\/wp-json\/wp\/v2\/comments?post=1636"}],"version-history":[{"count":1,"href":"https:\/\/webs.uab.cat\/bees\/wp-json\/wp\/v2\/pages\/1636\/revisions"}],"predecessor-version":[{"id":4220,"href":"https:\/\/webs.uab.cat\/bees\/wp-json\/wp\/v2\/pages\/1636\/revisions\/4220"}],"wp:attachment":[{"href":"https:\/\/webs.uab.cat\/bees\/wp-json\/wp\/v2\/media?parent=1636"}],"curies":[{"name":"wp","href":"https:\/\/api.w.org\/{rel}","templated":true}]}}