{"id":1641,"date":"2025-05-14T11:41:57","date_gmt":"2025-05-14T09:41:57","guid":{"rendered":"https:\/\/biocampus25.wordpress.com\/?page_id=1641"},"modified":"2025-05-19T12:41:34","modified_gmt":"2025-05-19T10:41:34","slug":"luciernaga-mediterranea","status":"publish","type":"page","link":"https:\/\/webs.uab.cat\/bees\/luciernaga-mediterranea\/","title":{"rendered":"LUCI\u00c9RNAGA MEDITERR\u00c1NEA"},"content":{"rendered":"<div class=\"wp-block-image\">\n<figure class=\"aligncenter size-large\"><img loading=\"lazy\" decoding=\"async\" width=\"640\" height=\"640\" src=\"https:\/\/biocampus25.wordpress.com\/wp-content\/uploads\/2025\/04\/nyctophila_reichii.jpg?w=640\" alt=\"\" class=\"wp-image-1642\" srcset=\"https:\/\/webs.uab.cat\/bees\/wp-content\/uploads\/sites\/329\/2025\/04\/nyctophila_reichii.jpg 640w, https:\/\/webs.uab.cat\/bees\/wp-content\/uploads\/sites\/329\/2025\/04\/nyctophila_reichii-300x300.jpg 300w, https:\/\/webs.uab.cat\/bees\/wp-content\/uploads\/sites\/329\/2025\/04\/nyctophila_reichii-150x150.jpg 150w\" sizes=\"auto, (max-width: 640px) 100vw, 640px\" \/><\/figure>\n<\/div>\n\n\n<p class=\"has-text-align-justify has-small-font-size\">Nyctophila reichii. Imagen con copyright CC BY 4.0, creada por Samuel Guiraudou y obtenida de Wikimedia commons en: <a href=\"https:\/\/commons.wikimedia.org\/wiki\/File:Nyctophila_reichii.jpg\">https:\/\/commons.wikimedia.org\/wiki\/File:Nyctophila_reichii.jpg<\/a><\/p>\n\n\n\n<div style=\"height:10px\" aria-hidden=\"true\" class=\"wp-block-spacer\"><\/div>\n\n\n\n<div class=\"wp-block-columns is-layout-flex wp-container-core-columns-is-layout-9d6595d7 wp-block-columns-is-layout-flex\">\n<div class=\"wp-block-column is-layout-flow wp-block-column-is-layout-flow\">\n<figure class=\"wp-block-table has-alegreya-font-family has-small-font-size\"><table><tbody><tr><td class=\"has-text-align-center\" data-align=\"center\"><strong>Reino<\/strong><\/td><td class=\"has-text-align-center\" data-align=\"center\">Animalia<\/td><\/tr><tr><td class=\"has-text-align-center\" data-align=\"center\"><strong>Filo<\/strong><\/td><td class=\"has-text-align-center\" data-align=\"center\">Arthropoda<\/td><\/tr><tr><td class=\"has-text-align-center\" data-align=\"center\"><strong>Subfilo<\/strong><\/td><td class=\"has-text-align-center\" data-align=\"center\"><a href=\"https:\/\/webs.uab.cat\/bees\/hexapoda\/\" data-type=\"page\" data-id=\"4095\">Hexapoda<\/a><\/td><\/tr><tr><td class=\"has-text-align-center\" data-align=\"center\"><strong>Clase<\/strong><\/td><td class=\"has-text-align-center\" data-align=\"center\">Insecta<\/td><\/tr><tr><td class=\"has-text-align-center\" data-align=\"center\"><strong>Subclase<\/strong><\/td><td class=\"has-text-align-center\" data-align=\"center\">Pterygota<\/td><\/tr><tr><td class=\"has-text-align-center\" data-align=\"center\"><strong>Orden<\/strong><\/td><td class=\"has-text-align-center\" data-align=\"center\"><a href=\"https:\/\/webs.uab.cat\/bees\/coleoptera\/\" data-type=\"page\" data-id=\"1591\">Coleoptera<\/a><\/td><\/tr><tr><td class=\"has-text-align-center\" data-align=\"center\"><strong>Suborden<\/strong><\/td><td class=\"has-text-align-center\" data-align=\"center\">Polyphaga<\/td><\/tr><tr><td class=\"has-text-align-center\" data-align=\"center\"><strong>Infraorden<\/strong><\/td><td class=\"has-text-align-center\" data-align=\"center\">Elateriformia<\/td><\/tr><tr><td class=\"has-text-align-center\" data-align=\"center\"><strong>Superfamilia<\/strong><\/td><td class=\"has-text-align-center\" data-align=\"center\">Elateroidea<\/td><\/tr><tr><td class=\"has-text-align-center\" data-align=\"center\"><strong>Familia<\/strong><\/td><td class=\"has-text-align-center\" data-align=\"center\"><a href=\"https:\/\/webs.uab.cat\/bees\/lampyridae\/\" data-type=\"page\" data-id=\"1636\">Lampyridae<\/a><\/td><\/tr><tr><td class=\"has-text-align-center\" data-align=\"center\"><strong>Subfamilia<\/strong><\/td><td class=\"has-text-align-center\" data-align=\"center\">Lampyrinae<\/td><\/tr><tr><td class=\"has-text-align-center\" data-align=\"center\"><strong>Tribu<\/strong><\/td><td class=\"has-text-align-center\" data-align=\"center\">Lampyrini<\/td><\/tr><tr><td class=\"has-text-align-center\" data-align=\"center\"><strong>G\u00e9nero<\/strong><\/td><td class=\"has-text-align-center\" data-align=\"center\">Nyctophila<\/td><\/tr><tr><td class=\"has-text-align-center\" data-align=\"center\"><strong>Especie<\/strong><\/td><td class=\"has-text-align-center\" data-align=\"center\">N. reichii<\/td><\/tr><\/tbody><\/table><\/figure>\n<\/div>\n\n\n\n<div class=\"wp-block-column is-layout-flow wp-block-column-is-layout-flow\">\n<div class=\"wp-block-group is-vertical is-layout-flex wp-container-core-group-is-layout-769d0143 wp-block-group-is-layout-flex\">\n<p><strong>DESCRIPCI\u00d3N:<\/strong><\/p>\n\n\n\n<p class=\"has-text-align-justify has-alegreya-font-family has-small-font-size\">La luci\u00e9rnaga mediterr\u00e1nea es un cole\u00f3ptero de tama\u00f1o reducido, que suele medir 15-18mm en el caso del macho y hasta 4cm en el caso de la hembra. Su coloraci\u00f3n corporal es mayoritariamente negra o marr\u00f3n.<\/p>\n\n\n\n<p class=\"has-text-align-justify has-alegreya-font-family has-small-font-size\">Estos organismos presentan un gran dimorfismo sexual, de manera que las hembras tienden a tener una morfolog\u00eda m\u00e1s parecida a la de las larvas, mientras que los machos tienen una forma m\u00e1s cl\u00e1sica de escarabajo.<\/p>\n\n\n\n<p class=\"has-text-align-justify has-alegreya-font-family has-small-font-size\">Las hembras por lo tanto no vuelan, aunque cuentan con alas vestigiales, y tienen una forma alargada. Se caracterizan por la capacidad de generar una gran cantidad de luz verdosa en la regi\u00f3n ventral de los \u00faltimos tres segmentos abdominales. Adem\u00e1s, pueden exponer m\u00e1s la regi\u00f3n bioluminiscente a partir de la torsi\u00f3n de la zona terminal de su cuerpo.<\/p>\n\n\n\n<p class=\"has-text-align-justify has-alegreya-font-family has-small-font-size\">Los machos por otro lado tienen una forma de escarabajo m\u00e1s cl\u00e1sico, con unos \u00e9litros que llegan a cubrir todo el abdomen y unas alas membranosas que permiten el vuelo. Su pronoto es ancho, de coloraci\u00f3n clara con una mancha rojiza en su superficie y esconde debajo unos ojos bien desarrollados para la detecci\u00f3n de la bioluminiscencia de las hembras. Cabe destacar que, a diferencia de otras luci\u00e9rnagas, estos machos no tienen la capacidad de generar bioluminiscencia.<\/p>\n<\/div>\n<\/div>\n<\/div>\n\n\n\n<div style=\"height:10px\" aria-hidden=\"true\" class=\"wp-block-spacer\"><\/div>\n\n\n\n<div class=\"wp-block-group is-vertical is-layout-flex wp-container-core-group-is-layout-769d0143 wp-block-group-is-layout-flex\">\n<p><strong>DIETA:<\/strong><\/p>\n\n\n\n<p class=\"has-text-align-justify has-alegreya-font-family has-small-font-size\">La dieta de estos organismos es bastante especializada, ya que \u00fanicamente depredan babosas y caracoles. Son capaces de agujerear el caparaz\u00f3n de sus presas gracias a sus mand\u00edbulas bien afiladas.<\/p>\n<\/div>\n\n\n\n<div style=\"height:10px\" aria-hidden=\"true\" class=\"wp-block-spacer\"><\/div>\n\n\n\n<div class=\"wp-block-group is-vertical is-layout-flex wp-container-core-group-is-layout-769d0143 wp-block-group-is-layout-flex\">\n<p><strong>ESTRUCTURA SOCIAL Y COMPORTAMIENTO:<\/strong><\/p>\n\n\n\n<p class=\"has-text-align-justify has-alegreya-font-family has-small-font-size\">Estos organismos presentan un comportamiento solitario y nocturno, de manera que interact\u00faan \u00fanicamente durante el per\u00edodo reproductivo. Las hembras son capaces de comunicarse con los machos a partir de la generaci\u00f3n de bioluminiscencia, caracter\u00edstica que utilizan para atraer a sus parejas.<\/p>\n\n\n\n<p class=\"has-text-align-justify has-alegreya-font-family has-small-font-size\">Su ciclo de vida comienza entre finales de mayo y finales de julio. Durante este periodo, los machos localizan a las hembras, que emiten luz, y copulan. Despu\u00e9s de la fecundaci\u00f3n, las hembras depositan los huevos en zonas h\u00famedas, como por ejemplo la parte inferior de la hojarasca o entre la vegetaci\u00f3n. Cabe destacar que los adultos suelen morir poco despu\u00e9s de la reproducci\u00f3n.<\/p>\n\n\n\n<p class=\"has-text-align-justify has-alegreya-font-family has-small-font-size\">Los huevos eclosionan entre agosto y septiembre, dando lugar a larvas de peque\u00f1o tama\u00f1o con una morfolog\u00eda similar a la de las hembras adultas. Estas larvas tambi\u00e9n son capaces de generar bioluminiscencia.<\/p>\n\n\n\n<p class=\"has-text-align-justify has-alegreya-font-family has-small-font-size\">Antes de alcanzar la fase adulta, las larvas atraviesan entre 6 y 8 mudas, un proceso que dura aproximadamente un a\u00f1o y medio. Luego, entran en la fase de pupa, donde ocurre la metamorfosis completa hasta su forma definitiva.<\/p>\n<\/div>\n\n\n<div class=\"wp-block-image\">\n<figure class=\"aligncenter size-large\"><img loading=\"lazy\" decoding=\"async\" width=\"1171\" height=\"105\" src=\"https:\/\/biocampus25.wordpress.com\/wp-content\/uploads\/2025\/04\/captura-de-pantalla-2025-04-19-215850.png?w=1024\" alt=\"\" class=\"wp-image-1648\" srcset=\"https:\/\/webs.uab.cat\/bees\/wp-content\/uploads\/sites\/329\/2025\/04\/captura-de-pantalla-2025-04-19-215850.png 1171w, https:\/\/webs.uab.cat\/bees\/wp-content\/uploads\/sites\/329\/2025\/04\/captura-de-pantalla-2025-04-19-215850-300x27.png 300w, https:\/\/webs.uab.cat\/bees\/wp-content\/uploads\/sites\/329\/2025\/04\/captura-de-pantalla-2025-04-19-215850-1024x92.png 1024w, https:\/\/webs.uab.cat\/bees\/wp-content\/uploads\/sites\/329\/2025\/04\/captura-de-pantalla-2025-04-19-215850-768x69.png 768w\" sizes=\"auto, (max-width: 1171px) 100vw, 1171px\" \/><\/figure>\n<\/div>\n\n\n<div style=\"height:10px\" aria-hidden=\"true\" class=\"wp-block-spacer\"><\/div>\n\n\n\n<div class=\"wp-block-group is-vertical is-layout-flex wp-container-core-group-is-layout-769d0143 wp-block-group-is-layout-flex\">\n<p><strong>HABITAT Y ZONA DE DISTRIBUCI\u00d3N:<\/strong><\/p>\n\n\n\n<p class=\"has-text-align-justify has-alegreya-font-family has-small-font-size\">Su \u00e1rea de distribuci\u00f3n se encuentra limitada a la Pen\u00ednsula Ib\u00e9rica y el sud de Francia.<\/p>\n\n\n\n<p class=\"has-text-align-justify has-alegreya-font-family has-small-font-size\">Su h\u00e1bitat depende de la fase vital en la que se encuentren. Las larvas suelen habitar en suelos h\u00famedos o bajo troncos, mientras que los adultos viven en zonas boscosas pr\u00f3ximas a masas de agua.<\/p>\n<\/div>\n\n\n\n<div class=\"wp-block-group is-vertical is-layout-flex wp-container-core-group-is-layout-769d0143 wp-block-group-is-layout-flex\">\n<figure class=\"wp-block-image size-large is-resized\"><img loading=\"lazy\" decoding=\"async\" width=\"604\" height=\"303\" src=\"https:\/\/biocampus25.wordpress.com\/wp-content\/uploads\/2025\/04\/captura-de-pantalla-2025-04-19-220147.png?w=604\" alt=\"\" class=\"wp-image-1651\" style=\"width:620px;height:auto\" srcset=\"https:\/\/webs.uab.cat\/bees\/wp-content\/uploads\/sites\/329\/2025\/04\/captura-de-pantalla-2025-04-19-220147.png 604w, https:\/\/webs.uab.cat\/bees\/wp-content\/uploads\/sites\/329\/2025\/04\/captura-de-pantalla-2025-04-19-220147-300x150.png 300w\" sizes=\"auto, (max-width: 604px) 100vw, 604px\" \/><\/figure>\n\n\n\n<p class=\"has-text-align-justify has-small-font-size\">Mapa de distribuci\u00f3n de Nyctophila reichii. Imagen obtenida de Gbbif en: <a href=\"https:\/\/www.gbif.org\/es\/species\/4430914\">https:\/\/www.gbif.org\/es\/species\/4430914<\/a><\/p>\n<\/div>\n\n\n\n<div style=\"height:10px\" aria-hidden=\"true\" class=\"wp-block-spacer\"><\/div>\n\n\n\n<div class=\"wp-block-group is-vertical is-layout-flex wp-container-core-group-is-layout-769d0143 wp-block-group-is-layout-flex\">\n<p><strong>ESTADO DE CONSERVACI\u00d3N:<\/strong><\/p>\n\n\n\n<p class=\"has-text-align-justify has-alegreya-font-family has-small-font-size\">Pese a que el estado de conservaci\u00f3n de esta especie no ha sido evaluado, es la especie de luci\u00e9rnagas m\u00e1s abundante e la Pen\u00ednsula Ib\u00e9rica. Aun as\u00ed, actualmente se encuentran con la problem\u00e1tica de la contaminaci\u00f3n lum\u00ednica y el uso de pesticidas, que pueden hacer disminuir sus poblaciones.<\/p>\n<\/div>\n\n\n<div class=\"wp-block-image\">\n<figure class=\"aligncenter size-large\"><img loading=\"lazy\" decoding=\"async\" width=\"797\" height=\"222\" src=\"https:\/\/biocampus25.wordpress.com\/wp-content\/uploads\/2025\/04\/captura_de_pantalla_2025-03-27_213157-removebg-preview-36.png?w=797\" alt=\"\" class=\"wp-image-1654\" srcset=\"https:\/\/webs.uab.cat\/bees\/wp-content\/uploads\/sites\/329\/2025\/04\/captura_de_pantalla_2025-03-27_213157-removebg-preview-36.png 797w, https:\/\/webs.uab.cat\/bees\/wp-content\/uploads\/sites\/329\/2025\/04\/captura_de_pantalla_2025-03-27_213157-removebg-preview-36-300x84.png 300w, https:\/\/webs.uab.cat\/bees\/wp-content\/uploads\/sites\/329\/2025\/04\/captura_de_pantalla_2025-03-27_213157-removebg-preview-36-768x214.png 768w\" sizes=\"auto, (max-width: 797px) 100vw, 797px\" \/><\/figure>\n<\/div>\n\n\n<div style=\"height:30px\" aria-hidden=\"true\" class=\"wp-block-spacer\"><\/div>\n\n\n\n<p><strong>REFERENCIAS:<\/strong><\/p>\n\n\n\n<p class=\"has-text-align-justify has-small-font-size\"><em>Luci\u00e9rnaga Mediterr\u00e1nea (Nyctophila reichii)<\/em>. (n.d.). Natusfera. Retrieved February 26, 2025, from <a href=\"https:\/\/spain.inaturalist.org\/taxa\/367018-Nyctophila-reichii\">https:\/\/spain.inaturalist.org\/taxa\/367018-Nyctophila-reichii<\/a><\/p>\n\n\n\n<p class=\"has-text-align-justify has-small-font-size\"><em>Nyctophila reichii (Nyctophila reichii)<\/em>. (n.d.). Picture Insect. Retrieved February 27, 2025, from <a href=\"https:\/\/pictureinsect.com\/es\/wiki\/Nyctophila_reichii.html\">https:\/\/pictureinsect.com\/es\/wiki\/Nyctophila_reichii.html<\/a><\/p>\n\n\n\n<p class=\"has-text-align-justify has-small-font-size\"><em>Nyctophila reichii (Jacquelin du Val, 1859)<\/em>. (2012, September 23). Mi blog de bichos. <a href=\"https:\/\/miblogdebichos.wordpress.com\/coleopteros\/lampyridae\/nyctophila-reichii-jacquelin-du-val-1859\/\">https:\/\/miblogdebichos.wordpress.com\/coleopteros\/lampyridae\/nyctophila-reichii-jacquelin-du-val-1859\/<\/a><\/p>\n\n\n\n<p class=\"has-text-align-justify has-small-font-size\"><em>Luci\u00e9rnaga mediterr\u00e1nea<\/em>. (n.d.). Elmedinaturaldelbages.cat. Retrieved March 1, 2025, from <a href=\"https:\/\/elmedinaturaldelbages.cat\/es\/species\/luciernaga-mediterranea-nyctophila-reichii-es\/\">https:\/\/elmedinaturaldelbages.cat\/es\/species\/luciernaga-mediterranea-nyctophila-reichii-es\/<\/a><\/p>\n\n\n\n<p class=\"has-text-align-justify has-small-font-size\">Dorda, J., &amp; Perfil, V. T. mi. (n.d.).&nbsp;<em>Notas de campo y jard\u00edn<\/em>. Blogspot.com. Retrieved March 1, 2025, from <a href=\"https:\/\/notasdecampoyjardin.blogspot.com\/2020\/10\/curiosa-vida-de-las-luciernagas.html\">https:\/\/notasdecampoyjardin.blogspot.com\/2020\/10\/curiosa-vida-de-las-luciernagas.html<\/a><\/p>\n","protected":false},"excerpt":{"rendered":"<p>Nyctophila reichii. Imagen con copyright CC BY 4.0, creada por Samuel Guiraudou y obtenida de Wikimedia commons en: https:\/\/commons.wikimedia.org\/wiki\/File:Nyctophila_reichii.jpg Reino Animalia Filo Arthropoda Subfilo Hexapoda Clase Insecta Subclase Pterygota Orden Coleoptera Suborden Polyphaga Infraorden Elateriformia Superfamilia Elateroidea Familia Lampyridae Subfamilia Lampyrinae Tribu Lampyrini G\u00e9nero Nyctophila Especie N. reichii DESCRIPCI\u00d3N: La luci\u00e9rnaga mediterr\u00e1nea es un cole\u00f3ptero [&hellip;]<\/p>\n","protected":false},"author":2556,"featured_media":0,"parent":0,"menu_order":0,"comment_status":"closed","ping_status":"closed","template":"","meta":{"footnotes":""},"class_list":["post-1641","page","type-page","status-publish","hentry"],"_links":{"self":[{"href":"https:\/\/webs.uab.cat\/bees\/wp-json\/wp\/v2\/pages\/1641","targetHints":{"allow":["GET"]}}],"collection":[{"href":"https:\/\/webs.uab.cat\/bees\/wp-json\/wp\/v2\/pages"}],"about":[{"href":"https:\/\/webs.uab.cat\/bees\/wp-json\/wp\/v2\/types\/page"}],"author":[{"embeddable":true,"href":"https:\/\/webs.uab.cat\/bees\/wp-json\/wp\/v2\/users\/2556"}],"replies":[{"embeddable":true,"href":"https:\/\/webs.uab.cat\/bees\/wp-json\/wp\/v2\/comments?post=1641"}],"version-history":[{"count":1,"href":"https:\/\/webs.uab.cat\/bees\/wp-json\/wp\/v2\/pages\/1641\/revisions"}],"predecessor-version":[{"id":4235,"href":"https:\/\/webs.uab.cat\/bees\/wp-json\/wp\/v2\/pages\/1641\/revisions\/4235"}],"wp:attachment":[{"href":"https:\/\/webs.uab.cat\/bees\/wp-json\/wp\/v2\/media?parent=1641"}],"curies":[{"name":"wp","href":"https:\/\/api.w.org\/{rel}","templated":true}]}}