{"id":1659,"date":"2025-05-14T11:42:31","date_gmt":"2025-05-14T09:42:31","guid":{"rendered":"https:\/\/biocampus25.wordpress.com\/?page_id=1659"},"modified":"2025-05-19T13:01:07","modified_gmt":"2025-05-19T11:01:07","slug":"oedemeridae","status":"publish","type":"page","link":"https:\/\/webs.uab.cat\/bees\/oedemeridae\/","title":{"rendered":"Oedemeridae"},"content":{"rendered":"\n<div class=\"wp-block-group is-vertical is-layout-flex wp-container-core-group-is-layout-769d0143 wp-block-group-is-layout-flex\">\n<p><strong>Descripci\u00f3n:<\/strong><\/p>\n\n\n\n<p class=\"has-text-align-justify has-alegreya-font-family has-small-font-size\">Esta familia de cole\u00f3pteros est\u00e1 formada por unas 1.500 especies, la mayor\u00eda con una distribuci\u00f3n cosmopolita. Se encuentra clasificada dentro de la superfamilia <em>Tenebrionoidea<\/em>.<\/p>\n\n\n\n<p class=\"has-text-align-justify has-alegreya-font-family has-small-font-size\">Este grupo est\u00e1 compuesto por individuos con cuerpo blando, aplanado y alargado, generalmente de tonos oscuros. Su cabeza es m\u00e1s peque\u00f1a que el t\u00f3rax y presenta un par de ojos compuestos y dos antenas filiformes formadas por once segmentos. El pronoto es normalmente m\u00e1s estrecho que los \u00e9litros y no tiene m\u00e1rgenes laterales. Las patas presentan los tarsos con un pen\u00faltimo segmento bilobulado y unas procoxas c\u00f3nicas y continuas.<\/p>\n\n\n\n<p class=\"has-text-align-justify has-alegreya-font-family has-small-font-size\">Las larvas pueden encontrarse viviendo en tallos herb\u00e1ceos o en madera en descomposici\u00f3n, mientras que los adultos viven cerca de las flores, ya que se alimentan de polen y n\u00e9ctar. Adem\u00e1s, presentan el cuerpo cubierto de pelos, lo que les permite ser buenos polinizadores.<\/p>\n\n\n\n<p class=\"has-text-align-justify has-alegreya-font-family has-small-font-size\">Una de las caracter\u00edsticas m\u00e1s distintivas de este grupo es su capacidad para generar sustancias t\u00f3xicas de defensa, como la cantaridina, que puede provocar erupciones en la piel.<\/p>\n\n\n\n<p class=\"has-text-align-justify has-alegreya-font-family has-small-font-size\">La \u00fanica especie presente en el campus es &#8220;<em><a href=\"https:\/\/webs.uab.cat\/bees\/escarabajo-metalico-de-femur-grueso\/\" data-type=\"page\" data-id=\"1665\">Oedemera nobilis<\/a><\/em>&#8220;.<\/p>\n<\/div>\n\n\n\n<div style=\"height:30px\" aria-hidden=\"true\" class=\"wp-block-spacer\"><\/div>\n\n\n\n<p><strong>Bibliografia:<\/strong><\/p>\n\n\n\n<p class=\"has-text-align-justify has-small-font-size\">Dom\u00ednguez-Le\u00f3n, D. E., &amp; Zaragoza-Caballero, S. (2021). Listado de Oedemeridae (Insecta: Coleoptera) de M\u00e9xico.&nbsp;<em>Revista mexicana de biodiversidad<\/em>,&nbsp;<em>92<\/em>(0), 923689. <a href=\"https:\/\/doi.org\/10.22201\/ib.20078706e.2021.92.3689\">https:\/\/doi.org\/10.22201\/ib.20078706e.2021.92.3689<\/a><\/p>\n\n\n\n<p class=\"has-text-align-justify has-small-font-size\">Wikipedia contributors. (n.d.-s).&nbsp;<em>Oedemeridae<\/em>. Wikipedia, The Free Encyclopedia. <a href=\"https:\/\/es.wikipedia.org\/w\/index.php?title=Oedemeridae&amp;oldid=159091505\">https:\/\/es.wikipedia.org\/w\/index.php?title=Oedemeridae&amp;oldid=159091505<\/a><\/p>\n\n\n\n<p class=\"has-text-align-justify has-small-font-size\">Wikipedia contributors. (n.d.-y).&nbsp;<em>Tenebrionoidea<\/em>. Wikipedia, The Free Encyclopedia. <a href=\"https:\/\/es.wikipedia.org\/w\/index.php?title=Tenebrionoidea&amp;oldid=158359972\">https:\/\/es.wikipedia.org\/w\/index.php?title=Tenebrionoidea&amp;oldid=158359972<\/a><\/p>\n\n\n\n<p><\/p>\n","protected":false},"excerpt":{"rendered":"<p>Descripci\u00f3n: Esta familia de cole\u00f3pteros est\u00e1 formada por unas 1.500 especies, la mayor\u00eda con una distribuci\u00f3n cosmopolita. Se encuentra clasificada dentro de la superfamilia Tenebrionoidea. Este grupo est\u00e1 compuesto por individuos con cuerpo blando, aplanado y alargado, generalmente de tonos oscuros. Su cabeza es m\u00e1s peque\u00f1a que el t\u00f3rax y presenta un par de ojos [&hellip;]<\/p>\n","protected":false},"author":2556,"featured_media":0,"parent":0,"menu_order":0,"comment_status":"closed","ping_status":"closed","template":"","meta":{"footnotes":""},"class_list":["post-1659","page","type-page","status-publish","hentry"],"_links":{"self":[{"href":"https:\/\/webs.uab.cat\/bees\/wp-json\/wp\/v2\/pages\/1659","targetHints":{"allow":["GET"]}}],"collection":[{"href":"https:\/\/webs.uab.cat\/bees\/wp-json\/wp\/v2\/pages"}],"about":[{"href":"https:\/\/webs.uab.cat\/bees\/wp-json\/wp\/v2\/types\/page"}],"author":[{"embeddable":true,"href":"https:\/\/webs.uab.cat\/bees\/wp-json\/wp\/v2\/users\/2556"}],"replies":[{"embeddable":true,"href":"https:\/\/webs.uab.cat\/bees\/wp-json\/wp\/v2\/comments?post=1659"}],"version-history":[{"count":1,"href":"https:\/\/webs.uab.cat\/bees\/wp-json\/wp\/v2\/pages\/1659\/revisions"}],"predecessor-version":[{"id":4263,"href":"https:\/\/webs.uab.cat\/bees\/wp-json\/wp\/v2\/pages\/1659\/revisions\/4263"}],"wp:attachment":[{"href":"https:\/\/webs.uab.cat\/bees\/wp-json\/wp\/v2\/media?parent=1659"}],"curies":[{"name":"wp","href":"https:\/\/api.w.org\/{rel}","templated":true}]}}