{"id":1706,"date":"2025-05-14T11:40:08","date_gmt":"2025-05-14T09:40:08","guid":{"rendered":"https:\/\/biocampus25.wordpress.com\/?page_id=1706"},"modified":"2025-05-19T10:53:02","modified_gmt":"2025-05-19T08:53:02","slug":"coccinellidae","status":"publish","type":"page","link":"https:\/\/webs.uab.cat\/bees\/coccinellidae\/","title":{"rendered":"Coccinellidae"},"content":{"rendered":"\n<div class=\"wp-block-group is-vertical is-layout-flex wp-container-core-group-is-layout-3e0ae1ae wp-block-group-is-layout-flex\">\n<p><strong>Descripci\u00f3n:<\/strong><\/p>\n\n\n\n<p class=\"has-text-align-justify has-alegreya-font-family has-small-font-size\">Esta familia de cole\u00f3pteros, conocida com\u00fanmente como mariquitas, est\u00e1 formada por unas 6.000 especies. La caracter\u00edstica m\u00e1s destacable es su morfolog\u00eda corporal redondeada y con colores generalmente brillantes, acompa\u00f1ados de manchas negras o blancas.<\/p>\n\n\n\n<p class=\"has-text-align-justify has-alegreya-font-family has-small-font-size\">Su patr\u00f3n de coloraci\u00f3n puede variar entre estaciones, lo que podr\u00eda permitirles camuflarse con el entorno. Tambi\u00e9n puede servirles para indicar a sus depredadores que son animales peligrosos, aunque no siempre sea cierto.<\/p>\n\n\n\n<p class=\"has-text-align-justify has-alegreya-font-family has-small-font-size\">Estos animales suelen ser depredadores de \u00e1fidos y cochinillas, pero hay algunas especies que son herb\u00edvoras. Generalmente, se pueden encontrar en zonas tropicales o templadas, donde estas \u00faltimas han desarrollado la capacidad de hibernar cuando las temperaturas empiezan a descender.<\/p>\n\n\n\n<p class=\"has-text-align-justify has-alegreya-font-family has-small-font-size\">En la zona de la cabeza podemos observar que la placa frontal y el cl\u00edpeo (placa situada entre la frontal y el aparato bucal) no est\u00e1n divididos por una sutura, como es habitual. En cuanto al aparato bucal, los palpos maxilares tienen puntas, pero no en forma de aguja, y la zona molar es m\u00e1s peque\u00f1a que la mand\u00edbula.<\/p>\n\n\n\n<p class=\"has-text-align-justify has-alegreya-font-family has-small-font-size\">El abdomen presenta cinco pares de espir\u00e1culos para la captaci\u00f3n de ox\u00edgeno, adem\u00e1s del aparato genital, que en los machos adopta una morfolog\u00eda tubular o sifonal.<\/p>\n\n\n\n<p class=\"has-text-align-justify has-alegreya-font-family has-small-font-size\">En lo que respecta a la reproducci\u00f3n, normalmente la c\u00f3pula se realiza mientras los individuos est\u00e1n adheridos a alguna estructura vegetal, donde m\u00e1s tarde se depositar\u00e1n los huevos. De estos emerge una larva alargada, con cabeza cuadrada y alta pilosidad, que tras pasar por cuatro mudas llega a la fase pupal. La pupa suele ser de color rojo con manchas negras, lo que a veces puede confundirse con los excrementos de las aves. Finalmente, cuando el adulto emerge de la fase pupal es amarillento, sin tener a\u00fan los colores bien definidos, pero al cabo de unas horas los adquiere.<\/p>\n\n\n\n<p class=\"has-text-align-justify has-alegreya-font-family has-small-font-size\">La especie m\u00e1s abundante en la zona de muestreo es &#8220;<em><a href=\"https:\/\/webs.uab.cat\/bees\/mariquita-de-siete-puntos\/\" data-type=\"page\" data-id=\"1712\">Coccinella septempunctata<\/a>&#8220;.<\/em><\/p>\n<\/div>\n\n\n\n<div style=\"height:30px\" aria-hidden=\"true\" class=\"wp-block-spacer\"><\/div>\n\n\n\n<p><strong>Bibliografia:<\/strong><\/p>\n\n\n\n<p class=\"has-text-align-justify has-small-font-size\">Coccinellidae (N.d.). Animalia.Bio. Retrieved January 18, 2025, from <a href=\"https:\/\/animalia.bio\/es\/coccinellidae\">https:\/\/animalia.bio\/es\/coccinellidae<\/a><\/p>\n\n\n\n<p class=\"has-text-align-justify has-small-font-size\">Wikipedia contributors. (n.d.-g).&nbsp;<em>Coccinellidae<\/em>. Wikipedia, The Free Encyclopedia. <a href=\"https:\/\/es.wikipedia.org\/w\/index.php?title=Coccinellidae&amp;oldid=166856513\">https:\/\/es.wikipedia.org\/w\/index.php?title=Coccinellidae&amp;oldid=166856513<\/a><\/p>\n\n\n\n<p><\/p>\n","protected":false},"excerpt":{"rendered":"<p>Descripci\u00f3n: Esta familia de cole\u00f3pteros, conocida com\u00fanmente como mariquitas, est\u00e1 formada por unas 6.000 especies. La caracter\u00edstica m\u00e1s destacable es su morfolog\u00eda corporal redondeada y con colores generalmente brillantes, acompa\u00f1ados de manchas negras o blancas. Su patr\u00f3n de coloraci\u00f3n puede variar entre estaciones, lo que podr\u00eda permitirles camuflarse con el entorno. Tambi\u00e9n puede servirles para [&hellip;]<\/p>\n","protected":false},"author":2556,"featured_media":0,"parent":0,"menu_order":0,"comment_status":"closed","ping_status":"closed","template":"","meta":{"footnotes":""},"class_list":["post-1706","page","type-page","status-publish","hentry"],"_links":{"self":[{"href":"https:\/\/webs.uab.cat\/bees\/wp-json\/wp\/v2\/pages\/1706","targetHints":{"allow":["GET"]}}],"collection":[{"href":"https:\/\/webs.uab.cat\/bees\/wp-json\/wp\/v2\/pages"}],"about":[{"href":"https:\/\/webs.uab.cat\/bees\/wp-json\/wp\/v2\/types\/page"}],"author":[{"embeddable":true,"href":"https:\/\/webs.uab.cat\/bees\/wp-json\/wp\/v2\/users\/2556"}],"replies":[{"embeddable":true,"href":"https:\/\/webs.uab.cat\/bees\/wp-json\/wp\/v2\/comments?post=1706"}],"version-history":[{"count":1,"href":"https:\/\/webs.uab.cat\/bees\/wp-json\/wp\/v2\/pages\/1706\/revisions"}],"predecessor-version":[{"id":4166,"href":"https:\/\/webs.uab.cat\/bees\/wp-json\/wp\/v2\/pages\/1706\/revisions\/4166"}],"wp:attachment":[{"href":"https:\/\/webs.uab.cat\/bees\/wp-json\/wp\/v2\/media?parent=1706"}],"curies":[{"name":"wp","href":"https:\/\/api.w.org\/{rel}","templated":true}]}}