{"id":1734,"date":"2025-05-14T11:40:13","date_gmt":"2025-05-14T09:40:13","guid":{"rendered":"https:\/\/biocampus25.wordpress.com\/?page_id=1734"},"modified":"2025-05-19T11:14:12","modified_gmt":"2025-05-19T09:14:12","slug":"escarabajo-de-la-patata","status":"publish","type":"page","link":"https:\/\/webs.uab.cat\/bees\/escarabajo-de-la-patata\/","title":{"rendered":"ESCARABAJO DE LA PATATA"},"content":{"rendered":"<div class=\"wp-block-image\">\n<figure class=\"aligncenter size-large\"><img loading=\"lazy\" decoding=\"async\" width=\"640\" height=\"360\" src=\"https:\/\/biocampus25.wordpress.com\/wp-content\/uploads\/2025\/04\/640px-colorado_potato_beetle_leptinotarsa_decemlineata_insect-edited.jpg\" alt=\"\" class=\"wp-image-1736\" srcset=\"https:\/\/webs.uab.cat\/bees\/wp-content\/uploads\/sites\/329\/2025\/04\/640px-colorado_potato_beetle_leptinotarsa_decemlineata_insect-edited.jpg 640w, https:\/\/webs.uab.cat\/bees\/wp-content\/uploads\/sites\/329\/2025\/04\/640px-colorado_potato_beetle_leptinotarsa_decemlineata_insect-edited-300x169.jpg 300w\" sizes=\"auto, (max-width: 640px) 100vw, 640px\" \/><\/figure>\n<\/div>\n\n\n<div style=\"height:10px\" aria-hidden=\"true\" class=\"wp-block-spacer\"><\/div>\n\n\n\n<div class=\"wp-block-columns is-layout-flex wp-container-core-columns-is-layout-9d6595d7 wp-block-columns-is-layout-flex\">\n<div class=\"wp-block-column is-layout-flow wp-block-column-is-layout-flow\">\n<figure class=\"wp-block-table has-alegreya-font-family has-small-font-size\"><table><tbody><tr><td class=\"has-text-align-center\" data-align=\"center\"><strong>Reino<\/strong><\/td><td class=\"has-text-align-center\" data-align=\"center\">Animalia<\/td><\/tr><tr><td class=\"has-text-align-center\" data-align=\"center\"><strong>Filo<\/strong><\/td><td class=\"has-text-align-center\" data-align=\"center\">Arthropoda<\/td><\/tr><tr><td class=\"has-text-align-center\" data-align=\"center\"><strong>Subfilo<\/strong><\/td><td class=\"has-text-align-center\" data-align=\"center\"><a href=\"https:\/\/webs.uab.cat\/bees\/hexapoda\/\" data-type=\"page\" data-id=\"4095\">Hexapoda<\/a><\/td><\/tr><tr><td class=\"has-text-align-center\" data-align=\"center\"><strong>Clase<\/strong><\/td><td class=\"has-text-align-center\" data-align=\"center\">Insecta<\/td><\/tr><tr><td class=\"has-text-align-center\" data-align=\"center\"><strong>Subclase<\/strong><\/td><td class=\"has-text-align-center\" data-align=\"center\">Pterygota<\/td><\/tr><tr><td class=\"has-text-align-center\" data-align=\"center\"><strong>Orden<\/strong><\/td><td class=\"has-text-align-center\" data-align=\"center\"><a href=\"https:\/\/webs.uab.cat\/bees\/coleoptera\/\" data-type=\"page\" data-id=\"1591\">Coleoptera<\/a><\/td><\/tr><tr><td class=\"has-text-align-center\" data-align=\"center\"><strong>Suborden<\/strong><\/td><td class=\"has-text-align-center\" data-align=\"center\">Polyphaga<\/td><\/tr><tr><td class=\"has-text-align-center\" data-align=\"center\"><strong>Infraorden<\/strong><\/td><td class=\"has-text-align-center\" data-align=\"center\">Cucujiformia<\/td><\/tr><tr><td class=\"has-text-align-center\" data-align=\"center\"><strong>Superfamilia<\/strong><\/td><td class=\"has-text-align-center\" data-align=\"center\">Chrysomeloidea<\/td><\/tr><tr><td class=\"has-text-align-center\" data-align=\"center\"><strong>Familia<\/strong><\/td><td class=\"has-text-align-center\" data-align=\"center\"><a href=\"https:\/\/webs.uab.cat\/bees\/chrysomelidae\/\" data-type=\"page\" data-id=\"1729\">Chrysomelidae<\/a><\/td><\/tr><tr><td class=\"has-text-align-center\" data-align=\"center\"><strong>Subfamilia<\/strong><\/td><td class=\"has-text-align-center\" data-align=\"center\">Chrysomelinae<\/td><\/tr><tr><td class=\"has-text-align-center\" data-align=\"center\"><strong>Tribu<\/strong><\/td><td class=\"has-text-align-center\" data-align=\"center\">Doryphorini<\/td><\/tr><tr><td class=\"has-text-align-center\" data-align=\"center\"><strong>G\u00e9nero<\/strong><\/td><td class=\"has-text-align-center\" data-align=\"center\">Leptinotarsa<\/td><\/tr><tr><td class=\"has-text-align-center\" data-align=\"center\"><strong>Especie<\/strong><\/td><td class=\"has-text-align-center\" data-align=\"center\">L. decemlineata<\/td><\/tr><\/tbody><\/table><\/figure>\n<\/div>\n\n\n\n<div class=\"wp-block-column is-layout-flow wp-block-column-is-layout-flow\">\n<div class=\"wp-block-group is-vertical is-layout-flex wp-container-core-group-is-layout-769d0143 wp-block-group-is-layout-flex\">\n<p><strong>DESCRIPCI\u00d3N:<\/strong><\/p>\n\n\n\n<p class=\"has-text-align-justify has-alegreya-font-family has-small-font-size\">El escarabajo de la patata es un cole\u00f3ptero de tama\u00f1o mediano, que suele medir aproximadamente 10 x 6mm. Esto le confiere una morfolog\u00eda corporal ovalado y convexo, adem\u00e1s de resistente debido a la presencia de una fuerte capa de quitina. Su peso var\u00eda entre los 50 y 170mg, y su coloraci\u00f3n es principalmente parda o amarillenta.<\/p>\n\n\n\n<p class=\"has-text-align-justify has-alegreya-font-family has-small-font-size\">En la cabeza, destacan varios puntos negros, que tambi\u00e9n se encuentran en la regi\u00f3n tor\u00e1cica. Entre los rasgos m\u00e1s caracter\u00edsticos de esta regi\u00f3n est\u00e1n sus ojos compuestos negros y sus antenas largas y delgadas.<\/p>\n\n\n\n<p class=\"has-text-align-justify has-alegreya-font-family has-small-font-size\">En el t\u00f3rax, se observan dos pares de alas. El primer par es de tipo \u00e9litro, que cubre el abdomen, mientras que el segundo par es membranoso y est\u00e1 destinado al vuelo. Tal como indica su nombre cient\u00edfico, los \u00e9litros presentan 10 bandas negras longitudinales, un patr\u00f3n distintivo que ayuda a identificar la especie.<\/p>\n\n\n\n<p class=\"has-text-align-justify has-alegreya-font-family has-small-font-size\">Por \u00faltimo, su abdomen es corto y ancho, y est\u00e1 completamente cubierto por el par de \u00e9litros tor\u00e1cicos en su regi\u00f3n dorsal.<\/p>\n<\/div>\n<\/div>\n<\/div>\n\n\n\n<div style=\"height:10px\" aria-hidden=\"true\" class=\"wp-block-spacer\"><\/div>\n\n\n\n<div class=\"wp-block-group is-vertical is-layout-flex wp-container-core-group-is-layout-769d0143 wp-block-group-is-layout-flex\">\n<p><strong>DIETA:<\/strong><\/p>\n\n\n\n<p class=\"has-text-align-justify has-alegreya-font-family has-small-font-size\">Su dieta se basa principalmente en la ingesta de hojas y tallos de las plantas de la familia de las patatas. Es por eso por lo que han llegado a formar graves plagas agr\u00edcolas.<\/p>\n<\/div>\n\n\n\n<div style=\"height:10px\" aria-hidden=\"true\" class=\"wp-block-spacer\"><\/div>\n\n\n\n<div class=\"wp-block-group is-vertical is-layout-flex wp-container-core-group-is-layout-769d0143 wp-block-group-is-layout-flex\">\n<p><strong>ESTRUCTURA SOCIAL Y COMPORTAMIENTO:<\/strong><\/p>\n\n\n\n<p class=\"has-text-align-justify has-alegreya-font-family has-small-font-size\">Estos organismos muestran un comportamiento principalmente solitario, reuni\u00e9ndose \u00fanicamente cuando hay abundante alimento disponible. Sin embargo, no forman estructuras sociales complejas. Se les puede encontrar activos durante el d\u00eda, especialmente hasta el atardecer.<\/p>\n\n\n\n<p class=\"has-text-align-justify has-alegreya-font-family has-small-font-size\">Su ciclo de vida comienza en primavera o verano, cuando los adultos, que pasaron el invierno en diapausa bajo el suelo, emergen con la mejora de las condiciones clim\u00e1ticas. En un lapso de 1 a 2 d\u00edas, estos adultos buscan pareja para realizar la c\u00f3pula.<\/p>\n\n\n\n<p class=\"has-text-align-justify has-alegreya-font-family has-small-font-size\">Este proceso da lugar a la puesta de entre 10 y 30 huevos, que son depositados en filas en la parte inferior de las hojas de las que se alimentan. A lo largo del verano, la hembra puede llegar a poner hasta 2.000 huevos, que eclosionan despu\u00e9s de 4 a 12 d\u00edas.<\/p>\n\n\n\n<p class=\"has-text-align-justify has-alegreya-font-family has-small-font-size\">Las larvas pasan por 4 mudas durante un desarrollo de 2 a 3 semanas. Durante este tiempo, las larvas que provienen de la misma puesta permanecen agrupadas. Al principio las larvas son de color rojo, pero van a ir cambiando de tonos a medida que se van desarrollando. Cabe decir que tienen una alta tolerancia a diversas condiciones, pero en situaciones extremas pueden mostrar comportamientos can\u00edbales.<\/p>\n\n\n\n<p class=\"has-text-align-justify has-alegreya-font-family has-small-font-size\">Despu\u00e9s de completar su desarrollo larval, las larvas pasan a la fase de pupaci\u00f3n, que dura entre 10 y 20 d\u00edas, y dan lugar a adultos con su tama\u00f1o est\u00e1ndar. En algunas regiones del mundo son capaces de generar hasta 4 generaciones al a\u00f1o.<\/p>\n<\/div>\n\n\n<div class=\"wp-block-image\">\n<figure class=\"aligncenter size-large\"><img loading=\"lazy\" decoding=\"async\" width=\"1175\" height=\"106\" src=\"https:\/\/biocampus25.wordpress.com\/wp-content\/uploads\/2025\/04\/captura-de-pantalla-2025-04-19-235919.png?w=1024\" alt=\"\" class=\"wp-image-1742\" srcset=\"https:\/\/webs.uab.cat\/bees\/wp-content\/uploads\/sites\/329\/2025\/04\/captura-de-pantalla-2025-04-19-235919.png 1175w, https:\/\/webs.uab.cat\/bees\/wp-content\/uploads\/sites\/329\/2025\/04\/captura-de-pantalla-2025-04-19-235919-300x27.png 300w, https:\/\/webs.uab.cat\/bees\/wp-content\/uploads\/sites\/329\/2025\/04\/captura-de-pantalla-2025-04-19-235919-1024x92.png 1024w, https:\/\/webs.uab.cat\/bees\/wp-content\/uploads\/sites\/329\/2025\/04\/captura-de-pantalla-2025-04-19-235919-768x69.png 768w\" sizes=\"auto, (max-width: 1175px) 100vw, 1175px\" \/><\/figure>\n<\/div>\n\n\n<div style=\"height:10px\" aria-hidden=\"true\" class=\"wp-block-spacer\"><\/div>\n\n\n\n<div class=\"wp-block-group is-vertical is-layout-flex wp-container-core-group-is-layout-769d0143 wp-block-group-is-layout-flex\">\n<p><strong>HABITAT Y ZONA DE DISTRIBUCI\u00d3N:<\/strong><\/p>\n\n\n\n<p class=\"has-text-align-justify has-alegreya-font-family has-small-font-size\">Esta especie era originaria de los Estados Unidos de Am\u00e9rica, lugar donde se extendi\u00f3 colonizando todo el territorio. Posteriormente lleg\u00f3 como especie invasora a Europa y la parte m\u00e1s occidental de Asia, zonas donde ha llegado a ocupar buna parte del terreno.<\/p>\n\n\n\n<p class=\"has-text-align-justify has-alegreya-font-family has-small-font-size\">Su h\u00e1bitat t\u00edpico son los campos de cultivo, aunque tambi\u00e9n est\u00e1n presentes en bosques y praderas.<\/p>\n<\/div>\n\n\n\n<div class=\"wp-block-group is-vertical is-layout-flex wp-container-core-group-is-layout-769d0143 wp-block-group-is-layout-flex\">\n<figure class=\"wp-block-image size-large\"><img loading=\"lazy\" decoding=\"async\" width=\"1062\" height=\"535\" src=\"https:\/\/biocampus25.wordpress.com\/wp-content\/uploads\/2025\/04\/captura-de-pantalla-2025-04-20-000113.png?w=1024\" alt=\"\" class=\"wp-image-1745\" srcset=\"https:\/\/webs.uab.cat\/bees\/wp-content\/uploads\/sites\/329\/2025\/04\/captura-de-pantalla-2025-04-20-000113.png 1062w, https:\/\/webs.uab.cat\/bees\/wp-content\/uploads\/sites\/329\/2025\/04\/captura-de-pantalla-2025-04-20-000113-300x151.png 300w, https:\/\/webs.uab.cat\/bees\/wp-content\/uploads\/sites\/329\/2025\/04\/captura-de-pantalla-2025-04-20-000113-1024x516.png 1024w, https:\/\/webs.uab.cat\/bees\/wp-content\/uploads\/sites\/329\/2025\/04\/captura-de-pantalla-2025-04-20-000113-768x387.png 768w\" sizes=\"auto, (max-width: 1062px) 100vw, 1062px\" \/><\/figure>\n\n\n\n<p class=\"has-text-align-justify has-small-font-size\">Mapa de distribuci\u00f3n de Leptinotarsa decemlineata. Imagen obtenida de Gbif en: <a href=\"https:\/\/www.gbif.org\/es\/species\/1047536\">https:\/\/www.gbif.org\/es\/species\/1047536<\/a><\/p>\n<\/div>\n\n\n\n<div style=\"height:10px\" aria-hidden=\"true\" class=\"wp-block-spacer\"><\/div>\n\n\n\n<div class=\"wp-block-group is-vertical is-layout-flex wp-container-core-group-is-layout-769d0143 wp-block-group-is-layout-flex\">\n<p><strong>ESTADO DE CONSERVACI\u00d3N:<\/strong><\/p>\n\n\n\n<p class=\"has-text-align-justify has-alegreya-font-family has-small-font-size\">Aunque no se cuente con datos espec\u00edficos de su estado de conservaci\u00f3n, s\u00ed que se puede afirmar que no se encuentra en ninguna lista de especies en situaci\u00f3n de peligro. Adem\u00e1s, se ha vuelto una plaga agr\u00edcola en diferentes partes del mundo.<\/p>\n<\/div>\n\n\n<div class=\"wp-block-image\">\n<figure class=\"aligncenter size-large is-resized\"><img loading=\"lazy\" decoding=\"async\" width=\"582\" height=\"167\" src=\"https:\/\/biocampus25.wordpress.com\/wp-content\/uploads\/2025\/04\/captura_de_pantalla_2025-04-16_221652-removebg-preview-16.png?w=582\" alt=\"\" class=\"wp-image-1747\" style=\"width:620px;height:auto\" srcset=\"https:\/\/webs.uab.cat\/bees\/wp-content\/uploads\/sites\/329\/2025\/04\/captura_de_pantalla_2025-04-16_221652-removebg-preview-16.png 582w, https:\/\/webs.uab.cat\/bees\/wp-content\/uploads\/sites\/329\/2025\/04\/captura_de_pantalla_2025-04-16_221652-removebg-preview-16-300x86.png 300w\" sizes=\"auto, (max-width: 582px) 100vw, 582px\" \/><\/figure>\n<\/div>\n\n\n<div style=\"height:30px\" aria-hidden=\"true\" class=\"wp-block-spacer\"><\/div>\n\n\n\n<p><strong>REFERENCIAS:<\/strong><\/p>\n\n\n\n<p class=\"has-text-align-justify has-small-font-size\"><em>Escarabajo de la papa (Leptinotarsa decemlineata)<\/em>. (n.d.). iNaturalist Mexico. Retrieved February 26, 2025, from <a href=\"https:\/\/mexico.inaturalist.org\/taxa\/84778-Leptinotarsa-decemlineata\">https:\/\/mexico.inaturalist.org\/taxa\/84778-Leptinotarsa-decemlineata<\/a><\/p>\n\n\n\n<p class=\"has-text-align-justify has-small-font-size\">Valderrey, J. L. M. (2009, July 31).&nbsp;<em>Leptinotarsa decemlineata Say, 1824<\/em>. Naturaleza y turismo. <a href=\"https:\/\/www.asturnatura.com\/especie\/leptinotarsa-decemlineata\">https:\/\/www.asturnatura.com\/especie\/leptinotarsa-decemlineata<\/a><\/p>\n\n\n\n<p class=\"has-text-align-justify has-small-font-size\"><em>Leptinotarsa decemlineata (Say, 1824)<\/em>. (2013, September 29). Mi blog de bichos.&nbsp;&nbsp;&nbsp;&nbsp;&nbsp;&nbsp;&nbsp;&nbsp;&nbsp;&nbsp; <a href=\"https:\/\/miblogdebichos.wordpress.com\/coleopteros\/chrysomelidae-2\/leptinotarsa-decemlineata-say-1824\/\">https:\/\/miblogdebichos.wordpress.com\/coleopteros\/chrysomelidae-2\/leptinotarsa-decemlineata-say-1824\/<\/a><\/p>\n\n\n\n<p class=\"has-text-align-justify has-small-font-size\"><em>Escarabajo de la patata<\/em>. (n.d.). Elmedinaturaldelbages.cat. Retrieved March 2, 2025, from <a href=\"https:\/\/elmedinaturaldelbages.cat\/es\/species\/escarabajo-de-la-patata-leptinotarsa-decemlineata-es\/\">https:\/\/elmedinaturaldelbages.cat\/es\/species\/escarabajo-de-la-patata-leptinotarsa-decemlineata-es\/<\/a><\/p>\n","protected":false},"excerpt":{"rendered":"<p>Reino Animalia Filo Arthropoda Subfilo Hexapoda Clase Insecta Subclase Pterygota Orden Coleoptera Suborden Polyphaga Infraorden Cucujiformia Superfamilia Chrysomeloidea Familia Chrysomelidae Subfamilia Chrysomelinae Tribu Doryphorini G\u00e9nero Leptinotarsa Especie L. decemlineata DESCRIPCI\u00d3N: El escarabajo de la patata es un cole\u00f3ptero de tama\u00f1o mediano, que suele medir aproximadamente 10 x 6mm. Esto le confiere una morfolog\u00eda corporal ovalado [&hellip;]<\/p>\n","protected":false},"author":2556,"featured_media":0,"parent":0,"menu_order":0,"comment_status":"closed","ping_status":"closed","template":"","meta":{"footnotes":""},"class_list":["post-1734","page","type-page","status-publish","hentry"],"_links":{"self":[{"href":"https:\/\/webs.uab.cat\/bees\/wp-json\/wp\/v2\/pages\/1734","targetHints":{"allow":["GET"]}}],"collection":[{"href":"https:\/\/webs.uab.cat\/bees\/wp-json\/wp\/v2\/pages"}],"about":[{"href":"https:\/\/webs.uab.cat\/bees\/wp-json\/wp\/v2\/types\/page"}],"author":[{"embeddable":true,"href":"https:\/\/webs.uab.cat\/bees\/wp-json\/wp\/v2\/users\/2556"}],"replies":[{"embeddable":true,"href":"https:\/\/webs.uab.cat\/bees\/wp-json\/wp\/v2\/comments?post=1734"}],"version-history":[{"count":1,"href":"https:\/\/webs.uab.cat\/bees\/wp-json\/wp\/v2\/pages\/1734\/revisions"}],"predecessor-version":[{"id":4185,"href":"https:\/\/webs.uab.cat\/bees\/wp-json\/wp\/v2\/pages\/1734\/revisions\/4185"}],"wp:attachment":[{"href":"https:\/\/webs.uab.cat\/bees\/wp-json\/wp\/v2\/media?parent=1734"}],"curies":[{"name":"wp","href":"https:\/\/api.w.org\/{rel}","templated":true}]}}