{"id":1775,"date":"2025-05-14T11:42:30","date_gmt":"2025-05-14T09:42:30","guid":{"rendered":"https:\/\/biocampus25.wordpress.com\/?page_id=1775"},"modified":"2025-05-19T12:58:20","modified_gmt":"2025-05-19T10:58:20","slug":"nepidae","status":"publish","type":"page","link":"https:\/\/webs.uab.cat\/bees\/nepidae\/","title":{"rendered":"Nepidae"},"content":{"rendered":"\n<div class=\"wp-block-group is-vertical is-layout-flex wp-container-core-group-is-layout-3e0ae1ae wp-block-group-is-layout-flex\">\n<p><strong>Descripci\u00f3n:<\/strong><\/p>\n\n\n\n<p class=\"has-text-align-justify\">Esta familia de hem\u00edpteros es conocida como escorpiones de agua. Este nombre proviene del hecho de que tienen en la parte anterior de la cabeza una estructura prominente en forma de pinzas que recuerda a un escorpi\u00f3n.<\/p>\n\n\n\n<p class=\"has-text-align-justify\">Para adaptarse al medio acu\u00e1tico, presentan una serie de adaptaciones:<\/p>\n\n\n\n<div class=\"wp-block-group is-vertical is-layout-flex wp-container-core-group-is-layout-3e0ae1ae wp-block-group-is-layout-flex\">\n<div class=\"wp-block-group has-alegreya-font-family has-small-font-size is-vertical is-layout-flex wp-container-core-group-is-layout-8cf370e7 wp-block-group-is-layout-flex\">\n<div class=\"wp-block-group is-vertical is-layout-flex wp-container-core-group-is-layout-3e0ae1ae wp-block-group-is-layout-flex\">\n<ul class=\"wp-block-list\">\n<li>Por un lado, en la parte terminal del abdomen tienen una estructura en forma de aguij\u00f3n, que les permite captar ox\u00edgeno del aire incluso cuando est\u00e1n sumergidos. En ning\u00fan caso les sirve como m\u00e9todo de defensa.<\/li>\n\n\n\n<li>El primer par de patas es prensil, lo que les facilita la sujeci\u00f3n de la presa (insectos, renacuajos y peque\u00f1os peces). En cambio, las patas posteriores son las encargadas de la locomoci\u00f3n y est\u00e1n m\u00e1s especializadas en la marcha que en la nataci\u00f3n.<\/li>\n\n\n\n<li>Las alas est\u00e1n poco desarrolladas, lo que provoca que raramente vuelen, desplaz\u00e1ndose en su lugar caminando sobre estructuras vegetales.<\/li>\n<\/ul>\n\n\n\n<p class=\"has-text-align-justify\">La \u00fanica especie encontrada en el campus es &#8220;<em><a href=\"https:\/\/webs.uab.cat\/bees\/escorpion-de-agua\/\" data-type=\"page\" data-id=\"1780\">Nepa cinerea<\/a><\/em>&#8220;.<\/p>\n<\/div>\n<\/div>\n<\/div>\n<\/div>\n\n\n\n<div style=\"height:30px\" aria-hidden=\"true\" class=\"wp-block-spacer\"><\/div>\n\n\n\n<p><strong>Bibliografia:<\/strong><\/p>\n\n\n\n<p class=\"has-text-align-justify has-small-font-size\">Wikipedia contributors. (2025d, March 23).&nbsp;<em>Nepidae<\/em>. Wikipedia, The Free Encyclopedia. <a href=\"https:\/\/en.wikipedia.org\/w\/index.php?title=Nepidae&amp;oldid=1281910780\">https:\/\/en.wikipedia.org\/w\/index.php?title=Nepidae&amp;oldid=1281910780<\/a><\/p>\n\n\n\n<p><\/p>\n","protected":false},"excerpt":{"rendered":"<p>Descripci\u00f3n: Esta familia de hem\u00edpteros es conocida como escorpiones de agua. Este nombre proviene del hecho de que tienen en la parte anterior de la cabeza una estructura prominente en forma de pinzas que recuerda a un escorpi\u00f3n. Para adaptarse al medio acu\u00e1tico, presentan una serie de adaptaciones: La \u00fanica especie encontrada en el campus [&hellip;]<\/p>\n","protected":false},"author":2556,"featured_media":0,"parent":0,"menu_order":0,"comment_status":"closed","ping_status":"closed","template":"","meta":{"footnotes":""},"class_list":["post-1775","page","type-page","status-publish","hentry"],"_links":{"self":[{"href":"https:\/\/webs.uab.cat\/bees\/wp-json\/wp\/v2\/pages\/1775","targetHints":{"allow":["GET"]}}],"collection":[{"href":"https:\/\/webs.uab.cat\/bees\/wp-json\/wp\/v2\/pages"}],"about":[{"href":"https:\/\/webs.uab.cat\/bees\/wp-json\/wp\/v2\/types\/page"}],"author":[{"embeddable":true,"href":"https:\/\/webs.uab.cat\/bees\/wp-json\/wp\/v2\/users\/2556"}],"replies":[{"embeddable":true,"href":"https:\/\/webs.uab.cat\/bees\/wp-json\/wp\/v2\/comments?post=1775"}],"version-history":[{"count":2,"href":"https:\/\/webs.uab.cat\/bees\/wp-json\/wp\/v2\/pages\/1775\/revisions"}],"predecessor-version":[{"id":4259,"href":"https:\/\/webs.uab.cat\/bees\/wp-json\/wp\/v2\/pages\/1775\/revisions\/4259"}],"wp:attachment":[{"href":"https:\/\/webs.uab.cat\/bees\/wp-json\/wp\/v2\/media?parent=1775"}],"curies":[{"name":"wp","href":"https:\/\/api.w.org\/{rel}","templated":true}]}}