{"id":1780,"date":"2025-05-14T11:41:03","date_gmt":"2025-05-14T09:41:03","guid":{"rendered":"https:\/\/biocampus25.wordpress.com\/?page_id=1780"},"modified":"2025-05-19T11:17:29","modified_gmt":"2025-05-19T09:17:29","slug":"escorpion-de-agua","status":"publish","type":"page","link":"https:\/\/webs.uab.cat\/bees\/escorpion-de-agua\/","title":{"rendered":"ESCORPI\u00d3N DE AGUA"},"content":{"rendered":"<div class=\"wp-block-image\">\n<figure class=\"aligncenter size-large\"><img loading=\"lazy\" decoding=\"async\" width=\"1200\" height=\"861\" src=\"https:\/\/biocampus25.wordpress.com\/wp-content\/uploads\/2025\/04\/water_scorpion_-_nepa_cinerea_-_queens_wood_-_hunsdon_-_uk_-_flickr_-_bennyboymothman.jpg?w=1024\" alt=\"\" class=\"wp-image-1781\" srcset=\"https:\/\/webs.uab.cat\/bees\/wp-content\/uploads\/sites\/329\/2025\/04\/water_scorpion_-_nepa_cinerea_-_queens_wood_-_hunsdon_-_uk_-_flickr_-_bennyboymothman.jpg 1200w, https:\/\/webs.uab.cat\/bees\/wp-content\/uploads\/sites\/329\/2025\/04\/water_scorpion_-_nepa_cinerea_-_queens_wood_-_hunsdon_-_uk_-_flickr_-_bennyboymothman-300x215.jpg 300w, https:\/\/webs.uab.cat\/bees\/wp-content\/uploads\/sites\/329\/2025\/04\/water_scorpion_-_nepa_cinerea_-_queens_wood_-_hunsdon_-_uk_-_flickr_-_bennyboymothman-1024x735.jpg 1024w, https:\/\/webs.uab.cat\/bees\/wp-content\/uploads\/sites\/329\/2025\/04\/water_scorpion_-_nepa_cinerea_-_queens_wood_-_hunsdon_-_uk_-_flickr_-_bennyboymothman-768x551.jpg 768w\" sizes=\"auto, (max-width: 1200px) 100vw, 1200px\" \/><\/figure>\n<\/div>\n\n\n<p class=\"has-text-align-justify has-small-font-size\">Nepa cin\u00e9rea. Imagen con copyright CC BY 2.0, creada por Ben Sale y obtenida de Wikimedia commons en: <a href=\"https:\/\/commons.wikimedia.org\/wiki\/File:Water_Scorpion_-_Nepa_cinerea_-_Queens_Wood_-_Hunsdon_-_UK_-_Flickr_-_Bennyboymothman.jpg\">https:\/\/commons.wikimedia.org\/wiki\/File:Water_Scorpion_-_Nepa_cinerea_-_Queens_Wood_-_Hunsdon_-_UK_-_Flickr_-_Bennyboymothman.jpg<\/a><\/p>\n\n\n\n<div style=\"height:10px\" aria-hidden=\"true\" class=\"wp-block-spacer\"><\/div>\n\n\n\n<div class=\"wp-block-columns is-layout-flex wp-container-core-columns-is-layout-9d6595d7 wp-block-columns-is-layout-flex\">\n<div class=\"wp-block-column is-layout-flow wp-block-column-is-layout-flow\">\n<figure class=\"wp-block-table has-alegreya-font-family has-small-font-size\"><table><tbody><tr><td class=\"has-text-align-center\" data-align=\"center\"><strong>Reino<\/strong><\/td><td class=\"has-text-align-center\" data-align=\"center\">Animalia<\/td><\/tr><tr><td class=\"has-text-align-center\" data-align=\"center\"><strong>Filo<\/strong><\/td><td class=\"has-text-align-center\" data-align=\"center\">Arthropoda<\/td><\/tr><tr><td class=\"has-text-align-center\" data-align=\"center\"><strong>Subfilo<\/strong><\/td><td class=\"has-text-align-center\" data-align=\"center\"><a href=\"https:\/\/webs.uab.cat\/bees\/hexapoda\/\" data-type=\"page\" data-id=\"4095\">Hexapoda<\/a><\/td><\/tr><tr><td class=\"has-text-align-center\" data-align=\"center\"><strong>Clase<\/strong><\/td><td class=\"has-text-align-center\" data-align=\"center\">Insecta<\/td><\/tr><tr><td class=\"has-text-align-center\" data-align=\"center\"><strong>Subclase<\/strong><\/td><td class=\"has-text-align-center\" data-align=\"center\">Pterygota<\/td><\/tr><tr><td class=\"has-text-align-center\" data-align=\"center\"><strong>Orden<\/strong><\/td><td class=\"has-text-align-center\" data-align=\"center\"><a href=\"https:\/\/webs.uab.cat\/bees\/hemiptera\/\" data-type=\"page\" data-id=\"1754\">Hemiptera<\/a><\/td><\/tr><tr><td class=\"has-text-align-center\" data-align=\"center\"><strong>Suborden<\/strong><\/td><td class=\"has-text-align-center\" data-align=\"center\">Heteroptera<\/td><\/tr><tr><td class=\"has-text-align-center\" data-align=\"center\"><strong>Infraorden<\/strong><\/td><td class=\"has-text-align-center\" data-align=\"center\">Nepomorpha<\/td><\/tr><tr><td class=\"has-text-align-center\" data-align=\"center\"><strong>Superfamilia<\/strong><\/td><td class=\"has-text-align-center\" data-align=\"center\">Nepoidea<\/td><\/tr><tr><td class=\"has-text-align-center\" data-align=\"center\"><strong>Familia<\/strong><\/td><td class=\"has-text-align-center\" data-align=\"center\"><a href=\"https:\/\/webs.uab.cat\/bees\/nepidae\/\" data-type=\"page\" data-id=\"1775\">Nepidae<\/a><\/td><\/tr><tr><td class=\"has-text-align-center\" data-align=\"center\"><strong>Subfamilia<\/strong><\/td><td class=\"has-text-align-center\" data-align=\"center\">Nepinae<\/td><\/tr><tr><td class=\"has-text-align-center\" data-align=\"center\"><strong>Tribu<\/strong><\/td><td class=\"has-text-align-center\" data-align=\"center\">Nepini<\/td><\/tr><tr><td class=\"has-text-align-center\" data-align=\"center\"><strong>G\u00e9nero<\/strong><\/td><td class=\"has-text-align-center\" data-align=\"center\">Nepa<\/td><\/tr><tr><td class=\"has-text-align-center\" data-align=\"center\"><strong>Especie<\/strong><\/td><td class=\"has-text-align-center\" data-align=\"center\">N. cinerea<\/td><\/tr><\/tbody><\/table><\/figure>\n<\/div>\n\n\n\n<div class=\"wp-block-column is-layout-flow wp-block-column-is-layout-flow\">\n<div class=\"wp-block-group is-vertical is-layout-flex wp-container-core-group-is-layout-769d0143 wp-block-group-is-layout-flex\">\n<p><strong>DESCRIPCI\u00d3N:<\/strong><\/p>\n\n\n\n<p class=\"has-text-align-justify has-alegreya-font-family has-small-font-size\">El escorpi\u00f3n de agua es un hem\u00edptero de tama\u00f1o mediano, que suele medir entre 17 y 22mm. Su coloraci\u00f3n corporal es parda oscura, aunque hay individuos de tonos gris\u00e1ceos o incluso negros.<\/p>\n\n\n\n<p class=\"has-text-align-justify has-alegreya-font-family has-small-font-size\">En la regi\u00f3n de la cabeza es posible observar un par de antenas de reducido tama\u00f1o, que se encuentra formada por 3 segmentos. En esta zona tambi\u00e9n cuentan con un par de ojos compuestos que se encuentran espec\u00edficamente adaptados para mejora la visi\u00f3n bajo el agua.<\/p>\n\n\n\n<p class=\"has-text-align-justify has-alegreya-font-family has-small-font-size\">En la zona tor\u00e1cica, que es ligeramente aplanada dorsoventralmente, cuentan con un par de \u00e9litros alargados que cubren su segundo par de alas y el abdomen. Adem\u00e1s, tienen tres pares de patas, donde el primero ha sido muy modificado para presentar una estructura con forma parecida a las pinzas de los escorpiones.<\/p>\n\n\n\n<p class=\"has-text-align-justify has-alegreya-font-family has-small-font-size\">Su abdomen tambi\u00e9n se encuentra ligeramente aplanado y es corto y ancho. En la zona terminal tienen un par de tubos respiratorios que le permitir\u00e1n captar directamente el ox\u00edgeno del aire sin salir del agua. Cabe destacar que la parte del abdomen que est\u00e1 cubierto por los \u00e9litros no es del mismo color que el resto del cuerpo, sino que es de tonos rojizos.<\/p>\n<\/div>\n<\/div>\n<\/div>\n\n\n\n<div style=\"height:10px\" aria-hidden=\"true\" class=\"wp-block-spacer\"><\/div>\n\n\n\n<div class=\"wp-block-group is-vertical is-layout-flex wp-container-core-group-is-layout-769d0143 wp-block-group-is-layout-flex\">\n<p><strong>DIETA:<\/strong><\/p>\n\n\n\n<p class=\"has-text-align-justify has-alegreya-font-family has-small-font-size\">Su dieta se basa en la depredaci\u00f3n al acecho, de manera que se queda quieto y cuando detecta que un renacuajo, pez peque\u00f1o u otro insecto acu\u00e1tico pasa cerca, se abalanza sobre \u00e9l con sus patas anteriores.<\/p>\n<\/div>\n\n\n\n<div style=\"height:10px\" aria-hidden=\"true\" class=\"wp-block-spacer\"><\/div>\n\n\n\n<div class=\"wp-block-group is-vertical is-layout-flex wp-container-core-group-is-layout-769d0143 wp-block-group-is-layout-flex\">\n<p><strong>ESTRUCTURA SOCIAL Y COMPORTAMIENTO:<\/strong><\/p>\n\n\n\n<p class=\"has-text-align-justify has-alegreya-font-family has-small-font-size\">Estos organismos suelen exhibir comportamientos solitarios, de manera que solo se aproximan entre si durante el periodo de apareamiento. Adem\u00e1s, suelen estar m\u00e1s activos por la noche y durante el d\u00eda suelen permanecer enterrados en el substrato.<\/p>\n\n\n\n<p class=\"has-text-align-justify has-alegreya-font-family has-small-font-size\">Su ciclo vital comienza en primavera, cuando ambos progenitores se encuentran en el agua para reproducirse. Tras esto se generan diversos huevos que se depositan en grupos sobre la vegetaci\u00f3n acu\u00e1tica.<\/p>\n\n\n\n<p class=\"has-text-align-justify has-alegreya-font-family has-small-font-size\">Estos huevos suelen ser incubados durante largas extensiones de tiempo, pudiendo llegar a tardar 12 meses. Tras esto nacen unas ninfas con un gran parecido con el adulto, pero sin alas desarrolladas, que lo primero que har\u00e1n ser\u00e1 subirse a la espalda de la hembra.<\/p>\n\n\n\n<p class=\"has-text-align-justify has-alegreya-font-family has-small-font-size\">Tendr\u00e1n cuidado maternal hasta que se produzca la primera muda, despu\u00e9s de esto empezar\u00e1n a vivir de forma solitaria. Para poder alcanzar la madurez sexual, antes deber\u00e1n realizar unas 5 mudas.<\/p>\n<\/div>\n\n\n<div class=\"wp-block-image\">\n<figure class=\"aligncenter size-large\"><img loading=\"lazy\" decoding=\"async\" width=\"1170\" height=\"101\" src=\"https:\/\/biocampus25.wordpress.com\/wp-content\/uploads\/2025\/04\/captura-de-pantalla-2025-04-20-114216.png?w=1024\" alt=\"\" class=\"wp-image-1788\" srcset=\"https:\/\/webs.uab.cat\/bees\/wp-content\/uploads\/sites\/329\/2025\/04\/captura-de-pantalla-2025-04-20-114216.png 1170w, https:\/\/webs.uab.cat\/bees\/wp-content\/uploads\/sites\/329\/2025\/04\/captura-de-pantalla-2025-04-20-114216-300x26.png 300w, https:\/\/webs.uab.cat\/bees\/wp-content\/uploads\/sites\/329\/2025\/04\/captura-de-pantalla-2025-04-20-114216-1024x88.png 1024w, https:\/\/webs.uab.cat\/bees\/wp-content\/uploads\/sites\/329\/2025\/04\/captura-de-pantalla-2025-04-20-114216-768x66.png 768w\" sizes=\"auto, (max-width: 1170px) 100vw, 1170px\" \/><\/figure>\n<\/div>\n\n\n<div style=\"height:10px\" aria-hidden=\"true\" class=\"wp-block-spacer\"><\/div>\n\n\n\n<div class=\"wp-block-group is-vertical is-layout-flex wp-container-core-group-is-layout-769d0143 wp-block-group-is-layout-flex\">\n<p><strong>HABITAT Y ZONA DE DISTRIBUCI\u00d3N:<\/strong><\/p>\n\n\n\n<p class=\"has-text-align-justify has-alegreya-font-family has-small-font-size\">Esta especie se encuentra ampliamente distribuida por toda Europa (a excepci\u00f3n de la regi\u00f3n m\u00e1s al norte de la Pen\u00ednsula Escandinava), adem\u00e1s del norte de \u00c1frica y la regi\u00f3n m\u00e1s hacia el oeste de Asia.<\/p>\n\n\n\n<p class=\"has-text-align-justify has-alegreya-font-family has-small-font-size\">Su h\u00e1bitat t\u00edpico son las aguas tranquilas y estancadas, donde solemos verlos en el fondo del substrato o sobre la vegetaci\u00f3n.<\/p>\n<\/div>\n\n\n\n<div class=\"wp-block-group is-vertical is-layout-flex wp-container-core-group-is-layout-769d0143 wp-block-group-is-layout-flex\">\n<figure class=\"wp-block-image size-large\"><img loading=\"lazy\" decoding=\"async\" width=\"752\" height=\"376\" src=\"https:\/\/biocampus25.wordpress.com\/wp-content\/uploads\/2025\/04\/captura-de-pantalla-2025-04-20-114422.png?w=752\" alt=\"\" class=\"wp-image-1791\" srcset=\"https:\/\/webs.uab.cat\/bees\/wp-content\/uploads\/sites\/329\/2025\/04\/captura-de-pantalla-2025-04-20-114422.png 752w, https:\/\/webs.uab.cat\/bees\/wp-content\/uploads\/sites\/329\/2025\/04\/captura-de-pantalla-2025-04-20-114422-300x150.png 300w\" sizes=\"auto, (max-width: 752px) 100vw, 752px\" \/><\/figure>\n\n\n\n<p class=\"has-text-align-justify has-small-font-size\">Mapa de distribuci\u00f3n de Nepa cinerea. Imagen obtenida de Gbif en: <a href=\"https:\/\/www.gbif.org\/es\/species\/5152456\">https:\/\/www.gbif.org\/es\/species\/5152456<\/a><\/p>\n<\/div>\n\n\n\n<div style=\"height:10px\" aria-hidden=\"true\" class=\"wp-block-spacer\"><\/div>\n\n\n\n<p><strong>ESTADO DE CONSERVACI\u00d3N:<\/strong><\/p>\n\n\n\n<p class=\"has-text-align-justify has-alegreya-font-family has-small-font-size\">Aunque no ha estado evaluado su estado de conservaci\u00f3n a nivel mundial, si que se ha podido observar que su distribuci\u00f3n es irregular. Es por eso por lo que en algunas regiones se han implementado sistemas de protecci\u00f3n, como por ejemplo en el Pou del Rollo, Valencia.<\/p>\n\n\n<div class=\"wp-block-image\">\n<figure class=\"aligncenter size-large is-resized\"><img loading=\"lazy\" decoding=\"async\" width=\"582\" height=\"167\" src=\"https:\/\/biocampus25.wordpress.com\/wp-content\/uploads\/2025\/04\/captura_de_pantalla_2025-04-16_221652-removebg-preview-17.png?w=582\" alt=\"\" class=\"wp-image-1793\" style=\"width:620px;height:auto\" srcset=\"https:\/\/webs.uab.cat\/bees\/wp-content\/uploads\/sites\/329\/2025\/04\/captura_de_pantalla_2025-04-16_221652-removebg-preview-17.png 582w, https:\/\/webs.uab.cat\/bees\/wp-content\/uploads\/sites\/329\/2025\/04\/captura_de_pantalla_2025-04-16_221652-removebg-preview-17-300x86.png 300w\" sizes=\"auto, (max-width: 582px) 100vw, 582px\" \/><\/figure>\n<\/div>\n\n\n<div style=\"height:30px\" aria-hidden=\"true\" class=\"wp-block-spacer\"><\/div>\n\n\n\n<p><strong>REFERENCIAS:<\/strong><\/p>\n\n\n\n<p class=\"has-text-align-justify has-small-font-size\"><em>Escorpi\u00f3n de agua (Nepa cinerea)<\/em>. (n.d.). iNaturalist Mexico. Retrieved March 2, 2025, from <a href=\"https:\/\/mexico.inaturalist.org\/taxa\/133020-Nepa-cinerea\">https:\/\/mexico.inaturalist.org\/taxa\/133020-Nepa-cinerea<\/a><\/p>\n\n\n\n<p class=\"has-text-align-justify has-small-font-size\">El, P. (2015, March 22).&nbsp;<em>Nepa, escorpi\u00f3n acu\u00e1tico<\/em>. Elguadarramista.com.&nbsp;&nbsp;&nbsp;&nbsp;&nbsp;&nbsp;&nbsp;&nbsp;&nbsp;&nbsp; <a href=\"https:\/\/elguadarramista.com\/2015\/03\/22\/nepa-escorpion-acuatico\/\">https:\/\/elguadarramista.com\/2015\/03\/22\/nepa-escorpion-acuatico\/<\/a><\/p>\n\n\n\n<p class=\"has-text-align-justify has-small-font-size\"><em>Animales &#8211; Fichas &#8211; Elbibliote.com<\/em>. (n.d.). Elbibliote.com. Retrieved March 3, 2025, from <a href=\"https:\/\/elbibliote.com\/resources\/animales\/ficha.php?id=487\">https:\/\/elbibliote.com\/resources\/animales\/ficha.php?id=487<\/a><\/p>\n\n\n\n<p class=\"has-text-align-justify has-small-font-size\"><em>Nepa cinerea<\/em>. (n.d.). Ecured.cu. Retrieved March 3, 2025, from <a href=\"https:\/\/www.ecured.cu\/Nepa_cinerea\">https:\/\/www.ecured.cu\/Nepa_cinerea<\/a><\/p>\n\n\n\n<p class=\"has-text-align-justify has-small-font-size\">INAP. (n.d.).&nbsp;<em>Reserva de fauna silvestre del Pou del Rollo<\/em>. Retrieved March 3, 2025, from <a href=\"https:\/\/laadministracionaldia.inap.es\/noticia.asp?id=1140153\">https:\/\/laadministracionaldia.inap.es\/noticia.asp?id=1140153<\/a><\/p>\n\n\n\n<p class=\"has-text-align-justify has-small-font-size\"><em>Nepa cinerea<\/em>. (2013, April 3). Aquatic Bugs. <a href=\"https:\/\/aquaticbugs.com\/nepa-cinerea\/\">https:\/\/aquaticbugs.com\/nepa-cinerea\/<\/a><\/p>\n","protected":false},"excerpt":{"rendered":"<p>Nepa cin\u00e9rea. Imagen con copyright CC BY 2.0, creada por Ben Sale y obtenida de Wikimedia commons en: https:\/\/commons.wikimedia.org\/wiki\/File:Water_Scorpion_-_Nepa_cinerea_-_Queens_Wood_-_Hunsdon_-_UK_-_Flickr_-_Bennyboymothman.jpg Reino Animalia Filo Arthropoda Subfilo Hexapoda Clase Insecta Subclase Pterygota Orden Hemiptera Suborden Heteroptera Infraorden Nepomorpha Superfamilia Nepoidea Familia Nepidae Subfamilia Nepinae Tribu Nepini G\u00e9nero Nepa Especie N. cinerea DESCRIPCI\u00d3N: El escorpi\u00f3n de agua es un [&hellip;]<\/p>\n","protected":false},"author":2556,"featured_media":0,"parent":0,"menu_order":0,"comment_status":"closed","ping_status":"closed","template":"","meta":{"footnotes":""},"class_list":["post-1780","page","type-page","status-publish","hentry"],"_links":{"self":[{"href":"https:\/\/webs.uab.cat\/bees\/wp-json\/wp\/v2\/pages\/1780","targetHints":{"allow":["GET"]}}],"collection":[{"href":"https:\/\/webs.uab.cat\/bees\/wp-json\/wp\/v2\/pages"}],"about":[{"href":"https:\/\/webs.uab.cat\/bees\/wp-json\/wp\/v2\/types\/page"}],"author":[{"embeddable":true,"href":"https:\/\/webs.uab.cat\/bees\/wp-json\/wp\/v2\/users\/2556"}],"replies":[{"embeddable":true,"href":"https:\/\/webs.uab.cat\/bees\/wp-json\/wp\/v2\/comments?post=1780"}],"version-history":[{"count":1,"href":"https:\/\/webs.uab.cat\/bees\/wp-json\/wp\/v2\/pages\/1780\/revisions"}],"predecessor-version":[{"id":4190,"href":"https:\/\/webs.uab.cat\/bees\/wp-json\/wp\/v2\/pages\/1780\/revisions\/4190"}],"wp:attachment":[{"href":"https:\/\/webs.uab.cat\/bees\/wp-json\/wp\/v2\/media?parent=1780"}],"curies":[{"name":"wp","href":"https:\/\/api.w.org\/{rel}","templated":true}]}}