{"id":1798,"date":"2025-05-14T11:39:46","date_gmt":"2025-05-14T09:39:46","guid":{"rendered":"https:\/\/biocampus25.wordpress.com\/?page_id=1798"},"modified":"2025-05-19T10:49:44","modified_gmt":"2025-05-19T08:49:44","slug":"cicadidae","status":"publish","type":"page","link":"https:\/\/webs.uab.cat\/bees\/cicadidae\/","title":{"rendered":"Cicadidae"},"content":{"rendered":"\n<div class=\"wp-block-group is-vertical is-layout-flex wp-container-core-group-is-layout-3e0ae1ae wp-block-group-is-layout-flex\">\n<p><strong>Descripci\u00f3n:<\/strong><\/p>\n\n\n\n<p class=\"has-text-align-justify has-alegreya-font-family has-small-font-size\">Esta familia est\u00e1 formada por m\u00e1s de 3.000 especies, entre las cuales se encuentran las tan conocidas cigarras. Normalmente, se distribuyen por regiones templadas y tropicales.<\/p>\n\n\n\n<p class=\"has-text-align-justify has-alegreya-font-family has-small-font-size\">Entre sus caracter\u00edsticas m\u00e1s notables, presentan: tres ocelos rojizos en la cabeza, dos pares de alas completamente membranosas, seis patas (donde el primer par es el m\u00e1s robusto) y un abdomen formado por unos 6-8 segmentos con un espir\u00e1culo en cada uno, que les sirve tanto para respirar como para generar sonidos en el caso de los machos.<\/p>\n\n\n\n<p class=\"has-text-align-justify has-alegreya-font-family has-small-font-size\">En cuanto a su ciclo vital, la hembra muere despu\u00e9s de poner los huevos, mientras que las ninfas se entierran en el suelo. En este medio permanecen entre 2 y 17 a\u00f1os, durante los cuales se alimentan de la savia de las ra\u00edces y, cuando llega el momento, excavan t\u00faneles hacia la superficie. Una vez emergen del suelo, trepan a los \u00e1rboles y completan la metamorfosis, adquiriendo alas y \u00f3rganos genitales. Finalmente, se reproducen, habitualmente en verano, aunque esto puede variar seg\u00fan la especie. Antes del apareamiento, llevan a cabo un cortejo caracter\u00edstico mediante los sonidos que son capaces de generar.<\/p>\n\n\n\n<p class=\"has-text-align-justify has-alegreya-font-family has-small-font-size\">La especie m\u00e1s representativa de este grupo es &#8220;<em><a href=\"https:\/\/webs.uab.cat\/bees\/cigarra-comun\/\" data-type=\"page\" data-id=\"1804\">Cicada orni<\/a><\/em>&#8220;.<\/p>\n<\/div>\n\n\n\n<div style=\"height:30px\" aria-hidden=\"true\" class=\"wp-block-spacer\"><\/div>\n\n\n\n<p><strong>Bibliografia:<\/strong><\/p>\n\n\n\n<p class=\"has-text-align-justify has-small-font-size\">Bi\u00f3loga, G. E. (2020, October 20).&nbsp;<em>Cigarras (Cic\u00e1didos), c\u00f3mo son, caracter\u00edsticas y morfolog\u00eda. El sonido<\/em>. Animales y biolog\u00eda. <a href=\"https:\/\/animalesbiologia.com\/invertebrados\/artropodos\/cigarras-chicharras-cicadidos\">https:\/\/animalesbiologia.com\/invertebrados\/artropodos\/cigarras-chicharras-cicadidos<\/a><\/p>\n\n\n\n<p class=\"has-text-align-justify has-small-font-size\"><em>Chicharras (Familia Cicadidae)<\/em>. (n.d.). Natusfera. Retrieved January 20, 2025, from <a href=\"https:\/\/spain.inaturalist.org\/taxa\/50186-Cicadidae\">https:\/\/spain.inaturalist.org\/taxa\/50186-Cicadidae<\/a><\/p>\n\n\n\n<p class=\"has-text-align-justify has-small-font-size\"><em>CICADIDAE<\/em>. (n.d.). Ecosdelbosque.com. Retrieved January 20, 2025, from <a href=\"https:\/\/ecosdelbosque.com\/familias\/cicadidae\">https:\/\/ecosdelbosque.com\/familias\/cicadidae<\/a><\/p>\n\n\n\n<p><\/p>\n","protected":false},"excerpt":{"rendered":"<p>Descripci\u00f3n: Esta familia est\u00e1 formada por m\u00e1s de 3.000 especies, entre las cuales se encuentran las tan conocidas cigarras. Normalmente, se distribuyen por regiones templadas y tropicales. Entre sus caracter\u00edsticas m\u00e1s notables, presentan: tres ocelos rojizos en la cabeza, dos pares de alas completamente membranosas, seis patas (donde el primer par es el m\u00e1s robusto) [&hellip;]<\/p>\n","protected":false},"author":2556,"featured_media":0,"parent":0,"menu_order":0,"comment_status":"closed","ping_status":"closed","template":"","meta":{"footnotes":""},"class_list":["post-1798","page","type-page","status-publish","hentry"],"_links":{"self":[{"href":"https:\/\/webs.uab.cat\/bees\/wp-json\/wp\/v2\/pages\/1798","targetHints":{"allow":["GET"]}}],"collection":[{"href":"https:\/\/webs.uab.cat\/bees\/wp-json\/wp\/v2\/pages"}],"about":[{"href":"https:\/\/webs.uab.cat\/bees\/wp-json\/wp\/v2\/types\/page"}],"author":[{"embeddable":true,"href":"https:\/\/webs.uab.cat\/bees\/wp-json\/wp\/v2\/users\/2556"}],"replies":[{"embeddable":true,"href":"https:\/\/webs.uab.cat\/bees\/wp-json\/wp\/v2\/comments?post=1798"}],"version-history":[{"count":1,"href":"https:\/\/webs.uab.cat\/bees\/wp-json\/wp\/v2\/pages\/1798\/revisions"}],"predecessor-version":[{"id":4161,"href":"https:\/\/webs.uab.cat\/bees\/wp-json\/wp\/v2\/pages\/1798\/revisions\/4161"}],"wp:attachment":[{"href":"https:\/\/webs.uab.cat\/bees\/wp-json\/wp\/v2\/media?parent=1798"}],"curies":[{"name":"wp","href":"https:\/\/api.w.org\/{rel}","templated":true}]}}