{"id":1804,"date":"2025-05-14T11:39:47","date_gmt":"2025-05-14T09:39:47","guid":{"rendered":"https:\/\/biocampus25.wordpress.com\/?page_id=1804"},"modified":"2025-05-19T10:51:30","modified_gmt":"2025-05-19T08:51:30","slug":"cigarra-comun","status":"publish","type":"page","link":"https:\/\/webs.uab.cat\/bees\/cigarra-comun\/","title":{"rendered":"CIGARRA COM\u00daN"},"content":{"rendered":"<div class=\"wp-block-image\">\n<figure class=\"aligncenter size-large\"><img loading=\"lazy\" decoding=\"async\" width=\"1200\" height=\"796\" src=\"https:\/\/biocampus25.wordpress.com\/wp-content\/uploads\/2025\/04\/cicada_orni_vic-la-gardiole_02.jpg?w=1024\" alt=\"\" class=\"wp-image-1806\" srcset=\"https:\/\/webs.uab.cat\/bees\/wp-content\/uploads\/sites\/329\/2025\/04\/cicada_orni_vic-la-gardiole_02.jpg 1200w, https:\/\/webs.uab.cat\/bees\/wp-content\/uploads\/sites\/329\/2025\/04\/cicada_orni_vic-la-gardiole_02-300x199.jpg 300w, https:\/\/webs.uab.cat\/bees\/wp-content\/uploads\/sites\/329\/2025\/04\/cicada_orni_vic-la-gardiole_02-1024x679.jpg 1024w, https:\/\/webs.uab.cat\/bees\/wp-content\/uploads\/sites\/329\/2025\/04\/cicada_orni_vic-la-gardiole_02-768x509.jpg 768w\" sizes=\"auto, (max-width: 1200px) 100vw, 1200px\" \/><\/figure>\n<\/div>\n\n\n<p class=\"has-text-align-justify has-small-font-size\">Cicada orni. Imagen con copyright CC BY 4.0, creada por Christian Ferrer y obtenida de Wikimedia commons en: <a href=\"https:\/\/commons.wikimedia.org\/wiki\/File:Cicada_orni,_Vic-la-Gardiole_02.jpg\">https:\/\/commons.wikimedia.org\/wiki\/File:Cicada_orni,_Vic-la-Gardiole_02.jpg<\/a><\/p>\n\n\n\n<div style=\"height:10px\" aria-hidden=\"true\" class=\"wp-block-spacer\"><\/div>\n\n\n\n<div class=\"wp-block-columns is-layout-flex wp-container-core-columns-is-layout-9d6595d7 wp-block-columns-is-layout-flex\">\n<div class=\"wp-block-column is-layout-flow wp-block-column-is-layout-flow\">\n<figure class=\"wp-block-table has-alegreya-font-family has-small-font-size\"><table><tbody><tr><td class=\"has-text-align-center\" data-align=\"center\"><strong>Reino<\/strong><\/td><td class=\"has-text-align-center\" data-align=\"center\">Animalia<\/td><\/tr><tr><td class=\"has-text-align-center\" data-align=\"center\"><strong>Filo<\/strong><\/td><td class=\"has-text-align-center\" data-align=\"center\">Arthropoda<\/td><\/tr><tr><td class=\"has-text-align-center\" data-align=\"center\"><strong>Subfilo<\/strong><\/td><td class=\"has-text-align-center\" data-align=\"center\"><a href=\"https:\/\/webs.uab.cat\/bees\/hexapoda\/\" data-type=\"page\" data-id=\"4095\">Hexapoda<\/a><\/td><\/tr><tr><td class=\"has-text-align-center\" data-align=\"center\"><strong>Clase<\/strong><\/td><td class=\"has-text-align-center\" data-align=\"center\">Insecta<\/td><\/tr><tr><td class=\"has-text-align-center\" data-align=\"center\"><strong>Subclase<\/strong><\/td><td class=\"has-text-align-center\" data-align=\"center\">Pterygota<\/td><\/tr><tr><td class=\"has-text-align-center\" data-align=\"center\"><strong>Orden<\/strong><\/td><td class=\"has-text-align-center\" data-align=\"center\"><a href=\"https:\/\/webs.uab.cat\/bees\/hemiptera\/\" data-type=\"page\" data-id=\"1754\">Hemiptera<\/a><\/td><\/tr><tr><td class=\"has-text-align-center\" data-align=\"center\"><strong>Suborden<\/strong><\/td><td class=\"has-text-align-center\" data-align=\"center\">Auchenorrhyncha<\/td><\/tr><tr><td class=\"has-text-align-center\" data-align=\"center\"><strong>Infraorden<\/strong><\/td><td class=\"has-text-align-center\" data-align=\"center\">Cicadomorpha<\/td><\/tr><tr><td class=\"has-text-align-center\" data-align=\"center\"><strong>Superfamilia<\/strong><\/td><td class=\"has-text-align-center\" data-align=\"center\">Cicadoidea<\/td><\/tr><tr><td class=\"has-text-align-center\" data-align=\"center\"><strong>Familia<\/strong><\/td><td class=\"has-text-align-center\" data-align=\"center\"><a href=\"https:\/\/webs.uab.cat\/bees\/cicadidae\/\" data-type=\"page\" data-id=\"1798\">Cicadidae<\/a><\/td><\/tr><tr><td class=\"has-text-align-center\" data-align=\"center\"><strong>Subfamilia<\/strong><\/td><td class=\"has-text-align-center\" data-align=\"center\">Cicadinae<\/td><\/tr><tr><td class=\"has-text-align-center\" data-align=\"center\"><strong>Tribu<\/strong><\/td><td class=\"has-text-align-center\" data-align=\"center\">Cicadini<\/td><\/tr><tr><td class=\"has-text-align-center\" data-align=\"center\"><strong>Subtribu<\/strong><\/td><td class=\"has-text-align-center\" data-align=\"center\">Cicadina<\/td><\/tr><tr><td class=\"has-text-align-center\" data-align=\"center\"><strong>G\u00e9nero<\/strong><\/td><td class=\"has-text-align-center\" data-align=\"center\">Cicada<\/td><\/tr><tr><td class=\"has-text-align-center\" data-align=\"center\"><strong>Especie<\/strong><\/td><td class=\"has-text-align-center\" data-align=\"center\">C. orni<\/td><\/tr><\/tbody><\/table><\/figure>\n<\/div>\n\n\n\n<div class=\"wp-block-column is-layout-flow wp-block-column-is-layout-flow\">\n<div class=\"wp-block-group is-vertical is-layout-flex wp-container-core-group-is-layout-769d0143 wp-block-group-is-layout-flex\">\n<p><strong>DESCRIPCI\u00d3N:<\/strong><\/p>\n\n\n\n<p class=\"has-text-align-justify has-alegreya-font-family has-small-font-size\">La cigarra com\u00fan es un hem\u00edptero de gran tama\u00f1o, que suele medir unos 25mm y cuenta con una envergadura alar de aproximadamente 30mm (aunque puede alcanzar los 78mm). Su coloraci\u00f3n corporal se encuentra entre tonalidades marronosas y gris\u00e1ceas.<\/p>\n\n\n\n<p class=\"has-text-align-justify has-alegreya-font-family has-small-font-size\">En la cabeza presentan un par de ojos compuestos grandes y prominentes, que se encuentran separados por tres peque\u00f1os ocelos. Adem\u00e1s, cuentan con un par de antenas cortas y una prob\u00f3scide de gran tama\u00f1o que utilizan para la dieta.<\/p>\n\n\n\n<p class=\"has-text-align-justify has-alegreya-font-family has-small-font-size\">En la regi\u00f3n tor\u00e1cica es posible observar dos pares de alas, donde las primeras son completamente transparentes y tienen diversas manchas oscuras. Tambi\u00e9n tienen tres pares de patas, donde las primeras se encuentran adaptadas a cavar en el suelo.<\/p>\n\n\n\n<p class=\"has-text-align-justify has-alegreya-font-family has-small-font-size\">Su abdomen es una estructura muy complexa puesto que cuenta con diferentes estructuras esenciales para su estado de vida, como por ejemplo un ovopositor y una estructura timp\u00e1nica en hembras. Es por ello por lo que es muy \u00fatil para la distinci\u00f3n de ambos sexos.<\/p>\n<\/div>\n<\/div>\n<\/div>\n\n\n\n<div style=\"height:10px\" aria-hidden=\"true\" class=\"wp-block-spacer\"><\/div>\n\n\n\n<div class=\"wp-block-group is-vertical is-layout-flex wp-container-core-group-is-layout-769d0143 wp-block-group-is-layout-flex\">\n<p><strong>DIETA:<\/strong><\/p>\n\n\n\n<p class=\"has-text-align-justify has-alegreya-font-family has-small-font-size\">Su dieta en fase adulta se basa en la absorci\u00f3n de los fluidos vitales de diversas plantas le\u00f1osas y enredaderas, mientras que las ninfas se comen las ra\u00edces de las plantas.<\/p>\n<\/div>\n\n\n\n<div style=\"height:10px\" aria-hidden=\"true\" class=\"wp-block-spacer\"><\/div>\n\n\n\n<div class=\"wp-block-group is-vertical is-layout-flex wp-container-core-group-is-layout-769d0143 wp-block-group-is-layout-flex\">\n<p><strong>ESTRUCTURA SOCIAL Y COMPORTAMIENTO:<\/strong><\/p>\n\n\n\n<p class=\"has-text-align-justify has-alegreya-font-family has-small-font-size\">Estas cigarras exhiben un comportamiento t\u00edpicamente solitario, ya que no forman comunidades bien estructuradas como los himen\u00f3pteros, aun as\u00ed, los machos pueden congregarse para mejorar su \u201ccanto\u201d. En cuanto a su horario de actividad, solemos verlos especialmente activos en las horas m\u00e1s calurosas del d\u00eda y por la noche est\u00e1n en reposo.<\/p>\n\n\n\n<p class=\"has-text-align-justify has-alegreya-font-family has-small-font-size\">Su ciclo vital suele comenzar en los meses de verano, sobre todo entre julio y agosto que es cuando se produce la b\u00fasqueda de pareja. Esto se consigue gracias a la capacidad de los machos de emitir una especie de canto, que las hembras son capaces de detectar mediante una estructura similar a los t\u00edmpanos, que se encuentra situada en el abdomen.<\/p>\n\n\n\n<p class=\"has-text-align-justify has-alegreya-font-family has-small-font-size\">Tras la copula, la hembra genera un agujero en los brotes de \u00e1rboles j\u00f3venes, a trav\u00e9s de su ovopositor, y deposita unos 300 huevos. Despu\u00e9s de un corto periodo de tiempo de incubaci\u00f3n, estos huevos eclosionan y las ninfas se dirigen de inmediato al suelo para excavar galer\u00edas con sus patas delanteras.<\/p>\n\n\n\n<p class=\"has-text-align-justify has-alegreya-font-family has-small-font-size\">En estas galer\u00edas ser\u00e1 donde vivir\u00e1n el tiempo suficiente para poder realizar 5 mudas y posteriormente saldr\u00e1n a la superficie para dirigirse a una rama en la que realizar la \u00faltima muda. Despu\u00e9s de unos 4 a\u00f1os de desarrollo, la ninfa alcanza la fase de imago o adulto, justo a tiempo para emerger entre los meses de mayo y junio y prepararse para reiniciar el ciclo.<\/p>\n<\/div>\n\n\n<div class=\"wp-block-image\">\n<figure class=\"aligncenter size-large\"><img loading=\"lazy\" decoding=\"async\" width=\"1172\" height=\"103\" src=\"https:\/\/biocampus25.wordpress.com\/wp-content\/uploads\/2025\/04\/captura-de-pantalla-2025-04-20-121007.png?w=1024\" alt=\"\" class=\"wp-image-1812\" srcset=\"https:\/\/webs.uab.cat\/bees\/wp-content\/uploads\/sites\/329\/2025\/04\/captura-de-pantalla-2025-04-20-121007.png 1172w, https:\/\/webs.uab.cat\/bees\/wp-content\/uploads\/sites\/329\/2025\/04\/captura-de-pantalla-2025-04-20-121007-300x26.png 300w, https:\/\/webs.uab.cat\/bees\/wp-content\/uploads\/sites\/329\/2025\/04\/captura-de-pantalla-2025-04-20-121007-1024x90.png 1024w, https:\/\/webs.uab.cat\/bees\/wp-content\/uploads\/sites\/329\/2025\/04\/captura-de-pantalla-2025-04-20-121007-768x67.png 768w\" sizes=\"auto, (max-width: 1172px) 100vw, 1172px\" \/><\/figure>\n<\/div>\n\n\n<div style=\"height:10px\" aria-hidden=\"true\" class=\"wp-block-spacer\"><\/div>\n\n\n\n<div class=\"wp-block-group is-vertical is-layout-flex wp-container-core-group-is-layout-769d0143 wp-block-group-is-layout-flex\">\n<p><strong>HABITAT Y ZONA DE DISTRIBUCI\u00d3N:<\/strong><\/p>\n\n\n\n<p class=\"has-text-align-justify has-alegreya-font-family has-small-font-size\">Esta especie se encuentra ampliamente distribuida por el sur de Europa, donde se sienten ciertamente atra\u00eddas hacia las zonas con clima regulado por el mar Mediterr\u00e1neo. Tambi\u00e9n es posible encontrarlos en Oriente Pr\u00f3ximo.<\/p>\n\n\n\n<p class=\"has-text-align-justify has-alegreya-font-family has-small-font-size\">Su h\u00e1bitat t\u00edpico son los bosques, donde los encontramos siempre encima de \u00e1rboles. Aun as\u00ed, tambi\u00e9n han sido vistos en algunos campos de cultivo.<\/p>\n<\/div>\n\n\n\n<div class=\"wp-block-group is-vertical is-layout-flex wp-container-core-group-is-layout-769d0143 wp-block-group-is-layout-flex\">\n<figure class=\"wp-block-image size-large\"><img loading=\"lazy\" decoding=\"async\" width=\"683\" height=\"340\" src=\"https:\/\/biocampus25.wordpress.com\/wp-content\/uploads\/2025\/04\/captura-de-pantalla-2025-04-20-121211.png?w=683\" alt=\"\" class=\"wp-image-1815\" srcset=\"https:\/\/webs.uab.cat\/bees\/wp-content\/uploads\/sites\/329\/2025\/04\/captura-de-pantalla-2025-04-20-121211.png 683w, https:\/\/webs.uab.cat\/bees\/wp-content\/uploads\/sites\/329\/2025\/04\/captura-de-pantalla-2025-04-20-121211-300x149.png 300w\" sizes=\"auto, (max-width: 683px) 100vw, 683px\" \/><\/figure>\n\n\n\n<p class=\"has-text-align-justify has-small-font-size\">Mapa de distribuci\u00f3n de Cicada orni. Imagen obtenida de Gbif en: <a href=\"https:\/\/www.gbif.org\/es\/species\/11104870\">https:\/\/www.gbif.org\/es\/species\/11104870<\/a><\/p>\n<\/div>\n\n\n\n<div style=\"height:10px\" aria-hidden=\"true\" class=\"wp-block-spacer\"><\/div>\n\n\n\n<div class=\"wp-block-group is-vertical is-layout-flex wp-container-core-group-is-layout-769d0143 wp-block-group-is-layout-flex\">\n<p><strong>ESTADO DE CONSERVACI\u00d3N:<\/strong><\/p>\n\n\n\n<p class=\"has-text-align-justify has-alegreya-font-family has-small-font-size\">Pese a que la IUCN no ha realizado una correcta evaluaci\u00f3n del estado de conservaci\u00f3n de esta especie, su amplia abundancia en su zona de distribuci\u00f3n podr\u00eda sugerir que es de preocupaci\u00f3n menor.<\/p>\n<\/div>\n\n\n<div class=\"wp-block-image\">\n<figure class=\"aligncenter size-large is-resized\"><img loading=\"lazy\" decoding=\"async\" width=\"582\" height=\"167\" src=\"https:\/\/biocampus25.wordpress.com\/wp-content\/uploads\/2025\/04\/captura_de_pantalla_2025-04-16_221652-removebg-preview-18.png?w=582\" alt=\"\" class=\"wp-image-1818\" style=\"width:620px;height:auto\" srcset=\"https:\/\/webs.uab.cat\/bees\/wp-content\/uploads\/sites\/329\/2025\/04\/captura_de_pantalla_2025-04-16_221652-removebg-preview-18.png 582w, https:\/\/webs.uab.cat\/bees\/wp-content\/uploads\/sites\/329\/2025\/04\/captura_de_pantalla_2025-04-16_221652-removebg-preview-18-300x86.png 300w\" sizes=\"auto, (max-width: 582px) 100vw, 582px\" \/><\/figure>\n<\/div>\n\n\n<div style=\"height:30px\" aria-hidden=\"true\" class=\"wp-block-spacer\"><\/div>\n\n\n\n<p><strong>REFERENCIAS:<\/strong><\/p>\n\n\n\n<p class=\"has-text-align-justify has-small-font-size\"><em>Cigarra Com\u00fan (Cicada orni)<\/em>. (n.d.). iNaturalist Mexico. Retrieved March 2, 2025, from <a href=\"https:\/\/mexico.inaturalist.org\/taxa\/243961-Cicada-orni\">https:\/\/mexico.inaturalist.org\/taxa\/243961-Cicada-orni<\/a><\/p>\n\n\n\n<p class=\"has-text-align-justify has-small-font-size\"><em>GRANADA NATURAL Cicada orni<\/em>. (n.d.). Granadanatural.com. Retrieved March 4, 2025, from <a href=\"https:\/\/granadanatural.com\/ficha_fauna.php?cod=150\">https:\/\/granadanatural.com\/ficha_fauna.php?cod=150<\/a><\/p>\n\n\n\n<p class=\"has-text-align-justify has-small-font-size\"><em>Cigarra com\u00fan (Cicada orni)<\/em>. (n.d.). Picture Insect. Retrieved March 4, 2025, from <a href=\"https:\/\/pictureinsect.com\/es\/wiki\/Cicada_orni.html\">https:\/\/pictureinsect.com\/es\/wiki\/Cicada_orni.html<\/a><\/p>\n\n\n\n<p class=\"has-text-align-justify has-small-font-size\">Petruzzello, &amp; Melissa. (2025). cicada. In&nbsp;<em>Encyclopedia Britannica<\/em>. Retrieved March 4, 2025, from <a href=\"https:\/\/www.britannica.com\/animal\/cicada\">https:\/\/www.britannica.com\/animal\/cicada<\/a><\/p>\n","protected":false},"excerpt":{"rendered":"<p>Cicada orni. Imagen con copyright CC BY 4.0, creada por Christian Ferrer y obtenida de Wikimedia commons en: https:\/\/commons.wikimedia.org\/wiki\/File:Cicada_orni,_Vic-la-Gardiole_02.jpg Reino Animalia Filo Arthropoda Subfilo Hexapoda Clase Insecta Subclase Pterygota Orden Hemiptera Suborden Auchenorrhyncha Infraorden Cicadomorpha Superfamilia Cicadoidea Familia Cicadidae Subfamilia Cicadinae Tribu Cicadini Subtribu Cicadina G\u00e9nero Cicada Especie C. orni DESCRIPCI\u00d3N: La cigarra com\u00fan es [&hellip;]<\/p>\n","protected":false},"author":2556,"featured_media":0,"parent":0,"menu_order":0,"comment_status":"closed","ping_status":"closed","template":"","meta":{"footnotes":""},"class_list":["post-1804","page","type-page","status-publish","hentry"],"_links":{"self":[{"href":"https:\/\/webs.uab.cat\/bees\/wp-json\/wp\/v2\/pages\/1804","targetHints":{"allow":["GET"]}}],"collection":[{"href":"https:\/\/webs.uab.cat\/bees\/wp-json\/wp\/v2\/pages"}],"about":[{"href":"https:\/\/webs.uab.cat\/bees\/wp-json\/wp\/v2\/types\/page"}],"author":[{"embeddable":true,"href":"https:\/\/webs.uab.cat\/bees\/wp-json\/wp\/v2\/users\/2556"}],"replies":[{"embeddable":true,"href":"https:\/\/webs.uab.cat\/bees\/wp-json\/wp\/v2\/comments?post=1804"}],"version-history":[{"count":1,"href":"https:\/\/webs.uab.cat\/bees\/wp-json\/wp\/v2\/pages\/1804\/revisions"}],"predecessor-version":[{"id":4164,"href":"https:\/\/webs.uab.cat\/bees\/wp-json\/wp\/v2\/pages\/1804\/revisions\/4164"}],"wp:attachment":[{"href":"https:\/\/webs.uab.cat\/bees\/wp-json\/wp\/v2\/media?parent=1804"}],"curies":[{"name":"wp","href":"https:\/\/api.w.org\/{rel}","templated":true}]}}