{"id":1822,"date":"2025-05-14T11:43:37","date_gmt":"2025-05-14T09:43:37","guid":{"rendered":"https:\/\/biocampus25.wordpress.com\/?page_id=1822"},"modified":"2025-05-19T13:34:14","modified_gmt":"2025-05-19T11:34:14","slug":"reduviidae","status":"publish","type":"page","link":"https:\/\/webs.uab.cat\/bees\/reduviidae\/","title":{"rendered":"Reduviidae"},"content":{"rendered":"\n<div class=\"wp-block-group is-vertical is-layout-flex wp-container-core-group-is-layout-3e0ae1ae wp-block-group-is-layout-flex\">\n<p><strong>Descripci\u00f3n:<\/strong><\/p>\n\n\n\n<p class=\"has-text-align-justify has-alegreya-font-family has-small-font-size\">Esta familia est\u00e1 formada por unas 7.000 especies, siendo una de las m\u00e1s diversas dentro del orden de los hem\u00edpteros. Son conocidos vulgarmente como chinches asesinas, ya que son especies especialmente depredadoras de otros artr\u00f3podos.<\/p>\n\n\n\n<p class=\"has-text-align-justify has-alegreya-font-family has-small-font-size\">Su gran capacidad de caza proviene del hecho de que en sus patas presentan pelos que les facilitan la fijaci\u00f3n a la v\u00edctima, a la cual inyectan una saliva que la degrada por dentro. Adem\u00e1s, las ninfas suelen esconderse utilizando restos vegetales o el cad\u00e1ver de sus v\u00edctimas.<\/p>\n\n\n\n<p class=\"has-text-align-justify has-alegreya-font-family has-small-font-size\">Algunas especies son muy valoradas por su capacidad para eliminar plagas, pero otras pueden picar a los humanos. Estas \u00faltimas suelen atacar en la zona alrededor de los ojos y, en algunos casos, pueden transmitir par\u00e1sitos.<\/p>\n\n\n\n<p class=\"has-text-align-justify has-alegreya-font-family has-small-font-size\">El estilete que utilizan para alimentarse tambi\u00e9n tiene otra funci\u00f3n: la estridulaci\u00f3n. Esto significa que, en la fase reproductiva, emiten sonidos al frotar el estilete contra un canal transversal situado en la zona inferior del prot\u00f3rax. Con esto, llevan a cabo un cortejo destinado a atraer a un individuo del sexo opuesto.<\/p>\n\n\n\n<p class=\"has-text-align-justify has-alegreya-font-family has-small-font-size\">Entre las especies que se pueden encontrar en el campus se encuentra &#8220;<em><a href=\"https:\/\/webs.uab.cat\/bees\/chinche-asesina\/\" data-type=\"page\" data-id=\"1828\">Rhynocoris erythropus<\/a><\/em>&#8220;.<\/p>\n<\/div>\n\n\n\n<div style=\"height:30px\" aria-hidden=\"true\" class=\"wp-block-spacer\"><\/div>\n\n\n\n<p><strong>Bibliografia:<\/strong><\/p>\n\n\n\n<p class=\"has-text-align-justify has-small-font-size\">Rodr\u00edguez, A. B. (n.d.).&nbsp;<em>FAUNA AUXILIAR<\/em>. Blogspot.com. Retrieved January 20, 2025, from <a href=\"https:\/\/faunaauxiliar.blogspot.com\/2014\/07\/familia-reduviidae.html\">https:\/\/faunaauxiliar.blogspot.com\/2014\/07\/familia-reduviidae.html<\/a><\/p>\n\n\n\n<p class=\"has-text-align-justify has-small-font-size\">Wikipedia contributors. (n.d.).&nbsp;<em>Reduviidae<\/em>. Wikipedia, The Free Encyclopedia. <a href=\"https:\/\/es.wikipedia.org\/w\/index.php?title=Reduviidae&amp;oldid=165236907\">https:\/\/es.wikipedia.org\/w\/index.php?title=Reduviidae&amp;oldid=165236907<\/a><\/p>\n\n\n\n<p class=\"has-text-align-justify has-small-font-size\">Luc\u00eda E. CLAPS<em>, Sergio ROIG-JU\u00d1ENT<\/em> y Juan J. MORRONE, (n.d.). Biodiversidad de Artr\u00f3podos Argentinos, vol. 6 (pp 214-226).<\/p>\n\n\n\n<p><\/p>\n","protected":false},"excerpt":{"rendered":"<p>Descripci\u00f3n: Esta familia est\u00e1 formada por unas 7.000 especies, siendo una de las m\u00e1s diversas dentro del orden de los hem\u00edpteros. Son conocidos vulgarmente como chinches asesinas, ya que son especies especialmente depredadoras de otros artr\u00f3podos. Su gran capacidad de caza proviene del hecho de que en sus patas presentan pelos que les facilitan la [&hellip;]<\/p>\n","protected":false},"author":2556,"featured_media":0,"parent":0,"menu_order":0,"comment_status":"closed","ping_status":"closed","template":"","meta":{"footnotes":""},"class_list":["post-1822","page","type-page","status-publish","hentry"],"_links":{"self":[{"href":"https:\/\/webs.uab.cat\/bees\/wp-json\/wp\/v2\/pages\/1822","targetHints":{"allow":["GET"]}}],"collection":[{"href":"https:\/\/webs.uab.cat\/bees\/wp-json\/wp\/v2\/pages"}],"about":[{"href":"https:\/\/webs.uab.cat\/bees\/wp-json\/wp\/v2\/types\/page"}],"author":[{"embeddable":true,"href":"https:\/\/webs.uab.cat\/bees\/wp-json\/wp\/v2\/users\/2556"}],"replies":[{"embeddable":true,"href":"https:\/\/webs.uab.cat\/bees\/wp-json\/wp\/v2\/comments?post=1822"}],"version-history":[{"count":1,"href":"https:\/\/webs.uab.cat\/bees\/wp-json\/wp\/v2\/pages\/1822\/revisions"}],"predecessor-version":[{"id":4282,"href":"https:\/\/webs.uab.cat\/bees\/wp-json\/wp\/v2\/pages\/1822\/revisions\/4282"}],"wp:attachment":[{"href":"https:\/\/webs.uab.cat\/bees\/wp-json\/wp\/v2\/media?parent=1822"}],"curies":[{"name":"wp","href":"https:\/\/api.w.org\/{rel}","templated":true}]}}