{"id":1828,"date":"2025-05-14T11:39:44","date_gmt":"2025-05-14T09:39:44","guid":{"rendered":"https:\/\/biocampus25.wordpress.com\/?page_id=1828"},"modified":"2025-05-19T10:46:24","modified_gmt":"2025-05-19T08:46:24","slug":"chinche-asesina","status":"publish","type":"page","link":"https:\/\/webs.uab.cat\/bees\/chinche-asesina\/","title":{"rendered":"CHINCHE ASESINA"},"content":{"rendered":"<div class=\"wp-block-image\">\n<figure class=\"aligncenter size-large\"><img loading=\"lazy\" decoding=\"async\" width=\"978\" height=\"900\" src=\"https:\/\/biocampus25.wordpress.com\/wp-content\/uploads\/2025\/04\/rhinocoris_erythropus_assassin_bug._reduviidae._-_flickr_-_gailhampshire_1.jpg?w=978\" alt=\"\" class=\"wp-image-1829\" srcset=\"https:\/\/webs.uab.cat\/bees\/wp-content\/uploads\/sites\/329\/2025\/04\/rhinocoris_erythropus_assassin_bug._reduviidae._-_flickr_-_gailhampshire_1.jpg 978w, https:\/\/webs.uab.cat\/bees\/wp-content\/uploads\/sites\/329\/2025\/04\/rhinocoris_erythropus_assassin_bug._reduviidae._-_flickr_-_gailhampshire_1-300x276.jpg 300w, https:\/\/webs.uab.cat\/bees\/wp-content\/uploads\/sites\/329\/2025\/04\/rhinocoris_erythropus_assassin_bug._reduviidae._-_flickr_-_gailhampshire_1-768x707.jpg 768w\" sizes=\"auto, (max-width: 978px) 100vw, 978px\" \/><\/figure>\n<\/div>\n\n\n<p class=\"has-text-align-justify has-small-font-size\">Rhynocoris erythropus. Imagen con copyright CC BY 2.0, creada por Gailhampshire y obtenida de Wikimedia commons en: <a href=\"https:\/\/commons.wikimedia.org\/wiki\/File:Rhinocoris_erythropus_Assassin_Bug.._Reduviidae._-_Flickr_-_gailhampshire_(1).jpg\">https:\/\/commons.wikimedia.org\/wiki\/File:Rhinocoris_erythropus_Assassin_Bug.._Reduviidae._-_Flickr_-_gailhampshire_(1).jpg<\/a><\/p>\n\n\n\n<div style=\"height:10px\" aria-hidden=\"true\" class=\"wp-block-spacer\"><\/div>\n\n\n\n<div class=\"wp-block-columns is-layout-flex wp-container-core-columns-is-layout-9d6595d7 wp-block-columns-is-layout-flex\">\n<div class=\"wp-block-column is-layout-flow wp-block-column-is-layout-flow\">\n<figure class=\"wp-block-table has-alegreya-font-family has-small-font-size\"><table><tbody><tr><td class=\"has-text-align-center\" data-align=\"center\"><strong>Reino<\/strong><\/td><td class=\"has-text-align-center\" data-align=\"center\">Animalia<\/td><\/tr><tr><td class=\"has-text-align-center\" data-align=\"center\"><strong>Filo<\/strong><\/td><td class=\"has-text-align-center\" data-align=\"center\">Arthropoda<\/td><\/tr><tr><td class=\"has-text-align-center\" data-align=\"center\"><strong>Subfilo<\/strong><\/td><td class=\"has-text-align-center\" data-align=\"center\"><a href=\"https:\/\/webs.uab.cat\/bees\/hexapoda\/\" data-type=\"page\" data-id=\"4095\">Hexapoda<\/a><\/td><\/tr><tr><td class=\"has-text-align-center\" data-align=\"center\"><strong>Clase<\/strong><\/td><td class=\"has-text-align-center\" data-align=\"center\">Insecta<\/td><\/tr><tr><td class=\"has-text-align-center\" data-align=\"center\"><strong>Subclase<\/strong><\/td><td class=\"has-text-align-center\" data-align=\"center\">Pterygota<\/td><\/tr><tr><td class=\"has-text-align-center\" data-align=\"center\"><strong>Orden<\/strong><\/td><td class=\"has-text-align-center\" data-align=\"center\"><a href=\"https:\/\/webs.uab.cat\/bees\/hemiptera\/\" data-type=\"page\" data-id=\"1754\">Hemiptera<\/a><\/td><\/tr><tr><td class=\"has-text-align-center\" data-align=\"center\"><strong>Suborden<\/strong><\/td><td class=\"has-text-align-center\" data-align=\"center\">Heteroptera<\/td><\/tr><tr><td class=\"has-text-align-center\" data-align=\"center\"><strong>Infraorden<\/strong><\/td><td class=\"has-text-align-center\" data-align=\"center\">Cimicomorpha<\/td><\/tr><tr><td class=\"has-text-align-center\" data-align=\"center\"><strong>Superfamilia<\/strong><\/td><td class=\"has-text-align-center\" data-align=\"center\">Reduvioidea<\/td><\/tr><tr><td class=\"has-text-align-center\" data-align=\"center\"><strong>Familia<\/strong><\/td><td class=\"has-text-align-center\" data-align=\"center\"><a href=\"https:\/\/webs.uab.cat\/bees\/reduviidae\/\" data-type=\"page\" data-id=\"1822\">Reduviidae<\/a><\/td><\/tr><tr><td class=\"has-text-align-center\" data-align=\"center\"><strong>Subfamilia<\/strong><\/td><td class=\"has-text-align-center\" data-align=\"center\">Harpactorinae<\/td><\/tr><tr><td class=\"has-text-align-center\" data-align=\"center\"><strong>Tribu<\/strong><\/td><td class=\"has-text-align-center\" data-align=\"center\">Harpactorini<\/td><\/tr><tr><td class=\"has-text-align-center\" data-align=\"center\"><strong>G\u00e9nero<\/strong><\/td><td class=\"has-text-align-center\" data-align=\"center\">Rhynocoris<\/td><\/tr><tr><td class=\"has-text-align-center\" data-align=\"center\"><strong>Especie<\/strong><\/td><td class=\"has-text-align-center\" data-align=\"center\">R. erythropus<\/td><\/tr><\/tbody><\/table><\/figure>\n<\/div>\n\n\n\n<div class=\"wp-block-column is-layout-flow wp-block-column-is-layout-flow\">\n<p><strong>DESCRIPCI\u00d3N:<\/strong><\/p>\n\n\n\n<p class=\"has-text-align-justify has-alegreya-font-family has-small-font-size\">Esta chinche es un hem\u00edptero de tama\u00f1o mediano, que suele medir unos 10-18mm. Su coloraci\u00f3n corporal es generalmente rojinegra, con una cierta variancia seg\u00fan la regi\u00f3n y estructura del cuerpo.<\/p>\n\n\n\n<p class=\"has-text-align-justify has-alegreya-font-family has-small-font-size\">Su cabeza, de reducido tama\u00f1o y negra, presenta un par de antenas bien alargadas que van adoptando tonos m\u00e1s claros hacia la zona terminal. En esta regi\u00f3n tambi\u00e9n presentan un par de ojos compuestos y una prob\u00f3scide puntiaguda y alargada.<\/p>\n\n\n\n<p class=\"has-text-align-justify has-alegreya-font-family has-small-font-size\">En la regi\u00f3n tor\u00e1cica presentan dos pares de alas, donde las primeras son \u00e9litros de tonos marrones y negros y cubre hasta la zona abdominal. En cuanto a sus tres pares de patas, estas son rojizas en la zona terminal y tiene la capacidad de emitir sonidos para defenderse o contactar con las hembras.<\/p>\n<\/div>\n<\/div>\n\n\n\n<div style=\"height:10px\" aria-hidden=\"true\" class=\"wp-block-spacer\"><\/div>\n\n\n\n<div class=\"wp-block-group is-vertical is-layout-flex wp-container-core-group-is-layout-769d0143 wp-block-group-is-layout-flex\">\n<p><strong>DIETA:<\/strong><\/p>\n\n\n\n<p class=\"has-text-align-justify has-alegreya-font-family has-small-font-size\">Su dieta se basa en la depredaci\u00f3n por acecho, aliment\u00e1ndose de los fluidos vitales de otros insectos. Para capturarlos, utiliza su prob\u00f3scide puntiaguda, con la que los perfora e inyecta toxinas que los paralizan antes de ingerir su contenido.<\/p>\n<\/div>\n\n\n\n<div style=\"height:10px\" aria-hidden=\"true\" class=\"wp-block-spacer\"><\/div>\n\n\n\n<div class=\"wp-block-group is-vertical is-layout-flex wp-container-core-group-is-layout-769d0143 wp-block-group-is-layout-flex\">\n<p><strong>ESTRUCTURA SOCIAL Y COMPORTAMIENTO:<\/strong><\/p>\n\n\n\n<p class=\"has-text-align-justify has-alegreya-font-family has-small-font-size\">Esta chinche exhibe unos comportamientos t\u00edpicamente solitarios, de manera que no forman estructuras sociales complejas. Adem\u00e1s, los solemos encontrar activos en horario diurno.<\/p>\n\n\n\n<p class=\"has-text-align-justify has-alegreya-font-family has-small-font-size\">Su ciclo vital suele comenzar a principios de primavera, cuando los machos emiten sonidos al fregar sus patas contra su rostro. Con esto consiguen atraer a las hembras, con las que se dedicar\u00e1n a procrear. De esta forma se generan unos 30-50 huevos que se depositan en las hojas y eclosionan pasados 8 d\u00edas.<\/p>\n\n\n\n<p class=\"has-text-align-justify has-alegreya-font-family has-small-font-size\">De estos huevos surgen unas ninfas de tan solo 2mm, que durante los pr\u00f3ximos 2 meses realizar\u00e1n un total de 5-7 mudas. Con todo esto llegan a la fase adulta o imago, que suelen ser observables entre abril y septiembre.<\/p>\n\n\n\n<p class=\"has-text-align-justify has-alegreya-font-family has-small-font-size\">Cabe destacar que, si las condiciones ambientales son propicias, pueden tener diversas puestas en las estaciones c\u00e1lidas.<\/p>\n<\/div>\n\n\n<div class=\"wp-block-image\">\n<figure class=\"aligncenter size-large\"><img loading=\"lazy\" decoding=\"async\" width=\"1170\" height=\"103\" src=\"https:\/\/biocampus25.wordpress.com\/wp-content\/uploads\/2025\/04\/captura-de-pantalla-2025-04-20-125337.png?w=1024\" alt=\"\" class=\"wp-image-1835\" srcset=\"https:\/\/webs.uab.cat\/bees\/wp-content\/uploads\/sites\/329\/2025\/04\/captura-de-pantalla-2025-04-20-125337.png 1170w, https:\/\/webs.uab.cat\/bees\/wp-content\/uploads\/sites\/329\/2025\/04\/captura-de-pantalla-2025-04-20-125337-300x26.png 300w, https:\/\/webs.uab.cat\/bees\/wp-content\/uploads\/sites\/329\/2025\/04\/captura-de-pantalla-2025-04-20-125337-1024x90.png 1024w, https:\/\/webs.uab.cat\/bees\/wp-content\/uploads\/sites\/329\/2025\/04\/captura-de-pantalla-2025-04-20-125337-768x68.png 768w\" sizes=\"auto, (max-width: 1170px) 100vw, 1170px\" \/><\/figure>\n<\/div>\n\n\n<div style=\"height:10px\" aria-hidden=\"true\" class=\"wp-block-spacer\"><\/div>\n\n\n\n<div class=\"wp-block-group is-vertical is-layout-flex wp-container-core-group-is-layout-769d0143 wp-block-group-is-layout-flex\">\n<p><strong>HABITAT Y ZONA DE DISTRIBUCI\u00d3N:<\/strong><\/p>\n\n\n\n<p class=\"has-text-align-justify has-alegreya-font-family has-small-font-size\">Estos organismos se encuentran ampliamente distribuidos por el oeste de Europa y el norte de \u00c1frica.<\/p>\n\n\n\n<p class=\"has-text-align-justify has-alegreya-font-family has-small-font-size\">Su h\u00e1bitat t\u00edpico son los prados y campos abiertos, en los que llega una buena cantidad de luz solar.<\/p>\n<\/div>\n\n\n\n<div class=\"wp-block-group is-vertical is-layout-flex wp-container-core-group-is-layout-769d0143 wp-block-group-is-layout-flex\">\n<figure class=\"wp-block-image size-large\"><img loading=\"lazy\" decoding=\"async\" width=\"732\" height=\"372\" src=\"https:\/\/biocampus25.wordpress.com\/wp-content\/uploads\/2025\/04\/captura-de-pantalla-2025-04-20-125520.png?w=732\" alt=\"\" class=\"wp-image-1837\" srcset=\"https:\/\/webs.uab.cat\/bees\/wp-content\/uploads\/sites\/329\/2025\/04\/captura-de-pantalla-2025-04-20-125520.png 732w, https:\/\/webs.uab.cat\/bees\/wp-content\/uploads\/sites\/329\/2025\/04\/captura-de-pantalla-2025-04-20-125520-300x152.png 300w\" sizes=\"auto, (max-width: 732px) 100vw, 732px\" \/><\/figure>\n\n\n\n<p class=\"has-text-align-justify has-small-font-size\">Mapa de distribuci\u00f3n de Rhynocoris erythropus. Imagen obtenida de Gbif en: <a href=\"https:\/\/www.gbif.org\/es\/species\/4486930\">https:\/\/www.gbif.org\/es\/species\/4486930<\/a><\/p>\n<\/div>\n\n\n\n<div style=\"height:10px\" aria-hidden=\"true\" class=\"wp-block-spacer\"><\/div>\n\n\n\n<div class=\"wp-block-group is-vertical is-layout-flex wp-container-core-group-is-layout-769d0143 wp-block-group-is-layout-flex\">\n<p><strong>ESTADO DE CONSERVACI\u00d3N:<\/strong><\/p>\n\n\n\n<p class=\"has-text-align-justify has-alegreya-font-family has-small-font-size\">Esta especie todav\u00eda no ha estado correctamente evaluada, pero no existen m\u00e9todos de conservaci\u00f3n que nos hicieran pensar que se encuentra en peligro.<\/p>\n<\/div>\n\n\n<div class=\"wp-block-image\">\n<figure class=\"aligncenter size-large is-resized\"><img loading=\"lazy\" decoding=\"async\" width=\"582\" height=\"167\" src=\"https:\/\/biocampus25.wordpress.com\/wp-content\/uploads\/2025\/04\/captura_de_pantalla_2025-04-16_221652-removebg-preview-19.png?w=582\" alt=\"\" class=\"wp-image-1840\" style=\"width:620px;height:auto\" srcset=\"https:\/\/webs.uab.cat\/bees\/wp-content\/uploads\/sites\/329\/2025\/04\/captura_de_pantalla_2025-04-16_221652-removebg-preview-19.png 582w, https:\/\/webs.uab.cat\/bees\/wp-content\/uploads\/sites\/329\/2025\/04\/captura_de_pantalla_2025-04-16_221652-removebg-preview-19-300x86.png 300w\" sizes=\"auto, (max-width: 582px) 100vw, 582px\" \/><\/figure>\n<\/div>\n\n\n<div style=\"height:30px\" aria-hidden=\"true\" class=\"wp-block-spacer\"><\/div>\n\n\n\n<p><strong>REFERENCIAS:<\/strong><\/p>\n\n\n\n<p class=\"has-text-align-justify has-small-font-size\"><em>Rhynocoris erythropus<\/em>. (n.d.). Natusfera. Retrieved March 2, 2025, from&nbsp;&nbsp;&nbsp;&nbsp;&nbsp;&nbsp;&nbsp;&nbsp;&nbsp;&nbsp;&nbsp;&nbsp;&nbsp; <a href=\"https:\/\/spain.inaturalist.org\/taxa\/327210-Rhynocoris-erythropus\">https:\/\/spain.inaturalist.org\/taxa\/327210-Rhynocoris-erythropus<\/a><\/p>\n\n\n\n<p class=\"has-text-align-justify has-small-font-size\"><em>Chinche asesina Rhynocoris erythropus<\/em>. (2021, September 1). MACRONATURA. Retrieved March 4, 2025, from <a href=\"https:\/\/macronatura.es\/2021\/09\/01\/chinche-asesina-rhynocoris-erythropus\/\">https:\/\/macronatura.es\/2021\/09\/01\/chinche-asesina-rhynocoris-erythropus\/<\/a><\/p>\n\n\n\n<p class=\"has-text-align-justify has-small-font-size\">Luciano, B. (n.d.).&nbsp;<em>Rhynocoris erythropus<\/em>. Terra di Maremma. Retrieved March 4, 2025, from <a href=\"https:\/\/www.terradimaremma.com\/rhynocoris-erythropus.html\">https:\/\/www.terradimaremma.com\/rhynocoris-erythropus.html<\/a><\/p>\n\n\n\n<p class=\"has-text-align-justify has-small-font-size\">Rodr\u00edguez, A. B. (n.d.).&nbsp;<em>FAUNA AUXILIAR<\/em>. Blogspot.com. Retrieved March 4, 2025, from <a href=\"https:\/\/faunaauxiliar.blogspot.com\/2014\/07\/familia-reduviidae.html\">https:\/\/faunaauxiliar.blogspot.com\/2014\/07\/familia-reduviidae.html<\/a><\/p>\n","protected":false},"excerpt":{"rendered":"<p>Rhynocoris erythropus. Imagen con copyright CC BY 2.0, creada por Gailhampshire y obtenida de Wikimedia commons en: https:\/\/commons.wikimedia.org\/wiki\/File:Rhinocoris_erythropus_Assassin_Bug.._Reduviidae._-_Flickr_-_gailhampshire_(1).jpg Reino Animalia Filo Arthropoda Subfilo Hexapoda Clase Insecta Subclase Pterygota Orden Hemiptera Suborden Heteroptera Infraorden Cimicomorpha Superfamilia Reduvioidea Familia Reduviidae Subfamilia Harpactorinae Tribu Harpactorini G\u00e9nero Rhynocoris Especie R. erythropus DESCRIPCI\u00d3N: Esta chinche es un hem\u00edptero de tama\u00f1o [&hellip;]<\/p>\n","protected":false},"author":2556,"featured_media":0,"parent":0,"menu_order":0,"comment_status":"closed","ping_status":"closed","template":"","meta":{"footnotes":""},"class_list":["post-1828","page","type-page","status-publish","hentry"],"_links":{"self":[{"href":"https:\/\/webs.uab.cat\/bees\/wp-json\/wp\/v2\/pages\/1828","targetHints":{"allow":["GET"]}}],"collection":[{"href":"https:\/\/webs.uab.cat\/bees\/wp-json\/wp\/v2\/pages"}],"about":[{"href":"https:\/\/webs.uab.cat\/bees\/wp-json\/wp\/v2\/types\/page"}],"author":[{"embeddable":true,"href":"https:\/\/webs.uab.cat\/bees\/wp-json\/wp\/v2\/users\/2556"}],"replies":[{"embeddable":true,"href":"https:\/\/webs.uab.cat\/bees\/wp-json\/wp\/v2\/comments?post=1828"}],"version-history":[{"count":1,"href":"https:\/\/webs.uab.cat\/bees\/wp-json\/wp\/v2\/pages\/1828\/revisions"}],"predecessor-version":[{"id":4156,"href":"https:\/\/webs.uab.cat\/bees\/wp-json\/wp\/v2\/pages\/1828\/revisions\/4156"}],"wp:attachment":[{"href":"https:\/\/webs.uab.cat\/bees\/wp-json\/wp\/v2\/media?parent=1828"}],"curies":[{"name":"wp","href":"https:\/\/api.w.org\/{rel}","templated":true}]}}