{"id":1844,"date":"2025-05-14T11:42:34","date_gmt":"2025-05-14T09:42:34","guid":{"rendered":"https:\/\/biocampus25.wordpress.com\/?page_id=1844"},"modified":"2025-05-19T13:16:39","modified_gmt":"2025-05-19T11:16:39","slug":"pentatomidae","status":"publish","type":"page","link":"https:\/\/webs.uab.cat\/bees\/pentatomidae\/","title":{"rendered":"Pentatomidae"},"content":{"rendered":"\n<div class=\"wp-block-group is-vertical is-layout-flex wp-container-core-group-is-layout-3e0ae1ae wp-block-group-is-layout-flex\">\n<p><strong>Descripci\u00f3n:<\/strong><\/p>\n\n\n\n<p class=\"has-text-align-justify has-alegreya-font-family has-small-font-size\">Esta familia incluye casi 5.000 especies de hem\u00edpteros, que reciben su nombre debido a que tienen dos antenas formadas por cinco segmentos. Com\u00fanmente se les conoce como chinches apestosas, ya que, si son molestadas, pueden emitir un l\u00edquido de olor muy desagradable, compuesto principalmente por cianuro.<\/p>\n\n\n\n<p class=\"has-text-align-justify has-alegreya-font-family has-small-font-size\">Otros elementos importantes son la presencia de un escutelo (zona entre las alas que queda al descubierto) de color verde o marr\u00f3n y con forma trapezoidal, patas con tres segmentos terminales y u\u00f1as, y la presencia de hem\u00e9litros.<\/p>\n\n\n\n<p class=\"has-text-align-justify has-alegreya-font-family has-small-font-size\">Normalmente, son animales herb\u00edvoros con una alta capacidad de reproducci\u00f3n (pueden tener una o dos generaciones al a\u00f1o). Por este motivo, pueden formar f\u00e1cilmente plagas que generan grandes da\u00f1os econ\u00f3micos.<\/p>\n\n\n\n<p class=\"has-text-align-justify has-alegreya-font-family has-small-font-size\">Una de las especies m\u00e1s distribuidas en nuestro territorio es &#8220;<em><a href=\"https:\/\/webs.uab.cat\/bees\/chinche-marron-marmolada\/\" data-type=\"page\" data-id=\"1848\">Halyomorpha halys<\/a><\/em>&#8220;.<\/p>\n<\/div>\n\n\n\n<div style=\"height:30px\" aria-hidden=\"true\" class=\"wp-block-spacer\"><\/div>\n\n\n\n<p><strong>Bibliografia:<\/strong><\/p>\n\n\n\n<p class=\"has-text-align-justify has-small-font-size\">Wikipedia contributors. (n.d.-a).&nbsp;<em>Pentatomidae<\/em>. Wikipedia, The Free Encyclopedia. <a href=\"https:\/\/es.wikipedia.org\/w\/index.php?title=Pentatomidae&amp;oldid=163875493\">https:\/\/es.wikipedia.org\/w\/index.php?title=Pentatomidae&amp;oldid=163875493<\/a><\/p>\n","protected":false},"excerpt":{"rendered":"<p>Descripci\u00f3n: Esta familia incluye casi 5.000 especies de hem\u00edpteros, que reciben su nombre debido a que tienen dos antenas formadas por cinco segmentos. Com\u00fanmente se les conoce como chinches apestosas, ya que, si son molestadas, pueden emitir un l\u00edquido de olor muy desagradable, compuesto principalmente por cianuro. Otros elementos importantes son la presencia de un [&hellip;]<\/p>\n","protected":false},"author":2556,"featured_media":0,"parent":0,"menu_order":0,"comment_status":"closed","ping_status":"closed","template":"","meta":{"footnotes":""},"class_list":["post-1844","page","type-page","status-publish","hentry"],"_links":{"self":[{"href":"https:\/\/webs.uab.cat\/bees\/wp-json\/wp\/v2\/pages\/1844","targetHints":{"allow":["GET"]}}],"collection":[{"href":"https:\/\/webs.uab.cat\/bees\/wp-json\/wp\/v2\/pages"}],"about":[{"href":"https:\/\/webs.uab.cat\/bees\/wp-json\/wp\/v2\/types\/page"}],"author":[{"embeddable":true,"href":"https:\/\/webs.uab.cat\/bees\/wp-json\/wp\/v2\/users\/2556"}],"replies":[{"embeddable":true,"href":"https:\/\/webs.uab.cat\/bees\/wp-json\/wp\/v2\/comments?post=1844"}],"version-history":[{"count":1,"href":"https:\/\/webs.uab.cat\/bees\/wp-json\/wp\/v2\/pages\/1844\/revisions"}],"predecessor-version":[{"id":4270,"href":"https:\/\/webs.uab.cat\/bees\/wp-json\/wp\/v2\/pages\/1844\/revisions\/4270"}],"wp:attachment":[{"href":"https:\/\/webs.uab.cat\/bees\/wp-json\/wp\/v2\/media?parent=1844"}],"curies":[{"name":"wp","href":"https:\/\/api.w.org\/{rel}","templated":true}]}}