{"id":1848,"date":"2025-05-14T11:39:45","date_gmt":"2025-05-14T09:39:45","guid":{"rendered":"https:\/\/biocampus25.wordpress.com\/?page_id=1848"},"modified":"2025-05-19T10:47:11","modified_gmt":"2025-05-19T08:47:11","slug":"chinche-marron-marmolada","status":"publish","type":"page","link":"https:\/\/webs.uab.cat\/bees\/chinche-marron-marmolada\/","title":{"rendered":"CHINCHE MARR\u00d3N MARMOLADA"},"content":{"rendered":"<div class=\"wp-block-image\">\n<figure class=\"aligncenter size-large\"><img loading=\"lazy\" decoding=\"async\" width=\"1000\" height=\"750\" src=\"https:\/\/biocampus25.wordpress.com\/wp-content\/uploads\/2025\/04\/halyomorpha_halys_pentatomidae_brown_marmorated_stink_bug_-_male_imago_karlovacka_croatia.jpg?w=1000\" alt=\"\" class=\"wp-image-1849\" srcset=\"https:\/\/webs.uab.cat\/bees\/wp-content\/uploads\/sites\/329\/2025\/04\/halyomorpha_halys_pentatomidae_brown_marmorated_stink_bug_-_male_imago_karlovacka_croatia.jpg 1000w, https:\/\/webs.uab.cat\/bees\/wp-content\/uploads\/sites\/329\/2025\/04\/halyomorpha_halys_pentatomidae_brown_marmorated_stink_bug_-_male_imago_karlovacka_croatia-300x225.jpg 300w, https:\/\/webs.uab.cat\/bees\/wp-content\/uploads\/sites\/329\/2025\/04\/halyomorpha_halys_pentatomidae_brown_marmorated_stink_bug_-_male_imago_karlovacka_croatia-768x576.jpg 768w\" sizes=\"auto, (max-width: 1000px) 100vw, 1000px\" \/><\/figure>\n<\/div>\n\n\n<p class=\"has-text-align-justify has-small-font-size\">Halyomorpha halys. Imagen con copyright CC BY 3.0, creada por B. Schoenmakers y obtenida de Wikimedia commons en: <a href=\"https:\/\/commons.wikimedia.org\/wiki\/File:Halyomorpha_halys_(Pentatomidae)_(Brown_Marmorated_Stink_Bug)_-_(male_imago),_Karlova%C4%8Dka,_Croatia.jpg\">https:\/\/commons.wikimedia.org\/wiki\/File:Halyomorpha_halys_(Pentatomidae)_(Brown_Marmorated_Stink_Bug)_-_(male_imago),_Karlova%C4%8Dka,_Croatia.jpg<\/a><\/p>\n\n\n\n<div style=\"height:10px\" aria-hidden=\"true\" class=\"wp-block-spacer\"><\/div>\n\n\n\n<div class=\"wp-block-columns is-layout-flex wp-container-core-columns-is-layout-9d6595d7 wp-block-columns-is-layout-flex\">\n<div class=\"wp-block-column is-layout-flow wp-block-column-is-layout-flow\">\n<figure class=\"wp-block-table has-alegreya-font-family has-small-font-size\"><table><tbody><tr><td class=\"has-text-align-center\" data-align=\"center\"><strong>Reino<\/strong><\/td><td class=\"has-text-align-center\" data-align=\"center\">Animalia<\/td><\/tr><tr><td class=\"has-text-align-center\" data-align=\"center\"><strong>Filo<\/strong><\/td><td class=\"has-text-align-center\" data-align=\"center\">Arthropoda<\/td><\/tr><tr><td class=\"has-text-align-center\" data-align=\"center\"><strong>Subfilo<\/strong><\/td><td class=\"has-text-align-center\" data-align=\"center\"><a href=\"https:\/\/webs.uab.cat\/bees\/hexapoda\/\" data-type=\"page\" data-id=\"4095\">Hexapoda<\/a><\/td><\/tr><tr><td class=\"has-text-align-center\" data-align=\"center\"><strong>Clase<\/strong><\/td><td class=\"has-text-align-center\" data-align=\"center\">Insecta<\/td><\/tr><tr><td class=\"has-text-align-center\" data-align=\"center\"><strong>Subclase<\/strong><\/td><td class=\"has-text-align-center\" data-align=\"center\">Pterygota<\/td><\/tr><tr><td class=\"has-text-align-center\" data-align=\"center\"><strong>Orden<\/strong><\/td><td class=\"has-text-align-center\" data-align=\"center\"><a href=\"https:\/\/webs.uab.cat\/bees\/hemiptera\/\" data-type=\"page\" data-id=\"1754\">Hemiptera<\/a><\/td><\/tr><tr><td class=\"has-text-align-center\" data-align=\"center\"><strong>Suborden<\/strong><\/td><td class=\"has-text-align-center\" data-align=\"center\">Heteroptera<\/td><\/tr><tr><td class=\"has-text-align-center\" data-align=\"center\"><strong>Infraorden<\/strong><\/td><td class=\"has-text-align-center\" data-align=\"center\">Pentatomorpha<\/td><\/tr><tr><td class=\"has-text-align-center\" data-align=\"center\"><strong>Superfamilia<\/strong><\/td><td class=\"has-text-align-center\" data-align=\"center\">Pentatomoidea<\/td><\/tr><tr><td class=\"has-text-align-center\" data-align=\"center\"><strong>Familia<\/strong><\/td><td class=\"has-text-align-center\" data-align=\"center\"><a href=\"https:\/\/webs.uab.cat\/bees\/pentatomidae\/\" data-type=\"page\" data-id=\"1844\">Pentatomidae<\/a><\/td><\/tr><tr><td class=\"has-text-align-center\" data-align=\"center\"><strong>Subfamilia<\/strong><\/td><td class=\"has-text-align-center\" data-align=\"center\">Pentatominae<\/td><\/tr><tr><td class=\"has-text-align-center\" data-align=\"center\"><strong>Tribu<\/strong><\/td><td class=\"has-text-align-center\" data-align=\"center\">Cappaeni<\/td><\/tr><tr><td class=\"has-text-align-center\" data-align=\"center\"><strong>G\u00e9nero<\/strong><\/td><td class=\"has-text-align-center\" data-align=\"center\">Halyomorpha<\/td><\/tr><tr><td class=\"has-text-align-center\" data-align=\"center\"><strong>Especie<\/strong><\/td><td class=\"has-text-align-center\" data-align=\"center\">H. halys<\/td><\/tr><\/tbody><\/table><\/figure>\n<\/div>\n\n\n\n<div class=\"wp-block-column is-layout-flow wp-block-column-is-layout-flow\">\n<div class=\"wp-block-group is-vertical is-layout-flex wp-container-core-group-is-layout-769d0143 wp-block-group-is-layout-flex\">\n<p><strong>DESCRIPCI\u00d3N:<\/strong><\/p>\n\n\n\n<p class=\"has-text-align-justify has-alegreya-font-family has-small-font-size\">La chinche marr\u00f3n marmolada es un hem\u00edptero de tama\u00f1o mediano, que suele medir 12 y 17mm d elargo y 7-10mm de ancho. Como bien indica su nombre, su cuerpo presenta una coloraci\u00f3n principalmente marr\u00f3n, con un patr\u00f3n marmolado caracter\u00edstico.<\/p>\n\n\n\n<p class=\"has-text-align-justify has-alegreya-font-family has-small-font-size\">Su cabeza, de forma rectangular, alberga un par de ojos compuestos de color rojo, adem\u00e1s de antenas alargadas con anillos blanquecinos. Tambi\u00e9n cuenta con un aparato bucal altamente especializado para perforar y succionar.<\/p>\n\n\n\n<p class=\"has-text-align-justify has-alegreya-font-family has-small-font-size\">En el t\u00f3rax destacan un par de hemi\u00e9litros de tonalidad marr\u00f3n amarillenta oscura, que cubren gran parte del abdomen. Debajo de estos, se encuentran un par de alas membranosas que le permiten volar. La especie posee tres pares de patas, las cuales, al igual que las antenas, presentan un patr\u00f3n alterno de bandas claras y oscuras.<\/p>\n\n\n\n<p class=\"has-text-align-justify has-alegreya-font-family has-small-font-size\">El abdomen, que constituye aproximadamente la mitad del cuerpo, es ligeramente ensanchado hacia los laterales. Aunque en su mayor\u00eda queda cubierto por los \u00e9litros, en la parte expuesta se puede observar la misma alternancia de bandas claras y oscuras que caracteriza a otras estructuras de su cuerpo.<\/p>\n<\/div>\n<\/div>\n<\/div>\n\n\n\n<div style=\"height:10px\" aria-hidden=\"true\" class=\"wp-block-spacer\"><\/div>\n\n\n\n<div class=\"wp-block-group is-vertical is-layout-flex wp-container-core-group-is-layout-769d0143 wp-block-group-is-layout-flex\">\n<p><strong>DIETA:<\/strong><\/p>\n\n\n\n<p class=\"has-text-align-justify has-small-font-size\">Su dieta se basa en la ingesta de los fluidos vitales de las plantas que act\u00faan como sus hospedantes. Los adultos suelen focalizarse en las frutas, mientras que las ninfas prefieren las hojas o los tallos.<\/p>\n<\/div>\n\n\n\n<div style=\"height:10px\" aria-hidden=\"true\" class=\"wp-block-spacer\"><\/div>\n\n\n\n<div class=\"wp-block-group is-vertical is-layout-flex wp-container-core-group-is-layout-769d0143 wp-block-group-is-layout-flex\">\n<p><strong>ESTRUCTURA SOCIAL Y COMPORTAMIENTO:<\/strong><\/p>\n\n\n\n<p class=\"has-text-align-justify has-alegreya-font-family has-small-font-size\">Estos organismos exhiben un comportamiento tanto solitario como gregario, donde en la \u00e9poca calurosa tienden a ser m\u00e1s solitarios mientras que en la \u00e9poca fr\u00eda se agrupan para hibernar. Adem\u00e1s, tambi\u00e9n se les ha podido observar actuando tanto por el d\u00eda como por la noche.<\/p>\n\n\n\n<p class=\"has-text-align-justify has-alegreya-font-family has-small-font-size\">Su ciclo vital suele comenzar entre marzo y abril, momento en el que los adultos salen de la hibernaci\u00f3n y se dirigen a las plantas que les servir\u00e1n como alimento y punto de reproducci\u00f3n. Es en este mismo lugar donde se depositan los huevos, los cuales se agrupan en peque\u00f1as bandas de 20 a 30 que se sit\u00faan en el env\u00e9s de las hojas.<\/p>\n\n\n\n<p class=\"has-text-align-justify has-alegreya-font-family has-small-font-size\">Estos huevos deber\u00e1n ser incubados durante unos d\u00edas y despu\u00e9s de esto emerger\u00e1 una ninfa de color negro y rojo. Durante las pr\u00f3ximas semanas pasar\u00e1 por unos 5 estadios ninfales, antes de alcanzar la fase de adulto.<\/p>\n\n\n\n<p class=\"has-text-align-justify has-alegreya-font-family has-small-font-size\">Una vez han completado su desarrollo, entre los meses de julio y agosto depositan un nuevo grupo de huevos, los cuales formar\u00e1n la segunda generaci\u00f3n anual. Cabe decir que la fase adulta suele durar 5 meses, por lo que ser\u00e1 posible observar ambas generaciones a la vez.<\/p>\n\n\n\n<p class=\"has-text-align-justify has-alegreya-font-family has-small-font-size\">Llegado el oto\u00f1o, estos individuos se dirigir\u00e1n al interior de casa u otras construcciones humanas. Estas ser\u00e1n las zonas en las que se agrupar\u00e1n para hibernar y dar lugar otra vez al inicio de su ciclo.<\/p>\n<\/div>\n\n\n<div class=\"wp-block-image\">\n<figure class=\"aligncenter size-large\"><img loading=\"lazy\" decoding=\"async\" width=\"1171\" height=\"99\" src=\"https:\/\/biocampus25.wordpress.com\/wp-content\/uploads\/2025\/04\/captura-de-pantalla-2025-04-20-132409.png?w=1024\" alt=\"\" class=\"wp-image-1856\" srcset=\"https:\/\/webs.uab.cat\/bees\/wp-content\/uploads\/sites\/329\/2025\/04\/captura-de-pantalla-2025-04-20-132409.png 1171w, https:\/\/webs.uab.cat\/bees\/wp-content\/uploads\/sites\/329\/2025\/04\/captura-de-pantalla-2025-04-20-132409-300x25.png 300w, https:\/\/webs.uab.cat\/bees\/wp-content\/uploads\/sites\/329\/2025\/04\/captura-de-pantalla-2025-04-20-132409-1024x87.png 1024w, https:\/\/webs.uab.cat\/bees\/wp-content\/uploads\/sites\/329\/2025\/04\/captura-de-pantalla-2025-04-20-132409-768x65.png 768w\" sizes=\"auto, (max-width: 1171px) 100vw, 1171px\" \/><\/figure>\n<\/div>\n\n\n<div style=\"height:10px\" aria-hidden=\"true\" class=\"wp-block-spacer\"><\/div>\n\n\n\n<div class=\"wp-block-group is-vertical is-layout-flex wp-container-core-group-is-layout-769d0143 wp-block-group-is-layout-flex\">\n<p><strong>HABITAT Y ZONA DE DISTRIBUCI\u00d3N:<\/strong><\/p>\n\n\n\n<p class=\"has-text-align-justify has-alegreya-font-family has-small-font-size\">Esta especie era originaria de la zona este de Asia, pero se pude desplazar con la actividad humana hacia los Estados Unidos de Am\u00e9rica y Europa.<\/p>\n\n\n\n<p class=\"has-text-align-justify has-alegreya-font-family has-small-font-size\">Su h\u00e1bitat t\u00edpico son los campos de cultivo y los parques urbanos, donde encuentran arboles adecuados para su dieta.<\/p>\n<\/div>\n\n\n\n<div class=\"wp-block-group is-vertical is-layout-flex wp-container-core-group-is-layout-769d0143 wp-block-group-is-layout-flex\">\n<figure class=\"wp-block-image size-large\"><img loading=\"lazy\" decoding=\"async\" width=\"1055\" height=\"531\" src=\"https:\/\/biocampus25.wordpress.com\/wp-content\/uploads\/2025\/04\/captura-de-pantalla-2025-04-20-132553.png?w=1024\" alt=\"\" class=\"wp-image-1858\" srcset=\"https:\/\/webs.uab.cat\/bees\/wp-content\/uploads\/sites\/329\/2025\/04\/captura-de-pantalla-2025-04-20-132553.png 1055w, https:\/\/webs.uab.cat\/bees\/wp-content\/uploads\/sites\/329\/2025\/04\/captura-de-pantalla-2025-04-20-132553-300x151.png 300w, https:\/\/webs.uab.cat\/bees\/wp-content\/uploads\/sites\/329\/2025\/04\/captura-de-pantalla-2025-04-20-132553-1024x515.png 1024w, https:\/\/webs.uab.cat\/bees\/wp-content\/uploads\/sites\/329\/2025\/04\/captura-de-pantalla-2025-04-20-132553-768x387.png 768w\" sizes=\"auto, (max-width: 1055px) 100vw, 1055px\" \/><\/figure>\n\n\n\n<p class=\"has-text-align-justify has-small-font-size\">Mapa de distribuci\u00f3n de Halyomorpha halys. Imagen obtenida de Gbif en: <a href=\"https:\/\/www.gbif.org\/es\/species\/4485843\">https:\/\/www.gbif.org\/es\/species\/4485843<\/a><\/p>\n<\/div>\n\n\n\n<div style=\"height:10px\" aria-hidden=\"true\" class=\"wp-block-spacer\"><\/div>\n\n\n\n<div class=\"wp-block-group is-vertical is-layout-flex wp-container-core-group-is-layout-769d0143 wp-block-group-is-layout-flex\">\n<p><strong>ESTADO DE CONSERVACI\u00d3N:<\/strong><\/p>\n\n\n\n<p class=\"has-text-align-justify has-alegreya-font-family has-small-font-size\">Aunque no ha sido correctamente evaluado su nivel de conservaci\u00f3n, si que se conoce que se ha convertido en una plaga en diferentes zonas del mundo. Es por ello por lo que se podr\u00eda considerar que ser\u00eda de preocupaci\u00f3n menor.<\/p>\n<\/div>\n\n\n<div class=\"wp-block-image\">\n<figure class=\"aligncenter size-large is-resized\"><img loading=\"lazy\" decoding=\"async\" width=\"582\" height=\"167\" src=\"https:\/\/biocampus25.wordpress.com\/wp-content\/uploads\/2025\/04\/captura_de_pantalla_2025-04-16_221652-removebg-preview-20.png?w=582\" alt=\"\" class=\"wp-image-1860\" style=\"width:620px;height:auto\" srcset=\"https:\/\/webs.uab.cat\/bees\/wp-content\/uploads\/sites\/329\/2025\/04\/captura_de_pantalla_2025-04-16_221652-removebg-preview-20.png 582w, https:\/\/webs.uab.cat\/bees\/wp-content\/uploads\/sites\/329\/2025\/04\/captura_de_pantalla_2025-04-16_221652-removebg-preview-20-300x86.png 300w\" sizes=\"auto, (max-width: 582px) 100vw, 582px\" \/><\/figure>\n<\/div>\n\n\n<div style=\"height:30px\" aria-hidden=\"true\" class=\"wp-block-spacer\"><\/div>\n\n\n\n<p><strong>REFERENCIAS:<\/strong><\/p>\n\n\n\n<p class=\"has-text-align-justify has-small-font-size\"><em>Chinche marmolada asi\u00e1tica (Halyomorpha halys)<\/em>. (n.d.). ArgentiNat. Retrieved March 2, 2025, from <a href=\"https:\/\/www.argentinat.org\/taxa\/81923-Halyomorpha-halys\">https:\/\/www.argentinat.org\/taxa\/81923-Halyomorpha-halys<\/a><\/p>\n\n\n\n<p class=\"has-text-align-justify has-small-font-size\">Halyomorpha halys (n.d.). Gobierno de Chile. Retrieved March 5, 2025, from <a href=\"https:\/\/www.sag.gob.cl\/sites\/default\/files\/Ficha%20Halyomorpha%20halys.pdf\">https:\/\/www.sag.gob.cl\/sites\/default\/files\/Ficha%20Halyomorpha%20halys.pdf<\/a><\/p>\n\n\n\n<p class=\"has-text-align-justify has-small-font-size\">L. A. Escudero-Colomar (n.d.).&nbsp;<em>Halyomorpha halys (St\u00e5l)<\/em>. Phytoma.com. Retrieved March 5, 2025, from <a href=\"https:\/\/www.phytoma.com\/images\/pdf\/2019\/312_TT_frutales_halyomorpha_halys.pdf\">https:\/\/www.phytoma.com\/images\/pdf\/2019\/312_TT_frutales_halyomorpha_halys.pdf<\/a><\/p>\n\n\n\n<p class=\"has-text-align-justify has-small-font-size\"><em>Halyomorpha halys<\/em>. (n.d.). ECONEX. Retrieved March 5, 2025, from <a href=\"https:\/\/www.halyomorphahalys.es\/\">https:\/\/www.halyomorphahalys.es\/<\/a><\/p>\n\n\n\n<p class=\"has-text-align-justify has-small-font-size\">Halyomoprha halys (2022, July 29). Devueltasporelmundo.es. Retrieved March 5, 2025, from <a href=\"https:\/\/devueltasporelmundo.es\/insectos\/halyomorpha-halys\/\">https:\/\/devueltasporelmundo.es\/insectos\/halyomorpha-halys\/<\/a><\/p>\n\n\n\n<p class=\"has-text-align-justify has-small-font-size\"><em>Halyomorpha halys<\/em> (n.d.).&nbsp;<em>Exos<\/em>. Biodiversidadcanarias.Es. Retrieved March 5, 2025, from <a href=\"https:\/\/www.biodiversidadcanarias.es\/exos\/especie\/E09839\">https:\/\/www.biodiversidadcanarias.es\/exos\/especie\/E09839<\/a><\/p>\n","protected":false},"excerpt":{"rendered":"<p>Halyomorpha halys. Imagen con copyright CC BY 3.0, creada por B. Schoenmakers y obtenida de Wikimedia commons en: https:\/\/commons.wikimedia.org\/wiki\/File:Halyomorpha_halys_(Pentatomidae)_(Brown_Marmorated_Stink_Bug)_-_(male_imago),_Karlova%C4%8Dka,_Croatia.jpg Reino Animalia Filo Arthropoda Subfilo Hexapoda Clase Insecta Subclase Pterygota Orden Hemiptera Suborden Heteroptera Infraorden Pentatomorpha Superfamilia Pentatomoidea Familia Pentatomidae Subfamilia Pentatominae Tribu Cappaeni G\u00e9nero Halyomorpha Especie H. halys DESCRIPCI\u00d3N: La chinche marr\u00f3n marmolada es un [&hellip;]<\/p>\n","protected":false},"author":2556,"featured_media":0,"parent":0,"menu_order":0,"comment_status":"closed","ping_status":"closed","template":"","meta":{"footnotes":""},"class_list":["post-1848","page","type-page","status-publish","hentry"],"_links":{"self":[{"href":"https:\/\/webs.uab.cat\/bees\/wp-json\/wp\/v2\/pages\/1848","targetHints":{"allow":["GET"]}}],"collection":[{"href":"https:\/\/webs.uab.cat\/bees\/wp-json\/wp\/v2\/pages"}],"about":[{"href":"https:\/\/webs.uab.cat\/bees\/wp-json\/wp\/v2\/types\/page"}],"author":[{"embeddable":true,"href":"https:\/\/webs.uab.cat\/bees\/wp-json\/wp\/v2\/users\/2556"}],"replies":[{"embeddable":true,"href":"https:\/\/webs.uab.cat\/bees\/wp-json\/wp\/v2\/comments?post=1848"}],"version-history":[{"count":1,"href":"https:\/\/webs.uab.cat\/bees\/wp-json\/wp\/v2\/pages\/1848\/revisions"}],"predecessor-version":[{"id":4157,"href":"https:\/\/webs.uab.cat\/bees\/wp-json\/wp\/v2\/pages\/1848\/revisions\/4157"}],"wp:attachment":[{"href":"https:\/\/webs.uab.cat\/bees\/wp-json\/wp\/v2\/media?parent=1848"}],"curies":[{"name":"wp","href":"https:\/\/api.w.org\/{rel}","templated":true}]}}