{"id":1868,"date":"2025-05-14T11:39:40","date_gmt":"2025-05-14T09:39:40","guid":{"rendered":"https:\/\/biocampus25.wordpress.com\/?page_id=1868"},"modified":"2025-05-19T10:35:15","modified_gmt":"2025-05-19T08:35:15","slug":"blattodea","status":"publish","type":"page","link":"https:\/\/webs.uab.cat\/bees\/blattodea\/","title":{"rendered":"Blattodea"},"content":{"rendered":"\n<div class=\"wp-block-group is-vertical is-layout-flex wp-container-core-group-is-layout-3e0ae1ae wp-block-group-is-layout-flex\">\n<p><strong>Descripci\u00f3n:<\/strong><\/p>\n\n\n\n<p class=\"has-text-align-justify has-alegreya-font-family has-small-font-size\">Este orden de insectos est\u00e1 formado por m\u00e1s de 4.500 especies, entre las cuales se encuentran las cucarachas y las termitas. Generalmente, son animales con el cuerpo aplanado y de color marr\u00f3n, negro o rojo.<\/p>\n\n\n\n<p class=\"has-text-align-justify has-alegreya-font-family has-small-font-size\">Las cucarachas rara vez son animales sociales, aunque pueden reunirse en peque\u00f1os grupos en ciertos momentos. En cambio, las termitas s\u00ed son animales eusociales, que viven en grandes colonias con una estructura similar a la de los himen\u00f3pteros (por lo que anteriormente se consideraban una de sus familias).<\/p>\n\n\n\n<p class=\"has-text-align-justify has-alegreya-font-family has-small-font-size\">La cabeza es peque\u00f1a y m\u00f3vil, con forma triangular y las piezas bucales orientadas hacia abajo (hip\u00f3gnatas). Presenta un par de ojos compuestos de tama\u00f1o reducido situados a los lados de la cabeza, junto con dos peque\u00f1os ocelos. Sus antenas son muy alargadas y est\u00e1n formadas por un escapo grande, un pedicelo globoso y un flagelo con muchos segmentos peque\u00f1os. El aparato bucal es de tipo masticador, lo que les permite ser omn\u00edvoros y, en el caso de las termitas, alimentarse de celulosa con la ayuda de protozoos con los que establecen simbiosis.<\/p>\n\n\n\n<p class=\"has-text-align-justify has-alegreya-font-family has-small-font-size\">En el t\u00f3rax podemos encontrar un pronoto (regi\u00f3n dorsal del prot\u00f3rax) muy grande, que puede llegar a cubrir la cabeza. Sus tres pares de patas son iguales, alargadas y llenas de espinas. Las alas suelen ser grandes, con el primer par cori\u00e1ceo y el segundo membranoso. En estado de reposo, el ala anterior izquierda cubre la derecha, y el segundo par se esconde bajo estas dos.<\/p>\n\n\n\n<p class=\"has-text-align-justify has-alegreya-font-family has-small-font-size\">El abdomen presenta diez segmentos, donde en los machos el noveno contiene la placa subgenital formada por una o dos peque\u00f1as estructuras llamadas estilos, mientras que en las hembras el s\u00e9ptimo segmento contiene el oviscapto (estructura perforadora para enterrar los huevos).<\/p>\n\n\n\n<p class=\"has-text-align-justify has-alegreya-font-family has-small-font-size\">En cuanto a la reproducci\u00f3n, primero ocurre un largo cortejo basado en el contacto entre las antenas y la emisi\u00f3n de feromonas. Luego, se produce la fecundaci\u00f3n interna, que da lugar a la formaci\u00f3n de entre 6 y 50 huevos, los cuales se almacenan juntos en una c\u00e1psula u ooteca. Esta estructura capsular se adhiere a los \u00faltimos segmentos abdominales para el cuidado materno, pero una vez nace la ninfa, realiza una muda con la cual se endurece y se separa de los progenitores.<\/p>\n\n\n\n<p class=\"has-text-align-justify has-alegreya-font-family has-small-font-size\">Cabe destacar que las cucarachas suelen ser nocturnas, fotof\u00f3bicas e higr\u00f3filas (viven en zonas h\u00famedas). Se encuentran en todo el mundo, excepto en zonas fr\u00edas, habitando en medios acu\u00e1ticos, viviendas o bajo la maleza y la hojarasca de los bosques.<\/p>\n\n\n\n<p class=\"has-text-align-justify has-alegreya-font-family has-small-font-size\">Una de las caracter\u00edsticas m\u00e1s interesantes de este grupo es su gran capacidad de supervivencia. Pueden resistir altas dosis de radiaci\u00f3n, vivir durante largos periodos sin alimento e incluso sobrevivir un tiempo con la cabeza cortada. Adem\u00e1s, poseen una gran capacidad para detectar ciertos compuestos qu\u00edmicos, lo que les facilita encontrar alimentos.<\/p>\n\n\n\n<p class=\"has-text-align-justify has-alegreya-font-family has-small-font-size\">Debido a su gran resistencia, pueden generar plagas dif\u00edciles de erradicar. Adem\u00e1s, pueden suponer un factor de riesgo en la transmisi\u00f3n de ciertas enfermedades o de agentes que predisponen al desarrollo de problemas como el asma.<\/p>\n\n\n\n<p class=\"has-text-align-justify has-alegreya-font-family has-small-font-size\">La \u00fanica especie encontrada en la regi\u00f3n de inter\u00e9s es &#8220;<em><a href=\"https:\/\/webs.uab.cat\/bees\/cucaracha-oriental\/\" data-type=\"page\" data-id=\"1877\">Blatta orientalis<\/a>&#8220;.<\/em><\/p>\n<\/div>\n\n\n\n<div style=\"height:30px\" aria-hidden=\"true\" class=\"wp-block-spacer\"><\/div>\n\n\n\n<p><strong>Bibliografia:<\/strong><\/p>\n\n\n\n<p class=\"has-text-align-justify has-small-font-size\"><em>Orden Blattodea &#8211; Insectarium Virtual del Parc Natural del Penyal d\u2019Ifac &#8211; Generalitat Valenciana<\/em>. (n.d.). Insectarium Virtual del Parc Natural del Penyal d\u2019Ifac. Retrieved January 21, 2025, from <a href=\"https:\/\/parquesnaturales.gva.es\/es\/web\/insectarium-virtual-del-parc-natural-del-penyal-d-ifac\/orden-blattodea\">https:\/\/parquesnaturales.gva.es\/es\/web\/insectarium-virtual-del-parc-natural-del-penyal-d-ifac\/orden-blattodea<\/a><\/p>\n\n\n\n<p class=\"has-text-align-justify has-small-font-size\">Wikipedia contributors. (n.d.-a).&nbsp;<em>Blattodea<\/em>. Wikipedia, The Free Encyclopedia. <a href=\"https:\/\/es.wikipedia.org\/w\/index.php?title=Blattodea&amp;oldid=165905682\">https:\/\/es.wikipedia.org\/w\/index.php?title=Blattodea&amp;oldid=165905682<\/a><\/p>\n\n\n\n<p class=\"has-text-align-justify has-small-font-size\"><em>Order Blattodea<\/em>. (n.d.). Taxateca.com. Retrieved January 21, 2025, from <a href=\"https:\/\/taxateca.com\/ordenblattodea.html\">https:\/\/taxateca.com\/ordenblattodea.html<\/a><\/p>\n","protected":false},"excerpt":{"rendered":"<p>Descripci\u00f3n: Este orden de insectos est\u00e1 formado por m\u00e1s de 4.500 especies, entre las cuales se encuentran las cucarachas y las termitas. Generalmente, son animales con el cuerpo aplanado y de color marr\u00f3n, negro o rojo. Las cucarachas rara vez son animales sociales, aunque pueden reunirse en peque\u00f1os grupos en ciertos momentos. En cambio, las [&hellip;]<\/p>\n","protected":false},"author":2556,"featured_media":0,"parent":0,"menu_order":0,"comment_status":"closed","ping_status":"closed","template":"","meta":{"footnotes":""},"class_list":["post-1868","page","type-page","status-publish","hentry"],"_links":{"self":[{"href":"https:\/\/webs.uab.cat\/bees\/wp-json\/wp\/v2\/pages\/1868","targetHints":{"allow":["GET"]}}],"collection":[{"href":"https:\/\/webs.uab.cat\/bees\/wp-json\/wp\/v2\/pages"}],"about":[{"href":"https:\/\/webs.uab.cat\/bees\/wp-json\/wp\/v2\/types\/page"}],"author":[{"embeddable":true,"href":"https:\/\/webs.uab.cat\/bees\/wp-json\/wp\/v2\/users\/2556"}],"replies":[{"embeddable":true,"href":"https:\/\/webs.uab.cat\/bees\/wp-json\/wp\/v2\/comments?post=1868"}],"version-history":[{"count":1,"href":"https:\/\/webs.uab.cat\/bees\/wp-json\/wp\/v2\/pages\/1868\/revisions"}],"predecessor-version":[{"id":4143,"href":"https:\/\/webs.uab.cat\/bees\/wp-json\/wp\/v2\/pages\/1868\/revisions\/4143"}],"wp:attachment":[{"href":"https:\/\/webs.uab.cat\/bees\/wp-json\/wp\/v2\/media?parent=1868"}],"curies":[{"name":"wp","href":"https:\/\/api.w.org\/{rel}","templated":true}]}}