{"id":1893,"date":"2025-05-14T11:38:41","date_gmt":"2025-05-14T09:38:41","guid":{"rendered":"https:\/\/biocampus25.wordpress.com\/?page_id=1893"},"modified":"2025-05-19T10:21:58","modified_gmt":"2025-05-19T08:21:58","slug":"arachnida","status":"publish","type":"page","link":"https:\/\/webs.uab.cat\/bees\/arachnida\/","title":{"rendered":"Arachnida"},"content":{"rendered":"\n<div class=\"wp-block-group is-vertical is-layout-flex wp-container-core-group-is-layout-3e0ae1ae wp-block-group-is-layout-flex\">\n<p><strong>Descripci\u00f3n:<\/strong><\/p>\n\n\n\n<div class=\"wp-block-group has-alegreya-font-family has-small-font-size is-vertical is-layout-flex wp-container-core-group-is-layout-8cf370e7 wp-block-group-is-layout-flex\">\n<div class=\"wp-block-group is-vertical is-layout-flex wp-container-core-group-is-layout-3e0ae1ae wp-block-group-is-layout-flex\">\n<p class=\"has-text-align-justify\">Esta clase de artr\u00f3podos est\u00e1 formada por unas 102.000 especies, entre las cuales se encuentran las ara\u00f1as y los escorpiones. Este grupo pertenece al subfilo de los quelicerados, lo que significa que sus piezas bucales han sido modificadas para presentar un par de quel\u00edceros en forma de pinza con alta movilidad.<\/p>\n\n\n\n<p class=\"has-text-align-justify\">Generalmente, su cuerpo est\u00e1 organizado en dos secciones:<\/p>\n\n\n\n<ul class=\"wp-block-list\">\n<li><strong>Cefalot\u00f3rax<\/strong>: aqu\u00ed se encuentran los ojos, que a diferencia de los insectos, son simples. Tambi\u00e9n tienen ocelos (ojos reducidos y simples que principalmente detectan la presencia de luz), los quel\u00edceros y los pedipalpos (segundo par de ap\u00e9ndices articulados situados alrededor de la boca). Adem\u00e1s, en esta regi\u00f3n se encuentran los cuatro pares de patas marchadoras.<\/li>\n\n\n\n<li><strong>Opistosoma<\/strong>: es el equivalente al abdomen, por lo que alberga las g\u00f3nadas y el resto de \u00f3rganos viscerales.<\/li>\n<\/ul>\n\n\n\n<p class=\"has-text-align-justify\">Para alimentarse, capturan a su presa con los quel\u00edceros y le inyectan sustancias digestivas. Esto inicia una digesti\u00f3n externa, seguida de la absorci\u00f3n del alimento en estado l\u00edquido. Al ser ingerido, el alimento pasa primero por una c\u00e1mara prebucal y luego a la boca, seguida de la faringe y el es\u00f3fago, que son los principales \u00f3rganos de bombeo. Tras abandonar el estomodeo (primera secci\u00f3n del tubo digestivo), llega al mesodeo, donde se secretan enzimas digestivas para la digesti\u00f3n qu\u00edmica. Finalmente, el alimento pasa al proctodeo, que contiene el intestino corto y el ano.<\/p>\n\n\n\n<p class=\"has-text-align-justify\">Su sistema circulatorio es abierto, lo que significa que la sangre, al salir del coraz\u00f3n (en este caso, diez corazones tubulares conectados por peque\u00f1as aberturas), viaja hasta una cavidad en la que flotan los \u00f3rganos internos.<\/p>\n\n\n\n<p class=\"has-text-align-justify\">Para respirar, utilizan estructuras conocidas como filotr\u00e1queas o pulmones en libro, que son invaginaciones en la parte ventral del abdomen que permiten captar ox\u00edgeno. Sin embargo, algunas ara\u00f1as y pseudoescorpiones, en lugar de estas estructuras, poseen tr\u00e1queas.<\/p>\n\n\n\n<p class=\"has-text-align-justify\">Su sistema nervioso presenta un cerebro reducido en el cefalot\u00f3rax, que recibe est\u00edmulos t\u00e1ctiles a trav\u00e9s de los pelos sensoriales que recubren su superficie corporal. Esto les permite detectar vibraciones en el aire, funcionando como un radar para localizar presas, entre otras funciones.<\/p>\n\n\n\n<p class=\"has-text-align-justify\">En cuanto a la reproducci\u00f3n, primero realizan un cortejo, seguido de la transmisi\u00f3n de los espermatozoides en forma de espermat\u00f3foros. Como no tienen \u00f3rganos copuladores, la transferencia de esperma se realiza a trav\u00e9s de los pedipalpos.<\/p>\n\n\n\n<p class=\"has-text-align-justify\">La mayor\u00eda de estos organismos son ov\u00edparos (ponen huevos), aunque existen especies de escorpiones que son ovoviv\u00edparas (los huevos se desarrollan dentro del cuerpo) o viv\u00edparas (no generan huevos). Cuando el huevo eclosiona, nace una cr\u00eda equivalente a una ninfa, es decir, un individuo juvenil que ya tiene semejanza con el adulto y que, tras varias mudas, alcanza la fase adulta.<\/p>\n<\/div>\n<\/div>\n<\/div>\n\n\n\n<div style=\"height:20px\" aria-hidden=\"true\" class=\"wp-block-spacer\"><\/div>\n\n\n\n<p><strong>Clave dicot\u00f3mica:<\/strong><\/p>\n\n\n\n<div class=\"wp-block-columns is-layout-flex wp-container-core-columns-is-layout-9d6595d7 wp-block-columns-is-layout-flex\">\n<div class=\"wp-block-column is-layout-flow wp-block-column-is-layout-flow\" style=\"flex-basis:66.66%\">\n<div class=\"wp-block-group is-vertical is-layout-flex wp-container-core-group-is-layout-769d0143 wp-block-group-is-layout-flex\">\n<p class=\"has-text-align-justify has-small-font-size\"><strong>1a.<\/strong> Tiene el cuerpo dividido en tres partes: cabeza, mesosoma y metasoma (cola) &#8212;&#8212;&#8212;&#8212;&#8212;&#8212;&#8212;&#8212;&#8212;&#8212;&#8212;&#8212;&#8212;&#8212;&#8212;-&gt; <strong><a href=\"https:\/\/webs.uab.cat\/bees\/scorpiones\/\" data-type=\"page\" data-id=\"1905\">Scorpiones<\/a><\/strong><\/p>\n\n\n\n<p class=\"has-text-align-justify has-small-font-size\"><strong>1b.<\/strong> Tiene el cuerpo dividido en cefalot\u00f3rax (la uni\u00f3n entre la cabeza y el t\u00f3rax) y el abdomen &#8212;&#8212;&#8212;&#8212;&#8212;&#8212;&#8212;&#8212;&#8212;&#8212;&#8212;&#8212;&#8212;&#8212;&#8212;&#8212;-&gt; 2<\/p>\n<\/div>\n\n\n\n<div style=\"height:19px\" aria-hidden=\"true\" class=\"wp-block-spacer\"><\/div>\n\n\n\n<div class=\"wp-block-group is-vertical is-layout-flex wp-container-core-group-is-layout-769d0143 wp-block-group-is-layout-flex\">\n<p class=\"has-text-align-justify has-small-font-size\"><strong>2a.<\/strong> Los quel\u00edceros (las pinzas bucales) son generalmente muy cortos y formados por una \u00fanica pieza &#8212;&#8212;&#8212;&#8212;&#8212;&#8212;&#8212;&#8212;&#8212;-&gt; <strong><a href=\"https:\/\/webs.uab.cat\/bees\/aranae\/\" data-type=\"page\" data-id=\"1932\">Aranae<\/a><\/strong><\/p>\n\n\n\n<p class=\"has-text-align-justify has-small-font-size\"><strong>2b. <\/strong>Los quel\u00edceros son muy grandes y en forma de pinza. Recuerda a los escorpiones &#8212;&#8212;&#8212;&#8212;&#8212;&#8212;&#8212;&#8212;&#8212;&#8212;&#8212;&#8212;&#8211;&gt; <strong><a href=\"https:\/\/webs.uab.cat\/bees\/pseudoscorpionida\/\" data-type=\"page\" data-id=\"1926\">Pseudoscorpionida<\/a><\/strong><\/p>\n<\/div>\n<\/div>\n\n\n\n<div class=\"wp-block-column is-layout-flow wp-block-column-is-layout-flow\" style=\"flex-basis:33.33%\">\n<div class=\"wp-block-group is-vertical is-layout-flex wp-container-core-group-is-layout-769d0143 wp-block-group-is-layout-flex\">\n<figure class=\"wp-block-image size-large\"><img loading=\"lazy\" decoding=\"async\" width=\"640\" height=\"582\" src=\"https:\/\/biocampus25.wordpress.com\/wp-content\/uploads\/2025\/04\/scorpion_2_psf.png?w=640\" alt=\"\" class=\"wp-image-1898\" srcset=\"https:\/\/webs.uab.cat\/bees\/wp-content\/uploads\/sites\/329\/2025\/04\/scorpion_2_psf.png 640w, https:\/\/webs.uab.cat\/bees\/wp-content\/uploads\/sites\/329\/2025\/04\/scorpion_2_psf-300x273.png 300w\" sizes=\"auto, (max-width: 640px) 100vw, 640px\" \/><figcaption class=\"wp-element-caption\"><a href=\"https:\/\/webs.uab.cat\/bees\/scorpiones\/\" data-type=\"page\" data-id=\"1905\">Scorpiones<\/a><\/figcaption><\/figure>\n<\/div>\n\n\n\n<div class=\"wp-block-group is-vertical is-layout-flex wp-container-core-group-is-layout-769d0143 wp-block-group-is-layout-flex\">\n<figure class=\"wp-block-image size-large is-resized\"><img loading=\"lazy\" decoding=\"async\" width=\"640\" height=\"480\" src=\"https:\/\/biocampus25.wordpress.com\/wp-content\/uploads\/2025\/04\/640px-kaldari_pseudoscorpion_01.jpg?w=640\" alt=\"\" class=\"wp-image-1900\" style=\"width:221px;height:auto\" srcset=\"https:\/\/webs.uab.cat\/bees\/wp-content\/uploads\/sites\/329\/2025\/04\/640px-kaldari_pseudoscorpion_01.jpg 640w, https:\/\/webs.uab.cat\/bees\/wp-content\/uploads\/sites\/329\/2025\/04\/640px-kaldari_pseudoscorpion_01-300x225.jpg 300w\" sizes=\"auto, (max-width: 640px) 100vw, 640px\" \/><figcaption class=\"wp-element-caption\"><a href=\"https:\/\/webs.uab.cat\/bees\/pseudoscorpionida\/\" data-type=\"page\" data-id=\"1926\">Pseudoscorpionida<\/a><\/figcaption><\/figure>\n<\/div>\n<\/div>\n<\/div>\n\n\n\n<div style=\"height:30px\" aria-hidden=\"true\" class=\"wp-block-spacer\"><\/div>\n\n\n\n<p><strong>Bibliografia:<\/strong><\/p>\n\n\n\n<p class=\"has-text-align-justify has-small-font-size\"><em>Clase Arachnida &#8211; Insectarium Virtual del Parc Natural del Penyal d\u2019Ifac &#8211; Generalitat Valenciana<\/em>. (n.d.). Insectarium Virtual del Parc Natural del Penyal d\u2019Ifac. Retrieved January 21, 2025, from <a href=\"https:\/\/parquesnaturales.gva.es\/es\/web\/insectarium-virtual-del-parc-natural-del-penyal-d-ifac\/clase-arachnida\">https:\/\/parquesnaturales.gva.es\/es\/web\/insectarium-virtual-del-parc-natural-del-penyal-d-ifac\/clase-arachnida<\/a><\/p>\n\n\n\n<p class=\"has-text-align-justify has-small-font-size\">Wikipedia contributors. (n.d.-a).&nbsp;<em>Arachnida<\/em>. Wikipedia, The Free Encyclopedia. <a href=\"https:\/\/es.wikipedia.org\/w\/index.php?title=Arachnida&amp;oldid=166907232\">https:\/\/es.wikipedia.org\/w\/index.php?title=Arachnida&amp;oldid=166907232<\/a><\/p>\n\n\n\n<p class=\"has-text-align-justify has-small-font-size\">Carlos Augusto Mart\u00ednez Mart\u00ednez, Leiner Enrique Benavides, Osvaldo Rafael Escorcia Villalba, Tania Karelys Franco Castilla. (2015). AR\u00c1CNIDOS: UN<br>MUNDO EN OCHO PATAS. <em>Infozoa, bolet\u00edn de zoolog\u00eda<\/em>, volumen 8.<\/p>\n\n\n\n<p><\/p>\n","protected":false},"excerpt":{"rendered":"<p>Descripci\u00f3n: Esta clase de artr\u00f3podos est\u00e1 formada por unas 102.000 especies, entre las cuales se encuentran las ara\u00f1as y los escorpiones. Este grupo pertenece al subfilo de los quelicerados, lo que significa que sus piezas bucales han sido modificadas para presentar un par de quel\u00edceros en forma de pinza con alta movilidad. Generalmente, su cuerpo [&hellip;]<\/p>\n","protected":false},"author":2556,"featured_media":0,"parent":0,"menu_order":0,"comment_status":"closed","ping_status":"closed","template":"","meta":{"footnotes":""},"class_list":["post-1893","page","type-page","status-publish","hentry"],"_links":{"self":[{"href":"https:\/\/webs.uab.cat\/bees\/wp-json\/wp\/v2\/pages\/1893","targetHints":{"allow":["GET"]}}],"collection":[{"href":"https:\/\/webs.uab.cat\/bees\/wp-json\/wp\/v2\/pages"}],"about":[{"href":"https:\/\/webs.uab.cat\/bees\/wp-json\/wp\/v2\/types\/page"}],"author":[{"embeddable":true,"href":"https:\/\/webs.uab.cat\/bees\/wp-json\/wp\/v2\/users\/2556"}],"replies":[{"embeddable":true,"href":"https:\/\/webs.uab.cat\/bees\/wp-json\/wp\/v2\/comments?post=1893"}],"version-history":[{"count":2,"href":"https:\/\/webs.uab.cat\/bees\/wp-json\/wp\/v2\/pages\/1893\/revisions"}],"predecessor-version":[{"id":4131,"href":"https:\/\/webs.uab.cat\/bees\/wp-json\/wp\/v2\/pages\/1893\/revisions\/4131"}],"wp:attachment":[{"href":"https:\/\/webs.uab.cat\/bees\/wp-json\/wp\/v2\/media?parent=1893"}],"curies":[{"name":"wp","href":"https:\/\/api.w.org\/{rel}","templated":true}]}}