{"id":1911,"date":"2025-05-14T11:41:03","date_gmt":"2025-05-14T09:41:03","guid":{"rendered":"https:\/\/biocampus25.wordpress.com\/?page_id=1911"},"modified":"2025-05-19T11:16:43","modified_gmt":"2025-05-19T09:16:43","slug":"escorpion-amarillo","status":"publish","type":"page","link":"https:\/\/webs.uab.cat\/bees\/escorpion-amarillo\/","title":{"rendered":"ESCORPI\u00d3N AMARILLO"},"content":{"rendered":"<div class=\"wp-block-image\">\n<figure class=\"aligncenter size-large\"><img loading=\"lazy\" decoding=\"async\" width=\"1200\" height=\"848\" src=\"https:\/\/biocampus25.wordpress.com\/wp-content\/uploads\/2025\/04\/buthus_occitanus_395435458.jpg?w=1024\" alt=\"\" class=\"wp-image-1912\" srcset=\"https:\/\/webs.uab.cat\/bees\/wp-content\/uploads\/sites\/329\/2025\/04\/buthus_occitanus_395435458.jpg 1200w, https:\/\/webs.uab.cat\/bees\/wp-content\/uploads\/sites\/329\/2025\/04\/buthus_occitanus_395435458-300x212.jpg 300w, https:\/\/webs.uab.cat\/bees\/wp-content\/uploads\/sites\/329\/2025\/04\/buthus_occitanus_395435458-1024x724.jpg 1024w, https:\/\/webs.uab.cat\/bees\/wp-content\/uploads\/sites\/329\/2025\/04\/buthus_occitanus_395435458-768x543.jpg 768w\" sizes=\"auto, (max-width: 1200px) 100vw, 1200px\" \/><\/figure>\n<\/div>\n\n\n<p class=\"has-text-align-justify has-small-font-size\">Buthus occitanus. Imagen con copyright CC BY 4.0, creada por Ludivine Lamare y obtenida de Wikimedia commons en: <a href=\"https:\/\/commons.wikimedia.org\/wiki\/File:Buthus_occitanus_395435458.jpg\">https:\/\/commons.wikimedia.org\/wiki\/File:Buthus_occitanus_395435458.jpg<\/a><\/p>\n\n\n\n<div style=\"height:10px\" aria-hidden=\"true\" class=\"wp-block-spacer\"><\/div>\n\n\n\n<div class=\"wp-block-columns is-layout-flex wp-container-core-columns-is-layout-9d6595d7 wp-block-columns-is-layout-flex\">\n<div class=\"wp-block-column is-layout-flow wp-block-column-is-layout-flow\">\n<figure class=\"wp-block-table has-alegreya-font-family has-small-font-size\"><table><tbody><tr><td class=\"has-text-align-center\" data-align=\"center\"><strong>Reino<\/strong><\/td><td class=\"has-text-align-center\" data-align=\"center\">Animalia<\/td><\/tr><tr><td class=\"has-text-align-center\" data-align=\"center\"><strong>Filo<\/strong><\/td><td class=\"has-text-align-center\" data-align=\"center\">Arthropoda<\/td><\/tr><tr><td class=\"has-text-align-center\" data-align=\"center\"><strong>Subfilo<\/strong><\/td><td class=\"has-text-align-center\" data-align=\"center\">Chelicerata<\/td><\/tr><tr><td class=\"has-text-align-center\" data-align=\"center\"><strong>Clase<\/strong><\/td><td class=\"has-text-align-center\" data-align=\"center\"><a href=\"https:\/\/webs.uab.cat\/bees\/arachnida\/\" data-type=\"page\" data-id=\"1893\">Arachnida<\/a><\/td><\/tr><tr><td class=\"has-text-align-center\" data-align=\"center\"><strong>Orden<\/strong><\/td><td class=\"has-text-align-center\" data-align=\"center\"><a href=\"https:\/\/webs.uab.cat\/bees\/scorpiones\/\" data-type=\"page\" data-id=\"1905\">Scorpiones<\/a><\/td><\/tr><tr><td class=\"has-text-align-center\" data-align=\"center\"><strong>Suborden<\/strong><\/td><td class=\"has-text-align-center\" data-align=\"center\">Neoscorpionina<\/td><\/tr><tr><td class=\"has-text-align-center\" data-align=\"center\"><strong>Infraorden<\/strong><\/td><td class=\"has-text-align-center\" data-align=\"center\">Orthosterni<\/td><\/tr><tr><td class=\"has-text-align-center\" data-align=\"center\"><strong>Pavorden<\/strong><\/td><td class=\"has-text-align-center\" data-align=\"center\">Buthida<\/td><\/tr><tr><td class=\"has-text-align-center\" data-align=\"center\"><strong>Superfamilia<\/strong><\/td><td class=\"has-text-align-center\" data-align=\"center\">Buthoidea<\/td><\/tr><tr><td class=\"has-text-align-center\" data-align=\"center\"><strong>Familia<\/strong><\/td><td class=\"has-text-align-center\" data-align=\"center\">Buthidae<\/td><\/tr><tr><td class=\"has-text-align-center\" data-align=\"center\"><strong>G\u00e9nero<\/strong><\/td><td class=\"has-text-align-center\" data-align=\"center\">Buthus<\/td><\/tr><tr><td class=\"has-text-align-center\" data-align=\"center\"><strong>Especie<\/strong><\/td><td class=\"has-text-align-center\" data-align=\"center\">B. occitanus<\/td><\/tr><\/tbody><\/table><\/figure>\n<\/div>\n\n\n\n<div class=\"wp-block-column is-layout-flow wp-block-column-is-layout-flow\">\n<div class=\"wp-block-group is-vertical is-layout-flex wp-container-core-group-is-layout-769d0143 wp-block-group-is-layout-flex\">\n<p><strong>DESCRIPCI\u00d3N:<\/strong><\/p>\n\n\n\n<p class=\"has-text-align-justify has-alegreya-font-family has-small-font-size\">El escorpi\u00f3n amarillo es un ar\u00e1cnido de tama\u00f1o mediano, que suele medir entre 60-75mm. Como bien indica su nombre, tiene el cuerpo de coloraci\u00f3n amarillenta, aunque en la regi\u00f3n dorsal puede ser de tonos m\u00e1s oscuros.<\/p>\n\n\n\n<p class=\"has-text-align-justify has-alegreya-font-family has-small-font-size\">En el prosoma se pueden observar un par de ojos medios, los cuales se sit\u00faan en la parte frontal junto con varios ocelos laterales. A ambos lados de la boca se pueden observar un par de quel\u00edceros en forma de tijera, que les sirven para manipular el alimento. Tambi\u00e9n cuenta con dos pedipalpos terminados en pinzas alargadas y bien articuladas, esenciales para la captura de presas y la defensa. Adem\u00e1s, posee cuatro pares de patas locomotoras de morfolog\u00eda alargada y adaptadas a la movilidad en terrenos \u00e1ridos.<\/p>\n\n\n\n<p class=\"has-text-align-justify has-alegreya-font-family has-small-font-size\">El mesosoma alberga un peine sensorial formado por unas 20 o 30 l\u00e1minas, que se encuentra m\u00e1s desarrollado en los machos. En esta regi\u00f3n tambi\u00e9n se encuentra el estern\u00f3n, que es de morfolog\u00eda triangular.<\/p>\n\n\n\n<p class=\"has-text-align-justify has-alegreya-font-family has-small-font-size\">En el metasoma es posible observar una cola de tama\u00f1o igual o superior a la del cuerpo, que est\u00e1 formado por 5 segmentos y el aguij\u00f3n. Antes de esta \u00faltima estructura, es donde podemos observar la cloaca.<\/p>\n<\/div>\n<\/div>\n<\/div>\n\n\n\n<div style=\"height:10px\" aria-hidden=\"true\" class=\"wp-block-spacer\"><\/div>\n\n\n\n<div class=\"wp-block-group is-vertical is-layout-flex wp-container-core-group-is-layout-769d0143 wp-block-group-is-layout-flex\">\n<p><strong>DIETA:<\/strong><\/p>\n\n\n\n<p class=\"has-text-align-justify has-alegreya-font-family has-small-font-size\">Estos animales son unos grandes cazadores, que tienen una dieta carn\u00edvora basada en la ingesta de insectos u otros artr\u00f3podos. Estos escorpiones capturan a sus presas con las pinzas y las paralizan con el veneno que inyectan a trav\u00e9s de su aguij\u00f3n, con lo cual empezar\u00e1n a realizar una digesti\u00f3n ex\u00f3gena.<\/p>\n<\/div>\n\n\n\n<div style=\"height:10px\" aria-hidden=\"true\" class=\"wp-block-spacer\"><\/div>\n\n\n\n<div class=\"wp-block-group is-vertical is-layout-flex wp-container-core-group-is-layout-769d0143 wp-block-group-is-layout-flex\">\n<p><strong>ESTRUCTURA SOCIAL Y COMPORTAMIENTO:<\/strong><\/p>\n\n\n\n<p class=\"has-text-align-justify has-alegreya-font-family has-small-font-size\">Estos organismos suelen presentar un comportamiento solitario y territorial, especialmente entre los machos, ya que pueden volverse agresivos si se encuentran. Su franja horaria de actividad es mayormente nocturna, mientras que suelen refugiarse en zonas c\u00e1lidas durante el d\u00eda.<\/p>\n\n\n\n<p class=\"has-text-align-justify has-alegreya-font-family has-small-font-size\">En \u00e9poca reproductiva, el macho va en busca de la hembra, para iniciar el cortejo, que consiste en sujetarse mutuamente con los pedipalpos y girar en c\u00edrculos durante minutos o incluso horas, para luego pasar a la c\u00f3pula. Esta consiste en que el macho deposita una c\u00e1psula de espermatozoides en el suelo y gu\u00eda a la hembra hasta ella para que la introduzca por su abertura genital.<\/p>\n\n\n\n<p class=\"has-text-align-justify has-alegreya-font-family has-small-font-size\">Tras la fecundaci\u00f3n, la hembra incuba los huevos durante 12 meses en su interior. Al nacer, las cr\u00edas est\u00e1n bien desarrolladas, aunque pueden requerir de diversos a\u00f1os para alcanzar la madurez completa. Durante sus primeras semanas de vida (generalmente entre 1 y 4), permanecen sobre el lomo de la madre y la abandonan cuando completan la primera muda.<\/p>\n\n\n\n<p class=\"has-text-align-justify has-alegreya-font-family has-small-font-size\">En los siguientes meses o a\u00f1os, realizan entre 4 y 7 mudas adicionales para finalmente alcanzar la madurez sexual. Debido a este lento desarrollo, se han documentado diversos individuos que llegaban a vivir hasta 25 a\u00f1os.<\/p>\n<\/div>\n\n\n\n<div style=\"height:10px\" aria-hidden=\"true\" class=\"wp-block-spacer\"><\/div>\n\n\n\n<div class=\"wp-block-group is-vertical is-layout-flex wp-container-core-group-is-layout-769d0143 wp-block-group-is-layout-flex\">\n<p><strong>HABITAT Y ZONA DE DISTRIBUCI\u00d3N:<\/strong><\/p>\n\n\n\n<p class=\"has-text-align-justify has-alegreya-font-family has-small-font-size\">Esta especie se encuentra ampliamente distribuida por toda la Pen\u00ednsula Ib\u00e9rica, Francia y en algunas zonas del norte de \u00c1frica.<\/p>\n\n\n\n<p class=\"has-text-align-justify has-alegreya-font-family has-small-font-size\">Su h\u00e1bitat t\u00edpico son los matorrales o bosques, siempre y cuando estos sean c\u00e1lidos y preferentemente h\u00famedos.<\/p>\n<\/div>\n\n\n\n<div class=\"wp-block-group is-vertical is-layout-flex wp-container-core-group-is-layout-769d0143 wp-block-group-is-layout-flex\">\n<figure class=\"wp-block-image size-large\"><img loading=\"lazy\" decoding=\"async\" width=\"805\" height=\"400\" src=\"https:\/\/biocampus25.wordpress.com\/wp-content\/uploads\/2025\/04\/captura-de-pantalla-2025-04-20-145054.png?w=805\" alt=\"\" class=\"wp-image-1919\" srcset=\"https:\/\/webs.uab.cat\/bees\/wp-content\/uploads\/sites\/329\/2025\/04\/captura-de-pantalla-2025-04-20-145054.png 805w, https:\/\/webs.uab.cat\/bees\/wp-content\/uploads\/sites\/329\/2025\/04\/captura-de-pantalla-2025-04-20-145054-300x149.png 300w, https:\/\/webs.uab.cat\/bees\/wp-content\/uploads\/sites\/329\/2025\/04\/captura-de-pantalla-2025-04-20-145054-768x382.png 768w\" sizes=\"auto, (max-width: 805px) 100vw, 805px\" \/><\/figure>\n\n\n\n<p class=\"has-text-align-justify has-small-font-size\">Mapa de distribuci\u00f3n de Buthus occitanus. Imagen obtenida de Gbif en: <a href=\"https:\/\/www.gbif.org\/es\/species\/4553865\">https:\/\/www.gbif.org\/es\/species\/4553865<\/a><\/p>\n<\/div>\n\n\n\n<div style=\"height:10px\" aria-hidden=\"true\" class=\"wp-block-spacer\"><\/div>\n\n\n\n<div class=\"wp-block-group is-vertical is-layout-flex wp-container-core-group-is-layout-769d0143 wp-block-group-is-layout-flex\">\n<p><strong>ESTADO DE CONSERVACI\u00d3N:<\/strong><\/p>\n\n\n\n<p class=\"has-text-align-justify has-alegreya-font-family has-small-font-size\">En la actualidad aun no ha sido correctamente evaluado su estado de conservaci\u00f3n, pero se puede decir que es uno de los escorpiones aut\u00f3ctonos m\u00e1s abundantes de la pen\u00ednsula.<\/p>\n<\/div>\n\n\n<div class=\"wp-block-image\">\n<figure class=\"aligncenter size-large is-resized\"><img loading=\"lazy\" decoding=\"async\" width=\"582\" height=\"167\" src=\"https:\/\/biocampus25.wordpress.com\/wp-content\/uploads\/2025\/04\/captura_de_pantalla_2025-04-16_221652-removebg-preview-22.png?w=582\" alt=\"\" class=\"wp-image-1921\" style=\"width:620px;height:auto\" srcset=\"https:\/\/webs.uab.cat\/bees\/wp-content\/uploads\/sites\/329\/2025\/04\/captura_de_pantalla_2025-04-16_221652-removebg-preview-22.png 582w, https:\/\/webs.uab.cat\/bees\/wp-content\/uploads\/sites\/329\/2025\/04\/captura_de_pantalla_2025-04-16_221652-removebg-preview-22-300x86.png 300w\" sizes=\"auto, (max-width: 582px) 100vw, 582px\" \/><\/figure>\n<\/div>\n\n\n<div style=\"height:30px\" aria-hidden=\"true\" class=\"wp-block-spacer\"><\/div>\n\n\n\n<p><strong>REFERENCIAS:<\/strong><\/p>\n\n\n\n<p class=\"has-text-align-justify has-small-font-size\"><em>Escorpi\u00f3n amarillo (Buthus occitanus)<\/em>. (n.d.). iNaturalist Mexico. Retrieved March 2, 2025, from <a href=\"https:\/\/mexico.inaturalist.org\/taxa\/127312-Buthus-occitanus\">https:\/\/mexico.inaturalist.org\/taxa\/127312-Buthus-occitanus<\/a><\/p>\n\n\n\n<p class=\"has-text-align-justify has-small-font-size\">Men\u00e9s, A. (2019, April 1).&nbsp;<em>Evita la aparici\u00f3n del escorpi\u00f3n com\u00fan o alacr\u00e1n con<\/em>. EZSA; EZSA Sanidad Ambiental. <a href=\"https:\/\/www.ezsa.es\/guia-de-plagas\/aracnidos\/escorpiones\/escorpion-comun-alacran\/\">https:\/\/www.ezsa.es\/guia-de-plagas\/aracnidos\/escorpiones\/escorpion-comun-alacran\/<\/a><\/p>\n\n\n\n<p class=\"has-text-align-justify has-small-font-size\">Buthus occitanus (n.d.). ANIMALIA. Retrieved March 7, 2025, from <a href=\"https:\/\/animalia.bio\/es\/buthus-occitanus\">https:\/\/animalia.bio\/es\/buthus-occitanus<\/a><\/p>\n\n\n\n<p class=\"has-text-align-justify has-small-font-size\"><em>Alacr\u00e1n (Buthus occitanus)<\/em>. (n.d.). Acorral.es. Retrieved March 7, 2025, from&nbsp;&nbsp;&nbsp;&nbsp;&nbsp; <a href=\"https:\/\/www.acorral.es\/malpiweb\/florayfauna\/alacran.html\">https:\/\/www.acorral.es\/malpiweb\/florayfauna\/alacran.html<\/a><\/p>\n\n\n\n<p class=\"has-text-align-justify has-small-font-size\">Blasco-Zumeta, Javier (n.d.). 070 Buthus occitanus (Scorpiones, Buthidae). Fauna de Pina de Ebro y su comarca. Retrieved March 7, 2025, from <a href=\"https:\/\/monteriza.aranzadi.eus\/wp-content\/uploads\/invertebrados\/070.buthus-occitanus.pdf\">https:\/\/monteriza.aranzadi.eus\/wp-content\/uploads\/invertebrados\/070.buthus-occitanus.pdf<\/a><\/p>\n","protected":false},"excerpt":{"rendered":"<p>Buthus occitanus. Imagen con copyright CC BY 4.0, creada por Ludivine Lamare y obtenida de Wikimedia commons en: https:\/\/commons.wikimedia.org\/wiki\/File:Buthus_occitanus_395435458.jpg Reino Animalia Filo Arthropoda Subfilo Chelicerata Clase Arachnida Orden Scorpiones Suborden Neoscorpionina Infraorden Orthosterni Pavorden Buthida Superfamilia Buthoidea Familia Buthidae G\u00e9nero Buthus Especie B. occitanus DESCRIPCI\u00d3N: El escorpi\u00f3n amarillo es un ar\u00e1cnido de tama\u00f1o mediano, que [&hellip;]<\/p>\n","protected":false},"author":2556,"featured_media":0,"parent":0,"menu_order":0,"comment_status":"closed","ping_status":"closed","template":"","meta":{"footnotes":""},"class_list":["post-1911","page","type-page","status-publish","hentry"],"_links":{"self":[{"href":"https:\/\/webs.uab.cat\/bees\/wp-json\/wp\/v2\/pages\/1911","targetHints":{"allow":["GET"]}}],"collection":[{"href":"https:\/\/webs.uab.cat\/bees\/wp-json\/wp\/v2\/pages"}],"about":[{"href":"https:\/\/webs.uab.cat\/bees\/wp-json\/wp\/v2\/types\/page"}],"author":[{"embeddable":true,"href":"https:\/\/webs.uab.cat\/bees\/wp-json\/wp\/v2\/users\/2556"}],"replies":[{"embeddable":true,"href":"https:\/\/webs.uab.cat\/bees\/wp-json\/wp\/v2\/comments?post=1911"}],"version-history":[{"count":1,"href":"https:\/\/webs.uab.cat\/bees\/wp-json\/wp\/v2\/pages\/1911\/revisions"}],"predecessor-version":[{"id":4189,"href":"https:\/\/webs.uab.cat\/bees\/wp-json\/wp\/v2\/pages\/1911\/revisions\/4189"}],"wp:attachment":[{"href":"https:\/\/webs.uab.cat\/bees\/wp-json\/wp\/v2\/media?parent=1911"}],"curies":[{"name":"wp","href":"https:\/\/api.w.org\/{rel}","templated":true}]}}