{"id":1926,"date":"2025-05-14T11:43:36","date_gmt":"2025-05-14T09:43:36","guid":{"rendered":"https:\/\/biocampus25.wordpress.com\/?page_id=1926"},"modified":"2025-05-19T13:32:28","modified_gmt":"2025-05-19T11:32:28","slug":"pseudoscorpionida","status":"publish","type":"page","link":"https:\/\/webs.uab.cat\/bees\/pseudoscorpionida\/","title":{"rendered":"Pseudoscorpionida"},"content":{"rendered":"\n<div class=\"wp-block-group is-vertical is-layout-flex wp-container-core-group-is-layout-3e0ae1ae wp-block-group-is-layout-flex\">\n<p><strong>Descripci\u00f3n:<\/strong><\/p>\n\n\n\n<p class=\"has-text-align-justify\">Este orden de ar\u00e1cnidos est\u00e1 compuesto por m\u00e1s de 3.300 especies. Son de gran inter\u00e9s para los humanos debido a su dieta, basada en larvas de polillas, escarabajos, piojos, hormigas y moscas.<\/p>\n\n\n\n<p class=\"has-text-align-justify\">Los pseudoescorpiones suelen pasar desapercibidos, ya que rara vez superan los 8 mm de longitud y son poco abundantes. Normalmente se encuentran bajo las rocas o entre las hojas del suelo, aunque algunas especies pueden utilizar a otros animales como medio de transporte (for\u00e9sia).<\/p>\n\n\n\n<p class=\"has-text-align-justify\">A pesar de su nombre, los pseudoescorpiones presentan grandes diferencias con los escorpiones. Su cuerpo est\u00e1 dividido en dos secciones:<\/p>\n\n\n\n<div class=\"wp-block-group has-alegreya-font-family has-small-font-size is-vertical is-layout-flex wp-container-core-group-is-layout-8cf370e7 wp-block-group-is-layout-flex\">\n<div class=\"wp-block-group is-vertical is-layout-flex wp-container-core-group-is-layout-3e0ae1ae wp-block-group-is-layout-flex\">\n<ul class=\"wp-block-list\">\n<li><strong>Cefalot\u00f3rax<\/strong>: contiene un n\u00famero variable de ojos (dependiendo de la especie pueden carecer de ellos o tener hasta dos pares), cuatro pares de patas y los pedipalpos. Aunque los pedipalpos mantienen su estructura de pinzas, como en los escorpiones, en este caso tienen d\u00e1ctilos capaces de segregar veneno. Adem\u00e1s, poseen pelos sensoriales llamados tricobotrios, que les permiten detectar vibraciones.<\/li>\n\n\n\n<li><strong>Opistosoma<\/strong>: en su parte ventral, los segmentos tercero y cuarto presentan estigmas, que se conectan con el aparato traqueal y facilitan la captaci\u00f3n de ox\u00edgeno. Tambi\u00e9n contienen la apertura genital anterior, que las hembras utilizan para captar los espermatozoides que el macho deja en el sustrato.<\/li>\n<\/ul>\n\n\n\n<p class=\"has-text-align-justify\">A pesar de su peque\u00f1o tama\u00f1o y apariencia discreta, los pseudoescorpiones desempe\u00f1an un papel ecol\u00f3gico importante como controladores naturales de plagas.<\/p>\n<\/div>\n<\/div>\n<\/div>\n\n\n\n<div style=\"height:30px\" aria-hidden=\"true\" class=\"wp-block-spacer\"><\/div>\n\n\n\n<p><strong>Bibliografia:<\/strong><\/p>\n\n\n\n<p class=\"has-text-align-justify has-small-font-size\"><em>Pseudoescorpiones (orden Pseudoscorpiones)<\/em>. (n.d.). ArgentiNat. Retrieved January 22, 2025, from <a href=\"https:\/\/www.argentinat.org\/taxa\/172373-Pseudoscorpiones\">https:\/\/www.argentinat.org\/taxa\/172373-Pseudoscorpiones<\/a><\/p>\n\n\n\n<p class=\"has-text-align-justify has-small-font-size\">Silva Briano, M., Adabache Ortiz, A., &amp; G\u00f3mez Torres, R.&nbsp; (2010). Introducci\u00f3n al conocimiento de los Pseudoescorpiones del estado de Aguascalientes. Investigaci\u00f3n y Ciencia, 18(50), 5-9.<\/p>\n\n\n\n<p><\/p>\n","protected":false},"excerpt":{"rendered":"<p>Descripci\u00f3n: Este orden de ar\u00e1cnidos est\u00e1 compuesto por m\u00e1s de 3.300 especies. Son de gran inter\u00e9s para los humanos debido a su dieta, basada en larvas de polillas, escarabajos, piojos, hormigas y moscas. Los pseudoescorpiones suelen pasar desapercibidos, ya que rara vez superan los 8 mm de longitud y son poco abundantes. Normalmente se encuentran [&hellip;]<\/p>\n","protected":false},"author":2556,"featured_media":0,"parent":0,"menu_order":0,"comment_status":"closed","ping_status":"closed","template":"","meta":{"footnotes":""},"class_list":["post-1926","page","type-page","status-publish","hentry"],"_links":{"self":[{"href":"https:\/\/webs.uab.cat\/bees\/wp-json\/wp\/v2\/pages\/1926","targetHints":{"allow":["GET"]}}],"collection":[{"href":"https:\/\/webs.uab.cat\/bees\/wp-json\/wp\/v2\/pages"}],"about":[{"href":"https:\/\/webs.uab.cat\/bees\/wp-json\/wp\/v2\/types\/page"}],"author":[{"embeddable":true,"href":"https:\/\/webs.uab.cat\/bees\/wp-json\/wp\/v2\/users\/2556"}],"replies":[{"embeddable":true,"href":"https:\/\/webs.uab.cat\/bees\/wp-json\/wp\/v2\/comments?post=1926"}],"version-history":[{"count":1,"href":"https:\/\/webs.uab.cat\/bees\/wp-json\/wp\/v2\/pages\/1926\/revisions"}],"predecessor-version":[{"id":4280,"href":"https:\/\/webs.uab.cat\/bees\/wp-json\/wp\/v2\/pages\/1926\/revisions\/4280"}],"wp:attachment":[{"href":"https:\/\/webs.uab.cat\/bees\/wp-json\/wp\/v2\/media?parent=1926"}],"curies":[{"name":"wp","href":"https:\/\/api.w.org\/{rel}","templated":true}]}}