{"id":1932,"date":"2025-05-14T11:38:42","date_gmt":"2025-05-14T09:38:42","guid":{"rendered":"https:\/\/biocampus25.wordpress.com\/?page_id=1932"},"modified":"2025-05-19T10:25:41","modified_gmt":"2025-05-19T08:25:41","slug":"aranae","status":"publish","type":"page","link":"https:\/\/webs.uab.cat\/bees\/aranae\/","title":{"rendered":"Aranae"},"content":{"rendered":"\n<div class=\"wp-block-group is-vertical is-layout-flex wp-container-core-group-is-layout-3e0ae1ae wp-block-group-is-layout-flex\">\n<p><strong>Descripci\u00f3n:<\/strong><\/p>\n\n\n\n<p class=\"has-text-align-justify has-alegreya-font-family has-small-font-size\">Este es el orden m\u00e1s diverso dentro del filo Arachnida, el cual est\u00e1 formado por unas 46.500 especies. Es aqu\u00ed donde encontramos a las verdaderas ara\u00f1as, las cuales se caracterizan, entre otras cosas, por la capacidad de producir seda, que pueden utilizar para volar o construir telara\u00f1as donde capturar a sus presas.<\/p>\n\n\n\n<p class=\"has-text-align-justify has-alegreya-font-family has-small-font-size\">Los Araneae tienen la estructura cl\u00e1sica de los Arachnida, es decir un cefalot\u00f3rax con cuatro pares de patas, varios ojos simples, un quel\u00edcero reducido con una \u00fanica articulaci\u00f3n y un par de pedipalpos peque\u00f1os. Tambi\u00e9n tienen un opistosoma, el cual tiene en su interior todos los \u00f3rganos internos y, en la regi\u00f3n terminal, las gl\u00e1ndulas productoras de seda.<\/p>\n\n\n\n<p class=\"has-text-align-justify has-alegreya-font-family has-small-font-size\">La gran mayor\u00eda de ara\u00f1as son venenosas, sobre todo aquellas que cazan a sus presas de forma activa y no con una telara\u00f1a o con m\u00e9todos de espera. Este veneno les sirve para paralizar a lo que ser\u00e1 su alimento e iniciar la digesti\u00f3n externa.<\/p>\n\n\n\n<p class=\"has-text-align-justify has-alegreya-font-family has-small-font-size\">En cuanto a su reproducci\u00f3n, normalmente el macho es quien busca a la hembra y le realiza un cortejo, que suele estar basado en un baile o la entrega de una presa como regalo. Despu\u00e9s de la introducci\u00f3n de los espermatozoides, mediante los pedipalpos, la hembra puede devorar al macho.<\/p>\n\n\n\n<p class=\"has-text-align-justify has-alegreya-font-family has-small-font-size\">El individuo juvenil que sale de los huevos tiene una estructura casi igual a la del adulto, pero con un tama\u00f1o m\u00e1s reducido. Para llegar a la fase adulta, debe realizar una serie de mudas, pero en ning\u00fan caso pasa por una metamorfosis como los insectos.<\/p>\n<\/div>\n\n\n\n<div style=\"height:20px\" aria-hidden=\"true\" class=\"wp-block-spacer\"><\/div>\n\n\n\n<p><strong>Clave dicot\u00f3mica:<\/strong><\/p>\n\n\n\n<div class=\"wp-block-columns is-layout-flex wp-container-core-columns-is-layout-9d6595d7 wp-block-columns-is-layout-flex\">\n<div class=\"wp-block-column is-layout-flow wp-block-column-is-layout-flow\" style=\"flex-basis:66.66%\">\n<p class=\"has-text-align-justify has-small-font-size\"><strong>1a.<\/strong> Puede tener coloraci\u00f3n rosa, amarilla o blanca, para mimetizarse con el ambiente. Tiene el abdomen de forma ligeramente triangular, con la parte posterior aplanada -&gt; <strong><a href=\"https:\/\/webs.uab.cat\/bees\/arana-cangrejo\/\" data-type=\"page\" data-id=\"1954\">Thomisus onustus<\/a><\/strong><\/p>\n\n\n\n<p class=\"has-text-align-justify has-small-font-size\"><strong>1b.<\/strong> No presenta estas caracter\u00edsticas &#8212;&#8212;&#8211;&gt; 2<\/p>\n\n\n\n<div style=\"height:6px\" aria-hidden=\"true\" class=\"wp-block-spacer\"><\/div>\n<\/div>\n\n\n\n<div class=\"wp-block-column is-layout-flow wp-block-column-is-layout-flow\" style=\"flex-basis:33.33%\">\n<div class=\"wp-block-group is-vertical is-layout-flex wp-container-core-group-is-layout-769d0143 wp-block-group-is-layout-flex\">\n<figure class=\"wp-block-image size-large\"><img loading=\"lazy\" decoding=\"async\" width=\"640\" height=\"480\" src=\"https:\/\/biocampus25.wordpress.com\/wp-content\/uploads\/2025\/04\/200_thomisus_onustus-edited.jpg\" alt=\"\" class=\"wp-image-1938\" srcset=\"https:\/\/webs.uab.cat\/bees\/wp-content\/uploads\/sites\/329\/2025\/04\/200_thomisus_onustus-edited.jpg 640w, https:\/\/webs.uab.cat\/bees\/wp-content\/uploads\/sites\/329\/2025\/04\/200_thomisus_onustus-edited-300x225.jpg 300w\" sizes=\"auto, (max-width: 640px) 100vw, 640px\" \/><figcaption class=\"wp-element-caption\"><a href=\"https:\/\/webs.uab.cat\/bees\/arana-cangrejo\/\" data-type=\"page\" data-id=\"1954\">Thomisus onustus<\/a><\/figcaption><\/figure>\n<\/div>\n<\/div>\n<\/div>\n\n\n\n<p class=\"has-text-align-justify has-small-font-size\"><strong>2a.<\/strong> Es de tama\u00f1o reducido, nunca supera los 6mm. El cefalot\u00f3rax es generalmente m\u00e1s grande que el abdomen &#8212;&#8212;&#8212;&#8211;&gt; <strong><a href=\"https:\/\/webs.uab.cat\/bees\/arana-escupidora\/\" data-type=\"page\" data-id=\"1975\">Scytodes thoracica<\/a><\/strong><\/p>\n\n\n\n<p class=\"has-text-align-justify has-small-font-size\"><strong>2b.<\/strong> Es de tama\u00f1o superior, pudiendo llegar a los 10-20mm. El cefalot\u00f3rax y el abdomen son de tama\u00f1o parecido &#8212;&#8212;&#8212;&#8212;&#8212;&#8212;&#8211;&gt; <strong><a href=\"https:\/\/webs.uab.cat\/bees\/falsa-arana-lobo-espinosa-mediterranea\/\" data-type=\"page\" data-id=\"1987\">Zoropsis spinimana<\/a><\/strong><\/p>\n\n\n\n<div class=\"wp-block-group is-vertical is-layout-flex wp-container-core-group-is-layout-769d0143 wp-block-group-is-layout-flex\">\n<div class=\"wp-block-columns is-layout-flex wp-container-core-columns-is-layout-9d6595d7 wp-block-columns-is-layout-flex\">\n<div class=\"wp-block-column is-layout-flow wp-block-column-is-layout-flow\">\n<figure class=\"wp-block-image size-large\"><img loading=\"lazy\" decoding=\"async\" width=\"1200\" height=\"900\" src=\"https:\/\/biocampus25.wordpress.com\/wp-content\/uploads\/2025\/04\/spitting_spider_scytodes_thoracica_17512113409.jpg?w=1024\" alt=\"\" class=\"wp-image-1940\" srcset=\"https:\/\/webs.uab.cat\/bees\/wp-content\/uploads\/sites\/329\/2025\/04\/spitting_spider_scytodes_thoracica_17512113409.jpg 1200w, https:\/\/webs.uab.cat\/bees\/wp-content\/uploads\/sites\/329\/2025\/04\/spitting_spider_scytodes_thoracica_17512113409-300x225.jpg 300w, https:\/\/webs.uab.cat\/bees\/wp-content\/uploads\/sites\/329\/2025\/04\/spitting_spider_scytodes_thoracica_17512113409-1024x768.jpg 1024w, https:\/\/webs.uab.cat\/bees\/wp-content\/uploads\/sites\/329\/2025\/04\/spitting_spider_scytodes_thoracica_17512113409-768x576.jpg 768w\" sizes=\"auto, (max-width: 1200px) 100vw, 1200px\" \/><figcaption class=\"wp-element-caption\"><a href=\"https:\/\/webs.uab.cat\/bees\/arana-escupidora\/\" data-type=\"page\" data-id=\"1975\">Scytodes thoracica<\/a>. Imagen con copyright CC BY 2.0, creada por Martin Cooper y obtenida de Wikimedia commons en: <a href=\"https:\/\/commons.wikimedia.org\/wiki\/File:Spitting_Spider_(Scytodes_thoracica)_(17512113409).jpg\">https:\/\/commons.wikimedia.org\/wiki\/File:Spitting_Spider_(Scytodes_thoracica)_(17512113409).jpg<\/a><\/figcaption><\/figure>\n<\/div>\n\n\n\n<div class=\"wp-block-column is-layout-flow wp-block-column-is-layout-flow\">\n<figure class=\"wp-block-image size-large\"><img loading=\"lazy\" decoding=\"async\" width=\"1200\" height=\"800\" src=\"https:\/\/biocampus25.wordpress.com\/wp-content\/uploads\/2025\/04\/nosferatu_spinne_zoropsis_spinimana_2.jpg?w=1024\" alt=\"\" class=\"wp-image-1945\" srcset=\"https:\/\/webs.uab.cat\/bees\/wp-content\/uploads\/sites\/329\/2025\/04\/nosferatu_spinne_zoropsis_spinimana_2.jpg 1200w, https:\/\/webs.uab.cat\/bees\/wp-content\/uploads\/sites\/329\/2025\/04\/nosferatu_spinne_zoropsis_spinimana_2-300x200.jpg 300w, https:\/\/webs.uab.cat\/bees\/wp-content\/uploads\/sites\/329\/2025\/04\/nosferatu_spinne_zoropsis_spinimana_2-1024x683.jpg 1024w, https:\/\/webs.uab.cat\/bees\/wp-content\/uploads\/sites\/329\/2025\/04\/nosferatu_spinne_zoropsis_spinimana_2-768x512.jpg 768w\" sizes=\"auto, (max-width: 1200px) 100vw, 1200px\" \/><figcaption class=\"wp-element-caption\"><a href=\"https:\/\/webs.uab.cat\/bees\/falsa-arana-lobo-espinosa-mediterranea\/\" data-type=\"page\" data-id=\"1987\">Zoropsis spinimana<\/a>. Imagen con copyright CC BY 3.0, creada por Hlger Krisp y obtenida de Wikimedia commons en: <a href=\"https:\/\/commons.wikimedia.org\/wiki\/File:Nosferatu_Spinne_Zoropsis_spinimana_2.jpg\">https:\/\/commons.wikimedia.org\/wiki\/File:Nosferatu_Spinne_Zoropsis_spinimana_2.jpg<\/a><\/figcaption><\/figure>\n<\/div>\n<\/div>\n<\/div>\n\n\n\n<div style=\"height:30px\" aria-hidden=\"true\" class=\"wp-block-spacer\"><\/div>\n\n\n\n<p><strong>Bibliografia:<\/strong><\/p>\n\n\n\n<p class=\"has-text-align-justify has-small-font-size\">Wikipedia contributors. (n.d.-b).&nbsp;<em>Araneae<\/em>. Wikipedia, The Free Encyclopedia. <a href=\"https:\/\/es.wikipedia.org\/w\/index.php?title=Araneae&amp;oldid=166713580\">https:\/\/es.wikipedia.org\/w\/index.php?title=Araneae&amp;oldid=166713580<\/a><\/p>\n\n\n\n<p class=\"has-text-align-justify has-small-font-size\"><em>ARA\u00d1A (Caracter\u00edsticas, Qu\u00e9 comen, Picadura y Tipos de ara\u00f1as)<\/em>. (n.d.). Anipedia. Retrieved January 22, 2025, from <a href=\"https:\/\/www.anipedia.net\/arana\">https:\/\/www.anipedia.net\/arana<\/a><\/p>\n\n\n\n<p><\/p>\n","protected":false},"excerpt":{"rendered":"<p>Descripci\u00f3n: Este es el orden m\u00e1s diverso dentro del filo Arachnida, el cual est\u00e1 formado por unas 46.500 especies. Es aqu\u00ed donde encontramos a las verdaderas ara\u00f1as, las cuales se caracterizan, entre otras cosas, por la capacidad de producir seda, que pueden utilizar para volar o construir telara\u00f1as donde capturar a sus presas. Los Araneae [&hellip;]<\/p>\n","protected":false},"author":2556,"featured_media":0,"parent":0,"menu_order":0,"comment_status":"closed","ping_status":"closed","template":"","meta":{"footnotes":""},"class_list":["post-1932","page","type-page","status-publish","hentry"],"_links":{"self":[{"href":"https:\/\/webs.uab.cat\/bees\/wp-json\/wp\/v2\/pages\/1932","targetHints":{"allow":["GET"]}}],"collection":[{"href":"https:\/\/webs.uab.cat\/bees\/wp-json\/wp\/v2\/pages"}],"about":[{"href":"https:\/\/webs.uab.cat\/bees\/wp-json\/wp\/v2\/types\/page"}],"author":[{"embeddable":true,"href":"https:\/\/webs.uab.cat\/bees\/wp-json\/wp\/v2\/users\/2556"}],"replies":[{"embeddable":true,"href":"https:\/\/webs.uab.cat\/bees\/wp-json\/wp\/v2\/comments?post=1932"}],"version-history":[{"count":2,"href":"https:\/\/webs.uab.cat\/bees\/wp-json\/wp\/v2\/pages\/1932\/revisions"}],"predecessor-version":[{"id":4135,"href":"https:\/\/webs.uab.cat\/bees\/wp-json\/wp\/v2\/pages\/1932\/revisions\/4135"}],"wp:attachment":[{"href":"https:\/\/webs.uab.cat\/bees\/wp-json\/wp\/v2\/media?parent=1932"}],"curies":[{"name":"wp","href":"https:\/\/api.w.org\/{rel}","templated":true}]}}