{"id":1975,"date":"2025-05-14T11:38:43","date_gmt":"2025-05-14T09:38:43","guid":{"rendered":"https:\/\/biocampus25.wordpress.com\/?page_id=1975"},"modified":"2025-05-19T10:23:05","modified_gmt":"2025-05-19T08:23:05","slug":"arana-escupidora","status":"publish","type":"page","link":"https:\/\/webs.uab.cat\/bees\/arana-escupidora\/","title":{"rendered":"ARA\u00d1A ESCUPIDORA"},"content":{"rendered":"<div class=\"wp-block-image\">\n<figure class=\"aligncenter size-large\"><img loading=\"lazy\" decoding=\"async\" width=\"1200\" height=\"900\" src=\"https:\/\/biocampus25.wordpress.com\/wp-content\/uploads\/2025\/04\/spitting_spider_scytodes_thoracica_17512113409-1.jpg?w=1024\" alt=\"\" class=\"wp-image-1976\" srcset=\"https:\/\/webs.uab.cat\/bees\/wp-content\/uploads\/sites\/329\/2025\/04\/spitting_spider_scytodes_thoracica_17512113409-1.jpg 1200w, https:\/\/webs.uab.cat\/bees\/wp-content\/uploads\/sites\/329\/2025\/04\/spitting_spider_scytodes_thoracica_17512113409-1-300x225.jpg 300w, https:\/\/webs.uab.cat\/bees\/wp-content\/uploads\/sites\/329\/2025\/04\/spitting_spider_scytodes_thoracica_17512113409-1-1024x768.jpg 1024w, https:\/\/webs.uab.cat\/bees\/wp-content\/uploads\/sites\/329\/2025\/04\/spitting_spider_scytodes_thoracica_17512113409-1-768x576.jpg 768w\" sizes=\"auto, (max-width: 1200px) 100vw, 1200px\" \/><\/figure>\n<\/div>\n\n\n<p class=\"has-text-align-justify has-small-font-size\">Scytodes thoracica. Imagen con copyright CC BY 2.0, creada por Martin Cooper y obtenida de Wikimedia commons en: <a href=\"https:\/\/commons.wikimedia.org\/wiki\/File:Spitting_Spider_(Scytodes_thoracica)_(17512113409).jpg\">https:\/\/commons.wikimedia.org\/wiki\/File:Spitting_Spider_(Scytodes_thoracica)_(17512113409).jpg<\/a><\/p>\n\n\n\n<div style=\"height:10px\" aria-hidden=\"true\" class=\"wp-block-spacer\"><\/div>\n\n\n\n<div class=\"wp-block-columns is-layout-flex wp-container-core-columns-is-layout-9d6595d7 wp-block-columns-is-layout-flex\">\n<div class=\"wp-block-column is-layout-flow wp-block-column-is-layout-flow\">\n<figure class=\"wp-block-table has-alegreya-font-family has-small-font-size\"><table><tbody><tr><td class=\"has-text-align-center\" data-align=\"center\"><strong>Reino<\/strong><\/td><td class=\"has-text-align-center\" data-align=\"center\">Animalia<\/td><\/tr><tr><td class=\"has-text-align-center\" data-align=\"center\"><strong>Filo<\/strong><\/td><td class=\"has-text-align-center\" data-align=\"center\">Arthropoda<\/td><\/tr><tr><td class=\"has-text-align-center\" data-align=\"center\"><strong>Subfilo<\/strong><\/td><td class=\"has-text-align-center\" data-align=\"center\">Chelicerata<\/td><\/tr><tr><td class=\"has-text-align-center\" data-align=\"center\"><strong>Clase<\/strong><\/td><td class=\"has-text-align-center\" data-align=\"center\"><a href=\"https:\/\/webs.uab.cat\/bees\/arachnida\/\" data-type=\"page\" data-id=\"1893\">Arachnida<\/a><\/td><\/tr><tr><td class=\"has-text-align-center\" data-align=\"center\"><strong>Orden<\/strong><\/td><td class=\"has-text-align-center\" data-align=\"center\"><a href=\"https:\/\/webs.uab.cat\/bees\/aranae\/\" data-type=\"page\" data-id=\"1932\">Aranae<\/a><\/td><\/tr><tr><td class=\"has-text-align-center\" data-align=\"center\"><strong>Suborden<\/strong><\/td><td class=\"has-text-align-center\" data-align=\"center\">Araneomorphae<\/td><\/tr><tr><td class=\"has-text-align-center\" data-align=\"center\"><strong>Infraorden<\/strong><\/td><td class=\"has-text-align-center\" data-align=\"center\">Haplogynae<\/td><\/tr><tr><td class=\"has-text-align-center\" data-align=\"center\"><strong>Zoosecci\u00f3n<\/strong><\/td><td class=\"has-text-align-center\" data-align=\"center\">Synspermiata<\/td><\/tr><tr><td class=\"has-text-align-center\" data-align=\"center\"><strong>Superfamilia<\/strong><\/td><td class=\"has-text-align-center\" data-align=\"center\">Scytodoidea<\/td><\/tr><tr><td class=\"has-text-align-center\" data-align=\"center\"><strong>Familia<\/strong><\/td><td class=\"has-text-align-center\" data-align=\"center\">Scytodidae<\/td><\/tr><tr><td class=\"has-text-align-center\" data-align=\"center\"><strong>Subfamilia<\/strong><\/td><td class=\"has-text-align-center\" data-align=\"center\">Scytodinae<\/td><\/tr><tr><td class=\"has-text-align-center\" data-align=\"center\"><strong>G\u00e9nero<\/strong><\/td><td class=\"has-text-align-center\" data-align=\"center\">Scytodes<\/td><\/tr><tr><td class=\"has-text-align-center\" data-align=\"center\"><strong>Especie<\/strong><\/td><td class=\"has-text-align-center\" data-align=\"center\">S. thoracica<\/td><\/tr><\/tbody><\/table><\/figure>\n<\/div>\n\n\n\n<div class=\"wp-block-column is-layout-flow wp-block-column-is-layout-flow\">\n<div class=\"wp-block-group is-vertical is-layout-flex wp-container-core-group-is-layout-769d0143 wp-block-group-is-layout-flex\">\n<p><strong>DESCRIPCI\u00d3N:<\/strong><\/p>\n\n\n\n<p class=\"has-text-align-justify has-alegreya-font-family has-small-font-size\">La ara\u00f1a escupidora es un ar\u00e1cnido de peque\u00f1o tama\u00f1o, que suele medir alrededor de 5mm. Su coloraci\u00f3n es mayoritariamente beige o marr\u00f3n claro, combinado con diferentes manchas marrones de tonos m\u00e1s oscuros.<\/p>\n\n\n\n<p class=\"has-text-align-justify has-alegreya-font-family has-small-font-size\">El nombre cient\u00edfico de thoracica proviene del hecho de que su prosoma\/cefalot\u00f3rax es de tama\u00f1o superior al del opistosoma\/abdomen, donde lo normal en las ara\u00f1as es justamente lo contrario. En esta regi\u00f3n destaca la presencia de 6 ojos dispuestos por parejas, cuatro pares de patas con diferentes anillos oscuros a lo largo de su superficie y unos quel\u00edceros bien desarrollados y unidos a gl\u00e1ndulas venenosas.<\/p>\n\n\n\n<p class=\"has-text-align-justify has-alegreya-font-family has-small-font-size\">Su opistosoma\/abdomen es de forma esf\u00e9rica, con un par de l\u00edneas oscuras en la zona central y diversas manchas m\u00e1s peque\u00f1as en los costados.<\/p>\n<\/div>\n<\/div>\n<\/div>\n\n\n\n<div style=\"height:10px\" aria-hidden=\"true\" class=\"wp-block-spacer\"><\/div>\n\n\n\n<div class=\"wp-block-group is-vertical is-layout-flex wp-container-core-group-is-layout-769d0143 wp-block-group-is-layout-flex\">\n<p><strong>DIETA:<\/strong><\/p>\n\n\n\n<p class=\"has-text-align-justify has-alegreya-font-family has-small-font-size\">Como bien indica su nombre, esta ara\u00f1a se caracteriza por escupir una seda venenosa y pegajosa para capturar a sus presas (principalmente insectos). Tambi\u00e9n se les ha visto ingiriendo los huevos de otros insectos, aunque lo habitual es que sean cazadores.<\/p>\n<\/div>\n\n\n\n<div style=\"height:10px\" aria-hidden=\"true\" class=\"wp-block-spacer\"><\/div>\n\n\n\n<div class=\"wp-block-group is-vertical is-layout-flex wp-container-core-group-is-layout-769d0143 wp-block-group-is-layout-flex\">\n<p><strong>ESTRUCTURA SOCIAL Y COMPORTAMIENTO:<\/strong><\/p>\n\n\n\n<p class=\"has-text-align-justify has-alegreya-font-family has-small-font-size\">Estos organismos se caracterizan por tener un comportamiento social cuando son cr\u00edas, momento en el que conviven con la madre, mientras que en fase adulta son solitarios y territoriales. Adem\u00e1s, son de h\u00e1bitos nocturnos y por el d\u00eda se esconden.<\/p>\n\n\n\n<p class=\"has-text-align-justify has-alegreya-font-family has-small-font-size\">Su ciclo de vida suele comenzar en los meses m\u00e1s c\u00e1lidos, momento en el que ambos progenitores se encuentran y copulan. Con esto se generan unos 20-30 huevos, que se depositan en una bolsa que transportan con sus quel\u00edceros.<\/p>\n\n\n\n<p class=\"has-text-align-justify has-alegreya-font-family has-small-font-size\">Para que estos huevos eclosionen, deben ser incubados durante 2-3 semanas, por lo que durante todo este tiempo la hembra no se alimenta. Una vez estos huevos hayan eclosionada, las cr\u00edas permanecen en la telara\u00f1a con su madre hasta que alcanzan la madurez sexual, proceso con una duraci\u00f3n estrechamente relacionada con la disponibilidad de presas.<\/p>\n<\/div>\n\n\n\n<div style=\"height:10px\" aria-hidden=\"true\" class=\"wp-block-spacer\"><\/div>\n\n\n\n<div class=\"wp-block-group is-vertical is-layout-flex wp-container-core-group-is-layout-769d0143 wp-block-group-is-layout-flex\">\n<p><strong>HABITAT Y ZONA DE DISTRIBUCI\u00d3N:<\/strong><\/p>\n\n\n\n<p class=\"has-text-align-justify has-alegreya-font-family has-small-font-size\">Esta especie se encuentra ampliamente distribuida por Europa, Norteam\u00e9rica y en menor medida est\u00e1n en el este de Asia, Australia y Sudam\u00e9rica.<\/p>\n\n\n\n<p class=\"has-text-align-justify has-alegreya-font-family has-small-font-size\">Su h\u00e1bitat t\u00edpico son los bosques y pantanos de zonas donde el clima cuente con temperaturas c\u00e1lidas. Tambi\u00e9n puede encontrarse en menor medida en algunas zonas urbanas pr\u00f3ximas a los h\u00e1bitats mencionados.<\/p>\n<\/div>\n\n\n\n<div class=\"wp-block-group is-vertical is-layout-flex wp-container-core-group-is-layout-769d0143 wp-block-group-is-layout-flex\">\n<figure class=\"wp-block-image size-large\"><img loading=\"lazy\" decoding=\"async\" width=\"1063\" height=\"534\" src=\"https:\/\/biocampus25.wordpress.com\/wp-content\/uploads\/2025\/04\/captura-de-pantalla-2025-04-20-163522.png?w=1024\" alt=\"\" class=\"wp-image-1982\" srcset=\"https:\/\/webs.uab.cat\/bees\/wp-content\/uploads\/sites\/329\/2025\/04\/captura-de-pantalla-2025-04-20-163522.png 1063w, https:\/\/webs.uab.cat\/bees\/wp-content\/uploads\/sites\/329\/2025\/04\/captura-de-pantalla-2025-04-20-163522-300x151.png 300w, https:\/\/webs.uab.cat\/bees\/wp-content\/uploads\/sites\/329\/2025\/04\/captura-de-pantalla-2025-04-20-163522-1024x514.png 1024w, https:\/\/webs.uab.cat\/bees\/wp-content\/uploads\/sites\/329\/2025\/04\/captura-de-pantalla-2025-04-20-163522-768x386.png 768w\" sizes=\"auto, (max-width: 1063px) 100vw, 1063px\" \/><\/figure>\n\n\n\n<p class=\"has-text-align-justify has-small-font-size\">Mapa de distribuci\u00f3n de Scytodes thoracica. Imagen obtenida de Gbif en: <a href=\"https:\/\/www.gbif.org\/es\/species\/5168969\">https:\/\/www.gbif.org\/es\/species\/5168969<\/a><\/p>\n<\/div>\n\n\n\n<div style=\"height:10px\" aria-hidden=\"true\" class=\"wp-block-spacer\"><\/div>\n\n\n\n<div class=\"wp-block-group is-vertical is-layout-flex wp-container-core-group-is-layout-769d0143 wp-block-group-is-layout-flex\">\n<p><strong>ESTADO DE CONSERVACI\u00d3N:<\/strong><\/p>\n\n\n\n<p class=\"has-text-align-justify has-alegreya-font-family has-small-font-size\">Aunque no ha sido evaluado su estado de conservaci\u00f3n a nivel mundial, en Alemania y otras zonas europeas no est\u00e1n consideradas en peligro, por lo que posiblemente est\u00e9 en buen estado.<\/p>\n<\/div>\n\n\n<div class=\"wp-block-image\">\n<figure class=\"aligncenter size-large is-resized\"><img loading=\"lazy\" decoding=\"async\" width=\"582\" height=\"167\" src=\"https:\/\/biocampus25.wordpress.com\/wp-content\/uploads\/2025\/04\/captura_de_pantalla_2025-04-16_221652-removebg-preview-24.png?w=582\" alt=\"\" class=\"wp-image-1984\" style=\"width:620px;height:auto\" srcset=\"https:\/\/webs.uab.cat\/bees\/wp-content\/uploads\/sites\/329\/2025\/04\/captura_de_pantalla_2025-04-16_221652-removebg-preview-24.png 582w, https:\/\/webs.uab.cat\/bees\/wp-content\/uploads\/sites\/329\/2025\/04\/captura_de_pantalla_2025-04-16_221652-removebg-preview-24-300x86.png 300w\" sizes=\"auto, (max-width: 582px) 100vw, 582px\" \/><\/figure>\n<\/div>\n\n\n<div style=\"height:30px\" aria-hidden=\"true\" class=\"wp-block-spacer\"><\/div>\n\n\n\n<p><strong>REFERENCIAS:<\/strong><\/p>\n\n\n\n<p class=\"has-text-align-justify has-small-font-size\"><em>Ara\u00f1a escupidora (Scytodes thoracica)<\/em>. (n.d.). Natusfera. Retrieved March 2, 2025, from <a href=\"https:\/\/spain.inaturalist.org\/taxa\/57450-Scytodes-thoracica\">https:\/\/spain.inaturalist.org\/taxa\/57450-Scytodes-thoracica<\/a><\/p>\n\n\n\n<p class=\"has-text-align-justify has-small-font-size\"><em>Ara\u00f1a escupidora<\/em>. (n.d.). Elmedinaturaldelbages.cat. Retrieved March 11, 2025, from <a href=\"https:\/\/elmedinaturaldelbages.cat\/es\/species\/arana-escupidora-scytodes-thoracica-es\/\">https:\/\/elmedinaturaldelbages.cat\/es\/species\/arana-escupidora-scytodes-thoracica-es\/<\/a><\/p>\n\n\n\n<p class=\"has-text-align-justify has-small-font-size\">Ara\u00f1as escupidoras (n.d.). ANIMALIA. Retrieved March 11, 2025, from <a href=\"https:\/\/animalia.bio\/es\/scytodes-thoracica?property=214\">https:\/\/animalia.bio\/es\/scytodes-thoracica?property=214<\/a><\/p>\n\n\n\n<p class=\"has-text-align-justify has-small-font-size\">Wikipedia contributors. (n.d.-a).&nbsp;<em>Speispinne<\/em>. Wikipedia, The Free Encyclopedia. <a href=\"https:\/\/de.wikipedia.org\/w\/index.php?title=Speispinne&amp;oldid=244832778\">https:\/\/de.wikipedia.org\/w\/index.php?title=Speispinne&amp;oldid=244832778<\/a><\/p>\n","protected":false},"excerpt":{"rendered":"<p>Scytodes thoracica. Imagen con copyright CC BY 2.0, creada por Martin Cooper y obtenida de Wikimedia commons en: https:\/\/commons.wikimedia.org\/wiki\/File:Spitting_Spider_(Scytodes_thoracica)_(17512113409).jpg Reino Animalia Filo Arthropoda Subfilo Chelicerata Clase Arachnida Orden Aranae Suborden Araneomorphae Infraorden Haplogynae Zoosecci\u00f3n Synspermiata Superfamilia Scytodoidea Familia Scytodidae Subfamilia Scytodinae G\u00e9nero Scytodes Especie S. thoracica DESCRIPCI\u00d3N: La ara\u00f1a escupidora es un ar\u00e1cnido de peque\u00f1o [&hellip;]<\/p>\n","protected":false},"author":2556,"featured_media":0,"parent":0,"menu_order":0,"comment_status":"closed","ping_status":"closed","template":"","meta":{"footnotes":""},"class_list":["post-1975","page","type-page","status-publish","hentry"],"_links":{"self":[{"href":"https:\/\/webs.uab.cat\/bees\/wp-json\/wp\/v2\/pages\/1975","targetHints":{"allow":["GET"]}}],"collection":[{"href":"https:\/\/webs.uab.cat\/bees\/wp-json\/wp\/v2\/pages"}],"about":[{"href":"https:\/\/webs.uab.cat\/bees\/wp-json\/wp\/v2\/types\/page"}],"author":[{"embeddable":true,"href":"https:\/\/webs.uab.cat\/bees\/wp-json\/wp\/v2\/users\/2556"}],"replies":[{"embeddable":true,"href":"https:\/\/webs.uab.cat\/bees\/wp-json\/wp\/v2\/comments?post=1975"}],"version-history":[{"count":1,"href":"https:\/\/webs.uab.cat\/bees\/wp-json\/wp\/v2\/pages\/1975\/revisions"}],"predecessor-version":[{"id":4133,"href":"https:\/\/webs.uab.cat\/bees\/wp-json\/wp\/v2\/pages\/1975\/revisions\/4133"}],"wp:attachment":[{"href":"https:\/\/webs.uab.cat\/bees\/wp-json\/wp\/v2\/media?parent=1975"}],"curies":[{"name":"wp","href":"https:\/\/api.w.org\/{rel}","templated":true}]}}