{"id":2005,"date":"2025-05-14T11:41:58","date_gmt":"2025-05-14T09:41:58","guid":{"rendered":"https:\/\/biocampus25.wordpress.com\/?page_id=2005"},"modified":"2025-05-19T12:43:58","modified_gmt":"2025-05-19T10:43:58","slug":"malacostraca","status":"publish","type":"page","link":"https:\/\/webs.uab.cat\/bees\/malacostraca\/","title":{"rendered":"Malacostraca"},"content":{"rendered":"\n<div class=\"wp-block-group is-vertical is-layout-flex wp-container-core-group-is-layout-3e0ae1ae wp-block-group-is-layout-flex\">\n<p><strong>Descripci\u00f3n:<\/strong><\/p>\n\n\n\n<div class=\"wp-block-group is-vertical is-layout-flex wp-container-core-group-is-layout-3e0ae1ae wp-block-group-is-layout-flex\">\n<p class=\"has-text-align-justify\">Esta es una de las clases dentro del subfilo de los crust\u00e1ceos, el cual incluye unas 42.000 especies. Entre los organismos m\u00e1s conocidos de este grupo tenemos los dec\u00e1podos (langostas, cangrejos, etc.), el krill&#8230; Todos ellos tienen el cuerpo dividido en tres regiones:<\/p>\n\n\n\n<div class=\"wp-block-group has-alegreya-font-family has-small-font-size is-vertical is-layout-flex wp-container-core-group-is-layout-8cf370e7 wp-block-group-is-layout-flex\">\n<ul class=\"wp-block-list\">\n<li><strong>C\u00e9falon<\/strong>: es la regi\u00f3n equivalente a la cabeza, que est\u00e1 formada por cinco segmentos. Entre las estructuras que podemos encontrar destacan un par de ojos compuestos (a veces pedunculados), dos ant\u00e9nulas, dos antenas y el aparato bucal.<\/li>\n\n\n\n<li><strong>Pereion<\/strong>: la segunda secci\u00f3n del cuerpo se encuentra separada en dos partes. Los tres primeros segmentos suelen estar fusionados con la cabeza, formando los maxil\u00edpedos (patas modificadas para la locomoci\u00f3n y alimentaci\u00f3n), mientras que los cinco \u00faltimos segmentos tienen dos patas. Seg\u00fan el grupo, puede presentar todo el pereion (y a veces el c\u00e9falon tambi\u00e9n) cubierto por un caparaz\u00f3n.<\/li>\n\n\n\n<li><strong>Pleon<\/strong>: presenta seis segmentos o ple\u00f3podos, donde el \u00faltimo est\u00e1 modificado para ser un ur\u00f3podo (dos pares de ap\u00e9ndices, que dan lugar a una forma de cola con funci\u00f3n natatoria).<\/li>\n<\/ul>\n\n\n\n<p class=\"has-text-align-justify\">Su tubo digestivo se encuentra diferenciado en tres regiones: la parte anterior presenta el es\u00f3fago y un est\u00f3mago bicameral (el primero para la digesti\u00f3n mec\u00e1nica), la secci\u00f3n media se encarga de realizar la digesti\u00f3n qu\u00edmica y la absorci\u00f3n del alimento en sus ciegos intestinales, mientras que en la secci\u00f3n posterior se forman las heces y se absorbe el agua.<\/p>\n\n\n\n<p class=\"has-text-align-justify\">Su sistema circulatorio es abierto, de tal forma que la hemolinfa sale del coraz\u00f3n y se dirige al hemocele, la cavidad donde se encuentran los \u00f3rganos flotando. El pigmento de la sangre es la hemocianina, lo que le confiere una coloraci\u00f3n azulada.<\/p>\n\n\n\n<p class=\"has-text-align-justify\">Muy cerca de las antenas encontramos un cerebro formado por un conjunto de ganglios, que se conectan con los que se disponen en cada segmento. Tambi\u00e9n podemos encontrar en la base de las antenas las estructuras que act\u00faan como ri\u00f1ones.<\/p>\n\n\n\n<p class=\"has-text-align-justify\">Generalmente son organismos con los sexos separados (dioicos). Los machos tienen las aberturas genitales en el octavo segmento y las hembras en el sexto. Despu\u00e9s de la reproducci\u00f3n, hay especies que presentan un n\u00e1uplio (larva), que antes de llegar a adulto debe pasar por una metamorfosis.<\/p>\n<\/div>\n<\/div>\n<\/div>\n\n\n\n<div style=\"height:20px\" aria-hidden=\"true\" class=\"wp-block-spacer\"><\/div>\n\n\n\n<p><strong>Clave dicot\u00f3mica:<\/strong><\/p>\n\n\n\n<div class=\"wp-block-columns is-layout-flex wp-container-core-columns-is-layout-9d6595d7 wp-block-columns-is-layout-flex\">\n<div class=\"wp-block-column is-layout-flow wp-block-column-is-layout-flow\" style=\"flex-basis:66.66%\">\n<p class=\"has-text-align-justify has-small-font-size\"><strong>a. <\/strong>Animal de color rojo y pinzas pronunciadas &#8212;&#8212;&#8212;&#8212;&#8212;&#8212;&#8212;&#8212;&#8212;&#8212;&gt; <strong><a href=\"https:\/\/webs.uab.cat\/bees\/cangrejo-rojo-americano\/\" data-type=\"page\" data-id=\"2017\">Procambarus clarkii<\/a><\/strong><\/p>\n\n\n\n<div style=\"height:249px\" aria-hidden=\"true\" class=\"wp-block-spacer\"><\/div>\n\n\n\n<p class=\"has-text-align-justify has-small-font-size\"><strong>b.<\/strong> Peque\u00f1o invertebrado de coloraci\u00f3n oscura y con capacidad de hacerse una bola &#8212;&#8212;&#8212;&#8212;&#8212;&#8212;&#8212;&#8212;&#8212;&#8212;&#8212;&#8212;&#8211;&gt; <strong><a href=\"https:\/\/webs.uab.cat\/bees\/cochinilla-comun\/\" data-type=\"page\" data-id=\"2034\">Armadillidium vulgare<\/a><\/strong><\/p>\n<\/div>\n\n\n\n<div class=\"wp-block-column is-layout-flow wp-block-column-is-layout-flow\" style=\"flex-basis:33.33%\">\n<figure class=\"wp-block-image size-large\"><img loading=\"lazy\" decoding=\"async\" width=\"1200\" height=\"797\" src=\"https:\/\/biocampus25.wordpress.com\/wp-content\/uploads\/2025\/04\/procambarus_clarkii_32290488233.jpg?w=1024\" alt=\"\" class=\"wp-image-2009\" srcset=\"https:\/\/webs.uab.cat\/bees\/wp-content\/uploads\/sites\/329\/2025\/04\/procambarus_clarkii_32290488233.jpg 1200w, https:\/\/webs.uab.cat\/bees\/wp-content\/uploads\/sites\/329\/2025\/04\/procambarus_clarkii_32290488233-300x199.jpg 300w, https:\/\/webs.uab.cat\/bees\/wp-content\/uploads\/sites\/329\/2025\/04\/procambarus_clarkii_32290488233-1024x680.jpg 1024w, https:\/\/webs.uab.cat\/bees\/wp-content\/uploads\/sites\/329\/2025\/04\/procambarus_clarkii_32290488233-768x510.jpg 768w\" sizes=\"auto, (max-width: 1200px) 100vw, 1200px\" \/><figcaption class=\"wp-element-caption\"><a href=\"https:\/\/webs.uab.cat\/bees\/cangrejo-rojo-americano\/\" data-type=\"page\" data-id=\"2017\">Procambarus clarkii<\/a>. Imagen con copyright CC BY 2.0, creada por Gailhampshire y obtenida de Wikimedia commons en: <a href=\"https:\/\/commons.wikimedia.org\/wiki\/File:Procambarus_clarkii_(32290488233).jpg\">https:\/\/commons.wikimedia.org\/wiki\/File:Procambarus_clarkii_(32290488233).jpg<\/a><\/figcaption><\/figure>\n\n\n\n<div class=\"wp-block-group is-vertical is-layout-flex wp-container-core-group-is-layout-769d0143 wp-block-group-is-layout-flex\">\n<figure class=\"wp-block-image size-large\"><img loading=\"lazy\" decoding=\"async\" width=\"640\" height=\"427\" src=\"https:\/\/biocampus25.wordpress.com\/wp-content\/uploads\/2025\/04\/common_pill-bug_armadillidium_vulgare.jpg?w=640\" alt=\"\" class=\"wp-image-2012\" srcset=\"https:\/\/webs.uab.cat\/bees\/wp-content\/uploads\/sites\/329\/2025\/04\/common_pill-bug_armadillidium_vulgare.jpg 640w, https:\/\/webs.uab.cat\/bees\/wp-content\/uploads\/sites\/329\/2025\/04\/common_pill-bug_armadillidium_vulgare-300x200.jpg 300w\" sizes=\"auto, (max-width: 640px) 100vw, 640px\" \/><figcaption class=\"wp-element-caption\"><a href=\"https:\/\/webs.uab.cat\/bees\/cochinilla-comun\/\" data-type=\"page\" data-id=\"2034\">Armadillidium vulgare<\/a><\/figcaption><\/figure>\n<\/div>\n<\/div>\n<\/div>\n\n\n\n<div style=\"height:30px\" aria-hidden=\"true\" class=\"wp-block-spacer\"><\/div>\n\n\n\n<p><strong>Bibliografia:<\/strong><\/p>\n\n\n\n<p class=\"has-text-align-justify has-small-font-size\"><em>Clase Malacostraca &#8211; Insectarium Virtual del Parc Natural del Penyal d\u2019Ifac &#8211; Generalitat Valenciana<\/em>. (n.d.). Insectarium Virtual del Parc Natural del Penyal d\u2019Ifac. Retrieved January 23, 2025, from <a href=\"https:\/\/parquesnaturales.gva.es\/es\/web\/insectarium-virtual-del-parc-natural-del-penyal-d-ifac\/clase-malacostraca\">https:\/\/parquesnaturales.gva.es\/es\/web\/insectarium-virtual-del-parc-natural-del-penyal-d-ifac\/clase-malacostraca<\/a><\/p>\n\n\n\n<p class=\"has-text-align-justify has-small-font-size\"><em>Class Malacostraca<\/em>. (n.d.). Taxateca.com. Retrieved January 23, 2025, from <a href=\"https:\/\/taxateca.com\/clasemalacostraca.html\">https:\/\/taxateca.com\/clasemalacostraca.html<\/a><\/p>\n\n\n\n<p class=\"has-text-align-justify has-small-font-size\">Wikipedia contributors. (n.d.-d).&nbsp;<em>Malacostraca<\/em>. Wikipedia, The Free Encyclopedia. <a href=\"https:\/\/es.wikipedia.org\/w\/index.php?title=Malacostraca&amp;oldid=166104062\">https:\/\/es.wikipedia.org\/w\/index.php?title=Malacostraca&amp;oldid=166104062<\/a><\/p>\n\n\n\n<p class=\"has-text-align-justify has-small-font-size\">Valderrey, J. L. M. (n.d.).&nbsp;<em>Malacostraca<\/em>. Naturaleza y turismo. Retrieved January 23, 2025, from <a href=\"https:\/\/www.asturnatura.com\/clase\/malacostraca\">https:\/\/www.asturnatura.com\/clase\/malacostraca<\/a><\/p>\n\n\n\n<p><\/p>\n","protected":false},"excerpt":{"rendered":"<p>Descripci\u00f3n: Esta es una de las clases dentro del subfilo de los crust\u00e1ceos, el cual incluye unas 42.000 especies. Entre los organismos m\u00e1s conocidos de este grupo tenemos los dec\u00e1podos (langostas, cangrejos, etc.), el krill&#8230; Todos ellos tienen el cuerpo dividido en tres regiones: Su tubo digestivo se encuentra diferenciado en tres regiones: la parte [&hellip;]<\/p>\n","protected":false},"author":2556,"featured_media":0,"parent":0,"menu_order":0,"comment_status":"closed","ping_status":"closed","template":"","meta":{"footnotes":""},"class_list":["post-2005","page","type-page","status-publish","hentry"],"_links":{"self":[{"href":"https:\/\/webs.uab.cat\/bees\/wp-json\/wp\/v2\/pages\/2005","targetHints":{"allow":["GET"]}}],"collection":[{"href":"https:\/\/webs.uab.cat\/bees\/wp-json\/wp\/v2\/pages"}],"about":[{"href":"https:\/\/webs.uab.cat\/bees\/wp-json\/wp\/v2\/types\/page"}],"author":[{"embeddable":true,"href":"https:\/\/webs.uab.cat\/bees\/wp-json\/wp\/v2\/users\/2556"}],"replies":[{"embeddable":true,"href":"https:\/\/webs.uab.cat\/bees\/wp-json\/wp\/v2\/comments?post=2005"}],"version-history":[{"count":2,"href":"https:\/\/webs.uab.cat\/bees\/wp-json\/wp\/v2\/pages\/2005\/revisions"}],"predecessor-version":[{"id":4238,"href":"https:\/\/webs.uab.cat\/bees\/wp-json\/wp\/v2\/pages\/2005\/revisions\/4238"}],"wp:attachment":[{"href":"https:\/\/webs.uab.cat\/bees\/wp-json\/wp\/v2\/media?parent=2005"}],"curies":[{"name":"wp","href":"https:\/\/api.w.org\/{rel}","templated":true}]}}