{"id":202,"date":"2025-05-14T11:41:06","date_gmt":"2025-05-14T09:41:06","guid":{"rendered":"https:\/\/biocampus25.wordpress.com\/?page_id=202"},"modified":"2025-05-19T11:24:10","modified_gmt":"2025-05-19T09:24:10","slug":"gato-domestico","status":"publish","type":"page","link":"https:\/\/webs.uab.cat\/bees\/gato-domestico\/","title":{"rendered":"GATO DOM\u00c9STICO"},"content":{"rendered":"<div class=\"wp-block-image\">\n<figure class=\"aligncenter size-large is-resized\"><img decoding=\"async\" src=\"https:\/\/biocampus25.wordpress.com\/wp-content\/uploads\/2025\/04\/1744229505001-1.jpg?w=1024\" alt=\"\" class=\"wp-image-209\" style=\"object-fit:cover;width:700px;height:500px\" \/><\/figure>\n<\/div>\n\n\n<div style=\"height:10px\" aria-hidden=\"true\" class=\"wp-block-spacer\"><\/div>\n\n\n\n<div class=\"wp-block-columns is-layout-flex wp-container-core-columns-is-layout-9d6595d7 wp-block-columns-is-layout-flex\">\n<div class=\"wp-block-column is-layout-flow wp-block-column-is-layout-flow\">\n<figure class=\"wp-block-table has-alegreya-font-family has-small-font-size\"><table><tbody><tr><td class=\"has-text-align-center\" data-align=\"center\"><strong>Reino<\/strong><\/td><td class=\"has-text-align-center\" data-align=\"center\">Animalia<\/td><\/tr><tr><td class=\"has-text-align-center\" data-align=\"center\"><strong>Filo<\/strong><\/td><td class=\"has-text-align-center\" data-align=\"center\">Chordata<\/td><\/tr><tr><td class=\"has-text-align-center\" data-align=\"center\"><strong>Subfilo<\/strong><\/td><td class=\"has-text-align-center\" data-align=\"center\"><a href=\"https:\/\/webs.uab.cat\/bees\/vertebrados\/\" data-type=\"page\" data-id=\"43\">Vertebrata<\/a><\/td><\/tr><tr><td class=\"has-text-align-center\" data-align=\"center\"><strong>Clase<\/strong><\/td><td class=\"has-text-align-center\" data-align=\"center\"><a href=\"https:\/\/webs.uab.cat\/bees\/mamiferos\/\" data-type=\"page\" data-id=\"54\">Mammalia<\/a><\/td><\/tr><tr><td class=\"has-text-align-center\" data-align=\"center\"><strong>Subclase<\/strong><\/td><td class=\"has-text-align-center\" data-align=\"center\">Theria<\/td><\/tr><tr><td class=\"has-text-align-center\" data-align=\"center\"><strong>Infraclase<\/strong><\/td><td class=\"has-text-align-center\" data-align=\"center\">Placentalia<\/td><\/tr><tr><td class=\"has-text-align-center\" data-align=\"center\"><strong>Superorden<\/strong><\/td><td class=\"has-text-align-center\" data-align=\"center\">Laurasiatheria<\/td><\/tr><tr><td class=\"has-text-align-center\" data-align=\"center\"><strong>Orden<\/strong><\/td><td class=\"has-text-align-center\" data-align=\"center\"><a href=\"https:\/\/webs.uab.cat\/bees\/carnivora\/\" data-type=\"page\" data-id=\"331\">Carnivora<\/a><\/td><\/tr><tr><td class=\"has-text-align-center\" data-align=\"center\"><strong>Familia<\/strong><\/td><td class=\"has-text-align-center\" data-align=\"center\">Felidae<\/td><\/tr><tr><td class=\"has-text-align-center\" data-align=\"center\"><strong>Subfamilia<\/strong><\/td><td class=\"has-text-align-center\" data-align=\"center\">Felinae<\/td><\/tr><tr><td class=\"has-text-align-center\" data-align=\"center\"><strong>G\u00e9nero<\/strong><\/td><td class=\"has-text-align-center\" data-align=\"center\">Felis<\/td><\/tr><tr><td class=\"has-text-align-center\" data-align=\"center\"><strong>Especie<\/strong><\/td><td class=\"has-text-align-center\" data-align=\"center\">F. catus<\/td><\/tr><\/tbody><\/table><\/figure>\n<\/div>\n\n\n\n<div class=\"wp-block-column is-layout-flow wp-block-column-is-layout-flow\">\n<div class=\"wp-block-group is-vertical is-layout-flex wp-container-core-group-is-layout-769d0143 wp-block-group-is-layout-flex\">\n<p><strong>DESCRIPCI\u00d3N:<\/strong><\/p>\n\n\n\n<p class=\"has-text-align-justify has-alegreya-font-family has-small-font-size\">Los gatos son de tama\u00f1o medio, con un cuerpo de unos 46cm y una altura de 23-25cm. En la zona terminal del cuerpo poseen una cola de 30cm de longitud. Todo esto hace que puedan pesar entre 2,5-7Kg.<\/p>\n\n\n\n<p class=\"has-text-align-justify has-alegreya-font-family has-small-font-size\">Tienen un vasto pelaje que recubre todo el cuerpo, con una coloraci\u00f3n variable (marr\u00f3n, negro, naranja etc.). Los individuos tricolores son siempre hembras, car\u00e1cter que facilita la distinci\u00f3n de su sexo.<\/p>\n\n\n\n<p class=\"has-text-align-justify has-alegreya-font-family has-small-font-size\">A parte de esta distinci\u00f3n de colores, tambi\u00e9n pueden presentar dimorfismo sexual en cuanto a su tama\u00f1o, siendo los machos ligeramente de tama\u00f1o superior a las hembras.<\/p>\n\n\n\n<p class=\"has-text-align-justify has-alegreya-font-family has-small-font-size\">Estos animales tienen los sentidos muy desarrollados, contando con dos orejas controladas por 32 m\u00fasculos, lo que les permite moverlos de manera independiente para sentir los sonidos de todas direcciones. Tambi\u00e9n tienen unos ojos con gran capacidad visual, ja que son capaces de detectar el infrarrojo cercano y regular el grosor de su iris, dependiendo de la exposici\u00f3n a la luz. Su olfato tambi\u00e9n est\u00e1 bien desarrollado, permiti\u00e9ndoles detectar las feromonas emitidas por otros individuos.<\/p>\n\n\n\n<p class=\"has-text-align-justify has-alegreya-font-family has-small-font-size\">Sus patas son delgadas y cortas, provistas de 5 dedos en las patas de delante y 4 en las de atr\u00e1s. Todos estos presentan unas garras retractiles que \u00fanicamente sacan en el momento de la caza o para defenderse.<\/p>\n<\/div>\n<\/div>\n<\/div>\n\n\n\n<div style=\"height:10px\" aria-hidden=\"true\" class=\"wp-block-spacer\"><\/div>\n\n\n\n<div class=\"wp-block-group is-vertical is-layout-flex wp-container-core-group-is-layout-769d0143 wp-block-group-is-layout-flex\">\n<p><strong>DIETA:<\/strong><\/p>\n\n\n\n<p class=\"has-text-align-justify has-alegreya-font-family has-small-font-size\">Son animales omn\u00edvoros con una clara preferencia por la caza de vertebrados y invertebrados. Habitualmente utilizan hojas para producir la regurgitaci\u00f3n y as\u00ed expulsar la materia indigerible, pero no les suele aportar un gran valor nutricional.<\/p>\n\n\n\n<p class=\"has-text-align-justify has-alegreya-font-family has-small-font-size\">Es debido a su gran preferencia por la carne que han adaptado su dentici\u00f3n para presentar dos pares de colmillos, que le permiten capturar mejor a la presa. Por otro lado, el resto de sus dientes suelen ser de reducido tama\u00f1o y est\u00e1n poco desarrollados.<\/p>\n<\/div>\n\n\n\n<div style=\"height:10px\" aria-hidden=\"true\" class=\"wp-block-spacer\"><\/div>\n\n\n\n<div class=\"wp-block-group is-vertical is-layout-flex wp-container-core-group-is-layout-769d0143 wp-block-group-is-layout-flex\">\n<p><strong>ESTRUCTURA SOCIAL Y COMPORTAMIENTO:<\/strong><\/p>\n\n\n\n<p class=\"has-text-align-justify has-alegreya-font-family has-small-font-size\">Es habitual encontrar colonias de gatos, donde hay un macho dominante que marca su territorio y m\u00e1s individuos que colaboran en la caza. Este sistema social les ha permitido desarrollar sistemas de comunicaci\u00f3n entre ellos, ya sea por la secreci\u00f3n de feromonas o por la emisi\u00f3n de maullidos y ronroneos.<\/p>\n\n\n\n<p class=\"has-text-align-justify has-alegreya-font-family has-small-font-size\">Estos mam\u00edferos pueden alcanzar la madurez sexual a los 5-7 meses en machos y los 4-10 meses en hembras. A partir de este punto pueden llegar a tener entre 12 y 25 hijos por a\u00f1o, ya que las hembras entran en celo 21 d\u00edas despu\u00e9s del parto. El periodo reproductivo suele comprender entre marzo y septiembre.<\/p>\n<\/div>\n\n\n<div class=\"wp-block-image\">\n<figure class=\"aligncenter size-large\"><img loading=\"lazy\" decoding=\"async\" width=\"1445\" height=\"122\" src=\"https:\/\/biocampus25.wordpress.com\/wp-content\/uploads\/2025\/04\/captura-de-pantalla-2025-03-27-220716-2.png?w=1024\" alt=\"\" class=\"wp-image-216\" srcset=\"https:\/\/webs.uab.cat\/bees\/wp-content\/uploads\/sites\/329\/2025\/04\/captura-de-pantalla-2025-03-27-220716-2.png 1445w, https:\/\/webs.uab.cat\/bees\/wp-content\/uploads\/sites\/329\/2025\/04\/captura-de-pantalla-2025-03-27-220716-2-300x25.png 300w, https:\/\/webs.uab.cat\/bees\/wp-content\/uploads\/sites\/329\/2025\/04\/captura-de-pantalla-2025-03-27-220716-2-1024x86.png 1024w, https:\/\/webs.uab.cat\/bees\/wp-content\/uploads\/sites\/329\/2025\/04\/captura-de-pantalla-2025-03-27-220716-2-768x65.png 768w, https:\/\/webs.uab.cat\/bees\/wp-content\/uploads\/sites\/329\/2025\/04\/captura-de-pantalla-2025-03-27-220716-2-1200x101.png 1200w\" sizes=\"auto, (max-width: 1445px) 100vw, 1445px\" \/><\/figure>\n<\/div>\n\n\n<div style=\"height:10px\" aria-hidden=\"true\" class=\"wp-block-spacer\"><\/div>\n\n\n\n<div class=\"wp-block-group is-vertical is-layout-flex wp-container-core-group-is-layout-769d0143 wp-block-group-is-layout-flex\">\n<p><strong>HABITAT Y ZONA DE DISTRIBUCI\u00d3N:<\/strong><\/p>\n\n\n\n<p class=\"has-text-align-justify has-alegreya-font-family has-small-font-size\">Son animales bastante abundantes alrededor del mundo, pero no suelen habitar la mayor\u00eda de \u00c1frica, Islandia, Ant\u00e1rtida, la regi\u00f3n norte de Canad\u00e1 y la regi\u00f3n este de Rusia.<\/p>\n\n\n\n<p class=\"has-text-align-justify has-alegreya-font-family has-small-font-size\">En estas zonas se les puede encontrar viviendo en n\u00facleos urbanos, aunque tambi\u00e9n pueden ser encontrados en muchos otros lugares como por ejemplo un bosque.<\/p>\n<\/div>\n\n\n<div class=\"wp-block-image\">\n<figure class=\"aligncenter size-large is-resized\"><img loading=\"lazy\" decoding=\"async\" width=\"509\" height=\"250\" src=\"https:\/\/biocampus25.wordpress.com\/wp-content\/uploads\/2025\/04\/captura-de-pantalla-2025-04-09-222601.png?w=509\" alt=\"\" class=\"wp-image-219\" style=\"width:620px;height:auto\" srcset=\"https:\/\/webs.uab.cat\/bees\/wp-content\/uploads\/sites\/329\/2025\/04\/captura-de-pantalla-2025-04-09-222601.png 509w, https:\/\/webs.uab.cat\/bees\/wp-content\/uploads\/sites\/329\/2025\/04\/captura-de-pantalla-2025-04-09-222601-300x147.png 300w\" sizes=\"auto, (max-width: 509px) 100vw, 509px\" \/><\/figure>\n<\/div>\n\n\n<p class=\"has-text-align-justify has-small-font-size\">Mapa de distribuci\u00f3n de Felis catus. Imagen obtenida de Gbif en <a href=\"https:\/\/www.gbif.org\/es\/species\/2435035\">https:\/\/www.gbif.org\/es\/species\/2435035<\/a><\/p>\n\n\n\n<div style=\"height:10px\" aria-hidden=\"true\" class=\"wp-block-spacer\"><\/div>\n\n\n\n<div class=\"wp-block-group is-vertical is-layout-flex wp-container-core-group-is-layout-769d0143 wp-block-group-is-layout-flex\">\n<p><strong>ESTADO DE CONSERVACI\u00d3N:<\/strong><\/p>\n\n\n\n<p class=\"has-text-align-justify has-alegreya-font-family has-small-font-size\">No hay datos que confirmen su situaci\u00f3n, pero lo m\u00e1s probable es que se encuentren en peligro debido a su gran abundancia mundial. Adem\u00e1s, en determinadas regiones se han vuelto invasores.<\/p>\n<\/div>\n\n\n<div class=\"wp-block-image\">\n<figure class=\"aligncenter size-large\"><img loading=\"lazy\" decoding=\"async\" width=\"896\" height=\"245\" src=\"https:\/\/biocampus25.wordpress.com\/wp-content\/uploads\/2025\/04\/captura_de_pantalla_2025-04-09_222850-removebg-preview.png?w=896\" alt=\"\" class=\"wp-image-221\" srcset=\"https:\/\/webs.uab.cat\/bees\/wp-content\/uploads\/sites\/329\/2025\/04\/captura_de_pantalla_2025-04-09_222850-removebg-preview.png 896w, https:\/\/webs.uab.cat\/bees\/wp-content\/uploads\/sites\/329\/2025\/04\/captura_de_pantalla_2025-04-09_222850-removebg-preview-300x82.png 300w, https:\/\/webs.uab.cat\/bees\/wp-content\/uploads\/sites\/329\/2025\/04\/captura_de_pantalla_2025-04-09_222850-removebg-preview-768x210.png 768w\" sizes=\"auto, (max-width: 896px) 100vw, 896px\" \/><\/figure>\n<\/div>\n\n\n<div style=\"height:30px\" aria-hidden=\"true\" class=\"wp-block-spacer\"><\/div>\n\n\n\n<p><strong>REFERENCIAS:<\/strong><\/p>\n\n\n\n<p class=\"has-text-align-justify has-small-font-size\"><em>Gato dom\u00e9stico (Felis catus)<\/em>. (n.d.). iNaturalist Ecuador. Retrieved February 4, 2025, from <a href=\"https:\/\/ecuador.inaturalist.org\/taxa\/118552-Felis-catus\">https:\/\/ecuador.inaturalist.org\/taxa\/118552-Felis-catus<\/a><\/p>\n\n\n\n<p class=\"has-text-align-justify has-small-font-size\">Linnaeus, C (noviembre 2024). Felis gatus. Gobierno de Canarias. Retrieved February 4, 2025, from <a href=\"https:\/\/www.biodiversidadcanarias.es\/exos\/especie\/V00211\">https:\/\/www.biodiversidadcanarias.es\/exos\/especie\/V00211<\/a><\/p>\n\n\n\n<p class=\"has-text-align-justify has-small-font-size\"><em>Felis catus Linnaeus, 1758<\/em>. (n.d.). Gbif.org. Retrieved February 4, 2025, from <a href=\"https:\/\/www.gbif.org\/es\/species\/2435035\">https:\/\/www.gbif.org\/es\/species\/2435035<\/a><\/p>\n","protected":false},"excerpt":{"rendered":"<p>Reino Animalia Filo Chordata Subfilo Vertebrata Clase Mammalia Subclase Theria Infraclase Placentalia Superorden Laurasiatheria Orden Carnivora Familia Felidae Subfamilia Felinae G\u00e9nero Felis Especie F. catus DESCRIPCI\u00d3N: Los gatos son de tama\u00f1o medio, con un cuerpo de unos 46cm y una altura de 23-25cm. En la zona terminal del cuerpo poseen una cola de 30cm de [&hellip;]<\/p>\n","protected":false},"author":2556,"featured_media":0,"parent":0,"menu_order":0,"comment_status":"closed","ping_status":"closed","template":"","meta":{"footnotes":""},"class_list":["post-202","page","type-page","status-publish","hentry"],"_links":{"self":[{"href":"https:\/\/webs.uab.cat\/bees\/wp-json\/wp\/v2\/pages\/202","targetHints":{"allow":["GET"]}}],"collection":[{"href":"https:\/\/webs.uab.cat\/bees\/wp-json\/wp\/v2\/pages"}],"about":[{"href":"https:\/\/webs.uab.cat\/bees\/wp-json\/wp\/v2\/types\/page"}],"author":[{"embeddable":true,"href":"https:\/\/webs.uab.cat\/bees\/wp-json\/wp\/v2\/users\/2556"}],"replies":[{"embeddable":true,"href":"https:\/\/webs.uab.cat\/bees\/wp-json\/wp\/v2\/comments?post=202"}],"version-history":[{"count":1,"href":"https:\/\/webs.uab.cat\/bees\/wp-json\/wp\/v2\/pages\/202\/revisions"}],"predecessor-version":[{"id":4198,"href":"https:\/\/webs.uab.cat\/bees\/wp-json\/wp\/v2\/pages\/202\/revisions\/4198"}],"wp:attachment":[{"href":"https:\/\/webs.uab.cat\/bees\/wp-json\/wp\/v2\/media?parent=202"}],"curies":[{"name":"wp","href":"https:\/\/api.w.org\/{rel}","templated":true}]}}