{"id":2034,"date":"2025-05-14T11:40:08","date_gmt":"2025-05-14T09:40:08","guid":{"rendered":"https:\/\/biocampus25.wordpress.com\/?page_id=2034"},"modified":"2025-05-19T10:53:24","modified_gmt":"2025-05-19T08:53:24","slug":"cochinilla-comun","status":"publish","type":"page","link":"https:\/\/webs.uab.cat\/bees\/cochinilla-comun\/","title":{"rendered":"COCHINILLA COM\u00daN"},"content":{"rendered":"<div class=\"wp-block-image\">\n<figure class=\"aligncenter size-large\"><img loading=\"lazy\" decoding=\"async\" width=\"1200\" height=\"899\" src=\"https:\/\/biocampus25.wordpress.com\/wp-content\/uploads\/2025\/04\/armadillidium_vulgare_male.jpg?w=1024\" alt=\"\" class=\"wp-image-2035\" srcset=\"https:\/\/webs.uab.cat\/bees\/wp-content\/uploads\/sites\/329\/2025\/04\/armadillidium_vulgare_male.jpg 1200w, https:\/\/webs.uab.cat\/bees\/wp-content\/uploads\/sites\/329\/2025\/04\/armadillidium_vulgare_male-300x225.jpg 300w, https:\/\/webs.uab.cat\/bees\/wp-content\/uploads\/sites\/329\/2025\/04\/armadillidium_vulgare_male-1024x767.jpg 1024w, https:\/\/webs.uab.cat\/bees\/wp-content\/uploads\/sites\/329\/2025\/04\/armadillidium_vulgare_male-768x575.jpg 768w\" sizes=\"auto, (max-width: 1200px) 100vw, 1200px\" \/><\/figure>\n<\/div>\n\n\n<p class=\"has-text-align-justify has-small-font-size\">Armadillidium vulgare. Imagen con copyright CC BY 4.0, creada por Xeroporcellio y obtenida de Wikimedia commons en: <a href=\"https:\/\/commons.wikimedia.org\/wiki\/File:Armadillidium_vulgare_male.jpg\">https:\/\/commons.wikimedia.org\/wiki\/File:Armadillidium_vulgare_male.jpg<\/a><\/p>\n\n\n\n<div style=\"height:10px\" aria-hidden=\"true\" class=\"wp-block-spacer\"><\/div>\n\n\n\n<div class=\"wp-block-columns is-layout-flex wp-container-core-columns-is-layout-9d6595d7 wp-block-columns-is-layout-flex\">\n<div class=\"wp-block-column is-layout-flow wp-block-column-is-layout-flow\">\n<figure class=\"wp-block-table has-alegreya-font-family has-small-font-size\"><table><tbody><tr><td class=\"has-text-align-center\" data-align=\"center\"><strong>Reino<\/strong><\/td><td class=\"has-text-align-center\" data-align=\"center\">Animalia<\/td><\/tr><tr><td class=\"has-text-align-center\" data-align=\"center\"><strong>Filo<\/strong><\/td><td class=\"has-text-align-center\" data-align=\"center\">Arthropoda<\/td><\/tr><tr><td class=\"has-text-align-center\" data-align=\"center\"><strong>Subfilo<\/strong><\/td><td class=\"has-text-align-center\" data-align=\"center\">Crustacea<\/td><\/tr><tr><td class=\"has-text-align-center\" data-align=\"center\"><strong>Superclase<\/strong><\/td><td class=\"has-text-align-center\" data-align=\"center\">Multicrustacea<\/td><\/tr><tr><td class=\"has-text-align-center\" data-align=\"center\"><strong>Clase<\/strong><\/td><td class=\"has-text-align-center\" data-align=\"center\"><a href=\"https:\/\/webs.uab.cat\/bees\/malacostraca\/\" data-type=\"page\" data-id=\"2005\">Malacostraca<\/a><\/td><\/tr><tr><td class=\"has-text-align-center\" data-align=\"center\"><strong>Subclase<\/strong><\/td><td class=\"has-text-align-center\" data-align=\"center\">Eumalacostraca<\/td><\/tr><tr><td class=\"has-text-align-center\" data-align=\"center\"><strong>Superorden<\/strong><\/td><td class=\"has-text-align-center\" data-align=\"center\">Peracarida<\/td><\/tr><tr><td class=\"has-text-align-center\" data-align=\"center\"><strong>Orden<\/strong><\/td><td class=\"has-text-align-center\" data-align=\"center\">Isopoda<\/td><\/tr><tr><td class=\"has-text-align-center\" data-align=\"center\"><strong>Suborden<\/strong><\/td><td class=\"has-text-align-center\" data-align=\"center\">Oniscidea<\/td><\/tr><tr><td class=\"has-text-align-center\" data-align=\"center\"><strong>Infraorden<\/strong><\/td><td class=\"has-text-align-center\" data-align=\"center\">Holoverticata<\/td><\/tr><tr><td class=\"has-text-align-center\" data-align=\"center\"><strong>Zoosecci\u00f3n<\/strong><\/td><td class=\"has-text-align-center\" data-align=\"center\">Crinocheta<\/td><\/tr><tr><td class=\"has-text-align-center\" data-align=\"center\"><strong>Familia<\/strong><\/td><td class=\"has-text-align-center\" data-align=\"center\">Armadillidiidae<\/td><\/tr><tr><td class=\"has-text-align-center\" data-align=\"center\"><strong>G\u00e9nero<\/strong><\/td><td class=\"has-text-align-center\" data-align=\"center\">Armadillidium<\/td><\/tr><tr><td class=\"has-text-align-center\" data-align=\"center\"><strong>Especie<\/strong><\/td><td class=\"has-text-align-center\" data-align=\"center\">A. vulgare<\/td><\/tr><\/tbody><\/table><\/figure>\n<\/div>\n\n\n\n<div class=\"wp-block-column is-layout-flow wp-block-column-is-layout-flow\">\n<div class=\"wp-block-group is-vertical is-layout-flex wp-container-core-group-is-layout-769d0143 wp-block-group-is-layout-flex\">\n<p><strong>DESCRIPCI\u00d3N:<\/strong><\/p>\n\n\n\n<p class=\"has-text-align-justify has-alegreya-font-family has-small-font-size\">La cochinilla com\u00fan es un crust\u00e1ceo de peque\u00f1o tama\u00f1o, que suele medir entre 10 y 15mm. Su coloraci\u00f3n es principalmente gris o negra, con diversas manchas m\u00e1s o menos abundantes de coloraci\u00f3n amarillenta.<\/p>\n\n\n\n<p class=\"has-text-align-justify has-alegreya-font-family has-small-font-size\">Este organismo se caracteriza por la presencia de una coraza que envuelve el segmento cef\u00e1lico, siete segmentos dorsales y un pleon formado al mismo tiempo por 5 segmentos diferentes. Esta cut\u00edcula endurecida les permite volverse una bola, lo que les favorece la protecci\u00f3n frente de los ataques de los depredadores.<\/p>\n\n\n\n<p class=\"has-text-align-justify has-alegreya-font-family has-small-font-size\">En la zona de la cabeza destaca la presencia de dos pares de antenas, donde uno de ellos es dif\u00edcil de ver debido a su peque\u00f1a medida. A cada lado de la cabeza exhiben un ojo compuesto, que les permite detectar movimiento o cambio de luminosidad, pero que es pobre con respecto a la capacidad de formar im\u00e1genes.<\/p>\n\n\n\n<p class=\"has-text-align-justify has-alegreya-font-family has-small-font-size\">En la zona tor\u00e1cica cuentan con un par de patas por segmento, por lo que en total llegan a tener 14. Cabe decir que la fase juvenil suele tener un par de patas menos, pero durante el desarrollo las obtiene.<\/p>\n<\/div>\n<\/div>\n<\/div>\n\n\n\n<div style=\"height:10px\" aria-hidden=\"true\" class=\"wp-block-spacer\"><\/div>\n\n\n\n<div class=\"wp-block-group is-vertical is-layout-flex wp-container-core-group-is-layout-769d0143 wp-block-group-is-layout-flex\">\n<p><strong>DIETA:<\/strong><\/p>\n\n\n\n<p class=\"has-text-align-justify has-alegreya-font-family has-small-font-size\">Su dieta suele ser detrit\u00edvora, de manera que pueden ingerir part\u00edculas provenientes de materia vegetal o animal que se encuentra en proceso de descomposici\u00f3n<\/p>\n<\/div>\n\n\n\n<div style=\"height:10px\" aria-hidden=\"true\" class=\"wp-block-spacer\"><\/div>\n\n\n\n<div class=\"wp-block-group is-vertical is-layout-flex wp-container-core-group-is-layout-769d0143 wp-block-group-is-layout-flex\">\n<p><strong>ESTRUCTURA SOCIAL Y COMPORTAMIENTO:<\/strong><\/p>\n\n\n\n<p class=\"has-text-align-justify has-alegreya-font-family has-small-font-size\">Estos organismos suelen exhibir un comportamiento social, con cierta capacidad para comunicarse entre s\u00ed a trav\u00e9s de la secreci\u00f3n de diferentes hormonas. Adem\u00e1s, generalmente se encuentran activos por la noche, ya que como requieren de una alta humedad para sobrevivir.<\/p>\n\n\n\n<p class=\"has-text-align-justify has-alegreya-font-family has-small-font-size\">Su ciclo de vida suele durar de primavera a oto\u00f1o, donde seg\u00fan la regi\u00f3n se pueden producir m\u00e1s de una puesta o no. Durante este periodo los individuos se encuentran mediante la secreci\u00f3n hormonal y posteriormente el macho estimula a la hembra a partir del roce con las antenas. Despu\u00e9s de esto se produce la copula, donde se transmite una bolsa con espermatozoides para fecundar a la hembra.<\/p>\n\n\n\n<p class=\"has-text-align-justify has-alegreya-font-family has-small-font-size\">Una vez se ha dado la fecundaci\u00f3n, la hembra deposita sus 20-160 huevos dentro de un marsupio presente en el abdomen. Con esto generan un ambiente h\u00famedo y con una buena temperatura, que les permitir\u00e1n eclosionar en un periodo de 3-9 semanas.<\/p>\n\n\n\n<p class=\"has-text-align-justify has-alegreya-font-family has-small-font-size\">Cuando las cr\u00edas nacen presentan una morfolog\u00eda muy parecida a la de los adultos, pero con un par de patas menos. Durante los pr\u00f3ximos 3 meses o 1 a\u00f1o, las cr\u00edas pasar\u00e1n por diversas mudas hasta que llega el momento en el que logran alcanzar la madurez sexual.<\/p>\n<\/div>\n\n\n\n<div style=\"height:10px\" aria-hidden=\"true\" class=\"wp-block-spacer\"><\/div>\n\n\n\n<div class=\"wp-block-group is-vertical is-layout-flex wp-container-core-group-is-layout-769d0143 wp-block-group-is-layout-flex\">\n<p><strong>HABITAT Y ZONA DE DISTRIBUCI\u00d3N:<\/strong><\/p>\n\n\n\n<p class=\"has-text-align-justify has-alegreya-font-family has-small-font-size\">Esta especie se encuentra ampliamente distribuida por toda Europa, Am\u00e9rica, el este de Asia, el norte y sud de \u00c1frica y en el sudeste de Oceania.<\/p>\n\n\n\n<p class=\"has-text-align-justify has-alegreya-font-family has-small-font-size\">Su h\u00e1bitat t\u00edpico son los lugares h\u00famedos y generalmente oscuros. Es por ello por lo que pueden estar en zonas h\u00famedas de viviendas o en busques, lugar donde se esconde bajo rocas o la hojarasca.<\/p>\n<\/div>\n\n\n\n<div class=\"wp-block-group is-vertical is-layout-flex wp-container-core-group-is-layout-769d0143 wp-block-group-is-layout-flex\">\n<figure class=\"wp-block-image size-large\"><img loading=\"lazy\" decoding=\"async\" width=\"1065\" height=\"531\" src=\"https:\/\/biocampus25.wordpress.com\/wp-content\/uploads\/2025\/04\/captura-de-pantalla-2025-04-20-174723.png?w=1024\" alt=\"\" class=\"wp-image-2042\" srcset=\"https:\/\/webs.uab.cat\/bees\/wp-content\/uploads\/sites\/329\/2025\/04\/captura-de-pantalla-2025-04-20-174723.png 1065w, https:\/\/webs.uab.cat\/bees\/wp-content\/uploads\/sites\/329\/2025\/04\/captura-de-pantalla-2025-04-20-174723-300x150.png 300w, https:\/\/webs.uab.cat\/bees\/wp-content\/uploads\/sites\/329\/2025\/04\/captura-de-pantalla-2025-04-20-174723-1024x511.png 1024w, https:\/\/webs.uab.cat\/bees\/wp-content\/uploads\/sites\/329\/2025\/04\/captura-de-pantalla-2025-04-20-174723-768x383.png 768w\" sizes=\"auto, (max-width: 1065px) 100vw, 1065px\" \/><\/figure>\n\n\n\n<p class=\"has-text-align-justify has-small-font-size\">Mapa de distribuci\u00f3n de Armadillidium vulgare. Imagen obtenida de Gbif en: <a href=\"https:\/\/www.gbif.org\/es\/species\/2203611\">https:\/\/www.gbif.org\/es\/species\/2203611<\/a><\/p>\n<\/div>\n\n\n\n<div style=\"height:10px\" aria-hidden=\"true\" class=\"wp-block-spacer\"><\/div>\n\n\n\n<div class=\"wp-block-group is-vertical is-layout-flex wp-container-core-group-is-layout-769d0143 wp-block-group-is-layout-flex\">\n<p><strong>ESTADO DE CONSERVACI\u00d3N:<\/strong><\/p>\n\n\n\n<p class=\"has-text-align-justify has-alegreya-font-family has-small-font-size\">Aunque no hay datos espec\u00edficos de la IUCN que muestren su estado de conservaci\u00f3n, est\u00e1 considerada una especie com\u00fan o incluso invasora. Es por eso por lo que no hay medidas espec\u00edficas para su conservaci\u00f3n.<\/p>\n<\/div>\n\n\n<div class=\"wp-block-image\">\n<figure class=\"aligncenter size-large is-resized\"><img loading=\"lazy\" decoding=\"async\" width=\"582\" height=\"167\" src=\"https:\/\/biocampus25.wordpress.com\/wp-content\/uploads\/2025\/04\/captura_de_pantalla_2025-04-16_221652-removebg-preview-26.png?w=582\" alt=\"\" class=\"wp-image-2044\" style=\"width:620px;height:auto\" srcset=\"https:\/\/webs.uab.cat\/bees\/wp-content\/uploads\/sites\/329\/2025\/04\/captura_de_pantalla_2025-04-16_221652-removebg-preview-26.png 582w, https:\/\/webs.uab.cat\/bees\/wp-content\/uploads\/sites\/329\/2025\/04\/captura_de_pantalla_2025-04-16_221652-removebg-preview-26-300x86.png 300w\" sizes=\"auto, (max-width: 582px) 100vw, 582px\" \/><\/figure>\n<\/div>\n\n\n<div style=\"height:30px\" aria-hidden=\"true\" class=\"wp-block-spacer\"><\/div>\n\n\n\n<p><strong>REFERENCIAS:<\/strong><\/p>\n\n\n\n<p class=\"has-text-align-justify has-small-font-size\"><em>Cochinilla mediterr\u00e1nea (Armadillidium vulgare)<\/em>. (n.d.). iNaturalist Mexico. Retrieved March 3, 2025, from <a href=\"https:\/\/mexico.inaturalist.org\/taxa\/56083-Armadillidium-vulgare\">https:\/\/mexico.inaturalist.org\/taxa\/56083-Armadillidium-vulgare<\/a><\/p>\n\n\n\n<p class=\"has-text-align-justify has-small-font-size\"><em>Cochinilla de la humedad<\/em>. (n.d.). Elmedinaturaldelbages.cat. Retrieved March 13, 2025, from <a href=\"https:\/\/elmedinaturaldelbages.cat\/es\/species\/cochinilla-de-la-humedad-armadillidium-vulgare-es\/\">https:\/\/elmedinaturaldelbages.cat\/es\/species\/cochinilla-de-la-humedad-armadillidium-vulgare-es\/<\/a><\/p>\n\n\n\n<p class=\"has-text-align-justify has-small-font-size\">Luis, P. (n.d.).&nbsp;<em>Cochinilla p\u00edldora (Armadillidium vulgare)<\/em>. Biopedia.com. Retrieved March 13, 2025, from <a href=\"https:\/\/www.biopedia.com\/cochinilla-pildora-armadillidium-vulgare\/\">https:\/\/www.biopedia.com\/cochinilla-pildora-armadillidium-vulgare\/<\/a><\/p>\n\n\n\n<p class=\"has-text-align-justify has-small-font-size\"><em>Armadillidium vulgare<\/em>. (2020, July 24). SALIDA DE CAMPO III SEMESTRE. <a href=\"https:\/\/diversidadbiologica1upn.wordpress.com\/2020\/07\/23\/armadillidium-vulgare\/\">https:\/\/diversidadbiologica1upn.wordpress.com\/2020\/07\/23\/armadillidium-vulgare\/<\/a><\/p>\n\n\n\n<p class=\"has-text-align-justify has-small-font-size\"><em>Armadillidium vulgare (pillbug)<\/em>. (n.d.). Animal Diversity Web. Retrieved March 13, 2025, from <a href=\"https:\/\/animaldiversity.org\/accounts\/Armadillidium_vulgare\/\">https:\/\/animaldiversity.org\/accounts\/Armadillidium_vulgare\/<\/a><\/p>\n","protected":false},"excerpt":{"rendered":"<p>Armadillidium vulgare. Imagen con copyright CC BY 4.0, creada por Xeroporcellio y obtenida de Wikimedia commons en: https:\/\/commons.wikimedia.org\/wiki\/File:Armadillidium_vulgare_male.jpg Reino Animalia Filo Arthropoda Subfilo Crustacea Superclase Multicrustacea Clase Malacostraca Subclase Eumalacostraca Superorden Peracarida Orden Isopoda Suborden Oniscidea Infraorden Holoverticata Zoosecci\u00f3n Crinocheta Familia Armadillidiidae G\u00e9nero Armadillidium Especie A. vulgare DESCRIPCI\u00d3N: La cochinilla com\u00fan es un crust\u00e1ceo de [&hellip;]<\/p>\n","protected":false},"author":2556,"featured_media":0,"parent":0,"menu_order":0,"comment_status":"closed","ping_status":"closed","template":"","meta":{"footnotes":""},"class_list":["post-2034","page","type-page","status-publish","hentry"],"_links":{"self":[{"href":"https:\/\/webs.uab.cat\/bees\/wp-json\/wp\/v2\/pages\/2034","targetHints":{"allow":["GET"]}}],"collection":[{"href":"https:\/\/webs.uab.cat\/bees\/wp-json\/wp\/v2\/pages"}],"about":[{"href":"https:\/\/webs.uab.cat\/bees\/wp-json\/wp\/v2\/types\/page"}],"author":[{"embeddable":true,"href":"https:\/\/webs.uab.cat\/bees\/wp-json\/wp\/v2\/users\/2556"}],"replies":[{"embeddable":true,"href":"https:\/\/webs.uab.cat\/bees\/wp-json\/wp\/v2\/comments?post=2034"}],"version-history":[{"count":1,"href":"https:\/\/webs.uab.cat\/bees\/wp-json\/wp\/v2\/pages\/2034\/revisions"}],"predecessor-version":[{"id":4167,"href":"https:\/\/webs.uab.cat\/bees\/wp-json\/wp\/v2\/pages\/2034\/revisions\/4167"}],"wp:attachment":[{"href":"https:\/\/webs.uab.cat\/bees\/wp-json\/wp\/v2\/media?parent=2034"}],"curies":[{"name":"wp","href":"https:\/\/api.w.org\/{rel}","templated":true}]}}