{"id":2049,"date":"2025-05-14T11:42:29","date_gmt":"2025-05-14T09:42:29","guid":{"rendered":"https:\/\/biocampus25.wordpress.com\/?page_id=2049"},"modified":"2025-05-19T12:57:43","modified_gmt":"2025-05-19T10:57:43","slug":"myriapoda","status":"publish","type":"page","link":"https:\/\/webs.uab.cat\/bees\/myriapoda\/","title":{"rendered":"Myriapoda"},"content":{"rendered":"\n<div class=\"wp-block-group is-vertical is-layout-flex wp-container-core-group-is-layout-3e0ae1ae wp-block-group-is-layout-flex\">\n<p><strong>Descripci\u00f3n:<\/strong><\/p>\n\n\n\n<div class=\"wp-block-group is-vertical is-layout-flex wp-container-core-group-is-layout-8cf370e7 wp-block-group-is-layout-flex\">\n<div class=\"wp-block-group has-alegreya-font-family has-small-font-size is-vertical is-layout-flex wp-container-core-group-is-layout-8cf370e7 wp-block-group-is-layout-flex\">\n<div class=\"wp-block-group is-vertical is-layout-flex wp-container-core-group-is-layout-3e0ae1ae wp-block-group-is-layout-flex\">\n<p class=\"has-text-align-justify\">Este subfilo de artr\u00f3podos est\u00e1 formado por m\u00e1s de 16.000 especies, entre las cuales podemos encontrar los ciempi\u00e9s y los milpi\u00e9s. Se caracterizan, entre otras cosas, por tener el cuerpo aplanado y, a veces, sin la capa c\u00e9rea que protege a los artr\u00f3podos de la desecaci\u00f3n. Como presentan un cuerpo blando, pueden realizar respiraci\u00f3n cut\u00e1nea, adem\u00e1s de la traqueal.<\/p>\n\n\n\n<p class=\"has-text-align-justify\">La mayor\u00eda son animales luc\u00edfugos e higr\u00f3filos, por lo que generalmente son nocturnos y viven bajo las rocas o la hojarasca de los bosques h\u00famedos. Normalmente son animales herb\u00edvoros o detrit\u00edvoros, que ayudan a descomponer la materia vegetal del suelo.<\/p>\n\n\n\n<p>Tienen su cuerpo subdividido en dos regiones:<\/p>\n\n\n\n<ul class=\"wp-block-list\">\n<li><strong>Cabeza<\/strong>: presenta una c\u00e1psula cef\u00e1lica proveniente de la fusi\u00f3n de 5-6 segmentos y el acr\u00f3n. En esta zona podemos encontrar ocelos, antenas filiformes (bajo las cuales se encuentran las aberturas que conectan con los \u00f3rganos de T\u00f6m\u00f6svary) y 2-3 ap\u00e9ndices bucales con mand\u00edbulas articuladas (caracter\u00edstica exclusiva de este grupo).<\/li>\n\n\n\n<li><strong>Tronco<\/strong>: es una regi\u00f3n alargada, formada por 11-190 segmentos con un par de patas en cada uno (excepto en el primero y los dos \u00faltimos).<\/li>\n<\/ul>\n\n\n\n<p class=\"has-text-align-justify\">En cuanto a la reproducci\u00f3n, son organismos dioicos (con sexos separados) que ponen huevos. A veces, la fecundaci\u00f3n se realiza de forma indirecta, lo que significa que el macho deposita los espermat\u00f3foros (bolsas de espermatozoides) rodeados de feromonas para que sea la hembra quien los capture.<\/p>\n<\/div>\n<\/div>\n<\/div>\n<\/div>\n\n\n\n<div style=\"height:20px\" aria-hidden=\"true\" class=\"wp-block-spacer\"><\/div>\n\n\n\n<p><strong>Clave dicot\u00f3mica:<\/strong><\/p>\n\n\n\n<div class=\"wp-block-group has-small-font-size is-vertical is-layout-flex wp-container-core-group-is-layout-769d0143 wp-block-group-is-layout-flex\">\n<p><strong>a. <\/strong>Tiene dos pares de patas por segmento &#8212;&#8212;&#8212;&#8212;&#8212;&#8212;&#8212;-&gt; <strong><a href=\"https:\/\/webs.uab.cat\/bees\/diplopoda\/\" data-type=\"page\" data-id=\"2056\">Diplopoda<\/a><\/strong><\/p>\n\n\n\n<p><strong>b.<\/strong> Solo tiene un par de patas por segmento &#8212;&#8212;&#8212;&#8212;&#8212;&#8212;&#8212;&gt; <strong><a href=\"https:\/\/webs.uab.cat\/bees\/chilopoda\/\" data-type=\"page\" data-id=\"2062\">Chilopoda<\/a><\/strong><\/p>\n<\/div>\n\n\n\n<div style=\"height:30px\" aria-hidden=\"true\" class=\"wp-block-spacer\"><\/div>\n\n\n\n<p><strong>Bibliografia:<\/strong><\/p>\n\n\n\n<p class=\"has-text-align-justify has-small-font-size\"><em>Subphylum Myriapoda &#8211; Insectarium Virtual del Parc Natural del Penyal d\u2019Ifac &#8211; Generalitat Valenciana<\/em>. (n.d.). Insectarium Virtual del Parc Natural del Penyal d\u2019Ifac. Retrieved January 24, 2025, from <a href=\"https:\/\/parquesnaturales.gva.es\/es\/web\/insectarium-virtual-del-parc-natural-del-penyal-d-ifac\/subphylum-myriapoda\">https:\/\/parquesnaturales.gva.es\/es\/web\/insectarium-virtual-del-parc-natural-del-penyal-d-ifac\/subphylum-myriapoda<\/a><\/p>\n\n\n\n<p class=\"has-text-align-justify has-small-font-size\">Wikipedia contributors. (n.d.-e).&nbsp;<em>Myriapoda<\/em>. Wikipedia, The Free Encyclopedia. <a href=\"https:\/\/es.wikipedia.org\/w\/index.php?title=Myriapoda&amp;oldid=166808424\">https:\/\/es.wikipedia.org\/w\/index.php?title=Myriapoda&amp;oldid=166808424<\/a><\/p>\n\n\n\n<p><\/p>\n","protected":false},"excerpt":{"rendered":"<p>Descripci\u00f3n: Este subfilo de artr\u00f3podos est\u00e1 formado por m\u00e1s de 16.000 especies, entre las cuales podemos encontrar los ciempi\u00e9s y los milpi\u00e9s. Se caracterizan, entre otras cosas, por tener el cuerpo aplanado y, a veces, sin la capa c\u00e9rea que protege a los artr\u00f3podos de la desecaci\u00f3n. Como presentan un cuerpo blando, pueden realizar respiraci\u00f3n [&hellip;]<\/p>\n","protected":false},"author":2556,"featured_media":0,"parent":0,"menu_order":0,"comment_status":"closed","ping_status":"closed","template":"","meta":{"footnotes":""},"class_list":["post-2049","page","type-page","status-publish","hentry"],"_links":{"self":[{"href":"https:\/\/webs.uab.cat\/bees\/wp-json\/wp\/v2\/pages\/2049","targetHints":{"allow":["GET"]}}],"collection":[{"href":"https:\/\/webs.uab.cat\/bees\/wp-json\/wp\/v2\/pages"}],"about":[{"href":"https:\/\/webs.uab.cat\/bees\/wp-json\/wp\/v2\/types\/page"}],"author":[{"embeddable":true,"href":"https:\/\/webs.uab.cat\/bees\/wp-json\/wp\/v2\/users\/2556"}],"replies":[{"embeddable":true,"href":"https:\/\/webs.uab.cat\/bees\/wp-json\/wp\/v2\/comments?post=2049"}],"version-history":[{"count":1,"href":"https:\/\/webs.uab.cat\/bees\/wp-json\/wp\/v2\/pages\/2049\/revisions"}],"predecessor-version":[{"id":4257,"href":"https:\/\/webs.uab.cat\/bees\/wp-json\/wp\/v2\/pages\/2049\/revisions\/4257"}],"wp:attachment":[{"href":"https:\/\/webs.uab.cat\/bees\/wp-json\/wp\/v2\/media?parent=2049"}],"curies":[{"name":"wp","href":"https:\/\/api.w.org\/{rel}","templated":true}]}}