{"id":2056,"date":"2025-05-14T11:40:12","date_gmt":"2025-05-14T09:40:12","guid":{"rendered":"https:\/\/biocampus25.wordpress.com\/?page_id=2056"},"modified":"2025-05-19T11:09:24","modified_gmt":"2025-05-19T09:09:24","slug":"diplopoda","status":"publish","type":"page","link":"https:\/\/webs.uab.cat\/bees\/diplopoda\/","title":{"rendered":"Diplopoda"},"content":{"rendered":"\n<div class=\"wp-block-group is-vertical is-layout-flex wp-container-core-group-is-layout-3e0ae1ae wp-block-group-is-layout-flex\">\n<p><strong>Descripci\u00f3n:<\/strong><\/p>\n\n\n\n<div class=\"wp-block-group has-alegreya-font-family has-small-font-size is-vertical is-layout-flex wp-container-core-group-is-layout-8cf370e7 wp-block-group-is-layout-flex\">\n<div class=\"wp-block-group is-vertical is-layout-flex wp-container-core-group-is-layout-3e0ae1ae wp-block-group-is-layout-flex\">\n<p class=\"has-text-align-justify\">Esta clase de miri\u00e1podos, com\u00fanmente conocida como milpi\u00e9s, est\u00e1 formada por unas 12.000 especies. Entre sus caracter\u00edsticas distintivas se encuentra la capacidad de segregar sustancias qu\u00edmicas de protecci\u00f3n a trav\u00e9s de peque\u00f1os poros en la cut\u00edcula.<\/p>\n\n\n\n<p class=\"has-text-align-justify\">Normalmente comen hongos y fluidos vegetales (aunque haya tambi\u00e9n depredadores), por lo que pueden formar plagas da\u00f1inas para la econom\u00eda.<\/p>\n\n\n\n<p class=\"has-text-align-justify\">La gran mayor\u00eda de miri\u00e1podos tienen la capacidad de enrollarse, pero este grupo ha desarrollado especialmente esta caracter\u00edstica. De este modo, el primer y el \u00faltimo segmento encajan perfectamente, enroll\u00e1ndose de manera que solo quedan expuestas las estructuras m\u00e1s endurecidas.<\/p>\n\n\n\n<p class=\"has-text-align-justify\">Su cabeza tiene forma redondeada en la parte superior, mientras que en la inferior est\u00e1 aplanada. Presentan los ojos, si los tienen, en los lados de la cabeza. El aparato bucal est\u00e1 formado por las mand\u00edbulas y el gnatoquilario (fusi\u00f3n de los dos pares de maxilas).<\/p>\n\n\n\n<p>El tronco se puede dividir en cuatro secciones:<\/p>\n\n\n\n<ul class=\"wp-block-list\">\n<li><strong>Cuello<\/strong>: segmento m\u00e1s grande, sin patas, cuya funci\u00f3n es b\u00e1sicamente ayudar a mantener la cabeza inclinada.<\/li>\n\n\n\n<li>A continuaci\u00f3n, hay una regi\u00f3n formada por tres segmentos con un \u00fanico par de patas en cada uno.<\/li>\n\n\n\n<li><strong>Abdomen<\/strong>: aparece a partir del quinto segmento. Se caracteriza por tener segmentos dobles, lo que significa que originalmente eran dos segmentos separados que se han fusionado, por lo que ahora tienen dos pares de patas en cada uno.<\/li>\n\n\n\n<li><strong>T\u00e9lson<\/strong>: est\u00e1 formado por un par de v\u00e1lvulas en la regi\u00f3n ventral, que dan lugar a la abertura del ano.<\/li>\n<\/ul>\n\n\n\n<p class=\"has-text-align-justify\">En cuanto a la reproducci\u00f3n, los machos han modificado uno o dos pares de patas para formar los gon\u00f3podos, \u00f3rganos que introducen directamente los espermat\u00f3foros en la hembra. Estas estructuras y las aberturas genitales (gon\u00f3poros) se encuentran en la parte inferior del tercer segmento.<\/p>\n\n\n\n<p class=\"has-text-align-justify\">Antes de la c\u00f3pula, muchas especies pueden realizar un cortejo. Este puede consistir en que el macho corra por la parte inferior de la hembra, le ofrezca secreciones digestibles, se toquen con las antenas o incluso puedan estridular.<\/p>\n\n\n\n<p class=\"has-text-align-justify\">Cuando se produce la fecundaci\u00f3n, la hembra deposita entre 10 y 300 huevos en el sustrato. Los cuales se colocan en suelo h\u00famedo o sobre materia org\u00e1nica, como excrementos o sedas. Adem\u00e1s, una vez depositados los huevos, la hembra los abandona y los organismos juveniles crecen solos.<\/p>\n\n\n\n<p class=\"has-text-align-justify\">Los organismos juveniles nacen con un n\u00famero menor de segmentos que el adulto, por lo que deben realizar varias mudas para ir sumando m\u00e1s. Despu\u00e9s de la \u00faltima muda alcanzan la madurez sexual, pero esta suele producirse de forma intermitente a lo largo de sus 1-10 a\u00f1os de vida.<\/p>\n<\/div>\n<\/div>\n<\/div>\n\n\n\n<div style=\"height:30px\" aria-hidden=\"true\" class=\"wp-block-spacer\"><\/div>\n\n\n\n<p><strong>Bibliografia:<\/strong><\/p>\n\n\n\n<p class=\"has-text-align-justify has-small-font-size\">Wikipedia contributors. (n.d.-d).\u00a0<em>Diplopoda<\/em>. Wikipedia, The Free Encyclopedia. <a href=\"https:\/\/es.wikipedia.org\/w\/index.php?title=Diplopoda&amp;oldid=165676922\">https:\/\/es.wikipedia.org\/w\/index.php?title=Diplopoda&amp;oldid=165676922<\/a><\/p>\n\n\n\n<p class=\"has-text-align-justify has-small-font-size\"><em>Clase Diplopoda &#8211; Insectarium Virtual del Parc Natural del Penyal d\u2019Ifac &#8211; Generalitat Valenciana<\/em>. (n.d.). Insectarium Virtual del Parc Natural del Penyal d\u2019Ifac. Retrieved January 24, 2025, from <a href=\"https:\/\/parquesnaturales.gva.es\/es\/web\/insectarium-virtual-del-parc-natural-del-penyal-d-ifac\/clase-diplopoda\">https:\/\/parquesnaturales.gva.es\/es\/web\/insectarium-virtual-del-parc-natural-del-penyal-d-ifac\/clase-diplopoda<\/a><\/p>\n\n\n\n<p><\/p>\n","protected":false},"excerpt":{"rendered":"<p>Descripci\u00f3n: Esta clase de miri\u00e1podos, com\u00fanmente conocida como milpi\u00e9s, est\u00e1 formada por unas 12.000 especies. Entre sus caracter\u00edsticas distintivas se encuentra la capacidad de segregar sustancias qu\u00edmicas de protecci\u00f3n a trav\u00e9s de peque\u00f1os poros en la cut\u00edcula. Normalmente comen hongos y fluidos vegetales (aunque haya tambi\u00e9n depredadores), por lo que pueden formar plagas da\u00f1inas para [&hellip;]<\/p>\n","protected":false},"author":2556,"featured_media":0,"parent":0,"menu_order":0,"comment_status":"closed","ping_status":"closed","template":"","meta":{"footnotes":""},"class_list":["post-2056","page","type-page","status-publish","hentry"],"_links":{"self":[{"href":"https:\/\/webs.uab.cat\/bees\/wp-json\/wp\/v2\/pages\/2056","targetHints":{"allow":["GET"]}}],"collection":[{"href":"https:\/\/webs.uab.cat\/bees\/wp-json\/wp\/v2\/pages"}],"about":[{"href":"https:\/\/webs.uab.cat\/bees\/wp-json\/wp\/v2\/types\/page"}],"author":[{"embeddable":true,"href":"https:\/\/webs.uab.cat\/bees\/wp-json\/wp\/v2\/users\/2556"}],"replies":[{"embeddable":true,"href":"https:\/\/webs.uab.cat\/bees\/wp-json\/wp\/v2\/comments?post=2056"}],"version-history":[{"count":2,"href":"https:\/\/webs.uab.cat\/bees\/wp-json\/wp\/v2\/pages\/2056\/revisions"}],"predecessor-version":[{"id":4180,"href":"https:\/\/webs.uab.cat\/bees\/wp-json\/wp\/v2\/pages\/2056\/revisions\/4180"}],"wp:attachment":[{"href":"https:\/\/webs.uab.cat\/bees\/wp-json\/wp\/v2\/media?parent=2056"}],"curies":[{"name":"wp","href":"https:\/\/api.w.org\/{rel}","templated":true}]}}