{"id":2062,"date":"2025-05-14T11:39:44","date_gmt":"2025-05-14T09:39:44","guid":{"rendered":"https:\/\/biocampus25.wordpress.com\/?page_id=2062"},"modified":"2025-05-19T10:45:44","modified_gmt":"2025-05-19T08:45:44","slug":"chilopoda","status":"publish","type":"page","link":"https:\/\/webs.uab.cat\/bees\/chilopoda\/","title":{"rendered":"Chilopoda"},"content":{"rendered":"\n<div class=\"wp-block-group is-vertical is-layout-flex wp-container-core-group-is-layout-3e0ae1ae wp-block-group-is-layout-flex\">\n<p><strong>Descripci\u00f3n:<\/strong><\/p>\n\n\n\n<p class=\"has-text-align-justify has-alegreya-font-family has-small-font-size\">Es en esta clase de miri\u00e1podos donde encontramos a los com\u00fanmente conocidos como ciempi\u00e9s, entre las m\u00e1s de 3.300 especies descritas. Se pueden distinguir de los dipl\u00f3podos por el hecho de que solo tienen un par de patas por cada met\u00e1mero.<\/p>\n\n\n\n<p class=\"has-text-align-justify has-alegreya-font-family has-small-font-size\">Su cabeza, generalmente de forma rectangular, presenta en la regi\u00f3n terminal un par de antenas filiformes. A los lados suelen tener dos ojos simples, aunque hay especies que los tienen compuestos o que son ciegas.<\/p>\n\n\n\n<p class=\"has-text-align-justify has-alegreya-font-family has-small-font-size\">Su aparato bucal est\u00e1 formado por la mand\u00edbula y dos pares de maxilas, donde la primera es m\u00e1s reducida y est\u00e1 en posici\u00f3n ventral. Tambi\u00e9n pueden tener el primer par de patas modificado para formar forc\u00edpulas (pieza bucal en forma de pinza que contiene veneno).<\/p>\n\n\n\n<p class=\"has-text-align-justify has-alegreya-font-family has-small-font-size\">El tronco est\u00e1 formado por un n\u00famero indeterminado de segmentos. Las primeras patas est\u00e1n dirigidas hacia adelante y las posteriores hacia atr\u00e1s, mientras que el resto son perpendiculares al eje del cuerpo. El \u00faltimo par puede ser m\u00e1s grande y robusto, a veces con espinas, lo que les sirve tanto para defenderse como para atraer al sexo contrario. En el \u00faltimo segmento tambi\u00e9n presentan las g\u00f3nadas, lo que facilita la diferenciaci\u00f3n sexual.<\/p>\n\n\n\n<p class=\"has-text-align-justify has-alegreya-font-family has-small-font-size\">Su capacidad de desplazamiento es mucho mayor que la de los dipl\u00f3podos, lo que les ha permitido ser depredadores de artr\u00f3podos m\u00e1s peque\u00f1os que ellos. Al entrar en contacto con su presa, le inyectan veneno con el que buscan paralizarla o matarla.<\/p>\n\n\n\n<p class=\"has-text-align-justify has-alegreya-font-family has-small-font-size\">Tambi\u00e9n se diferencian de los dipl\u00f3podos en que no necesitan realizar la c\u00f3pula para fecundar los huevos, sino que la hembra captura los espermat\u00f3foros del suelo. Luego ponen los huevos en un espacio protegido o bien se enrollan a su alrededor hasta que eclosionan. Algunas especies tienen la capacidad de realizar partenog\u00e9nesis, produciendo descendencia sin fecundar los huevos.<\/p>\n<\/div>\n\n\n\n<div style=\"height:20px\" aria-hidden=\"true\" class=\"wp-block-spacer\"><\/div>\n\n\n\n<p><strong>Clave dicot\u00f3mica:<\/strong><\/p>\n\n\n\n<p class=\"has-text-align-justify has-small-font-size\"><strong>a.<\/strong> Presenta un cuerpo estrecho y r\u00edgido, con unas patas extendidas muy largas. Adem\u00e1s, tiene antenas muy largas &#8212;&#8212;&#8212;&gt; <strong><a href=\"https:\/\/webs.uab.cat\/bees\/ciempies-domestico\/\" data-type=\"page\" data-id=\"2074\">Scutiguera coleoptrata<\/a><\/strong><\/p>\n\n\n\n<p class=\"has-text-align-justify has-small-font-size\"><strong>b.<\/strong> Su cuerpo es alargado y con unas patas cortas. La cabeza, las antenas y el \u00faltimo par de patas son de color naranja &#8212;&#8212;&#8211;&gt; <strong><a href=\"https:\/\/webs.uab.cat\/bees\/escolopendra-mediterranea\/\" data-type=\"page\" data-id=\"2094\">Scolopendra cingulata<\/a><\/strong><\/p>\n\n\n\n<div class=\"wp-block-columns is-layout-flex wp-container-core-columns-is-layout-9d6595d7 wp-block-columns-is-layout-flex\">\n<div class=\"wp-block-column is-layout-flow wp-block-column-is-layout-flow\">\n<div class=\"wp-block-group is-vertical is-layout-flex wp-container-core-group-is-layout-769d0143 wp-block-group-is-layout-flex\">\n<figure class=\"wp-block-image size-large\"><img loading=\"lazy\" decoding=\"async\" width=\"640\" height=\"345\" src=\"https:\/\/biocampus25.wordpress.com\/wp-content\/uploads\/2025\/04\/house_centipede.jpg?w=640\" alt=\"\" class=\"wp-image-2066\" srcset=\"https:\/\/webs.uab.cat\/bees\/wp-content\/uploads\/sites\/329\/2025\/04\/house_centipede.jpg 640w, https:\/\/webs.uab.cat\/bees\/wp-content\/uploads\/sites\/329\/2025\/04\/house_centipede-300x162.jpg 300w\" sizes=\"auto, (max-width: 640px) 100vw, 640px\" \/><figcaption class=\"wp-element-caption\"><a href=\"https:\/\/webs.uab.cat\/bees\/ciempies-domestico\/\" data-type=\"page\" data-id=\"2074\">Scutiguera coleoptrata<\/a><\/figcaption><\/figure>\n<\/div>\n<\/div>\n\n\n\n<div class=\"wp-block-column is-layout-flow wp-block-column-is-layout-flow\">\n<figure class=\"wp-block-image size-large\"><img loading=\"lazy\" decoding=\"async\" width=\"950\" height=\"633\" src=\"https:\/\/biocampus25.wordpress.com\/wp-content\/uploads\/2025\/04\/scolopendra_cingulata_-_d7a8d791d7a0d793d79c_d790d7a8d7a1d799.jpg?w=950\" alt=\"\" class=\"wp-image-2068\" srcset=\"https:\/\/webs.uab.cat\/bees\/wp-content\/uploads\/sites\/329\/2025\/04\/scolopendra_cingulata_-_d7a8d791d7a0d793d79c_d790d7a8d7a1d799.jpg 950w, https:\/\/webs.uab.cat\/bees\/wp-content\/uploads\/sites\/329\/2025\/04\/scolopendra_cingulata_-_d7a8d791d7a0d793d79c_d790d7a8d7a1d799-300x200.jpg 300w, https:\/\/webs.uab.cat\/bees\/wp-content\/uploads\/sites\/329\/2025\/04\/scolopendra_cingulata_-_d7a8d791d7a0d793d79c_d790d7a8d7a1d799-768x512.jpg 768w\" sizes=\"auto, (max-width: 950px) 100vw, 950px\" \/><figcaption class=\"wp-element-caption\"><a href=\"https:\/\/webs.uab.cat\/bees\/escolopendra-mediterranea\/\" data-type=\"page\" data-id=\"2094\">Scolopendra cingulata<\/a>. Imagen con copyright CC BY 2.0, creada por Eran Finkle y obtenida de Wikimedia commons en: <a href=\"https:\/\/commons.wikimedia.org\/wiki\/File:Scolopendra_cingulata_-_%D7%A8%D7%91%D7%A0%D7%93%D7%9C_%D7%90%D7%A8%D7%A1%D7%99.jpg\">https:\/\/commons.wikimedia.org\/wiki\/File:Scolopendra_cingulata_-_%D7%A8%D7%91%D7%A0%D7%93%D7%9C_%D7%90%D7%A8%D7%A1%D7%99.jpg<\/a><\/figcaption><\/figure>\n<\/div>\n<\/div>\n\n\n\n<div style=\"height:30px\" aria-hidden=\"true\" class=\"wp-block-spacer\"><\/div>\n\n\n\n<p><strong>Bibliografia:<\/strong><\/p>\n\n\n\n<p class=\"has-text-align-justify has-small-font-size\"><em>Ciempi\u00e9s (Clase Chilopoda)<\/em>. (n.d.). iNaturalist Ecuador. Retrieved January 25, 2025, from <a href=\"https:\/\/ecuador.inaturalist.org\/taxa\/49556-Chilopoda\">https:\/\/ecuador.inaturalist.org\/taxa\/49556-Chilopoda<\/a><\/p>\n\n\n\n<p class=\"has-text-align-justify has-small-font-size\"><em>Clase Chilopoda &#8211; Insectarium Virtual del Parc Natural del Penyal d\u2019Ifac &#8211; Generalitat Valenciana<\/em>. (n.d.). Insectarium Virtual del Parc Natural del Penyal d\u2019Ifac. Retrieved January 25, 2025, from <a href=\"https:\/\/parquesnaturales.gva.es\/es\/web\/insectarium-virtual-del-parc-natural-del-penyal-d-ifac\/clase-chilopoda\">https:\/\/parquesnaturales.gva.es\/es\/web\/insectarium-virtual-del-parc-natural-del-penyal-d-ifac\/clase-chilopoda<\/a><\/p>\n\n\n\n<p class=\"has-text-align-justify has-small-font-size\">Chilopod (N.d.). Animalia.Bio. Retrieved January 25, 2025, from <a href=\"https:\/\/animalia.bio\/es\/chilopoda\">https:\/\/animalia.bio\/es\/chilopoda<\/a><\/p>\n\n\n\n<p><\/p>\n","protected":false},"excerpt":{"rendered":"<p>Descripci\u00f3n: Es en esta clase de miri\u00e1podos donde encontramos a los com\u00fanmente conocidos como ciempi\u00e9s, entre las m\u00e1s de 3.300 especies descritas. Se pueden distinguir de los dipl\u00f3podos por el hecho de que solo tienen un par de patas por cada met\u00e1mero. Su cabeza, generalmente de forma rectangular, presenta en la regi\u00f3n terminal un par [&hellip;]<\/p>\n","protected":false},"author":2556,"featured_media":0,"parent":0,"menu_order":0,"comment_status":"closed","ping_status":"closed","template":"","meta":{"footnotes":""},"class_list":["post-2062","page","type-page","status-publish","hentry"],"_links":{"self":[{"href":"https:\/\/webs.uab.cat\/bees\/wp-json\/wp\/v2\/pages\/2062","targetHints":{"allow":["GET"]}}],"collection":[{"href":"https:\/\/webs.uab.cat\/bees\/wp-json\/wp\/v2\/pages"}],"about":[{"href":"https:\/\/webs.uab.cat\/bees\/wp-json\/wp\/v2\/types\/page"}],"author":[{"embeddable":true,"href":"https:\/\/webs.uab.cat\/bees\/wp-json\/wp\/v2\/users\/2556"}],"replies":[{"embeddable":true,"href":"https:\/\/webs.uab.cat\/bees\/wp-json\/wp\/v2\/comments?post=2062"}],"version-history":[{"count":2,"href":"https:\/\/webs.uab.cat\/bees\/wp-json\/wp\/v2\/pages\/2062\/revisions"}],"predecessor-version":[{"id":4155,"href":"https:\/\/webs.uab.cat\/bees\/wp-json\/wp\/v2\/pages\/2062\/revisions\/4155"}],"wp:attachment":[{"href":"https:\/\/webs.uab.cat\/bees\/wp-json\/wp\/v2\/media?parent=2062"}],"curies":[{"name":"wp","href":"https:\/\/api.w.org\/{rel}","templated":true}]}}