{"id":2074,"date":"2025-05-14T11:39:47","date_gmt":"2025-05-14T09:39:47","guid":{"rendered":"https:\/\/biocampus25.wordpress.com\/?page_id=2074"},"modified":"2025-05-19T10:50:46","modified_gmt":"2025-05-19T08:50:46","slug":"ciempies-domestico","status":"publish","type":"page","link":"https:\/\/webs.uab.cat\/bees\/ciempies-domestico\/","title":{"rendered":"CIEMPI\u00c9S DOM\u00c9STICO"},"content":{"rendered":"<div class=\"wp-block-image\">\n<figure class=\"aligncenter size-large\"><img loading=\"lazy\" decoding=\"async\" width=\"640\" height=\"345\" src=\"https:\/\/biocampus25.wordpress.com\/wp-content\/uploads\/2025\/04\/house_centipede-1.jpg?w=640\" alt=\"\" class=\"wp-image-2076\" srcset=\"https:\/\/webs.uab.cat\/bees\/wp-content\/uploads\/sites\/329\/2025\/04\/house_centipede-1.jpg 640w, https:\/\/webs.uab.cat\/bees\/wp-content\/uploads\/sites\/329\/2025\/04\/house_centipede-1-300x162.jpg 300w\" sizes=\"auto, (max-width: 640px) 100vw, 640px\" \/><\/figure>\n<\/div>\n\n\n<div style=\"height:10px\" aria-hidden=\"true\" class=\"wp-block-spacer\"><\/div>\n\n\n\n<div class=\"wp-block-columns is-layout-flex wp-container-core-columns-is-layout-9d6595d7 wp-block-columns-is-layout-flex\">\n<div class=\"wp-block-column is-layout-flow wp-block-column-is-layout-flow\">\n<figure class=\"wp-block-table has-alegreya-font-family has-small-font-size\"><table><tbody><tr><td class=\"has-text-align-center\" data-align=\"center\"><strong>Reino<\/strong><\/td><td class=\"has-text-align-center\" data-align=\"center\">Animalia<\/td><\/tr><tr><td class=\"has-text-align-center\" data-align=\"center\"><strong>Filo<\/strong><\/td><td class=\"has-text-align-center\" data-align=\"center\">Arthropoda<\/td><\/tr><tr><td class=\"has-text-align-center\" data-align=\"center\"><strong>Subfilo<\/strong><\/td><td class=\"has-text-align-center\" data-align=\"center\"><a href=\"https:\/\/webs.uab.cat\/bees\/myriapoda\/\" data-type=\"page\" data-id=\"2049\">Myriapoda<\/a><\/td><\/tr><tr><td class=\"has-text-align-center\" data-align=\"center\"><strong>Clase<\/strong><\/td><td class=\"has-text-align-center\" data-align=\"center\"><a href=\"https:\/\/webs.uab.cat\/bees\/chilopoda\/\" data-type=\"page\" data-id=\"2062\">Chilopoda<\/a><\/td><\/tr><tr><td class=\"has-text-align-center\" data-align=\"center\"><strong>Orden<\/strong><\/td><td class=\"has-text-align-center\" data-align=\"center\">Scutigeromorpha<\/td><\/tr><tr><td class=\"has-text-align-center\" data-align=\"center\"><strong>Familia<\/strong><\/td><td class=\"has-text-align-center\" data-align=\"center\">Scutigeridae<\/td><\/tr><tr><td class=\"has-text-align-center\" data-align=\"center\"><strong>G\u00e9nero<\/strong><\/td><td class=\"has-text-align-center\" data-align=\"center\">Scutigera<\/td><\/tr><tr><td class=\"has-text-align-center\" data-align=\"center\"><strong>Especie<\/strong><\/td><td class=\"has-text-align-center\" data-align=\"center\">S. coleoptrata<\/td><\/tr><\/tbody><\/table><\/figure>\n<\/div>\n\n\n\n<div class=\"wp-block-column is-layout-flow wp-block-column-is-layout-flow\">\n<div class=\"wp-block-group is-vertical is-layout-flex wp-container-core-group-is-layout-769d0143 wp-block-group-is-layout-flex\">\n<p><strong>DESCRIPCI\u00d3N:<\/strong><\/p>\n\n\n\n<p class=\"has-text-align-justify has-alegreya-font-family has-small-font-size\">El ciempi\u00e9s dom\u00e9stico es un quil\u00f3podo de tama\u00f1o mediano, que puede medir des de 10mm a 50mm. Su coloraci\u00f3n es mayormente amarillenta o gris\u00e1ceo, aunque por la zona dorsal presenta tres rayas de tonalidades m\u00e1s oscuras.<\/p>\n\n\n\n<p class=\"has-text-align-justify has-alegreya-font-family has-small-font-size\">Su cabeza es diminuta y se caracteriza por la presencia de un par de antenas filiformes y alargadas, adem\u00e1s de poseer un par de ojos compuestos bien desarrollados. Como no poseen mand\u00edbula, a la hora de alimentarse lo que hacen es aguijonear el cuerpo de sus presas.<\/p>\n\n\n\n<p class=\"has-text-align-justify has-alegreya-font-family has-small-font-size\">Su tronco es de morfolog\u00eda cil\u00edndrica, alargada y se encuentra conformado por 15 segmentos, por lo que posee el mismo n\u00famero de pares de patas. Estas estructuras son muy alargadas y tienden a aumentar de tama\u00f1o a medida que vamos a la regi\u00f3n posterior. Es importante mencionar que su primer par de patas acaban en unas garras que le facilitan la defensa y la captura del alimento.<\/p>\n<\/div>\n<\/div>\n<\/div>\n\n\n\n<div style=\"height:10px\" aria-hidden=\"true\" class=\"wp-block-spacer\"><\/div>\n\n\n\n<div class=\"wp-block-group is-vertical is-layout-flex wp-container-core-group-is-layout-769d0143 wp-block-group-is-layout-flex\">\n<p><strong>DIETA:<\/strong><\/p>\n\n\n\n<p class=\"has-text-align-justify has-alegreya-font-family has-small-font-size\">Su dieta se basa en la caza de peque\u00f1os insectos, a los cuales cazan con su boca y patas. Cabe decir que son capaces de retener m\u00e1s de una presa, si esta es peque\u00f1a, a la vez.<\/p>\n<\/div>\n\n\n\n<div style=\"height:10px\" aria-hidden=\"true\" class=\"wp-block-spacer\"><\/div>\n\n\n\n<div class=\"wp-block-group is-vertical is-layout-flex wp-container-core-group-is-layout-769d0143 wp-block-group-is-layout-flex\">\n<p><strong>ESTRUCTURA SOCIAL Y COMPORTAMIENTO:<\/strong><\/p>\n\n\n\n<p class=\"has-text-align-justify has-alegreya-font-family has-small-font-size\">Esta especie exhibe comportamientos generalmente solitarios, aunque no se ha podido comprobar si son territoriales. Tambi\u00e9n se ha visto que suelen tener un horario de actividad nocturno, lo cual es debido a que necesitan alta humedad para llevar a cabo su actividad.<\/p>\n\n\n\n<p class=\"has-text-align-justify has-alegreya-font-family has-small-font-size\">Su ciclo de vida comienza en primavera, momento en el que dos adultos se encuentran y se produce la fecundaci\u00f3n. Esta no se da por una c\u00f3pula directa, sino que el macho deja una bolsa con espermatozoides en el suelo y la hembra lo recoge.<\/p>\n\n\n\n<p class=\"has-text-align-justify has-alegreya-font-family has-small-font-size\">Despu\u00e9s de esto se suele dar la formaci\u00f3n de 60-150 huevos, los cuales se suelen depositar en el suelo y se cubren con una substancia adherente. Despu\u00e9s de que eclosionen, las larvas nacen con tan solo cuatro pares de patas y requiere del cuidado materno durante casi 2 semanas.<\/p>\n\n\n\n<p class=\"has-text-align-justify has-alegreya-font-family has-small-font-size\">A medida que estos nuevos individuos vayan realizando mudas, ir\u00e1n aumentando el n\u00famero de extremidades. Normalmente en la primera muda obtienen un par de patas nuevas, pero en las siguientes 5 mudas obtendr\u00e1n 2. Una vez lleguen a tener 15 patas, realizar\u00e1n 3 mudas m\u00e1s, pero no ir\u00e1n aumentando este n\u00famero.<\/p>\n\n\n\n<p class=\"has-text-align-justify has-alegreya-font-family has-small-font-size\">Finalmente alcanzan la fase adulta, en la cual llegan a la madurez sexual cuando han cumplido los 3 a\u00f1os de vida. Habitualmente esta especie tiene una esperanza de vida de 3-7 a\u00f1os, por lo que a partir de su tercer a\u00f1o hasta que se mueran podr\u00e1n ir dejando descendencia.<\/p>\n<\/div>\n\n\n<div class=\"wp-block-image\">\n<figure class=\"aligncenter size-large\"><img loading=\"lazy\" decoding=\"async\" width=\"1174\" height=\"104\" src=\"https:\/\/biocampus25.wordpress.com\/wp-content\/uploads\/2025\/04\/captura-de-pantalla-2025-04-20-223551.png?w=1024\" alt=\"\" class=\"wp-image-2089\" srcset=\"https:\/\/webs.uab.cat\/bees\/wp-content\/uploads\/sites\/329\/2025\/04\/captura-de-pantalla-2025-04-20-223551.png 1174w, https:\/\/webs.uab.cat\/bees\/wp-content\/uploads\/sites\/329\/2025\/04\/captura-de-pantalla-2025-04-20-223551-300x27.png 300w, https:\/\/webs.uab.cat\/bees\/wp-content\/uploads\/sites\/329\/2025\/04\/captura-de-pantalla-2025-04-20-223551-1024x91.png 1024w, https:\/\/webs.uab.cat\/bees\/wp-content\/uploads\/sites\/329\/2025\/04\/captura-de-pantalla-2025-04-20-223551-768x68.png 768w\" sizes=\"auto, (max-width: 1174px) 100vw, 1174px\" \/><\/figure>\n<\/div>\n\n\n<div style=\"height:10px\" aria-hidden=\"true\" class=\"wp-block-spacer\"><\/div>\n\n\n\n<div class=\"wp-block-group is-vertical is-layout-flex wp-container-core-group-is-layout-769d0143 wp-block-group-is-layout-flex\">\n<p><strong>HABITAT Y ZONA DE DISTRIBUCI\u00d3N:<\/strong><\/p>\n\n\n\n<p class=\"has-text-align-justify has-alegreya-font-family has-small-font-size\">Estos organismos se encuentran ampliamente distribuidos por toda Europa, a excepci\u00f3n de la zona norte de la Pen\u00ednsula Escandinava, lugar de donde se cree que son originarios. Actualmente han lograda conquistar diferentes regiones de Norteam\u00e9rica, el norte y sud de \u00c1frica, Oriente pr\u00f3ximo y mediano, adem\u00e1s de zonas aisladas de Asia y Ocean\u00eda.<\/p>\n\n\n\n<p class=\"has-text-align-justify has-alegreya-font-family has-small-font-size\">Habitualmente los podemos encontrar viviendo bajo rocas o restos de madera, que se encuentren en bosques h\u00famedos. Aun as\u00ed, es posible encontrarlos en las salas de mayor humedad de los hogares.<\/p>\n<\/div>\n\n\n\n<div class=\"wp-block-group is-vertical is-layout-flex wp-container-core-group-is-layout-769d0143 wp-block-group-is-layout-flex\">\n<figure class=\"wp-block-image size-large\"><img loading=\"lazy\" decoding=\"async\" width=\"1057\" height=\"532\" src=\"https:\/\/biocampus25.wordpress.com\/wp-content\/uploads\/2025\/04\/captura-de-pantalla-2025-04-20-222228.png?w=1024\" alt=\"\" class=\"wp-image-2084\" srcset=\"https:\/\/webs.uab.cat\/bees\/wp-content\/uploads\/sites\/329\/2025\/04\/captura-de-pantalla-2025-04-20-222228.png 1057w, https:\/\/webs.uab.cat\/bees\/wp-content\/uploads\/sites\/329\/2025\/04\/captura-de-pantalla-2025-04-20-222228-300x151.png 300w, https:\/\/webs.uab.cat\/bees\/wp-content\/uploads\/sites\/329\/2025\/04\/captura-de-pantalla-2025-04-20-222228-1024x515.png 1024w, https:\/\/webs.uab.cat\/bees\/wp-content\/uploads\/sites\/329\/2025\/04\/captura-de-pantalla-2025-04-20-222228-768x387.png 768w\" sizes=\"auto, (max-width: 1057px) 100vw, 1057px\" \/><\/figure>\n\n\n\n<p class=\"has-text-align-justify has-small-font-size\">Mapa de distribuci\u00f3n de Scutigera coleoptrata. Imagen obtenida de Gbif en: <a href=\"https:\/\/www.gbif.org\/es\/species\/5179027\">https:\/\/www.gbif.org\/es\/species\/5179027<\/a><\/p>\n<\/div>\n\n\n\n<div style=\"height:10px\" aria-hidden=\"true\" class=\"wp-block-spacer\"><\/div>\n\n\n\n<div class=\"wp-block-group is-vertical is-layout-flex wp-container-core-group-is-layout-769d0143 wp-block-group-is-layout-flex\">\n<p><strong>ESTADO DE CONSERVACI\u00d3N:<\/strong><\/p>\n\n\n\n<p class=\"has-text-align-justify has-alegreya-font-family has-small-font-size\">Aunque no se hayan realizado estudios espec\u00edficos de su estado de conservaci\u00f3n a nivel mundial, es posible que sean de preocupaci\u00f3n menor ya que se han vuelto invasores de muchos ecosistemas distintos alrededor del mundo.<\/p>\n<\/div>\n\n\n<div class=\"wp-block-image\">\n<figure class=\"aligncenter size-large is-resized\"><img loading=\"lazy\" decoding=\"async\" width=\"582\" height=\"167\" src=\"https:\/\/biocampus25.wordpress.com\/wp-content\/uploads\/2025\/04\/captura_de_pantalla_2025-04-16_221652-removebg-preview-27.png?w=582\" alt=\"\" class=\"wp-image-2086\" style=\"width:620px;height:auto\" srcset=\"https:\/\/webs.uab.cat\/bees\/wp-content\/uploads\/sites\/329\/2025\/04\/captura_de_pantalla_2025-04-16_221652-removebg-preview-27.png 582w, https:\/\/webs.uab.cat\/bees\/wp-content\/uploads\/sites\/329\/2025\/04\/captura_de_pantalla_2025-04-16_221652-removebg-preview-27-300x86.png 300w\" sizes=\"auto, (max-width: 582px) 100vw, 582px\" \/><\/figure>\n<\/div>\n\n\n<div style=\"height:30px\" aria-hidden=\"true\" class=\"wp-block-spacer\"><\/div>\n\n\n\n<p><strong>REFERENCIAS:<\/strong><\/p>\n\n\n\n<p class=\"has-text-align-justify has-small-font-size\"><em>Ciempi\u00e9s dom\u00e9stico del Mediterr\u00e1neo (Scutigera coleoptrata)<\/em>. (n.d.). Natusfera. Retrieved March 3, 2025, from <a href=\"https:\/\/spain.inaturalist.org\/taxa\/49552-Scutigera-coleoptrata\">https:\/\/spain.inaturalist.org\/taxa\/49552-Scutigera-coleoptrata<\/a><\/p>\n\n\n\n<p class=\"has-text-align-justify has-small-font-size\"><em>Ciempi\u00e9s Dom\u00e9stico (Scutigera coleoptrata)<\/em>. (n.d.). Picture Insect. Retrieved March 15, 2025, from <a href=\"https:\/\/pictureinsect.com\/es\/wiki\/Scutigera_coleoptrata.html\">https:\/\/pictureinsect.com\/es\/wiki\/Scutigera_coleoptrata.html<\/a><\/p>\n\n\n\n<p class=\"has-text-align-justify has-small-font-size\"><em>Scutigera coleoptrata<\/em>. (n.d.). Ecured.cu. Retrieved March 15, 2025, from&nbsp;&nbsp;&nbsp;&nbsp; <a href=\"https:\/\/www.ecured.cu\/Scutigera_coleoptrata\">https:\/\/www.ecured.cu\/Scutigera_coleoptrata<\/a><\/p>\n\n\n\n<p class=\"has-text-align-justify has-small-font-size\">Ricks, Winston (n.d.). <em>Scutigera coleoptrata. <\/em>Animaldiversity. Retrieved March 15, 2025, from&nbsp;&nbsp;&nbsp;&nbsp;&nbsp;&nbsp; <a href=\"https:\/\/animaldiversity.org\/accounts\/Scutigera_coleoptrata\/\">https:\/\/animaldiversity.org\/accounts\/Scutigera_coleoptrata\/<\/a><\/p>\n\n\n\n<p class=\"has-text-align-justify has-small-font-size\">Jose. (2015, May 1).&nbsp;<em>Scutigera coleoptrata, ciempi\u00e9s dom\u00e9stico<\/em>. Guadarramistas. <a href=\"https:\/\/guadarramistas.com\/2015\/05\/01\/scutigera-coleoptrata-ciempies-domestico\/\">https:\/\/guadarramistas.com\/2015\/05\/01\/scutigera-coleoptrata-ciempies-domestico\/<\/a><\/p>\n\n\n\n<p class=\"has-text-align-justify has-small-font-size\">Ciempi\u00e9s dom\u00e9stico (n.d.). ANIMALIA. Retrieved March 15, 2025, from <a href=\"https:\/\/animalia.bio\/es\/scutigera-coleoptrata?taxonomy=9981\">https:\/\/animalia.bio\/es\/scutigera-coleoptrata?taxonomy=9981<\/a><\/p>\n\n\n\n<p><\/p>\n","protected":false},"excerpt":{"rendered":"<p>Reino Animalia Filo Arthropoda Subfilo Myriapoda Clase Chilopoda Orden Scutigeromorpha Familia Scutigeridae G\u00e9nero Scutigera Especie S. coleoptrata DESCRIPCI\u00d3N: El ciempi\u00e9s dom\u00e9stico es un quil\u00f3podo de tama\u00f1o mediano, que puede medir des de 10mm a 50mm. Su coloraci\u00f3n es mayormente amarillenta o gris\u00e1ceo, aunque por la zona dorsal presenta tres rayas de tonalidades m\u00e1s oscuras. Su [&hellip;]<\/p>\n","protected":false},"author":2556,"featured_media":0,"parent":0,"menu_order":0,"comment_status":"closed","ping_status":"closed","template":"","meta":{"footnotes":""},"class_list":["post-2074","page","type-page","status-publish","hentry"],"_links":{"self":[{"href":"https:\/\/webs.uab.cat\/bees\/wp-json\/wp\/v2\/pages\/2074","targetHints":{"allow":["GET"]}}],"collection":[{"href":"https:\/\/webs.uab.cat\/bees\/wp-json\/wp\/v2\/pages"}],"about":[{"href":"https:\/\/webs.uab.cat\/bees\/wp-json\/wp\/v2\/types\/page"}],"author":[{"embeddable":true,"href":"https:\/\/webs.uab.cat\/bees\/wp-json\/wp\/v2\/users\/2556"}],"replies":[{"embeddable":true,"href":"https:\/\/webs.uab.cat\/bees\/wp-json\/wp\/v2\/comments?post=2074"}],"version-history":[{"count":1,"href":"https:\/\/webs.uab.cat\/bees\/wp-json\/wp\/v2\/pages\/2074\/revisions"}],"predecessor-version":[{"id":4163,"href":"https:\/\/webs.uab.cat\/bees\/wp-json\/wp\/v2\/pages\/2074\/revisions\/4163"}],"wp:attachment":[{"href":"https:\/\/webs.uab.cat\/bees\/wp-json\/wp\/v2\/media?parent=2074"}],"curies":[{"name":"wp","href":"https:\/\/api.w.org\/{rel}","templated":true}]}}