{"id":2094,"date":"2025-05-14T11:40:15","date_gmt":"2025-05-14T09:40:15","guid":{"rendered":"https:\/\/biocampus25.wordpress.com\/?page_id=2094"},"modified":"2025-05-19T11:16:11","modified_gmt":"2025-05-19T09:16:11","slug":"escolopendra-mediterranea","status":"publish","type":"page","link":"https:\/\/webs.uab.cat\/bees\/escolopendra-mediterranea\/","title":{"rendered":"ESCOLOPENDRA MEDITERR\u00c1NEA"},"content":{"rendered":"<div class=\"wp-block-image\">\n<figure class=\"aligncenter size-large\"><img loading=\"lazy\" decoding=\"async\" width=\"950\" height=\"633\" src=\"https:\/\/biocampus25.wordpress.com\/wp-content\/uploads\/2025\/04\/scolopendra_cingulata_-_d7a8d791d7a0d793d79c_d790d7a8d7a1d799-1.jpg?w=950\" alt=\"\" class=\"wp-image-2095\" srcset=\"https:\/\/webs.uab.cat\/bees\/wp-content\/uploads\/sites\/329\/2025\/04\/scolopendra_cingulata_-_d7a8d791d7a0d793d79c_d790d7a8d7a1d799-1.jpg 950w, https:\/\/webs.uab.cat\/bees\/wp-content\/uploads\/sites\/329\/2025\/04\/scolopendra_cingulata_-_d7a8d791d7a0d793d79c_d790d7a8d7a1d799-1-300x200.jpg 300w, https:\/\/webs.uab.cat\/bees\/wp-content\/uploads\/sites\/329\/2025\/04\/scolopendra_cingulata_-_d7a8d791d7a0d793d79c_d790d7a8d7a1d799-1-768x512.jpg 768w\" sizes=\"auto, (max-width: 950px) 100vw, 950px\" \/><\/figure>\n<\/div>\n\n\n<p class=\"has-text-align-justify has-small-font-size\">Scolopendra cingulata. Imagen con copyright CC BY 2.0, creada por Eran Finkle y obtenida de Wikimedia commons en: <a href=\"https:\/\/commons.wikimedia.org\/wiki\/File:Scolopendra_cingulata_-_%D7%A8%D7%91%D7%A0%D7%93%D7%9C_%D7%90%D7%A8%D7%A1%D7%99.jpg\">https:\/\/commons.wikimedia.org\/wiki\/File:Scolopendra_cingulata_-_%D7%A8%D7%91%D7%A0%D7%93%D7%9C_%D7%90%D7%A8%D7%A1%D7%99.jpg<\/a><\/p>\n\n\n\n<div style=\"height:10px\" aria-hidden=\"true\" class=\"wp-block-spacer\"><\/div>\n\n\n\n<div class=\"wp-block-columns is-layout-flex wp-container-core-columns-is-layout-9d6595d7 wp-block-columns-is-layout-flex\">\n<div class=\"wp-block-column is-layout-flow wp-block-column-is-layout-flow\">\n<figure class=\"wp-block-table has-alegreya-font-family has-small-font-size\"><table><tbody><tr><td class=\"has-text-align-center\" data-align=\"center\"><strong>Reino<\/strong><\/td><td class=\"has-text-align-center\" data-align=\"center\">Animalia<\/td><\/tr><tr><td class=\"has-text-align-center\" data-align=\"center\"><strong>Filo<\/strong><\/td><td class=\"has-text-align-center\" data-align=\"center\">Arthropoda<\/td><\/tr><tr><td class=\"has-text-align-center\" data-align=\"center\"><strong>Subfilo<\/strong><\/td><td class=\"has-text-align-center\" data-align=\"center\"><a href=\"https:\/\/webs.uab.cat\/bees\/myriapoda\/\" data-type=\"page\" data-id=\"2049\">Myriapoda<\/a><\/td><\/tr><tr><td class=\"has-text-align-center\" data-align=\"center\"><strong>Clase<\/strong><\/td><td class=\"has-text-align-center\" data-align=\"center\"><a href=\"https:\/\/webs.uab.cat\/bees\/chilopoda\/\" data-type=\"page\" data-id=\"2062\">Chilopoda<\/a><\/td><\/tr><tr><td class=\"has-text-align-center\" data-align=\"center\"><strong>Orden<\/strong><\/td><td class=\"has-text-align-center\" data-align=\"center\">Scolopendromorpha<\/td><\/tr><tr><td class=\"has-text-align-center\" data-align=\"center\"><strong>Familia<\/strong><\/td><td class=\"has-text-align-center\" data-align=\"center\">Scolopendridae<\/td><\/tr><tr><td class=\"has-text-align-center\" data-align=\"center\"><strong>Subfamilia<\/strong><\/td><td class=\"has-text-align-center\" data-align=\"center\">Scolopendrinae<\/td><\/tr><tr><td class=\"has-text-align-center\" data-align=\"center\"><strong>G\u00e9nero<\/strong><\/td><td class=\"has-text-align-center\" data-align=\"center\">Scolopendra<\/td><\/tr><tr><td class=\"has-text-align-center\" data-align=\"center\"><strong>Especie<\/strong><\/td><td class=\"has-text-align-center\" data-align=\"center\">S. cingulata<\/td><\/tr><\/tbody><\/table><\/figure>\n<\/div>\n\n\n\n<div class=\"wp-block-column is-layout-flow wp-block-column-is-layout-flow\">\n<div class=\"wp-block-group is-vertical is-layout-flex wp-container-core-group-is-layout-769d0143 wp-block-group-is-layout-flex\">\n<p><strong>DESCRIPCI\u00d3N:<\/strong><\/p>\n\n\n\n<p class=\"has-text-align-justify has-alegreya-font-family has-small-font-size\">La escolopendra mediterr\u00e1nea es un quil\u00f3podo de tama\u00f1o mediano, que puede llegar a medir hasta 17cm. Su coloraci\u00f3n es bastante variable, por lo que podemos encontrar individuos que son de color marr\u00f3n verdoso, amarillos o incluso rojizos. Adem\u00e1s, destaca la presencia de diferentes bandas oscuras a lo largo de su superficie dorsal.<\/p>\n\n\n\n<p class=\"has-text-align-justify has-alegreya-font-family has-small-font-size\">Su cabeza es corta y, de igual forma que las antenas, es de tonos m\u00e1s anaranjados. Alrededor de esta zona se puede observar la forc\u00edpula, es decir el primer par de patas que han sido modificadas para formar unas pinzas venenosas. Estas estructuras le facilitan la captura e inmovilizaci\u00f3n de sus presas.<\/p>\n\n\n\n<p class=\"has-text-align-justify has-alegreya-font-family has-small-font-size\">Su tronco es alargado y ligeramente aplanado dorsoventralmente. Por cada segmento se pueden ver un par de patas amarillentas y no muy alargadas. En el \u00faltimo segmente, que es de tonalidades anaranjadas, se pueden observar un par de patas que han sido modificadas para aparentar ser antenas (aunque no tienen funciones sensoriales tan espec\u00edficas como las antenas).<\/p>\n<\/div>\n<\/div>\n<\/div>\n\n\n\n<div style=\"height:10px\" aria-hidden=\"true\" class=\"wp-block-spacer\"><\/div>\n\n\n\n<div class=\"wp-block-group is-vertical is-layout-flex wp-container-core-group-is-layout-769d0143 wp-block-group-is-layout-flex\">\n<p><strong>DIETA:<\/strong><\/p>\n\n\n\n<p class=\"has-text-align-justify has-alegreya-font-family has-small-font-size\">Su dieta se basa en la caza de otros insectos, a los cuales captura con su forf\u00edcula y los paraliza con el veneno que les inyecta. Tambi\u00e9n se les ha visto ingiriendo a otros individuos de su especie.<\/p>\n<\/div>\n\n\n\n<div style=\"height:10px\" aria-hidden=\"true\" class=\"wp-block-spacer\"><\/div>\n\n\n\n<div class=\"wp-block-group is-vertical is-layout-flex wp-container-core-group-is-layout-769d0143 wp-block-group-is-layout-flex\">\n<p><strong>ESTRUCTURA SOCIAL Y COMPORTAMIENTO:<\/strong><\/p>\n\n\n\n<p class=\"has-text-align-justify has-alegreya-font-family has-small-font-size\">Estos organismos exhiben un comportamiento especialmente solitario y territorial, de manera que no dudan en atacar a otros organismos que se acercan a su territorio. Adem\u00e1s, son de horarios nocturnos y durante el d\u00eda suelen refugiarse bajo piedras o troncos.<\/p>\n\n\n\n<p class=\"has-text-align-justify has-alegreya-font-family has-small-font-size\">Su ciclo de vida suele comenzar entre marzo y abril, momento en el que ambos adultos se aproximan para reproducirse. Este proceso no se realiza mediante una copula, sino que el macho deja una bolsa con espermatozoides en el suelo y la hembra la recoge.<\/p>\n\n\n\n<p class=\"has-text-align-justify has-alegreya-font-family has-small-font-size\">Despu\u00e9s de esto, la hembra deposita unos 20-30 huevos en un peque\u00f1o agujero en el suelo. Durante el pr\u00f3ximo mes o dos meses, la hembra se mantendr\u00e1 cerca de estos huevos, de esa forma los incuba y protege al mismo tiempo.<\/p>\n\n\n\n<p class=\"has-text-align-justify has-alegreya-font-family has-small-font-size\">Una vez que eclosionan, deber\u00e1n pasar por diferentes mudas, durante las cuales van desarrollando m\u00e1s pares de patas, hasta llegar a la fase adulta. Este proceso suele durar almenos un a\u00f1o, ya que su esperanza de vida se encuentra entre los 2-7 a\u00f1os.<\/p>\n<\/div>\n\n\n<div class=\"wp-block-image\">\n<figure class=\"aligncenter size-large\"><img loading=\"lazy\" decoding=\"async\" width=\"1152\" height=\"102\" src=\"https:\/\/biocampus25.wordpress.com\/wp-content\/uploads\/2025\/04\/captura-de-pantalla-2025-04-20-230650.png?w=1024\" alt=\"\" class=\"wp-image-2103\" srcset=\"https:\/\/webs.uab.cat\/bees\/wp-content\/uploads\/sites\/329\/2025\/04\/captura-de-pantalla-2025-04-20-230650.png 1152w, https:\/\/webs.uab.cat\/bees\/wp-content\/uploads\/sites\/329\/2025\/04\/captura-de-pantalla-2025-04-20-230650-300x27.png 300w, https:\/\/webs.uab.cat\/bees\/wp-content\/uploads\/sites\/329\/2025\/04\/captura-de-pantalla-2025-04-20-230650-1024x91.png 1024w, https:\/\/webs.uab.cat\/bees\/wp-content\/uploads\/sites\/329\/2025\/04\/captura-de-pantalla-2025-04-20-230650-768x68.png 768w\" sizes=\"auto, (max-width: 1152px) 100vw, 1152px\" \/><\/figure>\n<\/div>\n\n\n<div style=\"height:10px\" aria-hidden=\"true\" class=\"wp-block-spacer\"><\/div>\n\n\n\n<div class=\"wp-block-group is-vertical is-layout-flex wp-container-core-group-is-layout-769d0143 wp-block-group-is-layout-flex\">\n<p><strong>HABITAT Y ZONA DE DISTRIBUCI\u00d3N:<\/strong><\/p>\n\n\n\n<p class=\"has-text-align-justify has-alegreya-font-family has-small-font-size\">Esta especie se encuentra ampliamente extendida por la zona alrededor del mar Mediterr\u00e1neo. Esto incluye Europa, el norte de \u00c1frica y Oriente pr\u00f3ximo.<\/p>\n\n\n\n<p class=\"has-text-align-justify has-alegreya-font-family has-small-font-size\">Su h\u00e1bitat t\u00edpico son los matorrales u otras zonas abiertas que sean h\u00famedos. Adem\u00e1s, suelen encontrarse bajo estructuras que les permita escapar de la radiaci\u00f3n directa del sol.<\/p>\n<\/div>\n\n\n\n<div class=\"wp-block-group is-vertical is-layout-flex wp-container-core-group-is-layout-769d0143 wp-block-group-is-layout-flex\">\n<figure class=\"wp-block-image size-large\"><img loading=\"lazy\" decoding=\"async\" width=\"811\" height=\"409\" src=\"https:\/\/biocampus25.wordpress.com\/wp-content\/uploads\/2025\/04\/captura-de-pantalla-2025-04-20-230836.png?w=811\" alt=\"\" class=\"wp-image-2106\" srcset=\"https:\/\/webs.uab.cat\/bees\/wp-content\/uploads\/sites\/329\/2025\/04\/captura-de-pantalla-2025-04-20-230836.png 811w, https:\/\/webs.uab.cat\/bees\/wp-content\/uploads\/sites\/329\/2025\/04\/captura-de-pantalla-2025-04-20-230836-300x151.png 300w, https:\/\/webs.uab.cat\/bees\/wp-content\/uploads\/sites\/329\/2025\/04\/captura-de-pantalla-2025-04-20-230836-768x387.png 768w\" sizes=\"auto, (max-width: 811px) 100vw, 811px\" \/><\/figure>\n\n\n\n<p class=\"has-text-align-justify has-small-font-size\">Mapa de distribuci\u00f3n de Scolopendra cingulata. Imagen obtenida de Gbif en: <a href=\"https:\/\/www.gbif.org\/es\/species\/5742390\">https:\/\/www.gbif.org\/es\/species\/5742390<\/a><\/p>\n<\/div>\n\n\n\n<div style=\"height:10px\" aria-hidden=\"true\" class=\"wp-block-spacer\"><\/div>\n\n\n\n<div class=\"wp-block-group is-vertical is-layout-flex wp-container-core-group-is-layout-769d0143 wp-block-group-is-layout-flex\">\n<p><strong>ESTADO DE CONSERVACI\u00d3N:<\/strong><\/p>\n\n\n\n<p class=\"has-text-align-justify has-alegreya-font-family has-small-font-size\">Actualmente no existen datos suficientes que nos permitan evaluar su estado de conservaci\u00f3n.<\/p>\n<\/div>\n\n\n<div class=\"wp-block-image\">\n<figure class=\"aligncenter size-large is-resized\"><img loading=\"lazy\" decoding=\"async\" width=\"582\" height=\"167\" src=\"https:\/\/biocampus25.wordpress.com\/wp-content\/uploads\/2025\/04\/captura_de_pantalla_2025-04-16_221652-removebg-preview-28.png?w=582\" alt=\"\" class=\"wp-image-2108\" style=\"width:620px;height:auto\" srcset=\"https:\/\/webs.uab.cat\/bees\/wp-content\/uploads\/sites\/329\/2025\/04\/captura_de_pantalla_2025-04-16_221652-removebg-preview-28.png 582w, https:\/\/webs.uab.cat\/bees\/wp-content\/uploads\/sites\/329\/2025\/04\/captura_de_pantalla_2025-04-16_221652-removebg-preview-28-300x86.png 300w\" sizes=\"auto, (max-width: 582px) 100vw, 582px\" \/><\/figure>\n<\/div>\n\n\n<div style=\"height:30px\" aria-hidden=\"true\" class=\"wp-block-spacer\"><\/div>\n\n\n\n<p><strong>REFERENCIAS:<\/strong><\/p>\n\n\n\n<p class=\"has-text-align-justify has-small-font-size\"><em>Scolopendra cingulata<\/em>. (n.d.). iNaturalist Mexico. Retrieved March 3, 2025, from <a href=\"https:\/\/mexico.inaturalist.org\/taxa\/128145-Scolopendra-cingulata\">https:\/\/mexico.inaturalist.org\/taxa\/128145-Scolopendra-cingulata<\/a><\/p>\n\n\n\n<p class=\"has-text-align-justify has-small-font-size\">Jose. (2015, May 1).&nbsp;Scolopendra cingulata, escolopendra. Guadarramistas. Retrieved March 3, 2025, from&nbsp; <a href=\"https:\/\/guadarramistas.com\/2015\/05\/01\/scolopendra-cingulata-escolopendra\/\">https:\/\/guadarramistas.com\/2015\/05\/01\/scolopendra-cingulata-escolopendra\/<\/a><\/p>\n\n\n\n<p class=\"has-text-align-justify has-small-font-size\">Valderrey, J. L. M. (2016, April 5).&nbsp;<em>Scolopendra cingulata Latreille, 1829<\/em>. Naturaleza y turismo. <a href=\"https:\/\/www.asturnatura.com\/especie\/scolopendra-cingulata\">https:\/\/www.asturnatura.com\/especie\/scolopendra-cingulata<\/a><\/p>\n\n\n\n<p class=\"has-text-align-justify has-small-font-size\"><em>GRANADA NATURAL Scolopendra cingulata<\/em>. (n.d.). Granadanatural.com. Retrieved March 15, 2025, from <a href=\"https:\/\/granadanatural.com\/ficha_fauna.php?cod=11\">https:\/\/granadanatural.com\/ficha_fauna.php?cod=11<\/a><\/p>\n","protected":false},"excerpt":{"rendered":"<p>Scolopendra cingulata. Imagen con copyright CC BY 2.0, creada por Eran Finkle y obtenida de Wikimedia commons en: https:\/\/commons.wikimedia.org\/wiki\/File:Scolopendra_cingulata_-_%D7%A8%D7%91%D7%A0%D7%93%D7%9C_%D7%90%D7%A8%D7%A1%D7%99.jpg Reino Animalia Filo Arthropoda Subfilo Myriapoda Clase Chilopoda Orden Scolopendromorpha Familia Scolopendridae Subfamilia Scolopendrinae G\u00e9nero Scolopendra Especie S. cingulata DESCRIPCI\u00d3N: La escolopendra mediterr\u00e1nea es un quil\u00f3podo de tama\u00f1o mediano, que puede llegar a medir hasta 17cm. [&hellip;]<\/p>\n","protected":false},"author":2556,"featured_media":0,"parent":0,"menu_order":0,"comment_status":"closed","ping_status":"closed","template":"","meta":{"footnotes":""},"class_list":["post-2094","page","type-page","status-publish","hentry"],"_links":{"self":[{"href":"https:\/\/webs.uab.cat\/bees\/wp-json\/wp\/v2\/pages\/2094","targetHints":{"allow":["GET"]}}],"collection":[{"href":"https:\/\/webs.uab.cat\/bees\/wp-json\/wp\/v2\/pages"}],"about":[{"href":"https:\/\/webs.uab.cat\/bees\/wp-json\/wp\/v2\/types\/page"}],"author":[{"embeddable":true,"href":"https:\/\/webs.uab.cat\/bees\/wp-json\/wp\/v2\/users\/2556"}],"replies":[{"embeddable":true,"href":"https:\/\/webs.uab.cat\/bees\/wp-json\/wp\/v2\/comments?post=2094"}],"version-history":[{"count":1,"href":"https:\/\/webs.uab.cat\/bees\/wp-json\/wp\/v2\/pages\/2094\/revisions"}],"predecessor-version":[{"id":4188,"href":"https:\/\/webs.uab.cat\/bees\/wp-json\/wp\/v2\/pages\/2094\/revisions\/4188"}],"wp:attachment":[{"href":"https:\/\/webs.uab.cat\/bees\/wp-json\/wp\/v2\/media?parent=2094"}],"curies":[{"name":"wp","href":"https:\/\/api.w.org\/{rel}","templated":true}]}}