{"id":2171,"date":"2025-05-14T11:41:54","date_gmt":"2025-05-14T09:41:54","guid":{"rendered":"https:\/\/biocampus25.wordpress.com\/?page_id=2171"},"modified":"2025-05-19T12:08:22","modified_gmt":"2025-05-19T10:08:22","slug":"invierno","status":"publish","type":"page","link":"https:\/\/webs.uab.cat\/bees\/invierno\/","title":{"rendered":"Invierno"},"content":{"rendered":"\n<p class=\"has-text-align-justify has-alegreya-font-family has-small-font-size\">Esta estaci\u00f3n se caracteriza principalmente por las bajas temperaturas,  factor muy importante por su capacidad de eliminar o reducir la presencia de animales con baja capacidad de controlar su temperatura corporal.<\/p>\n\n\n\n<p class=\"has-text-align-justify has-alegreya-font-family has-small-font-size\">Es por este motivo por el que muchos animales migraran o buscaran refugios en zonas m\u00e1s c\u00e1lidas como cuevas o en zonas urbanas, mientras que en zonas naturales se har\u00e1 m\u00e1s dif\u00edcil encontrar determinadas especies.<\/p>\n\n\n\n<p class=\"has-text-align-justify has-alegreya-font-family has-small-font-size\">Durante este periodo de tiempo tambi\u00e9n se da una gran reducci\u00f3n de la abundancia de recursos, por lo que la competici\u00f3n entre los diferentes organismos se acrecenta.<\/p>\n\n\n\n<div class=\"wp-block-group is-vertical is-layout-flex wp-container-core-group-is-layout-769d0143 wp-block-group-is-layout-flex\">\n<p class=\"has-text-align-justify has-alegreya-font-family has-small-font-size\">Debido a todos estos factores es por lo que vemos que hay una menor diversidad en invierno que en otras estaciones:<\/p>\n\n\n\n<ul class=\"wp-block-list\">\n<li class=\"has-small-font-size\"><a href=\"https:\/\/webs.uab.cat\/bees\/abeja-europea\/\" data-type=\"page\" data-id=\"1404\">Abeja europea (Apis mellifera)<\/a><\/li>\n\n\n\n<li class=\"has-small-font-size\"><a href=\"https:\/\/webs.uab.cat\/bees\/arana-escupidora\/\" data-type=\"page\" data-id=\"1975\">Ara\u00f1a escupidora (Scytodes thoracica)<\/a><\/li>\n\n\n\n<li class=\"has-small-font-size\"><a href=\"https:\/\/webs.uab.cat\/bees\/carabo-comun\/\" data-type=\"page\" data-id=\"395\">C\u00e1rabo com\u00fan (Strix aluco)<\/a><\/li>\n\n\n\n<li class=\"has-small-font-size\"><a href=\"https:\/\/webs.uab.cat\/bees\/caracol-de-las-dunas\/\" data-type=\"page\" data-id=\"4089\">Caracol de las dunas (Theba pisana)<\/a><\/li>\n\n\n\n<li class=\"has-small-font-size\"><a href=\"https:\/\/webs.uab.cat\/bees\/caracol-degollado-europeo\/\" data-type=\"page\" data-id=\"810\">Caracol degollado europeo (Rumina decollata)<\/a><\/li>\n\n\n\n<li class=\"has-small-font-size\"><a href=\"https:\/\/webs.uab.cat\/bees\/ciempies-domestico\/\" data-type=\"page\" data-id=\"2074\">Ciempi\u00e9s dom\u00e9stico (Scutigera coleoptrata)<\/a><\/li>\n\n\n\n<li class=\"has-small-font-size\"><a href=\"https:\/\/webs.uab.cat\/bees\/falsa-arana-lobo-espinosa-mediterranea\/\" data-type=\"page\" data-id=\"1987\">Falsa ara\u00f1a lobo espinosa mediterr\u00e1nea (Zoropsis spinimana)<\/a><\/li>\n\n\n\n<li class=\"has-small-font-size\"><a href=\"https:\/\/webs.uab.cat\/bees\/gato-domestico\/\" data-type=\"page\" data-id=\"202\">Gato dom\u00e9stico (Felis catus)<\/a><\/li>\n\n\n\n<li class=\"has-small-font-size\"><a href=\"https:\/\/webs.uab.cat\/bees\/genero-pipistrellus\/\" data-type=\"page\" data-id=\"141\">G\u00e9nero pipistrellus<\/a><\/li>\n\n\n\n<li class=\"has-small-font-size\"><a href=\"https:\/\/webs.uab.cat\/bees\/gineta\/\" data-type=\"page\" data-id=\"226\">Gineta (Genetta genetta)<\/a><\/li>\n\n\n\n<li class=\"has-small-font-size\"><a href=\"https:\/\/webs.uab.cat\/bees\/herrerillo-comun\/\" data-type=\"page\" data-id=\"4094\">Herrerillo com\u00fan (Cyanistes caeruleus)<\/a><\/li>\n\n\n\n<li class=\"has-small-font-size\"><a href=\"https:\/\/webs.uab.cat\/bees\/hormiga-argentina\/\" data-type=\"page\" data-id=\"1315\">Hormiga argentina (Linepithema humile)<\/a><\/li>\n\n\n\n<li class=\"has-small-font-size\"><a href=\"https:\/\/webs.uab.cat\/bees\/hormiga-recolectora\/\" data-type=\"page\" data-id=\"1330\">Hormiga recolectora (Messor barbarus)<\/a><\/li>\n\n\n\n<li class=\"has-small-font-size\"><a href=\"https:\/\/webs.uab.cat\/bees\/jabali\/\" data-type=\"page\" data-id=\"4096\">Jabal\u00ed (Sus scrofa)<\/a><\/li>\n\n\n\n<li class=\"has-small-font-size\"><a href=\"https:\/\/webs.uab.cat\/bees\/mosca-comun\/\" data-type=\"page\" data-id=\"1033\">Mosca com\u00fan (Musca domestica)<\/a><\/li>\n\n\n\n<li class=\"has-small-font-size\"><a href=\"https:\/\/webs.uab.cat\/bees\/moscarda-azul\/\" data-type=\"page\" data-id=\"4104\">Moscarda azul (Calliphora vicina)<\/a><\/li>\n\n\n\n<li class=\"has-small-font-size\"><a href=\"https:\/\/webs.uab.cat\/bees\/murcielago-rabudo\/\" data-type=\"page\" data-id=\"163\">Murci\u00e9lago rabudo (Tadarida teniotis)<\/a><\/li>\n\n\n\n<li class=\"has-small-font-size\"><a href=\"https:\/\/webs.uab.cat\/bees\/musarana-gris\/\" data-type=\"page\" data-id=\"4100\">Musara\u00f1a gris (Crocidura r\u00fassula)<\/a><\/li>\n\n\n\n<li class=\"has-small-font-size\"><a href=\"https:\/\/webs.uab.cat\/bees\/paloma-torcaz\/\" data-type=\"page\" data-id=\"465\">Paloma torcaz (Columba palumbus)<\/a><\/li>\n\n\n\n<li class=\"has-small-font-size\"><a href=\"https:\/\/webs.uab.cat\/bees\/pico-picapinos\/\" data-type=\"page\" data-id=\"376\">Pico picapinos (Dendrocopos major)<\/a><\/li>\n\n\n\n<li class=\"has-small-font-size\"><a href=\"https:\/\/webs.uab.cat\/bees\/raton-de-campo\/\" data-type=\"page\" data-id=\"285\">Rat\u00f3n de campo (Apodemus sylvaticus)<\/a><\/li>\n\n\n\n<li class=\"has-small-font-size\"><a href=\"https:\/\/webs.uab.cat\/bees\/siphonaptera\/\" data-type=\"page\" data-id=\"4109\">Siphonaptera<\/a><\/li>\n\n\n\n<li class=\"has-small-font-size\"><a href=\"https:\/\/webs.uab.cat\/bees\/tejon-europeo\/\" data-type=\"page\" data-id=\"4110\">Tej\u00f3n europeo (Meles meles)<\/a><\/li>\n\n\n\n<li class=\"has-small-font-size\"><a href=\"https:\/\/webs.uab.cat\/bees\/urraca-comun\/\" data-type=\"page\" data-id=\"4111\">Urraca com\u00fan (Pica pica)<\/a><\/li>\n\n\n\n<li class=\"has-small-font-size\"><a href=\"https:\/\/webs.uab.cat\/bees\/zygentoma\/\" data-type=\"page\" data-id=\"4113\">Zygentoma<\/a><\/li>\n<\/ul>\n<\/div>\n\n\n\n<div style=\"height:10px\" aria-hidden=\"true\" class=\"wp-block-spacer\"><\/div>\n\n\n\n<div class=\"wp-block-group is-vertical is-layout-flex wp-container-core-group-is-layout-769d0143 wp-block-group-is-layout-flex\">\n<p class=\"has-text-align-justify has-alegreya-font-family has-small-font-size\">Tambi\u00e9n hay especies en las que solo se puede observar en esta estaci\u00f3n a la fase larvaria:<\/p>\n\n\n\n<ul class=\"wp-block-list\">\n<li class=\"has-small-font-size\"><a href=\"https:\/\/webs.uab.cat\/bees\/babosa-gris-de-jardin\/\" data-type=\"page\" data-id=\"4087\">Babosa gris de jard\u00edn (Deroceras reticulatum)<\/a><\/li>\n\n\n\n<li class=\"has-small-font-size\"><a href=\"https:\/\/webs.uab.cat\/bees\/cigarra-comun\/\" data-type=\"page\" data-id=\"1804\">Cigarra com\u00fan (Cicada orni)<\/a><\/li>\n\n\n\n<li class=\"has-small-font-size\"><a href=\"https:\/\/webs.uab.cat\/bees\/escarabajo-metalico-de-femur-grueso\/\" data-type=\"page\" data-id=\"1665\">Escarabajo met\u00e1lico de f\u00e9mur grueso (Oedemera nobilis)<\/a><\/li>\n\n\n\n<li class=\"has-small-font-size\"><a href=\"https:\/\/webs.uab.cat\/bees\/escarabajo-rinoceronte-estercolero\/\" data-type=\"page\" data-id=\"1690\">Escarabajo rinoceronte estercolero (Copris hispanus)<\/a><\/li>\n\n\n\n<li class=\"has-small-font-size\"><a href=\"https:\/\/webs.uab.cat\/bees\/libelula-tigre\/\" data-type=\"page\" data-id=\"1058\">Lib\u00e9lula tigre (Cordulegaster boltonii)<\/a><\/li>\n\n\n\n<li class=\"has-small-font-size\"><a href=\"https:\/\/webs.uab.cat\/bees\/luciernaga-mediterranea\/\" data-type=\"page\" data-id=\"1641\">Luci\u00e9rnaga mediterr\u00e1nea (Nyctophila reichii)<\/a><\/li>\n\n\n\n<li class=\"has-small-font-size\"><a href=\"https:\/\/webs.uab.cat\/bees\/polilla-de-la-remolacha\/\" data-type=\"page\" data-id=\"1154\">Polilla de la remolacha (Spoladea recurvalis)<\/a><\/li>\n\n\n\n<li class=\"has-small-font-size\"><a href=\"https:\/\/webs.uab.cat\/bees\/procesionaria-del-pino\/\" data-type=\"page\" data-id=\"1181\">Procesionaria del pino (Thaumetopoea pityocampa)<\/a><\/li>\n<\/ul>\n<\/div>\n\n\n\n<p><\/p>\n","protected":false},"excerpt":{"rendered":"<p>Esta estaci\u00f3n se caracteriza principalmente por las bajas temperaturas, factor muy importante por su capacidad de eliminar o reducir la presencia de animales con baja capacidad de controlar su temperatura corporal. Es por este motivo por el que muchos animales migraran o buscaran refugios en zonas m\u00e1s c\u00e1lidas como cuevas o en zonas urbanas, mientras [&hellip;]<\/p>\n","protected":false},"author":2556,"featured_media":0,"parent":0,"menu_order":0,"comment_status":"closed","ping_status":"closed","template":"","meta":{"footnotes":""},"class_list":["post-2171","page","type-page","status-publish","hentry"],"_links":{"self":[{"href":"https:\/\/webs.uab.cat\/bees\/wp-json\/wp\/v2\/pages\/2171","targetHints":{"allow":["GET"]}}],"collection":[{"href":"https:\/\/webs.uab.cat\/bees\/wp-json\/wp\/v2\/pages"}],"about":[{"href":"https:\/\/webs.uab.cat\/bees\/wp-json\/wp\/v2\/types\/page"}],"author":[{"embeddable":true,"href":"https:\/\/webs.uab.cat\/bees\/wp-json\/wp\/v2\/users\/2556"}],"replies":[{"embeddable":true,"href":"https:\/\/webs.uab.cat\/bees\/wp-json\/wp\/v2\/comments?post=2171"}],"version-history":[{"count":2,"href":"https:\/\/webs.uab.cat\/bees\/wp-json\/wp\/v2\/pages\/2171\/revisions"}],"predecessor-version":[{"id":4217,"href":"https:\/\/webs.uab.cat\/bees\/wp-json\/wp\/v2\/pages\/2171\/revisions\/4217"}],"wp:attachment":[{"href":"https:\/\/webs.uab.cat\/bees\/wp-json\/wp\/v2\/media?parent=2171"}],"curies":[{"name":"wp","href":"https:\/\/api.w.org\/{rel}","templated":true}]}}