{"id":2261,"date":"2025-05-14T11:42:32","date_gmt":"2025-05-14T09:42:32","guid":{"rendered":"https:\/\/biocampus25.wordpress.com\/?page_id=2261"},"modified":"2025-05-19T13:14:14","modified_gmt":"2025-05-19T11:14:14","slug":"otono","status":"publish","type":"page","link":"https:\/\/webs.uab.cat\/bees\/otono\/","title":{"rendered":"Oto\u00f1o"},"content":{"rendered":"\n<p class=\"has-text-align-justify has-alegreya-font-family has-small-font-size\">Esta estaci\u00f3n se caracteriza por ser un periodo de transici\u00f3n, donde se viene de una \u00e9poca calurosa y propicia para la vida y se dirigen hacia una \u00e9poca menos beneficiosa. <\/p>\n\n\n\n<p class=\"has-text-align-justify has-alegreya-font-family has-small-font-size\">En este periodo se empieza a dar bajadas en las temperaturas, lo que comporta que los animales empiecen a migrar o a buscar recursos para poder hibernar. Esto tambi\u00e9n provoca que las plantas caducas pierdan las hojas, lo que provocar\u00e1 que disminuya su producci\u00f3n y por tanto la cantidad de recursos disponibles.<\/p>\n\n\n\n<p class=\"has-text-align-justify has-alegreya-font-family has-small-font-size\">Por otro lado, es en estos meses en los que se producir\u00e1n mayores precipitaciones. Esto favorecer\u00e1 a aquellos organismos que basan su ciclo en la presencia de agua, por ejemplo ser\u00e1 en esta \u00e9poca cuando los anfibios aprovechan para reproducirse.<\/p>\n\n\n\n<div class=\"wp-block-group has-small-font-size is-vertical is-layout-flex wp-container-core-group-is-layout-769d0143 wp-block-group-is-layout-flex\">\n<p class=\"has-alegreya-font-family has-small-font-size\">Durante este intervalo de tiempo ser\u00e1 posible observar a:<\/p>\n\n\n\n<ul class=\"wp-block-list\">\n<li><a href=\"https:\/\/webs.uab.cat\/bees\/abeja-de-la-hiedra\/\" data-type=\"page\" data-id=\"1426\">Abeja de la hiedra (Colletes hederae)<\/a><\/li>\n\n\n\n<li><a href=\"https:\/\/webs.uab.cat\/bees\/abeja-europea\/\" data-type=\"page\" data-id=\"1404\">Abeja europea (Apis mellifera)<\/a><\/li>\n\n\n\n<li><a href=\"https:\/\/webs.uab.cat\/bees\/abulilla\/\" data-type=\"page\" data-id=\"4084\">Abulilla (Upupa epops)<\/a><\/li>\n\n\n\n<li><a href=\"https:\/\/webs.uab.cat\/bees\/ardilla-roja\/\" data-type=\"page\" data-id=\"245\">Ardilla roja (Sciurus vulgaris)<\/a><\/li>\n\n\n\n<li><a href=\"https:\/\/webs.uab.cat\/bees\/avispa-asiatica\/\" data-type=\"page\" data-id=\"1362\">Avispa asi\u00e1tica (Vespa velutina)<\/a><\/li>\n\n\n\n<li><a href=\"https:\/\/webs.uab.cat\/bees\/babosa-gris-de-jardin\/\" data-type=\"page\" data-id=\"4087\">Babosa gris de jard\u00edn (Deroceras reticulatum)<\/a><\/li>\n\n\n\n<li><a href=\"https:\/\/webs.uab.cat\/bees\/cangrejo-rojo-americano\/\" data-type=\"page\" data-id=\"2017\">Cangrejo rojo americano (Procambrus clarkii)<\/a><\/li>\n\n\n\n<li><a href=\"https:\/\/webs.uab.cat\/bees\/carabo-comun\/\" data-type=\"page\" data-id=\"395\">C\u00e1rabo com\u00fan (Strix aluco)<\/a><\/li>\n\n\n\n<li><a href=\"https:\/\/webs.uab.cat\/bees\/carabo-irisado\/\" data-type=\"page\" data-id=\"1620\">C\u00e1rabo irisado (Calosoma sycophanta)<\/a><\/li>\n\n\n\n<li><a href=\"https:\/\/webs.uab.cat\/bees\/caracol-de-las-dunas\/\" data-type=\"page\" data-id=\"4089\">Caracol de las dunas (Theba pisana)<\/a><\/li>\n\n\n\n<li><a href=\"https:\/\/webs.uab.cat\/bees\/caracol-degollado-europeo\/\" data-type=\"page\" data-id=\"810\">Caracol degollado europeo (Rumina decollata)<\/a><\/li>\n\n\n\n<li><a href=\"https:\/\/webs.uab.cat\/bees\/chinche-asesina\/\" data-type=\"page\" data-id=\"1828\">Chinche asesina (Rhynocoris erythropus)<\/a><\/li>\n\n\n\n<li><a href=\"https:\/\/webs.uab.cat\/bees\/chinche-marron-marmolada\/\" data-type=\"page\" data-id=\"1848\">Chinche marr\u00f3n marmolada (Halyomorpha halys)<\/a><\/li>\n\n\n\n<li><a href=\"https:\/\/webs.uab.cat\/bees\/ciempies-domestico\/\" data-type=\"page\" data-id=\"2074\">Ciempi\u00e9s dom\u00e9stico (Scutigera coleoptrata)<\/a><\/li>\n\n\n\n<li><a href=\"https:\/\/webs.uab.cat\/bees\/ciguena-blanca\/\" data-type=\"page\" data-id=\"446\">Cig\u00fce\u00f1a blanca (Ciconia ciconia)<\/a><\/li>\n\n\n\n<li><a href=\"https:\/\/webs.uab.cat\/bees\/cochinilla-comun\/\" data-type=\"page\" data-id=\"2034\">Cochinilla com\u00fan (Armadillidium vulgare)<\/a><\/li>\n\n\n\n<li><a href=\"https:\/\/webs.uab.cat\/bees\/cucaracha-oriental\/\" data-type=\"page\" data-id=\"1877\">Cucaracha oriental (Blatta orientalis)<\/a><\/li>\n\n\n\n<li><a href=\"https:\/\/webs.uab.cat\/bees\/culebra-de-escalera\/\" data-type=\"page\" data-id=\"539\">Culebra de escalera (Zamenis scalaris)<\/a><\/li>\n\n\n\n<li><a href=\"https:\/\/webs.uab.cat\/bees\/culebrilla-de-cristal\/\" data-type=\"page\" data-id=\"4091\">Culebrilla de cristal (Anguis fragilis)<\/a><\/li>\n\n\n\n<li><a href=\"https:\/\/webs.uab.cat\/bees\/erizo-europeo\/\" data-type=\"page\" data-id=\"303\">Erizo europeo (Erinaceus europaeus)<\/a><\/li>\n\n\n\n<li><a href=\"https:\/\/webs.uab.cat\/bees\/escarabajo-de-la-patata\/\" data-type=\"page\" data-id=\"1734\">Escarabajo de la patata (Leptinotarsa decemlineata)<\/a><\/li>\n\n\n\n<li><a href=\"https:\/\/webs.uab.cat\/bees\/escolopendra-mediterranea\/\" data-type=\"page\" data-id=\"2094\">Escolopendra mediterr\u00e1nea (Scolopendra cingulata)<\/a><\/li>\n\n\n\n<li><a href=\"https:\/\/webs.uab.cat\/bees\/escorpion-de-agua\/\" data-type=\"page\" data-id=\"1780\">Escorpi\u00f3n de agua (Nepa cinerea)<\/a><\/li>\n\n\n\n<li><a href=\"https:\/\/webs.uab.cat\/bees\/esfinge-colibri\/\" data-type=\"page\" data-id=\"1136\">Esfinge colibr\u00ed (Macroglossum stellatarum)<\/a><\/li>\n\n\n\n<li><a href=\"https:\/\/webs.uab.cat\/bees\/falsa-arana-lobo-espinosa-mediterranea\/\" data-type=\"page\" data-id=\"1987\">Falsa ara\u00f1a lobo espinosa mediterr\u00e1nea (Zoropsis spinimana)<\/a><\/li>\n\n\n\n<li><a href=\"https:\/\/webs.uab.cat\/bees\/gato-domestico\/\" data-type=\"page\" data-id=\"202\">Gato dom\u00e9stico (Felis catus)<\/a><\/li>\n\n\n\n<li><a href=\"https:\/\/webs.uab.cat\/bees\/genero-pipistrellus\/\" data-type=\"page\" data-id=\"141\">G\u00e9nero pipistrellus<\/a><\/li>\n\n\n\n<li><a href=\"https:\/\/webs.uab.cat\/bees\/gineta\/\" data-type=\"page\" data-id=\"226\">Gineta (Genetta genetta)<\/a><\/li>\n\n\n\n<li><a href=\"https:\/\/webs.uab.cat\/bees\/herrerillo-comun\/\" data-type=\"page\" data-id=\"4094\">Herrerillo com\u00fan (Cyanistes caeruleus)<\/a><\/li>\n\n\n\n<li><a href=\"https:\/\/webs.uab.cat\/bees\/hormiga-argentina\/\" data-type=\"page\" data-id=\"1315\">Hormiga argentina (Linepithema humile)<\/a><\/li>\n\n\n\n<li><a href=\"https:\/\/webs.uab.cat\/bees\/hormiga-recolectora\/\" data-type=\"page\" data-id=\"1330\">Hormiga recolectora (Messor barbarus)<\/a><\/li>\n\n\n\n<li><a href=\"https:\/\/webs.uab.cat\/bees\/jabali\/\" data-type=\"page\" data-id=\"4096\">Jabal\u00ed (Sus scrofa)<\/a><\/li>\n\n\n\n<li><a href=\"https:\/\/webs.uab.cat\/bees\/lagartija-parda\/\" data-type=\"page\" data-id=\"4097\">Lagartija parda (Podarcis liolepis)<\/a><\/li>\n\n\n\n<li><a href=\"https:\/\/webs.uab.cat\/bees\/liron-careto\/\" data-type=\"page\" data-id=\"266\">Liron careto (Eliomys quercinus)<\/a><\/li>\n\n\n\n<li><a href=\"https:\/\/webs.uab.cat\/bees\/lombriz-de-tierra-comun\/\" data-type=\"page\" data-id=\"852\">Lombriz de tierra com\u00fan (Lumbricus terrestres)<\/a><\/li>\n\n\n\n<li><a href=\"https:\/\/webs.uab.cat\/bees\/mosca-comun\/\" data-type=\"page\" data-id=\"1033\">Mosca com\u00fan (Musca domestica)<\/a><\/li>\n\n\n\n<li><a href=\"https:\/\/webs.uab.cat\/bees\/mosca-zangano-europea\/\" data-type=\"page\" data-id=\"4103\">Mosca z\u00e1ngano europea (Eristalis tenax)<\/a><\/li>\n\n\n\n<li><a href=\"https:\/\/webs.uab.cat\/bees\/moscarda-azul\/\" data-type=\"page\" data-id=\"4104\">Moscarda azul (Calliphora vicina)<\/a><\/li>\n\n\n\n<li><a href=\"https:\/\/webs.uab.cat\/bees\/mosquito-tigre\/\" data-type=\"page\" data-id=\"4102\">Mosquito tigre (Aedes albopictus)<\/a><\/li>\n\n\n\n<li><a href=\"https:\/\/webs.uab.cat\/bees\/murcielago-rabudo\/\" data-type=\"page\" data-id=\"163\">Murci\u00e9lago rabudo (Tadarida teniotis)<\/a><\/li>\n\n\n\n<li><a href=\"https:\/\/webs.uab.cat\/bees\/musarana-gris\/\" data-type=\"page\" data-id=\"4100\">Musara\u00f1a gris (Crocidura r\u00fassula)<\/a><\/li>\n\n\n\n<li><a href=\"https:\/\/webs.uab.cat\/bees\/paloma-torcaz\/\" data-type=\"page\" data-id=\"465\">Paloma torcaz (Columba palumbus)<\/a><\/li>\n\n\n\n<li><a href=\"https:\/\/webs.uab.cat\/bees\/pico-picapinos\/\" data-type=\"page\" data-id=\"376\">Pico picapinos (Dendrocopos major)<\/a><\/li>\n\n\n\n<li><a href=\"https:\/\/webs.uab.cat\/bees\/raton-de-campo\/\" data-type=\"page\" data-id=\"285\">Rat\u00f3n de campo (Apodemus sylvaticus)<\/a><\/li>\n\n\n\n<li><a href=\"https:\/\/webs.uab.cat\/bees\/salamanquesa-comun\/\" data-type=\"page\" data-id=\"4105\">Salamanquesa comuna (Tarentola mauritanica)<\/a><\/li>\n\n\n\n<li><a href=\"https:\/\/webs.uab.cat\/bees\/sapillo-pintojo-mediterraneo\/\" data-type=\"page\" data-id=\"4107\">Sapillo pintojo mediterr\u00e1neo (Discoglossus pictus)<\/a><\/li>\n\n\n\n<li><a href=\"https:\/\/webs.uab.cat\/bees\/sapo-corredor\/\" data-type=\"page\" data-id=\"4106\">Sapo corredor (Epidalea calamita)<\/a><\/li>\n\n\n\n<li><a href=\"https:\/\/webs.uab.cat\/bees\/siphonaptera\/\" data-type=\"page\" data-id=\"4109\">Siphonaptera<\/a><\/li>\n\n\n\n<li><a href=\"https:\/\/webs.uab.cat\/bees\/tejon-europeo\/\" data-type=\"page\" data-id=\"4110\">Tej\u00f3n europeo (Meles meles)<\/a><\/li>\n\n\n\n<li><a href=\"https:\/\/webs.uab.cat\/bees\/urraca-comun\/\" data-type=\"page\" data-id=\"4111\">Urraca com\u00fan (Pica pica)<\/a><\/li>\n\n\n\n<li><a href=\"https:\/\/webs.uab.cat\/bees\/zygentoma\/\" data-type=\"page\" data-id=\"4113\">Zygentoma<\/a><\/li>\n<\/ul>\n<\/div>\n\n\n\n<div style=\"height:10px\" aria-hidden=\"true\" class=\"wp-block-spacer\"><\/div>\n\n\n\n<div class=\"wp-block-group has-small-font-size is-vertical is-layout-flex wp-container-core-group-is-layout-769d0143 wp-block-group-is-layout-flex\">\n<p class=\"has-text-align-justify has-alegreya-font-family has-small-font-size\">Tambi\u00e9n hay organismos que se encuentran en fase larvaria:<\/p>\n\n\n\n<ul class=\"wp-block-list\">\n<li><a href=\"https:\/\/webs.uab.cat\/bees\/abeja-europea-de-huerto\/\" data-type=\"page\" data-id=\"1380\">Abeja europea de huerto (Osmia cornuta)<\/a><\/li>\n\n\n\n<li><a href=\"https:\/\/webs.uab.cat\/bees\/arana-cangrejo\/\" data-type=\"page\" data-id=\"1954\">Ara\u00f1a cangrejo (Thomisus onustus)<\/a><\/li>\n\n\n\n<li><a href=\"https:\/\/webs.uab.cat\/bees\/arana-escupidora\/\" data-type=\"page\" data-id=\"1975\">Ara\u00f1a escupidora (Scytodes thoracica)<\/a><\/li>\n\n\n\n<li><a href=\"https:\/\/webs.uab.cat\/bees\/cigarra-comun\/\" data-type=\"page\" data-id=\"1804\">Cigarra com\u00fan (Cicada orni)<\/a><\/li>\n\n\n\n<li><a href=\"https:\/\/webs.uab.cat\/bees\/escarabajo-metalico-de-femur-grueso\/\" data-type=\"page\" data-id=\"1665\">Escarabajo met\u00e1lico de f\u00e9mur grueso (Oedemera nobilis)<\/a><\/li>\n\n\n\n<li><a href=\"https:\/\/webs.uab.cat\/bees\/escarabajo-rinoceronte-estercolero\/\" data-type=\"page\" data-id=\"1690\">Escarabajo rinoceronte estercolero (Copris hispanus)<\/a><\/li>\n\n\n\n<li><a href=\"https:\/\/webs.uab.cat\/bees\/escorpion-amarillo\/\" data-type=\"page\" data-id=\"1911\">Escorpi\u00f3n amarillo (Buthus occitanus)<\/a><\/li>\n\n\n\n<li><a href=\"https:\/\/webs.uab.cat\/bees\/grillo-topo\/\" data-type=\"page\" data-id=\"1502\">Grillo-topo (Gryllotalpa gryllotalpa)<\/a><\/li>\n\n\n\n<li><a href=\"https:\/\/webs.uab.cat\/bees\/insecto-palo-europeo\/\" data-type=\"page\" data-id=\"1572\">Insecto palo europeo (Bacillus rossius)<\/a><\/li>\n\n\n\n<li><a href=\"https:\/\/webs.uab.cat\/bees\/libelula-tigre\/\" data-type=\"page\" data-id=\"1058\">Lib\u00e9lula tigre (Cordulegaster boltonii)<\/a><\/li>\n\n\n\n<li><a href=\"https:\/\/webs.uab.cat\/bees\/luciernaga-mediterranea\/\" data-type=\"page\" data-id=\"1641\">Luci\u00e9rnaga mediterr\u00e1nea (Nyctophila reichii)<\/a><\/li>\n\n\n\n<li><a href=\"https:\/\/webs.uab.cat\/bees\/mantis-europea\/\" data-type=\"page\" data-id=\"1532\">Mantis europea (Mantis religiosa)<\/a><\/li>\n\n\n\n<li><a href=\"https:\/\/webs.uab.cat\/bees\/mantis-palo\/\" data-type=\"page\" data-id=\"1550\">Mantis palo (Empusa pennata)<\/a><\/li>\n\n\n\n<li><a href=\"https:\/\/webs.uab.cat\/bees\/mariposa-icaro\/\" data-type=\"page\" data-id=\"1227\">Mariposa \u00edcaro (Polyommatus icarus)<\/a><\/li>\n\n\n\n<li><a href=\"https:\/\/webs.uab.cat\/bees\/polilla-de-la-remolacha\/\" data-type=\"page\" data-id=\"1154\">Polilla de la remolacha (Spoladea recurvalis)<\/a><\/li>\n\n\n\n<li><a href=\"https:\/\/webs.uab.cat\/bees\/procesionaria-del-pino\/\" data-type=\"page\" data-id=\"1181\">Procesionaria del pino (Thaumetopoea pityocampa)<\/a><\/li>\n\n\n\n<li><a href=\"https:\/\/webs.uab.cat\/bees\/saltamontes-verde\/\" data-type=\"page\" data-id=\"1486\">Saltamontes verde (Tettigonia viridissima)<\/a><\/li>\n\n\n\n<li><a href=\"https:\/\/webs.uab.cat\/bees\/tijereta-comun\/\" data-type=\"page\" data-id=\"1453\">Tijereta com\u00fan (Forficula auricularia)<\/a><\/li>\n<\/ul>\n<\/div>\n\n\n\n<p><\/p>\n","protected":false},"excerpt":{"rendered":"<p>Esta estaci\u00f3n se caracteriza por ser un periodo de transici\u00f3n, donde se viene de una \u00e9poca calurosa y propicia para la vida y se dirigen hacia una \u00e9poca menos beneficiosa. En este periodo se empieza a dar bajadas en las temperaturas, lo que comporta que los animales empiecen a migrar o a buscar recursos para [&hellip;]<\/p>\n","protected":false},"author":2556,"featured_media":0,"parent":0,"menu_order":0,"comment_status":"closed","ping_status":"closed","template":"","meta":{"footnotes":""},"class_list":["post-2261","page","type-page","status-publish","hentry"],"_links":{"self":[{"href":"https:\/\/webs.uab.cat\/bees\/wp-json\/wp\/v2\/pages\/2261","targetHints":{"allow":["GET"]}}],"collection":[{"href":"https:\/\/webs.uab.cat\/bees\/wp-json\/wp\/v2\/pages"}],"about":[{"href":"https:\/\/webs.uab.cat\/bees\/wp-json\/wp\/v2\/types\/page"}],"author":[{"embeddable":true,"href":"https:\/\/webs.uab.cat\/bees\/wp-json\/wp\/v2\/users\/2556"}],"replies":[{"embeddable":true,"href":"https:\/\/webs.uab.cat\/bees\/wp-json\/wp\/v2\/comments?post=2261"}],"version-history":[{"count":2,"href":"https:\/\/webs.uab.cat\/bees\/wp-json\/wp\/v2\/pages\/2261\/revisions"}],"predecessor-version":[{"id":4267,"href":"https:\/\/webs.uab.cat\/bees\/wp-json\/wp\/v2\/pages\/2261\/revisions\/4267"}],"wp:attachment":[{"href":"https:\/\/webs.uab.cat\/bees\/wp-json\/wp\/v2\/media?parent=2261"}],"curies":[{"name":"wp","href":"https:\/\/api.w.org\/{rel}","templated":true}]}}